{"id":221,"date":"2025-02-27T14:12:37","date_gmt":"2025-02-27T17:12:37","guid":{"rendered":"https:\/\/portais.santoandre.sp.gov.br\/sigainvest\/?page_id=221"},"modified":"2025-03-07T09:31:20","modified_gmt":"2025-03-07T12:31:20","slug":"potencial-de-mercado","status":"publish","type":"page","link":"https:\/\/portais.santoandre.sp.gov.br\/sigainvest\/potencial-de-mercado\/","title":{"rendered":"Potencial de Mercado"},"content":{"rendered":"\n<figure class=\"wp-block-image size-large\"><img fetchpriority=\"high\" decoding=\"async\" width=\"1024\" height=\"335\" src=\"https:\/\/portais.santoandre.sp.gov.br\/sigainvest\/wp-content\/uploads\/sites\/26\/2025\/03\/sa1-1024x335.png\" alt=\"\" class=\"wp-image-409\" srcset=\"https:\/\/portais.santoandre.sp.gov.br\/sigainvest\/wp-content\/uploads\/sites\/26\/2025\/03\/sa1-1024x335.png 1024w, https:\/\/portais.santoandre.sp.gov.br\/sigainvest\/wp-content\/uploads\/sites\/26\/2025\/03\/sa1-300x98.png 300w, https:\/\/portais.santoandre.sp.gov.br\/sigainvest\/wp-content\/uploads\/sites\/26\/2025\/03\/sa1-768x251.png 768w, https:\/\/portais.santoandre.sp.gov.br\/sigainvest\/wp-content\/uploads\/sites\/26\/2025\/03\/sa1-1536x502.png 1536w, https:\/\/portais.santoandre.sp.gov.br\/sigainvest\/wp-content\/uploads\/sites\/26\/2025\/03\/sa1.png 1920w\" sizes=\"(max-width: 1024px) 100vw, 1024px\" \/><\/figure>\n\n\n\n<p>Com localiza\u00e7\u00e3o estrat\u00e9gica na Regi\u00e3o Metropolitana de S\u00e3o Paulo, f\u00e1cil acesso ao maior porto da Am\u00e9rica Latina e ao maior complexo aeroportu\u00e1rio da Am\u00e9rica do Sul, Santo Andr\u00e9 possui uma economia diversificada e consolidada no setor industrial, comercial e de servi\u00e7os, inclusive tendo o primeiro Polo Petroqu\u00edmico do Brasil, e ainda revela um enorme potencial de mercado. Al\u00e9m do esp\u00edrito inovador, da pol\u00edtica de menos burocracia, da economia consolidada e diversificada e da m\u00e3o de obra qualificada, a cidade promove um ambiente prop\u00edcio para a integra\u00e7\u00e3o de neg\u00f3cios nas cadeias regionais, nacionais e globais de produ\u00e7\u00e3o e distribui\u00e7\u00e3o.<\/p>\n\n\n\n<div class=\"wp-block-group\"><div class=\"wp-block-group__inner-container is-layout-constrained wp-block-group-is-layout-constrained\">\n<div style=\"display:none\">\n\n<div>\n\n\n<figure class=\"wp-block-post-featured-image\"><img decoding=\"async\" width=\"512\" height=\"512\" src=\"https:\/\/portais.santoandre.sp.gov.br\/sigainvest\/wp-content\/uploads\/sites\/26\/2025\/02\/PotencialMercado.png\" class=\"attachment-post-thumbnail size-post-thumbnail wp-post-image\" alt=\"\" style=\"object-fit:cover;\" srcset=\"https:\/\/portais.santoandre.sp.gov.br\/sigainvest\/wp-content\/uploads\/sites\/26\/2025\/02\/PotencialMercado.png 512w, https:\/\/portais.santoandre.sp.gov.br\/sigainvest\/wp-content\/uploads\/sites\/26\/2025\/02\/PotencialMercado-300x300.png 300w, https:\/\/portais.santoandre.sp.gov.br\/sigainvest\/wp-content\/uploads\/sites\/26\/2025\/02\/PotencialMercado-150x150.png 150w\" sizes=\"(max-width: 512px) 100vw, 512px\" \/><\/figure><\/div><\/div>\n","protected":false},"excerpt":{"rendered":"<p>Com localiza\u00e7\u00e3o estrat\u00e9gica na Regi\u00e3o Metropolitana de S\u00e3o Paulo, f\u00e1cil acesso ao maior porto da Am\u00e9rica Latina e ao maior complexo aeroportu\u00e1rio da Am\u00e9rica do Sul, Santo Andr\u00e9 possui uma economia diversificada e consolidada no setor industrial, comercial e de servi\u00e7os, inclusive tendo o primeiro Polo Petroqu\u00edmico do Brasil, e ainda revela um enorme potencial [&hellip;]<\/p>\n","protected":false},"author":76,"featured_media":317,"parent":0,"menu_order":0,"comment_status":"closed","ping_status":"closed","template":"","meta":{"footnotes":""},"class_list":["post-221","page","type-page","status-publish","has-post-thumbnail","hentry"],"_links":{"self":[{"href":"https:\/\/portais.santoandre.sp.gov.br\/sigainvest\/wp-json\/wp\/v2\/pages\/221","targetHints":{"allow":["GET"]}}],"collection":[{"href":"https:\/\/portais.santoandre.sp.gov.br\/sigainvest\/wp-json\/wp\/v2\/pages"}],"about":[{"href":"https:\/\/portais.santoandre.sp.gov.br\/sigainvest\/wp-json\/wp\/v2\/types\/page"}],"author":[{"embeddable":true,"href":"https:\/\/portais.santoandre.sp.gov.br\/sigainvest\/wp-json\/wp\/v2\/users\/76"}],"replies":[{"embeddable":true,"href":"https:\/\/portais.santoandre.sp.gov.br\/sigainvest\/wp-json\/wp\/v2\/comments?post=221"}],"version-history":[{"count":5,"href":"https:\/\/portais.santoandre.sp.gov.br\/sigainvest\/wp-json\/wp\/v2\/pages\/221\/revisions"}],"predecessor-version":[{"id":410,"href":"https:\/\/portais.santoandre.sp.gov.br\/sigainvest\/wp-json\/wp\/v2\/pages\/221\/revisions\/410"}],"wp:featuredmedia":[{"embeddable":true,"href":"https:\/\/portais.santoandre.sp.gov.br\/sigainvest\/wp-json\/wp\/v2\/media\/317"}],"wp:attachment":[{"href":"https:\/\/portais.santoandre.sp.gov.br\/sigainvest\/wp-json\/wp\/v2\/media?parent=221"}],"curies":[{"name":"wp","href":"https:\/\/api.w.org\/{rel}","templated":true}]}}