{"id":2,"date":"2025-02-26T10:36:56","date_gmt":"2025-02-26T13:36:56","guid":{"rendered":"https:\/\/portais.santoandre.sp.gov.br\/sigainvest\/?page_id=2"},"modified":"2025-09-01T17:09:48","modified_gmt":"2025-09-01T20:09:48","slug":"pagina-exemplo","status":"publish","type":"page","link":"https:\/\/portais.santoandre.sp.gov.br\/sigainvest\/","title":{"rendered":"Home"},"content":{"rendered":"\n<div style=\"margin-bottom: 40px;margin-top: 40px;position:relative;display:block;width: 99%\">\n  <style>\n       .errordiv { padding:10px; margin:10px; border: 1px solid #555555;color: #000000;background-color: #f8f8f8; width:500px; }#iframe1 {visibility:visible;opacity:1;vertical-align:top;}.ai-info-bottom-iframe { position: fixed; z-index: 10000; bottom:0; left: 0; margin: 0px; text-align: center; width: 100%; background-color: #ff9999; padding-left: 5px;padding-bottom: 5px; border-top: 1px solid #aaa } a.ai-bold {font-weight: bold;}#ai-layer-div-iframe1 p {height:100%;margin:0;padding:0}<\/style><script type=\"text\/javascript\">var ai_iframe_width_iframe1 = 0;var ai_iframe_height_iframe1 = 0;var aiOnloadScrollTop=\"true\";var aiShowDebug=false;\n\t\tif (typeof aiReadyCallbacks === 'undefined') {\n\t\t\tvar aiReadyCallbacks = [];\n\t\t} else if (!(aiReadyCallbacks instanceof Array)) {\n\t\t\tvar aiReadyCallbacks = [];\n\t\t}    function aiShowIframeId(id_iframe) { jQuery(\"#\"+id_iframe).css(\"visibility\", \"visible\");    }    function aiResizeIframeHeight(height) { aiResizeIframeHeight(height,iframe1); }    function aiResizeIframeHeightId(height,width,id) {aiResizeIframeHeightById(id,height);}<\/script><iframe id=\"iframe1\"  name=\"iframe1\"  src=\"https:\/\/sigamapa.santoandre.sp.gov.br\/index_SigaInvest.php\"  width=\"100%\"  height=\"700\"  frameborder=\"0\"  border=\"0\"  allowtransparency=\"true\"  loading=\"lazy\"  allow=\"geolocation *\"  style=\";border-width: 0px;;border: none;;width:100%;;height:700px;\" ><\/iframe><script type=\"text\/javascript\">var ifrm_iframe1 = document.getElementById(\"iframe1\");var hiddenTabsDoneiframe1 = false;\nfunction resizeCallbackiframe1() {}<\/script><script type=\"text\/javascript\"><\/script><p style=\"display:block !important; visibility:visible !important;margin: -18px 14px 0 0;padding-left: 3px;padding-top:3px;background: white; overflow: hidden; position: relative; line-height:15px;width: fit-content;\"><small style=\"display:block !important;visibility:visible !important\">powered by Advanced iFrame<\/small><\/p>  \n<\/div>\n\n\n\n<h2 class=\"wp-block-heading has-text-color has-link-color has-medium-font-size wp-elements-8ee1fe1df79afd1b20c958397a6ebd0c\" style=\"color:#155db1\"><strong>Confira o que representa cada \u00edcone da plataforma<\/strong><\/h2>\n\n\n\n<figure class=\"wp-block-image size-full\"><img fetchpriority=\"high\" decoding=\"async\" width=\"699\" height=\"443\" src=\"https:\/\/portais.santoandre.sp.gov.br\/sigainvest\/wp-content\/uploads\/sites\/26\/2025\/04\/icones.png\" alt=\"\" class=\"wp-image-443\" srcset=\"https:\/\/portais.santoandre.sp.gov.br\/sigainvest\/wp-content\/uploads\/sites\/26\/2025\/04\/icones.png 699w, https:\/\/portais.santoandre.sp.gov.br\/sigainvest\/wp-content\/uploads\/sites\/26\/2025\/04\/icones-300x190.png 300w\" sizes=\"(max-width: 699px) 100vw, 699px\" \/><\/figure>\n\n\n\nClique <a href=\"https:\/\/siga.santoandre.sp.gov.br\/Funcionalidades.pdf\" target=\"_blank\">aqui<\/a> para acessar um manual com mais detalhes de navega\u00e7\u00e3o na ferramenta.\n<br>\nOutras d\u00favidas podem ser consultadas no portal principal do SIGA clicando <a href=\"https:\/\/siga.santoandre.sp.gov.br\/Perguntas\" target=\"_blank\">aqui<\/a>.\n\n\n\n<div class=\"container\" id=\"section_info\">\n        <div class=\"row mb-5\">\n        <div class=\"col-12 col-lg-6 g-5 align-items-center justify-content-center\"><img decoding=\"async\" id=\"title_secetion\" src=\"https:\/\/portais.santoandre.sp.gov.br\/sigainvest\/wp-content\/uploads\/sites\/26\/2025\/02\/abf.png\" class=\"img_section_info\" alt=\"\"><\/div>\n        <div class=\"col-12 col-lg-6 p-5\">\n            <div class=\"\">\n                <h1 id=\"title_secetion\" class=\"pb-3 title-section\">Parceria ABF<\/h1>\n            <\/div>\n            <div class=\"\">\n                <p id=\"title_secetion\" class=\"text_section\"><\/p><p>A Associa\u00e7\u00e3o Brasileira de Franchising (ABF) \u00e9 a principal representante do sistema de franquias no Brasil. Sua miss\u00e3o \u00e9 fomentar, regulamentar e impulsionar o crescimento do setor por meio de capacita\u00e7\u00e3o, eventos e parcerias estrat\u00e9gicas. Al\u00e9m disso, a ABF atua ativamente na defesa dos interesses do franchising, tanto no mercado nacional quanto no internacional.<\/p>\n<p>Em Santo Andr\u00e9, a Prefeitura firmou uma parceria com a ABF para incentivar o desenvolvimento de franquias na cidade, oferecendo suporte a empreendedores, promovendo qualifica\u00e7\u00e3o e facilitando o ambiente de neg\u00f3cios para novas redes franqueadas.<\/p>\n<p><\/p>\n            <\/div>\n                        <div id=\"title_secetion\" class=\"d-flex flex-wrap align-items-start justify-content-start\">\n                <a href=\"https:\/\/portais.santoandre.sp.gov.br\/sigaInvest\/parcerias\/\" class=\"button_section mt-5 mb-5 text-center\">Saiba mais&nbsp;&nbsp;&nbsp;<i class=\"fas fa-search\"><\/i><\/a>\n            <\/div>\n                    <\/div>\n    <\/div>\n    <\/div>\n\n\n\n<p class=\"has-text-color has-link-color has-large-font-size wp-elements-5ea1a148a9938cc4174bf817ad738383\" style=\"color:#155db1\"><strong>\u00daltimas not\u00edcias da ABF<\/strong><\/p>\n\n\n\n<div style=\"margin-bottom: 40px;margin-top: 40px;position:relative;display:block;width: 99%\">\n  <style>\n       .errordiv { padding:10px; margin:10px; border: 1px solid #555555;color: #000000;background-color: #f8f8f8; width:500px; }<script>if (console && console.error) { console.error(\"Advanced iframe configuration error: Duplicate id \\\"iframe1\" for iframes found. Not all iframes will work like expected! Please give each iframe a unique id!\") }<\/script>#iframe1 {visibility:visible;opacity:1;vertical-align:top;}.ai-info-bottom-iframe { position: fixed; z-index: 10000; bottom:0; left: 0; margin: 0px; text-align: center; width: 100%; background-color: #ff9999; padding-left: 5px;padding-bottom: 5px; border-top: 1px solid #aaa } a.ai-bold {font-weight: bold;}#ai-layer-div-iframe1 p {height:100%;margin:0;padding:0}<\/style><script type=\"text\/javascript\">var ai_iframe_width_iframe1 = 0;var ai_iframe_height_iframe1 = 0;var aiOnloadScrollTop=\"true\";var aiShowDebug=false;\n\t\tif (typeof aiReadyCallbacks === 'undefined') {\n\t\t\tvar aiReadyCallbacks = [];\n\t\t} else if (!(aiReadyCallbacks instanceof Array)) {\n\t\t\tvar aiReadyCallbacks = [];\n\t\t}    function aiShowIframeId(id_iframe) { jQuery(\"#\"+id_iframe).css(\"visibility\", \"visible\");    }    function aiResizeIframeHeight(height) { aiResizeIframeHeight(height,iframe1); }    function aiResizeIframeHeightId(height,width,id) {aiResizeIframeHeightById(id,height);}<\/script><iframe id=\"iframe1\"  name=\"iframe1\"  src=\"https:\/\/sigamapa.santoandre.sp.gov.br\/sigainvest_abf.php\"  width=\"100%\"  height=\"700\"  frameborder=\"0\"  border=\"0\"  allowtransparency=\"true\"  loading=\"lazy\"  allow=\"geolocation\"  style=\";border-width: 0px;;border: none;;width:100%;;height:700px;\" ><\/iframe><script type=\"text\/javascript\">var ifrm_iframe1 = document.getElementById(\"iframe1\");var hiddenTabsDoneiframe1 = false;\nfunction resizeCallbackiframe1() {}<\/script><script type=\"text\/javascript\"><\/script><p style=\"display:block !important; visibility:visible !important;margin: -18px 14px 0 0;padding-left: 3px;padding-top:3px;background: white; overflow: hidden; position: relative; line-height:15px;width: fit-content;\"><small style=\"display:block !important;visibility:visible !important\">powered by Advanced iFrame<\/small><\/p>  \n<\/div>\n\n\n\n<div class=\"col-12  bg-banner fadeInUp section-text d-flex flex-column justify-content-center align-items-center\">\n\t<div class=\"d-flex media-b container-post\" id=\"post\">\n\t\t<div class=\"row justify-content-center\" style=\"width:90%;margin-left:1%\">\n\t\t\t <div class=\"col-lg-3 col-md-6 col-sm-6 col-12 p-3 card_teste mt-4\">\n\t\t\t\t<div class=\"card\">\n\t\t\t\t\t<div class=\"my-div card-img-top\" style=\"background-image:url(https:\/\/portais.santoandre.sp.gov.br\/sigainvest\/wp-content\/uploads\/sites\/26\/2025\/02\/Infraestrutura-1.png)\">\n\t\t\t\t\t<\/div>\n\t\t\t\t\t<div class=\"card-body\">\n\t\t\t\t\t\t<h5 class=\"card-title\"><\/h5>\n\t\t\t\t\t\t<p class=\"card-text\">Santo Andr\u00e9 oferece uma infraestrutura de qualidade. Com investimentos em moderniza\u00e7\u00e3o e qualifica\u00e7\u00e3o. A cidade oferece uma ampla rede de servi\u00e7os e transporte p\u00fablico conectando com a regi\u00e3o metropolitana de S\u00e3o Paulo.<\/p>\n\t\t\t\t\t\t<a href=\"https:\/\/www3.santoandre.sp.gov.br\/portaldoempreendedor\/index.php\/premios-e-reconhecimentos\/\" target=\"_blank\" class=\"btn btn-primary bg-banner btn-card\">Saiba\n\t\t\t\t\t\t\tMais<\/a>\n\t\t\t\t\t<\/div>\n\t\t\t\t<\/div>\n\t\t\t<\/div>\n\t\t\t\n\t\t\t<div class=\"col-lg-3 col-md-6 col-sm-6 col-12 p-3 card_teste mt-4\">\n\t\t\t\t<div class=\"card\">\n\t\t\t\t\t<div class=\"my-div card-img-top\" style=\"background-image:url(https:\/\/portais.santoandre.sp.gov.br\/sigainvest\/wp-content\/uploads\/sites\/26\/2025\/02\/Profissionais-1.png)\">\n\t\t\t\t\t<\/div>\n\t\t\t\t\t<div class=\"card-body\">\n\t\t\t\t\t\t<h5 class=\"card-title\"><\/h5>\n\t\t\t\t\t\t<p class=\"card-text\">A cidade de Santo Andr\u00e9 se destaca pela sua oferta de jovens talentos qualificados para as demandas da economia do presente e do futuro. Com institui\u00e7\u00f5es de ensino reconhecidas pela excel\u00eancia acad\u00eamica.<\/p>\n\t\t\t\t\t\t<a href=\"https:\/\/www3.santoandre.sp.gov.br\/portaldoempreendedor\/index.php\/capacite-se\/\" target=\"_blank\" class=\"btn btn-primary bg-banner btn-card\">Saiba\n\t\t\t\t\t\t\tMais<\/a>\n\t\t\t\t\t<\/div>\n\t\t\t\t<\/div>\n\t\t\t<\/div>\n\t\t\t<div class=\"col-lg-3 col-md-6 col-sm-6 col-12 p-3 card_teste mt-4\">\n\t\t\t\t<div class=\"card\">\n\t\t\t\t\t<div class=\"my-div card-img-top\" style=\"background-image:url(https:\/\/portais.santoandre.sp.gov.br\/sigainvest\/wp-content\/uploads\/sites\/26\/2025\/02\/menosBurocracia.png)\">\n\t\t\t\t\t<\/div>\n\t\t\t\t\t<div class=\"card-body\">\n\t\t\t\t\t\t<h5 class=\"card-title\"><\/h5>\n\t\t\t\t\t\t<p class=\"card-text\">A cidade oferece um processo moderno, \u00e1gil e simplificado para a abertura de empresas de maneira 100% digital. Aqui a burocracia n\u00e3o \u00e9 um obst\u00e1culo para operar seu neg\u00f3cio. Nossa pol\u00edtica de desburocratiza\u00e7\u00e3o facilita a abertura de empresas em menos de 24 horas.<\/p>\n\t\t\t\t\t\t<a href=\"https:\/\/www3.santoandre.sp.gov.br\/portaldoempreendedor\/index.php\/gerenciar-empresa\/\" target=\"_blank\" class=\"btn btn-primary bg-banner btn-card\">Saiba\n\t\t\t\t\t\t\tMais<\/a>\n\t\t\t\t\t<\/div>\n\t\t\t\t<\/div>\n\t\t\t<\/div>\n\t\t\t<div class=\"col-lg-3 col-md-6 col-sm-6 col-12 p-3 card_teste mt-4\">\n\t\t\t\t<div class=\"card\">\n\t\t\t\t\t<div class=\"my-div card-img-top\" style=\"background-image:url(https:\/\/portais.santoandre.sp.gov.br\/sigainvest\/wp-content\/uploads\/sites\/26\/2025\/02\/PotencialMercado.png)\">\n\t\t\t\t\t<\/div>\n\t\t\t\t\t<div class=\"card-body\">\n\t\t\t\t\t\t<h5 class=\"card-title\"><\/h5>\n\t\t\t\t\t\t<p class=\"card-text\">Localiza\u00e7\u00e3o estrat\u00e9gica na Regi\u00e3o Metropolitana de S\u00e3o Paulo, f\u00e1cil acesso ao maior porto da Am\u00e9rica Latina e ao maior complexo aeroportu\u00e1rio da Am\u00e9rica do Sul, Santo Andr\u00e9 possui uma economia diversificada e consolidada e ainda revela um enorme potencial de mercado.<\/p>\n\t\t\t\t\t\t<a href=\"https:\/\/www3.santoandre.sp.gov.br\/portaldoempreendedor\/index.php\/santo-andre-em-numeros\/\" target=\"_blank\" class=\"btn btn-primary bg-banner btn-card\">Saiba\n\t\t\t\t\t\t\tMais<\/a>\n\t\t\t\t\t<\/div>\n\t\t\t\t<\/div>\n\t\t\t<\/div>\n\t\t<\/div>\n\t<\/div>\n<\/div>\n","protected":false},"excerpt":{"rendered":"<p>Confira o que representa cada \u00edcone da plataforma Clique aqui para acessar um manual com mais detalhes de navega\u00e7\u00e3o na ferramenta. Outras d\u00favidas podem ser consultadas no portal principal do SIGA clicando aqui. Parceria ABF A Associa\u00e7\u00e3o Brasileira de Franchising (ABF) \u00e9 a principal representante do sistema de franquias no Brasil. Sua miss\u00e3o \u00e9 fomentar, [&hellip;]<\/p>\n","protected":false},"author":1,"featured_media":0,"parent":0,"menu_order":0,"comment_status":"closed","ping_status":"open","template":"","meta":{"footnotes":""},"class_list":["post-2","page","type-page","status-publish","hentry"],"_links":{"self":[{"href":"https:\/\/portais.santoandre.sp.gov.br\/sigainvest\/wp-json\/wp\/v2\/pages\/2","targetHints":{"allow":["GET"]}}],"collection":[{"href":"https:\/\/portais.santoandre.sp.gov.br\/sigainvest\/wp-json\/wp\/v2\/pages"}],"about":[{"href":"https:\/\/portais.santoandre.sp.gov.br\/sigainvest\/wp-json\/wp\/v2\/types\/page"}],"author":[{"embeddable":true,"href":"https:\/\/portais.santoandre.sp.gov.br\/sigainvest\/wp-json\/wp\/v2\/users\/1"}],"replies":[{"embeddable":true,"href":"https:\/\/portais.santoandre.sp.gov.br\/sigainvest\/wp-json\/wp\/v2\/comments?post=2"}],"version-history":[{"count":213,"href":"https:\/\/portais.santoandre.sp.gov.br\/sigainvest\/wp-json\/wp\/v2\/pages\/2\/revisions"}],"predecessor-version":[{"id":555,"href":"https:\/\/portais.santoandre.sp.gov.br\/sigainvest\/wp-json\/wp\/v2\/pages\/2\/revisions\/555"}],"wp:attachment":[{"href":"https:\/\/portais.santoandre.sp.gov.br\/sigainvest\/wp-json\/wp\/v2\/media?parent=2"}],"curies":[{"name":"wp","href":"https:\/\/api.w.org\/{rel}","templated":true}]}}