{"id":2,"date":"2025-07-07T16:02:09","date_gmt":"2025-07-07T19:02:09","guid":{"rendered":"https:\/\/portais.santoandre.sp.gov.br\/servicofunerario\/?page_id=2"},"modified":"2026-03-13T16:54:50","modified_gmt":"2026-03-13T19:54:50","slug":"pagina-exemplo","status":"publish","type":"page","link":"https:\/\/portais.santoandre.sp.gov.br\/servicofunerario\/","title":{"rendered":"SFMSA"},"content":{"rendered":"\n<p><\/p>\n\n\n\n<div class=\"wp-block-media-text has-media-on-the-right is-stacked-on-mobile\" style=\"grid-template-columns:auto 42%\"><div class=\"wp-block-media-text__content\">\n<div class=\"wp-block-stackable-divider stk-block-divider has-text-align-center stk-block stk-cf06820\" data-block-id=\"cf06820\"><hr class=\"stk-block-divider__hr\" \/><\/div>\n\n\n\n<p class=\"has-medium-font-size\">O Portal da Transpar\u00eancia tem como objetivo primordial disponibilizar uma ampla variedade de dados e informa\u00e7\u00f5es provenientes dos \u00f3rg\u00e3os da Administra\u00e7\u00e3o P\u00fablica Municipal de forma online e acess\u00edvel a todos os cidad\u00e3os. Nesta p\u00e1gina, voc\u00ea encontrar\u00e1 informa\u00e7\u00f5es detalhadas sobre as transa\u00e7\u00f5es realizadas com fornecedores em suas diversas categorias e setores, permitindo uma compreens\u00e3o mais profunda e abrangente sobre como os recursos p\u00fablicos est\u00e3o sendo utilizados. <br><br>Ao tornar seus atos e resultados vis\u00edveis e facilmente acess\u00edveis, o Governo Municipal reafirma e fortalece seu compromisso com a cidade e seus cidad\u00e3os, promovendo uma cultura de transpar\u00eancia e responsabilidade. Essa iniciativa n\u00e3o apenas incentiva a participa\u00e7\u00e3o cidad\u00e3, mas tamb\u00e9m fomenta a confian\u00e7a nas institui\u00e7\u00f5es p\u00fablicas.<\/p>\n\n\n\n<div class=\"wp-block-stackable-divider stk-block-divider stk-block stk-251adc0\" data-block-id=\"251adc0\"><hr class=\"stk-block-divider__hr\" \/><\/div>\n<\/div><figure class=\"wp-block-media-text__media\"><img fetchpriority=\"high\" decoding=\"async\" width=\"450\" height=\"600\" src=\"https:\/\/portais.santoandre.sp.gov.br\/servicofunerario\/wp-content\/uploads\/sites\/37\/2025\/09\/CEM2295637_131863339388-1.jpg\" alt=\"\" class=\"wp-image-21 size-full\" srcset=\"https:\/\/portais.santoandre.sp.gov.br\/servicofunerario\/wp-content\/uploads\/sites\/37\/2025\/09\/CEM2295637_131863339388-1.jpg 450w, https:\/\/portais.santoandre.sp.gov.br\/servicofunerario\/wp-content\/uploads\/sites\/37\/2025\/09\/CEM2295637_131863339388-1-225x300.jpg 225w\" sizes=\"(max-width: 450px) 100vw, 450px\" \/><\/figure><\/div>\n\n\n\n<p><\/p>\n\n\n\n<div class=\"wp-block-columns are-vertically-aligned-top is-layout-flex wp-container-core-columns-is-layout-9d6595d7 wp-block-columns-is-layout-flex\">\n<div class=\"wp-block-column is-vertically-aligned-top is-layout-flow wp-block-column-is-layout-flow\" style=\"flex-basis:100%\">\n<div class=\"wp-block-stackable-columns stk-block-columns stk-block stk-afd5810\" data-block-id=\"afd5810\"><div class=\"stk-row stk-inner-blocks stk-block-content stk-content-align stk-afd5810-column\">\n<div class=\"wp-block-stackable-column stk-block-column stk-column stk-block stk-fae1e66\" data-v=\"4\" data-block-id=\"fae1e66\"><div class=\"stk-column-wrapper stk-block-column__content stk-container stk-fae1e66-container stk--no-background stk--no-padding\"><div class=\"stk-block-content stk-inner-blocks stk-fae1e66-inner-blocks\">\n<div class=\"wp-block-stackable-columns stk-block-columns stk-block stk-f36f8b5\" data-block-id=\"f36f8b5\"><div class=\"stk-row stk-inner-blocks stk-block-content stk-content-align stk-f36f8b5-column\">\n<div class=\"wp-block-stackable-column stk-block-column stk-column stk-block stk-79e3986\" data-v=\"4\" data-block-id=\"79e3986\"><div class=\"stk-column-wrapper stk-block-column__content stk-container stk-79e3986-container stk--no-background stk--no-padding\"><div class=\"stk-block-content stk-inner-blocks stk-79e3986-inner-blocks\">\n<div class=\"wp-block-stackable-columns stk-block-columns stk-block stk-ff3a3f4\" data-block-id=\"ff3a3f4\"><div class=\"stk-row stk-inner-blocks stk-block-content stk-content-align stk-ff3a3f4-column\">\n<div class=\"wp-block-stackable-column stk-block-column stk-column stk-block stk-982b1ec\" data-v=\"4\" data-block-id=\"982b1ec\"><div class=\"stk-column-wrapper stk-block-column__content stk-container stk-982b1ec-container stk--no-background stk--no-padding\"><div class=\"stk-block-content stk-inner-blocks stk-982b1ec-inner-blocks\">\n<details class=\"wp-block-details has-large-font-size is-layout-flow wp-block-details-is-layout-flow\" open><summary>Licita\u00e7\u00f5es<\/summary>\n<div class=\"wp-block-stackable-divider stk-block-divider stk-block stk-99d42d7\" data-block-id=\"99d42d7\"><hr class=\"stk-block-divider__hr\" \/><\/div>\n\n\n\n<p style=\"font-size:29px\"><strong><em><a href=\"https:\/\/pncp.gov.br\/app\/editais?q=929747&amp;status=todos&amp;pagina=1\" target=\"_blank\" rel=\"noreferrer noopener\">PORTAL NACIONAL DE CONTRATA\u00c7\u00d5ES P\u00daBLICAS &#8211; SERVI\u00c7O FUNER\u00c1RIO MUNICIPAL DE SANTO ANDR\u00c9\/SP<\/a><\/em><\/strong><\/p>\n<\/details>\n<\/div><\/div><\/div>\n<\/div><\/div>\n<\/div><\/div><\/div>\n<\/div><\/div>\n<\/div><\/div><\/div>\n<\/div><\/div>\n<\/div>\n<\/div>\n\n\n\n<div class=\"wp-block-uagb-slider uagb-block-04cabcc5 uagb-slider-container\"><div class=\"uagb-slides uagb-swiper\"><div class=\"swiper-wrapper\">\n<div class=\"wp-block-uagb-slider-child uagb-slider-child-wrap swiper-slide uagb-block-ed29b587\"><div class=\"swiper-content\">\n<div class=\"wp-block-uagb-container uagb-block-9d019546 alignfull uagb-is-root-container\"><div class=\"uagb-container-inner-blocks-wrap\">\n<div class=\"wp-block-uagb-image uagb-block-42dff2dc wp-block-uagb-image--layout-default wp-block-uagb-image--effect-static wp-block-uagb-image--align-none\"><figure class=\"wp-block-uagb-image__figure\"><img loading=\"lazy\" decoding=\"async\" src=\"https:\/\/portais.santoandre.sp.gov.br\/servicofunerario\/wp-content\/uploads\/sites\/37\/2025\/12\/Cemiterio-Nossa-Senhora-do-Carmo-\u2013-Vila-Curuca-Alex-Cavanha-PSA-2-860x570-1.jpeg\" alt=\"\" class=\"uag-image-237\" width=\"640\" height=\"480\" title=\"Cemiterio-Nossa-Senhora-do-Carmo-\u2013-Vila-Curuca-Alex-Cavanha-PSA-2-860x570\" loading=\"lazy\" role=\"img\" \/><\/figure><\/div>\n<\/div><\/div>\n<\/div><\/div>\n\n\n\n<div class=\"wp-block-uagb-slider-child uagb-slider-child-wrap swiper-slide uagb-block-201a1c38\"><div class=\"swiper-content\">\n<div class=\"wp-block-uagb-container uagb-block-0c1a59f4 alignfull uagb-is-root-container\"><div class=\"uagb-container-inner-blocks-wrap\">\n<div class=\"wp-block-uagb-image uagb-block-585b7dac wp-block-uagb-image--layout-default wp-block-uagb-image--effect-static wp-block-uagb-image--align-none\"><figure class=\"wp-block-uagb-image__figure\"><img loading=\"lazy\" decoding=\"async\" src=\"https:\/\/portais.santoandre.sp.gov.br\/servicofunerario\/wp-content\/uploads\/sites\/37\/2025\/12\/Cemiterio-do-Curuca_ec304790-525x350-1.jpg\" alt=\"\" class=\"uag-image-218\" width=\"610\" height=\"402\" title=\"Cemiterio-do-Curuca_ec304790-525x350\" loading=\"lazy\" role=\"img\" \/><\/figure><\/div>\n<\/div><\/div>\n<\/div><\/div>\n\n\n\n<div class=\"wp-block-uagb-slider-child uagb-slider-child-wrap swiper-slide uagb-block-9439ae8e\"><div class=\"swiper-content\">\n<div class=\"wp-block-uagb-container uagb-block-fd1336da alignfull uagb-is-root-container\"><div class=\"uagb-container-inner-blocks-wrap\">\n<div class=\"wp-block-uagb-image uagb-block-a13faa45 wp-block-uagb-image--layout-default wp-block-uagb-image--effect-static wp-block-uagb-image--align-none\"><figure class=\"wp-block-uagb-image__figure\"><img loading=\"lazy\" decoding=\"async\" src=\"https:\/\/portais.santoandre.sp.gov.br\/servicofunerario\/wp-content\/uploads\/sites\/37\/2025\/12\/floricultura-cemiterio-camilopolis-santo-andre-sao-paulo.jpg\" alt=\"\" class=\"uag-image-219\" width=\"640\" height=\"427\" title=\"floricultura-cemiterio-camilopolis-santo-andre-sao-paulo\" loading=\"lazy\" role=\"img\" \/><\/figure><\/div>\n<\/div><\/div>\n<\/div><\/div>\n<\/div><\/div><div class=\"swiper-pagination\"><\/div><div class=\"swiper-button-prev\"><\/div><div class=\"swiper-button-next\"><\/div><\/div>\n","protected":false},"excerpt":{"rendered":"","protected":false},"author":1,"featured_media":0,"parent":0,"menu_order":0,"comment_status":"closed","ping_status":"open","template":"","meta":{"_eb_attr":"","_uag_custom_page_level_css":"","footnotes":""},"class_list":["post-2","page","type-page","status-publish","hentry"],"uagb_featured_image_src":{"full":false,"thumbnail":false,"medium":false,"medium_large":false,"large":false,"1536x1536":false,"2048x2048":false},"uagb_author_info":{"display_name":"Admin","author_link":"https:\/\/portais.santoandre.sp.gov.br\/servicofunerario\/?author=1"},"uagb_comment_info":0,"uagb_excerpt":null,"_links":{"self":[{"href":"https:\/\/portais.santoandre.sp.gov.br\/servicofunerario\/index.php?rest_route=\/wp\/v2\/pages\/2","targetHints":{"allow":["GET"]}}],"collection":[{"href":"https:\/\/portais.santoandre.sp.gov.br\/servicofunerario\/index.php?rest_route=\/wp\/v2\/pages"}],"about":[{"href":"https:\/\/portais.santoandre.sp.gov.br\/servicofunerario\/index.php?rest_route=\/wp\/v2\/types\/page"}],"author":[{"embeddable":true,"href":"https:\/\/portais.santoandre.sp.gov.br\/servicofunerario\/index.php?rest_route=\/wp\/v2\/users\/1"}],"replies":[{"embeddable":true,"href":"https:\/\/portais.santoandre.sp.gov.br\/servicofunerario\/index.php?rest_route=%2Fwp%2Fv2%2Fcomments&post=2"}],"version-history":[{"count":63,"href":"https:\/\/portais.santoandre.sp.gov.br\/servicofunerario\/index.php?rest_route=\/wp\/v2\/pages\/2\/revisions"}],"predecessor-version":[{"id":300,"href":"https:\/\/portais.santoandre.sp.gov.br\/servicofunerario\/index.php?rest_route=\/wp\/v2\/pages\/2\/revisions\/300"}],"wp:attachment":[{"href":"https:\/\/portais.santoandre.sp.gov.br\/servicofunerario\/index.php?rest_route=%2Fwp%2Fv2%2Fmedia&parent=2"}],"curies":[{"name":"wp","href":"https:\/\/api.w.org\/{rel}","templated":true}]}}