{"id":950,"date":"2024-08-07T11:07:46","date_gmt":"2024-08-07T14:07:46","guid":{"rendered":"https:\/\/portais.santoandre.sp.gov.br\/semasa\/?page_id=950"},"modified":"2025-01-15T09:04:04","modified_gmt":"2025-01-15T12:04:04","slug":"atendimento-presencial","status":"publish","type":"page","link":"https:\/\/portais.santoandre.sp.gov.br\/semasa\/institucional\/atendimento-presencial\/","title":{"rendered":"Atendimento presencial"},"content":{"rendered":"\n<p>O atendimento presencial aos usu\u00e1rios ocorre noss\u00a0<strong>Postos de Atendimento 1 e 2, localizados na Pra\u00e7a de Atendimento da Prefeitura de Santo Andr\u00e9 (piso t\u00e9rreo 1 do edif\u00edcio executivo e tamb\u00e9m no edif\u00edcio sede do Semasa, no 1\u00ba andar), respectivamente. <\/strong>Os postos funcionam de segunda a sexta-feira, das 10h \u00e0s 16h, <strong>com hor\u00e1rio marcado.<\/strong><\/p>\n\n\n\n<div class=\"wp-block-stackable-image stk-block-image has-text-align-center stk-block stk-14c4c8c\" data-block-id=\"14c4c8c\"><style>.stk-14c4c8c .stk-img-wrapper{width:49% !important;height:272px !important}<\/style><figure><span class=\"stk-img-wrapper stk-image--shape-stretch\"><img fetchpriority=\"high\" decoding=\"async\" class=\"stk-img wp-image-1050\" src=\"https:\/\/portais.santoandre.sp.gov.br\/semasa\/wp-content\/uploads\/sites\/13\/2024\/08\/Posto_de_atendimento_28032024-12-scaled.jpg\" width=\"2560\" height=\"1707\" srcset=\"https:\/\/portais.santoandre.sp.gov.br\/semasa\/wp-content\/uploads\/sites\/13\/2024\/08\/Posto_de_atendimento_28032024-12-scaled.jpg 2560w, https:\/\/portais.santoandre.sp.gov.br\/semasa\/wp-content\/uploads\/sites\/13\/2024\/08\/Posto_de_atendimento_28032024-12-300x200.jpg 300w, https:\/\/portais.santoandre.sp.gov.br\/semasa\/wp-content\/uploads\/sites\/13\/2024\/08\/Posto_de_atendimento_28032024-12-1024x683.jpg 1024w, https:\/\/portais.santoandre.sp.gov.br\/semasa\/wp-content\/uploads\/sites\/13\/2024\/08\/Posto_de_atendimento_28032024-12-768x512.jpg 768w, https:\/\/portais.santoandre.sp.gov.br\/semasa\/wp-content\/uploads\/sites\/13\/2024\/08\/Posto_de_atendimento_28032024-12-1536x1024.jpg 1536w, https:\/\/portais.santoandre.sp.gov.br\/semasa\/wp-content\/uploads\/sites\/13\/2024\/08\/Posto_de_atendimento_28032024-12-2048x1365.jpg 2048w\" sizes=\"(max-width: 2560px) 100vw, 2560px\" \/><\/span><\/figure><\/div>\n\n\n\n<p><strong>Para agendar o seu hor\u00e1rio,<a href=\"http:\/\/agencia.semasa.sp.gov.br\/agenciavirtual\/agendamento.html\">\u00a0clique aqui<\/a>\u00a0ou entre em contato com a Central de Atendimento do Semasa, pelos telefones 0800-4848115 ou (11) 4433-9300 (de segunda a sexta-feira, das 8h30 \u00e0s 16h) ou, ainda, pelo WhatsApp do Semasa &#8211; (11) 4433-9011, de segunda a sexta-feira, das 8h \u00e0s 17h.<\/strong><\/p>\n","protected":false},"excerpt":{"rendered":"<p>O atendimento presencial aos usu\u00e1rios ocorre noss\u00a0Postos de Atendimento 1 e 2, localizados na Pra\u00e7a de Atendimento da Prefeitura de Santo Andr\u00e9 (piso t\u00e9rreo 1 do edif\u00edcio executivo e tamb\u00e9m no edif\u00edcio sede do Semasa, no 1\u00ba andar), respectivamente. Os postos funcionam de segunda a sexta-feira, das 10h \u00e0s 16h, com hor\u00e1rio marcado. Para agendar [&hellip;]<\/p>\n","protected":false},"author":28,"featured_media":0,"parent":41,"menu_order":0,"comment_status":"closed","ping_status":"closed","template":"","meta":{"footnotes":""},"class_list":["post-950","page","type-page","status-publish","hentry"],"_links":{"self":[{"href":"https:\/\/portais.santoandre.sp.gov.br\/semasa\/wp-json\/wp\/v2\/pages\/950","targetHints":{"allow":["GET"]}}],"collection":[{"href":"https:\/\/portais.santoandre.sp.gov.br\/semasa\/wp-json\/wp\/v2\/pages"}],"about":[{"href":"https:\/\/portais.santoandre.sp.gov.br\/semasa\/wp-json\/wp\/v2\/types\/page"}],"author":[{"embeddable":true,"href":"https:\/\/portais.santoandre.sp.gov.br\/semasa\/wp-json\/wp\/v2\/users\/28"}],"replies":[{"embeddable":true,"href":"https:\/\/portais.santoandre.sp.gov.br\/semasa\/wp-json\/wp\/v2\/comments?post=950"}],"version-history":[{"count":4,"href":"https:\/\/portais.santoandre.sp.gov.br\/semasa\/wp-json\/wp\/v2\/pages\/950\/revisions"}],"predecessor-version":[{"id":2822,"href":"https:\/\/portais.santoandre.sp.gov.br\/semasa\/wp-json\/wp\/v2\/pages\/950\/revisions\/2822"}],"up":[{"embeddable":true,"href":"https:\/\/portais.santoandre.sp.gov.br\/semasa\/wp-json\/wp\/v2\/pages\/41"}],"wp:attachment":[{"href":"https:\/\/portais.santoandre.sp.gov.br\/semasa\/wp-json\/wp\/v2\/media?parent=950"}],"curies":[{"name":"wp","href":"https:\/\/api.w.org\/{rel}","templated":true}]}}