{"id":917,"date":"2024-08-05T14:07:59","date_gmt":"2024-08-05T17:07:59","guid":{"rendered":"https:\/\/portais.santoandre.sp.gov.br\/semasa\/?page_id=917"},"modified":"2024-08-05T14:07:59","modified_gmt":"2024-08-05T17:07:59","slug":"selecao-de-projetos-do-fumgesan-poder-publico","status":"publish","type":"page","link":"https:\/\/portais.santoandre.sp.gov.br\/semasa\/gestao-ambiental\/fumgesan\/selecao-de-projetos-do-fumgesan-poder-publico\/","title":{"rendered":"Sele\u00e7\u00e3o de Projetos do Fumgesan \u2013 Poder P\u00fablico"},"content":{"rendered":"\n<p>Nesta p\u00e1gina, voc\u00ea obt\u00e9m informa\u00e7\u00f5es sobre as sele\u00e7\u00f5es de projetos de interesse ambiental, ligados ao Fumgesan.<\/p>\n\n\n\n<p><strong>Concurso para sele\u00e7\u00e3o de projetos a serem financiados com recursos do Fumgesan, com o objetivo de promover os temas: \u201cSA\u00daDE AMBIENTAL\u201d e \u201cAGROECOLOGIA\u201d.<\/strong><\/p>\n\n\n\n<p>Comunicamos ao Poder P\u00fablico que se encontra aberto nesta autarquia o Concurso nos moldes da Lei Municipal n<sup>o<\/sup>&nbsp;9.569\/14, conforme abaixo:<\/p>\n\n\n\n<p><a href=\"https:\/\/portais.santoandre.sp.gov.br\/semasa\/wp-content\/uploads\/sites\/13\/2024\/08\/RESOLUCAO-COMUGESAN-133-2021_Dispoe-sobre-o-Plano-de-Aplicacao-de-Recursos-do-Fumgesan_2021-2022-2023.pdf\">Plano Anual de Recursos<\/a>\u00a0\u00a0\u00a0\u2013 Objeto: concurso para sele\u00e7\u00e3o de projetos a serem financiados com recursos do Fumgesan (Fundo Municipal de Gest\u00e3o de Saneamento Ambiental de Santo Andr\u00e9) com o objetivo de promover os temas: \u201cSA\u00daDE AMBIENTAL\u201d e \u201cAGROECOLOGIA\u201d.<\/p>\n\n\n\n<p>PRAZO FINAL PARA O RECEBIMENTO DAS PROPOSTAS: 17\/03\/2022, das 8h \u00e0s 17h horas,&nbsp;na Secretaria Executiva do Comugesan, com a devida identifica\u00e7\u00e3o do proponente e tema, em uma via impressa e uma c\u00f3pia digital. As propostas dever\u00e3o vir acompanhadas de plano de trabalho conforme o Anexo I \u2013 Modelo de Plano de Trabalho, da Resolu\u00e7\u00e3o Comugesan 133\/2021.&nbsp;Mais informa\u00e7\u00f5es pelo telefone 4433-9059.<\/p>\n","protected":false},"excerpt":{"rendered":"<p>Nesta p\u00e1gina, voc\u00ea obt\u00e9m informa\u00e7\u00f5es sobre as sele\u00e7\u00f5es de projetos de interesse ambiental, ligados ao Fumgesan. Concurso para sele\u00e7\u00e3o de projetos a serem financiados com recursos do Fumgesan, com o objetivo de promover os temas: \u201cSA\u00daDE AMBIENTAL\u201d e \u201cAGROECOLOGIA\u201d. Comunicamos ao Poder P\u00fablico que se encontra aberto nesta autarquia o Concurso nos moldes da Lei [&hellip;]<\/p>\n","protected":false},"author":28,"featured_media":0,"parent":889,"menu_order":0,"comment_status":"closed","ping_status":"closed","template":"","meta":{"footnotes":""},"class_list":["post-917","page","type-page","status-publish","hentry"],"_links":{"self":[{"href":"https:\/\/portais.santoandre.sp.gov.br\/semasa\/wp-json\/wp\/v2\/pages\/917","targetHints":{"allow":["GET"]}}],"collection":[{"href":"https:\/\/portais.santoandre.sp.gov.br\/semasa\/wp-json\/wp\/v2\/pages"}],"about":[{"href":"https:\/\/portais.santoandre.sp.gov.br\/semasa\/wp-json\/wp\/v2\/types\/page"}],"author":[{"embeddable":true,"href":"https:\/\/portais.santoandre.sp.gov.br\/semasa\/wp-json\/wp\/v2\/users\/28"}],"replies":[{"embeddable":true,"href":"https:\/\/portais.santoandre.sp.gov.br\/semasa\/wp-json\/wp\/v2\/comments?post=917"}],"version-history":[{"count":1,"href":"https:\/\/portais.santoandre.sp.gov.br\/semasa\/wp-json\/wp\/v2\/pages\/917\/revisions"}],"predecessor-version":[{"id":919,"href":"https:\/\/portais.santoandre.sp.gov.br\/semasa\/wp-json\/wp\/v2\/pages\/917\/revisions\/919"}],"up":[{"embeddable":true,"href":"https:\/\/portais.santoandre.sp.gov.br\/semasa\/wp-json\/wp\/v2\/pages\/889"}],"wp:attachment":[{"href":"https:\/\/portais.santoandre.sp.gov.br\/semasa\/wp-json\/wp\/v2\/media?parent=917"}],"curies":[{"name":"wp","href":"https:\/\/api.w.org\/{rel}","templated":true}]}}