{"id":904,"date":"2024-08-05T14:01:03","date_gmt":"2024-08-05T17:01:03","guid":{"rendered":"https:\/\/portais.santoandre.sp.gov.br\/semasa\/?page_id=904"},"modified":"2025-09-03T16:21:51","modified_gmt":"2025-09-03T19:21:51","slug":"selecao-de-projetos-do-fumgesan-sociedade-civil","status":"publish","type":"page","link":"https:\/\/portais.santoandre.sp.gov.br\/semasa\/gestao-ambiental\/fumgesan\/selecao-de-projetos-do-fumgesan-sociedade-civil\/","title":{"rendered":"Sele\u00e7\u00e3o de Projetos do Fumgesan \u2013 Sociedade Civil"},"content":{"rendered":"\n<p>Nesta p\u00e1gina voc\u00ea obt\u00e9m informa\u00e7\u00f5es sobre as sele\u00e7\u00f5es de projetos de interesse ambiental, ligados ao Fumgesan.<\/p>\n\n\n\n<hr class=\"wp-block-separator has-alpha-channel-opacity\" \/>\n\n\n\n<p><strong>Edital Fumgesan n\u00ba 1\/2025<\/strong><\/p>\n\n\n\n<p>Confira os detalhes no edital.<\/p>\n\n\n\n<p><a href=\"https:\/\/portais.santoandre.sp.gov.br\/semasa\/wp-content\/uploads\/sites\/13\/2025\/07\/Edital-Fumgesan-01.2025-completo-com-anexos-1.pdf\" data-type=\"link\" data-id=\"https:\/\/portais.santoandre.sp.gov.br\/semasa\/wp-content\/uploads\/sites\/13\/2025\/07\/Edital-Fumgesan-01.2025-completo-com-anexos-1.pdf\" target=\"_blank\" rel=\"noreferrer noopener\">Edital Fumgesan 01.2025 &#8211; completo com anexos<\/a><\/p>\n\n\n\n<p><strong><span style=\"color: #cf2e2e\" class=\"stk-highlight\">COMUNICADO<\/span><\/strong><\/p>\n\n\n\n<p><strong>Prorroga\u00e7\u00e3o do cronograma Edital FUMGESAN n<sup>o<\/sup> 01\/2025<\/strong><\/p>\n\n\n\n<p>Concurso para sele\u00e7\u00e3o de Projetos a serem financiados com recursos do FUMGESAN \u2013 Fundo Municipal de Gest\u00e3o e Saneamento Ambiental de Santo Andr\u00e9 com o objetivo de Promover o tema \u201cEnfrentamento e Adapta\u00e7\u00e3o \u00e0s Mudan\u00e7as Clim\u00e1ticas\u201d. O Grupo Gestor do FUMGESAN comunica que os prazos do Edital n<sup>o<\/sup> 01\/2025 foram atualizados, conforme abaixo:<\/p>\n\n\n\n<figure class=\"wp-block-table\"><table class=\"has-fixed-layout\"><tbody><tr><td>In\u00edcio das inscri\u00e7\u00f5es<\/td><td>07\/07\/2025<\/td><\/tr><tr><td>Prazo final para o recebimento das propostas<\/td><td>30\/09\/2025<\/td><\/tr><tr><td>Publica\u00e7\u00e3o das propostas classificadas<\/td><td>04\/11\/2025<\/td><\/tr><tr><td>Prazo final para recursos<\/td><td>19\/11\/2025<\/td><\/tr><tr><td>Publica\u00e7\u00e3o do resultado do julgamento dos recursos<\/td><td>03\/12\/2025<\/td><\/tr><tr><td>Delibera\u00e7\u00e3o das propostas selecionadas pelo COMUGESAN<\/td><td>09\/12\/2025<\/td><\/tr><tr><td>Resultado final e convoca\u00e7\u00e3o para firmar o Termo de Fomento<\/td><td>17\/12\/2025<\/td><\/tr><\/tbody><\/table><\/figure>\n\n\n\n<div class=\"wp-block-stackable-separator alignfull stk-block-separator stk--no-padding stk-block stk-669a66b\" data-block-id=\"669a66b\"><div class=\"stk-block-separator__inner\"><svg xmlns=\"http:\/\/www.w3.org\/2000\/svg\" viewBox=\"0 0 1600 200\" class=\"stk-separator__layer-1\" preserveAspectRatio=\"none\" aria-hidden=\"true\"><path class=\"wave-1_svg__st2\" d=\"M1341.4 48.9c-182.4 0-254.2 80.4-429.4 80.4-117.8 0-209.7-67.5-393.5-67.5-142.2 0-212.6 38.8-324.6 38.8S-10 64.7-10 64.7V210h1620V102c-110.6-40.2-181-53.1-268.6-53.1z\"><\/path><\/svg><\/div><\/div>\n\n\n\n<p><strong>Resultado da avalia\u00e7\u00e3o das propostas do Edital Fumgesan n\u00ba 01\/2021<\/strong><\/p>\n\n\n\n<p>Concurso para sele\u00e7\u00e3o de projetos a serem financiados com recursos do FUMGESAN \u2013 Fundo Municipal de Gest\u00e3o de Saneamento Ambiental de Santo Andr\u00e9 com o objetivo de promover os temas: \u201cSA\u00daDE AMBIENTAL\u201d e \u201cAGROECOLOGIA\u201d<\/p>\n\n\n\n<p>Considerando a Portaria Semasa n\u00ba 065\/2022, que instituiu a Comiss\u00e3o Auxiliar de Avalia\u00e7\u00e3o de Projetos \u2013 CAAV para an\u00e1lise e avalia\u00e7\u00e3o dos projetos apresentados em virtude do Edital Fumgesan n\u00ba 01\/2021;<\/p>\n\n\n\n<p>Considerando o relat\u00f3rio apresentado pela CAAV ao Grupo Gestor do Fumgesan referente \u00e0 fase de avalia\u00e7\u00e3o dos projetos;<\/p>\n\n\n\n<p>O Grupo Gestor do Fumgesan comunica o resultado da primeira fase e abre prazo para recursos:<\/p>\n\n\n\n<p><strong>Propostas Desclassificadas:<\/strong><\/p>\n\n\n\n<figure class=\"wp-block-table\"><table><tbody><tr><td><strong>T\u00edtulo da Proposta<\/strong><\/td><td><strong>Proponente<\/strong><\/td><td><strong>Justificativa<\/strong><\/td><\/tr><tr><td>Projeto Caet\u00e9: forma\u00e7\u00e3o agroecol\u00f3gica para jovens e interven\u00e7\u00f5es socioambientais em Paranapiacaba<\/td><td>Instituto Siades \u2013 Sistema de Informa\u00e7\u00f5es Ambientais para o Desenvolvimento Sustent\u00e1vel<\/td><td>\u2013 A proposta n\u00e3o se enquadra nos valores estimados para a hora t\u00e9cnica dos profissionais, conforme crit\u00e9rio do Anexo III do Edital<\/td><\/tr><tr><td>Ares, \u00c1guas e Lugares: Educa\u00e7\u00e3o e Sa\u00fade Ambiental com moradores da Favela de Capuava e da Vila de Paranapiacaba para promo\u00e7\u00e3o de ambientes mais saud\u00e1veis<\/td><td>Movimento de Defesa dos Direitos dos Moradores de N\u00facleos Habitacionais<\/td><td>\u2013 A proposta n\u00e3o atingiu a Nota T\u00e9cnica Geral M\u00ednima e a Nota T\u00e9cnica Espec\u00edfica M\u00ednima, conforme o item 4.4 do Edital<\/td><\/tr><tr><td>Agrofloresta Comunit\u00e1ria nos arredores do C\u00f3rrego Alzira Franco: plantar \u00e1gua, cultivar a comunidade e colher os frutos<\/td><td>Coletivo N\u00facleo de a\u00e7\u00f5es Socioculturais Ativista \u2013 Coletivo Nasa<\/td><td>\u2013 Exist\u00eancia de itens n\u00e3o financi\u00e1veis na proposta, conforme crit\u00e9rio do Anexo III do Edital;\u2013 A \u00e1rea proposta do projeto est\u00e1 sob um TAC; faltaram informa\u00e7\u00f5es se as a\u00e7\u00f5es previstas n\u00e3o s\u00e3o concorrentes e conflitantes com as obriga\u00e7\u00f5es do Poder P\u00fablico para a regi\u00e3o<\/td><\/tr><\/tbody><\/table><\/figure>\n\n\n\n<p>O Grupo Gestor do Fumgesan encaminhar\u00e1 aos proponentes o resultado e o relat\u00f3rio de an\u00e1lise das propostas.<\/p>\n\n\n\n<p>Os recursos poder\u00e3o ser protocolizados at\u00e9 o dia 13\/03\/2020, das 08 \u00e0s 17 horas, no Departamento de Suprimentos e Apoio Administrativo do SEMASA, situado na Avenida Jos\u00e9 Cabalero, 143 \u2013 1\u00ba andar \u2013 Centro, Santo Andr\u00e9 \u2013 SP.<\/p>\n\n\n\n<p>Santo Andr\u00e9, 28 de abril de 2022.<\/p>\n\n\n\n<p><em>Eriane Justo Luiz Sav\u00f3ia<\/em><\/p>\n\n\n\n<p><em>Diretora do Departamento de Gest\u00e3o Ambiental<\/em><\/p>\n\n\n\n<p><em>Presidente do Grupo Gestor do Fumgesan<\/em><\/p>\n\n\n\n<hr class=\"wp-block-separator has-alpha-channel-opacity\" \/>\n\n\n\n<p><strong>Concurso para sele\u00e7\u00e3o de projetos a serem financiados com recursos do Fumgesan com o objetivo de promover os temas: \u201cSA\u00daDE AMBIENTAL\u201d e \u201cAGROECOLOGIA\u201d.<\/strong><\/p>\n\n\n\n<p>Comunicamos \u00e0s Organiza\u00e7\u00f5es da Sociedade Civil que se encontra aberto nesta autarquia o, o Concurso nos moldes da Lei Municipal n<sup>o<\/sup>&nbsp;9.569\/14, conforme abaixo:<\/p>\n\n\n\n<p><a href=\"https:\/\/www.semasa.sp.gov.br\/wp-content\/uploads\/2022\/01\/Edital-Fumgesan-01.2021-completo-com-anexos-3.pdf\">Edital Fumgesan \u2013 01.2021&nbsp;<\/a>&nbsp;\u2013 Objeto: concurso para sele\u00e7\u00e3o de projetos a serem financiados com recursos do Fumgesan (Fundo Municipal de Gest\u00e3o de Saneamento Ambiental de Santo Andr\u00e9) com o objetivo de promover os temas: \u201cSA\u00daDE AMBIENTAL\u201d e \u201cAGROECOLOGIA\u201d.<\/p>\n\n\n\n<p>IN\u00cdCIO DAS INSCRI\u00c7\u00d5ES: 17\/01\/2022;<\/p>\n\n\n\n<p>PRAZO FINAL PARA O RECEBIMENTO DAS PROPOSTAS: 18\/03\/2022, das 8h \u00e0s 17h horas, no DSAA (Departamento de Suprimentos e Apoio Administrativo), no 1\u00ba andar do pr\u00e9dio Sede do Semasa (Av. Jos\u00e9 Caballero, 143 \u2013 Centro, Santo Andr\u00e9).<\/p>\n\n\n\n<p>Mais informa\u00e7\u00f5es pelo telefone 4433-9059.<\/p>\n\n\n<div class=\"wp-block-image\">\n<figure class=\"aligncenter size-full\"><img fetchpriority=\"high\" decoding=\"async\" width=\"561\" height=\"294\" src=\"https:\/\/portais.santoandre.sp.gov.br\/semasa\/wp-content\/uploads\/sites\/13\/2024\/08\/EDITAL-FUMGESAN.jpg\" alt=\"\" class=\"wp-image-909\" srcset=\"https:\/\/portais.santoandre.sp.gov.br\/semasa\/wp-content\/uploads\/sites\/13\/2024\/08\/EDITAL-FUMGESAN.jpg 561w, https:\/\/portais.santoandre.sp.gov.br\/semasa\/wp-content\/uploads\/sites\/13\/2024\/08\/EDITAL-FUMGESAN-300x157.jpg 300w\" sizes=\"(max-width: 561px) 100vw, 561px\" \/><\/figure><\/div>\n\n\n<p class=\"has-text-align-center\">Acompanhe o calend\u00e1rio &#8211;&nbsp;<em>Clique para ampliar<\/em><\/p>\n\n\n\n<div class=\"wp-block-stackable-separator alignfull stk-block-separator stk--no-padding stk-block stk-e600b26\" data-block-id=\"e600b26\"><div class=\"stk-block-separator__inner\"><svg xmlns=\"http:\/\/www.w3.org\/2000\/svg\" viewBox=\"0 0 1600 200\" class=\"stk-separator__layer-1\" preserveAspectRatio=\"none\" aria-hidden=\"true\"><path class=\"wave-1_svg__st2\" d=\"M1341.4 48.9c-182.4 0-254.2 80.4-429.4 80.4-117.8 0-209.7-67.5-393.5-67.5-142.2 0-212.6 38.8-324.6 38.8S-10 64.7-10 64.7V210h1620V102c-110.6-40.2-181-53.1-268.6-53.1z\"><\/path><\/svg><\/div><\/div>\n","protected":false},"excerpt":{"rendered":"<p>Nesta p\u00e1gina voc\u00ea obt\u00e9m informa\u00e7\u00f5es sobre as sele\u00e7\u00f5es de projetos de interesse ambiental, ligados ao Fumgesan. Edital Fumgesan n\u00ba 1\/2025 Confira os detalhes no edital. Edital Fumgesan 01.2025 &#8211; completo com anexos COMUNICADO Prorroga\u00e7\u00e3o do cronograma Edital FUMGESAN no 01\/2025 Concurso para sele\u00e7\u00e3o de Projetos a serem financiados com recursos do FUMGESAN \u2013 Fundo Municipal [&hellip;]<\/p>\n","protected":false},"author":28,"featured_media":0,"parent":889,"menu_order":0,"comment_status":"closed","ping_status":"closed","template":"","meta":{"footnotes":""},"class_list":["post-904","page","type-page","status-publish","hentry"],"_links":{"self":[{"href":"https:\/\/portais.santoandre.sp.gov.br\/semasa\/wp-json\/wp\/v2\/pages\/904","targetHints":{"allow":["GET"]}}],"collection":[{"href":"https:\/\/portais.santoandre.sp.gov.br\/semasa\/wp-json\/wp\/v2\/pages"}],"about":[{"href":"https:\/\/portais.santoandre.sp.gov.br\/semasa\/wp-json\/wp\/v2\/types\/page"}],"author":[{"embeddable":true,"href":"https:\/\/portais.santoandre.sp.gov.br\/semasa\/wp-json\/wp\/v2\/users\/28"}],"replies":[{"embeddable":true,"href":"https:\/\/portais.santoandre.sp.gov.br\/semasa\/wp-json\/wp\/v2\/comments?post=904"}],"version-history":[{"count":7,"href":"https:\/\/portais.santoandre.sp.gov.br\/semasa\/wp-json\/wp\/v2\/pages\/904\/revisions"}],"predecessor-version":[{"id":4916,"href":"https:\/\/portais.santoandre.sp.gov.br\/semasa\/wp-json\/wp\/v2\/pages\/904\/revisions\/4916"}],"up":[{"embeddable":true,"href":"https:\/\/portais.santoandre.sp.gov.br\/semasa\/wp-json\/wp\/v2\/pages\/889"}],"wp:attachment":[{"href":"https:\/\/portais.santoandre.sp.gov.br\/semasa\/wp-json\/wp\/v2\/media?parent=904"}],"curies":[{"name":"wp","href":"https:\/\/api.w.org\/{rel}","templated":true}]}}