{"id":889,"date":"2024-08-05T13:54:21","date_gmt":"2024-08-05T16:54:21","guid":{"rendered":"https:\/\/portais.santoandre.sp.gov.br\/semasa\/?page_id=889"},"modified":"2024-08-29T08:15:17","modified_gmt":"2024-08-29T11:15:17","slug":"fumgesan","status":"publish","type":"page","link":"https:\/\/portais.santoandre.sp.gov.br\/semasa\/gestao-ambiental\/fumgesan\/","title":{"rendered":"Fumgesan"},"content":{"rendered":"\n<div class=\"wp-block-stackable-button-group stk-block-button-group stk-block stk-ac34f92\" data-block-id=\"ac34f92\"><div class=\"stk-row stk-inner-blocks stk-block-content stk-button-group\">\n<div class=\"wp-block-stackable-button stk-block-button stk-block stk-2239133\" data-block-id=\"2239133\"><a class=\"stk-link stk-button stk--hover-effect-darken\" href=\"https:\/\/portais.santoandre.sp.gov.br\/semasa\/gestao-ambiental\/fumgesan\/recursos-do-fumgesan\/\"><span class=\"stk-button__inner-text\">Recursos<\/span><\/a><\/div>\n\n\n\n<div class=\"wp-block-stackable-button stk-block-button stk-block stk-59539a6\" data-block-id=\"59539a6\"><style>.stk-59539a6 .stk-button{background:#f78da7 !important}<\/style><a class=\"stk-link stk-button stk--hover-effect-darken\" href=\"https:\/\/portais.santoandre.sp.gov.br\/semasa\/gestao-ambiental\/fumgesan\/selecao-de-projetos-do-fumgesan-sociedade-civil\/\"><span class=\"stk-button__inner-text\">Sele\u00e7\u00e3o de projetos &#8211; Sociedade Civil<\/span><\/a><\/div>\n\n\n\n<div class=\"wp-block-stackable-button stk-block-button stk-block stk-c0469f2\" data-block-id=\"c0469f2\"><style>.stk-c0469f2 .stk-button{background:#fcb900 !important}<\/style><a class=\"stk-link stk-button stk--hover-effect-darken\" href=\"https:\/\/portais.santoandre.sp.gov.br\/semasa\/gestao-ambiental\/fumgesan\/selecao-de-projetos-do-fumgesan-poder-publico\/\"><span class=\"stk-button__inner-text\">Sele\u00e7\u00e3o de projetos &#8211; Poder p\u00fablico<\/span><\/a><\/div>\n\n\n\n<div class=\"wp-block-stackable-button stk-block-button stk-block stk-79c0c96\" data-block-id=\"79c0c96\"><style>.stk-79c0c96 .stk-button{background:#00d084 !important}<\/style><a class=\"stk-link stk-button stk--hover-effect-darken\" href=\"https:\/\/portais.santoandre.sp.gov.br\/semasa\/gestao-ambiental\/fumgesan\/deliberacoes\/\"><span class=\"stk-button__inner-text\">Delibera\u00e7\u00f5es<\/span><\/a><\/div>\n\n\n\n<div class=\"wp-block-stackable-button stk-block-button stk-block stk-314c8d0\" data-block-id=\"314c8d0\"><style>.stk-314c8d0 .stk-button{background:#9b51e0 !important}<\/style><a class=\"stk-link stk-button stk--hover-effect-darken\" href=\"https:\/\/portais.santoandre.sp.gov.br\/semasa\/gestao-ambiental\/fumgesan\/relatorios-anuais-fumgesan\/\"><span class=\"stk-button__inner-text\">Relat\u00f3rios anuais<\/span><\/a><\/div>\n\n\n\n<div class=\"wp-block-stackable-button stk-block-button stk-block stk-95fe269\" data-block-id=\"95fe269\"><style>.stk-95fe269 .stk-button{background:#ff6900 !important}<\/style><a class=\"stk-link stk-button stk--hover-effect-darken\" href=\"https:\/\/portais.santoandre.sp.gov.br\/semasa\/gestao-ambiental\/fumgesan\/prestacao-de-contas-fumgesan-2019\/\"><span class=\"stk-button__inner-text\">Presta\u00e7\u00e3o de contas 2019<\/span><\/a><\/div>\n<\/div><\/div>\n\n\n\n<p><strong>O que \u00e9?<\/strong><br>Institu\u00eddo pela Lei Municipal n.\u00ba 7.733\/ 98, alterada pela Lei Municipal 9569\/14 e 10.152\/19e regulamentado pelo Decreto Municipal n\u00ba 16527\/14, o Fundo Municipal de Gest\u00e3o e Saneamento Ambiental (Fumgesan) est\u00e1 vinculado ao or\u00e7amento do Semasa e tem como objetivo concentrar recursos para projetos de interesse ambiental.<\/p>\n\n\n\n<p>Sua gest\u00e3o \u00e9 realizada pelo&nbsp;<a href=\"https:\/\/portais.santoandre.sp.gov.br\/semasa\/gestao-ambiental\/comugesan\/\" data-type=\"page\" data-id=\"408\">Comugesan<\/a>&nbsp;(Conselho Municipal de Gest\u00e3o e Saneamento Ambiental de Santo Andr\u00e9), com apoio de um Grupo Gestor. O grupo gestor \u00e9 composto por um representante da sociedade civil do Comugesan e representantes do Semasa (Departamento de Gest\u00e3o Ambiental e Departamento Administrativo e Financeiro). Os membros tem mandato de dois anos.<\/p>\n","protected":false},"excerpt":{"rendered":"<p>Recursos Sele\u00e7\u00e3o de projetos &#8211; Sociedade Civil Sele\u00e7\u00e3o de projetos &#8211; Poder p\u00fablico Delibera\u00e7\u00f5es Relat\u00f3rios anuais Presta\u00e7\u00e3o de contas 2019 O que \u00e9?Institu\u00eddo pela Lei Municipal n.\u00ba 7.733\/ 98, alterada pela Lei Municipal 9569\/14 e 10.152\/19e regulamentado pelo Decreto Municipal n\u00ba 16527\/14, o Fundo Municipal de Gest\u00e3o e Saneamento Ambiental (Fumgesan) est\u00e1 vinculado ao or\u00e7amento [&hellip;]<\/p>\n","protected":false},"author":28,"featured_media":0,"parent":311,"menu_order":0,"comment_status":"closed","ping_status":"closed","template":"","meta":{"footnotes":""},"class_list":["post-889","page","type-page","status-publish","hentry"],"_links":{"self":[{"href":"https:\/\/portais.santoandre.sp.gov.br\/semasa\/wp-json\/wp\/v2\/pages\/889","targetHints":{"allow":["GET"]}}],"collection":[{"href":"https:\/\/portais.santoandre.sp.gov.br\/semasa\/wp-json\/wp\/v2\/pages"}],"about":[{"href":"https:\/\/portais.santoandre.sp.gov.br\/semasa\/wp-json\/wp\/v2\/types\/page"}],"author":[{"embeddable":true,"href":"https:\/\/portais.santoandre.sp.gov.br\/semasa\/wp-json\/wp\/v2\/users\/28"}],"replies":[{"embeddable":true,"href":"https:\/\/portais.santoandre.sp.gov.br\/semasa\/wp-json\/wp\/v2\/comments?post=889"}],"version-history":[{"count":10,"href":"https:\/\/portais.santoandre.sp.gov.br\/semasa\/wp-json\/wp\/v2\/pages\/889\/revisions"}],"predecessor-version":[{"id":1643,"href":"https:\/\/portais.santoandre.sp.gov.br\/semasa\/wp-json\/wp\/v2\/pages\/889\/revisions\/1643"}],"up":[{"embeddable":true,"href":"https:\/\/portais.santoandre.sp.gov.br\/semasa\/wp-json\/wp\/v2\/pages\/311"}],"wp:attachment":[{"href":"https:\/\/portais.santoandre.sp.gov.br\/semasa\/wp-json\/wp\/v2\/media?parent=889"}],"curies":[{"name":"wp","href":"https:\/\/api.w.org\/{rel}","templated":true}]}}