{"id":7502,"date":"2026-04-14T07:14:40","date_gmt":"2026-04-14T10:14:40","guid":{"rendered":"https:\/\/portais.santoandre.sp.gov.br\/semasa\/?page_id=7502"},"modified":"2026-04-14T07:14:41","modified_gmt":"2026-04-14T10:14:41","slug":"acoes-e-programas","status":"publish","type":"page","link":"https:\/\/portais.santoandre.sp.gov.br\/semasa\/institucional\/acoes-e-programas\/","title":{"rendered":"A\u00e7\u00f5es e Programas"},"content":{"rendered":"\n<p>No \u00e2mbito municipal, o Semasa \u00e9 o \u00f3rg\u00e3o respons\u00e1vel pelos servi\u00e7os ligados \u00e0 gest\u00e3o ambiental, gest\u00e3o de res\u00edduos s\u00f3lidos e gest\u00e3o de drenagem. Por meio de suas compet\u00eancias, cada \u00e1rea desenvolve programas, a\u00e7\u00f5es e &#8211; quando necess\u00e1rio &#8211; obras para o desenvolvimento de seus trabalhos.<\/p>\n\n\n\n<p>A autarquia possui programas com atua\u00e7\u00e3o permanente, como Moeda Verde e Moeda Pet, e a\u00e7\u00f5es pontuais, que s\u00e3o desenvolvidas quando h\u00e1 necessidade (como a realiza\u00e7\u00e3o de confer\u00eancias, encontros, etc).<\/p>\n\n\n\n<p>Conhe\u00e7a os progrmas ativos ligados \u00e0 autarquia.<\/p>\n\n\n\n<div class=\"wp-block-stackable-button-group stk-block-button-group stk-block stk-91b0110\" data-block-id=\"91b0110\"><div class=\"stk-row stk-inner-blocks stk-block-content stk-button-group\">\n<div class=\"wp-block-stackable-button stk-block-button stk-block stk-d5a6bc9\" data-block-id=\"d5a6bc9\"><style>.stk-d5a6bc9 .stk-button{background:#00d084 !important;}<\/style><a class=\"stk-link stk-button stk--hover-effect-darken\" href=\"https:\/\/portais.santoandre.sp.gov.br\/semasa\/institucional\/santo-andre-pelo-clima\/\" target=\"_blank\" rel=\"noreferrer noopener\"><span class=\"stk-button__inner-text\">Santo Andr\u00e9 pelo Clima<\/span><\/a><\/div>\n\n\n\n<div class=\"wp-block-stackable-button stk-block-button stk-block stk-6941cc3\" data-block-id=\"6941cc3\"><a class=\"stk-link stk-button stk--hover-effect-darken\" href=\"https:\/\/portais.santoandre.sp.gov.br\/semasa\/gestao-ambiental\/agua-limpa-corrego-vivo\/\" target=\"_blank\" rel=\"noreferrer noopener\"><span class=\"stk-button__inner-text\">\u00c1gua Limpa, C\u00f3rrego Vivo<\/span><\/a><\/div>\n\n\n\n<div class=\"wp-block-stackable-button stk-block-button stk-block stk-63aaafc\" data-block-id=\"63aaafc\"><style>.stk-63aaafc .stk-button{background:#ff6900 !important;}<\/style><a class=\"stk-link stk-button stk--hover-effect-darken\" href=\"https:\/\/portais.santoandre.sp.gov.br\/semasa\/residuos\/estacoes-de-coleta\/gincana-ecologica\/\" target=\"_blank\" rel=\"noreferrer noopener\"><span class=\"stk-button__inner-text\">Gincana Ecol\u00f3gica<\/span><\/a><\/div>\n\n\n\n<div class=\"wp-block-stackable-button stk-block-button stk-block stk-3f59af8\" data-block-id=\"3f59af8\"><style>.stk-3f59af8 .stk-button{background:#cf2e2e !important;}<\/style><a class=\"stk-link stk-button stk--hover-effect-darken\" href=\"https:\/\/portais.santoandre.sp.gov.br\/semasa\/residuos\/estacoes-de-coleta\/breshopping-sustentavel\/\" target=\"_blank\" rel=\"noreferrer noopener\"><span class=\"stk-button__inner-text\">Breshopping Sustent\u00e1vel<\/span><\/a><\/div>\n\n\n\n<div class=\"wp-block-stackable-button stk-block-button stk-block stk-ee9ccb2\" data-block-id=\"ee9ccb2\"><style>.stk-ee9ccb2 .stk-button{background:#fcb900 !important;}<\/style><a class=\"stk-link stk-button stk--hover-effect-darken\" href=\"https:\/\/portais.santoandre.sp.gov.br\/semasa\/residuos\/composta-santo-andre\/\" target=\"_blank\" rel=\"noreferrer noopener\"><span class=\"stk-button__inner-text\">Composta Santo Andr\u00e9<\/span><\/a><\/div>\n<\/div><\/div>\n\n\n\n<div class=\"wp-block-stackable-button-group stk-block-button-group stk-block stk-c7c4eab\" data-block-id=\"c7c4eab\"><div class=\"stk-row stk-inner-blocks stk-block-content stk-button-group\">\n<div class=\"wp-block-stackable-button stk-block-button stk-block stk-19934a8\" data-block-id=\"19934a8\"><style>.stk-19934a8 .stk-button{background:#9b51e0 !important;}<\/style><a class=\"stk-link stk-button stk--hover-effect-darken\" href=\"https:\/\/portais.santoandre.sp.gov.br\/semasa\/residuos\/meu-condominio-recicla\/\" target=\"_blank\" rel=\"noreferrer noopener\"><span class=\"stk-button__inner-text\">Meu Condom\u00ednio Recicla<\/span><\/a><\/div>\n\n\n\n<div class=\"wp-block-stackable-button stk-block-button stk-block stk-5892ce9\" data-block-id=\"5892ce9\"><style>.stk-5892ce9 .stk-button{background:#8ed1fc !important;}<\/style><a class=\"stk-link stk-button stk--hover-effect-darken\" href=\"https:\/\/semasaccs.wixsite.com\/projeto-a3p---agenda\" target=\"_blank\" rel=\"noreferrer noopener\"><span class=\"stk-button__inner-text\">A3P<\/span><\/a><\/div>\n\n\n\n<div class=\"wp-block-stackable-button stk-block-button stk-block stk-67ef911\" data-block-id=\"67ef911\"><style>.stk-67ef911 .stk-button{background:#f78da7 !important;}<\/style><a class=\"stk-link stk-button stk--hover-effect-darken\" href=\"https:\/\/semasaccs.wixsite.com\/moedaverde\" target=\"_blank\" rel=\"noreferrer noopener\"><span class=\"stk-button__inner-text\">Moeda Verde e Moeda Pet<\/span><\/a><\/div>\n\n\n\n<div class=\"wp-block-stackable-button stk-block-button stk-block stk-a4eb798\" data-block-id=\"a4eb798\"><style>.stk-a4eb798 .stk-button{background:#abb8c3 !important;}<\/style><a class=\"stk-link stk-button stk--hover-effect-darken\" href=\"https:\/\/portais.santoandre.sp.gov.br\/semasa\/residuos\/programa-ponto-limpo\/\" target=\"_blank\" rel=\"noreferrer noopener\"><span class=\"stk-button__inner-text\">Ponto Limpo<\/span><\/a><\/div>\n\n\n\n<div class=\"wp-block-stackable-button stk-block-button stk-block stk-a4c0c86\" data-block-id=\"a4c0c86\"><style>.stk-a4c0c86 .stk-button{background:#7bdcb5 !important;}<\/style><a class=\"stk-link stk-button stk--hover-effect-darken\" href=\"https:\/\/educambiental7.wixsite.com\/hendu\" target=\"_blank\" rel=\"noreferrer noopener\"><span class=\"stk-button__inner-text\">Hendu<\/span><\/a><\/div>\n\n\n\n<div class=\"wp-block-stackable-button stk-block-button stk-block stk-eee7e2f\" data-block-id=\"eee7e2f\"><style>.stk-eee7e2f .stk-button{background:#f00069 !important;}<\/style><a class=\"stk-link stk-button stk--hover-effect-darken\" href=\"https:\/\/portais.santoandre.sp.gov.br\/semasa\/gestao-ambiental\/henducadores-mirins\/\" target=\"_blank\" rel=\"noreferrer noopener\"><span class=\"stk-button__inner-text\">Henducadores Mirins<\/span><\/a><\/div>\n<\/div><\/div>\n\n\n\n<div class=\"wp-block-stackable-button-group stk-block-button-group stk-block stk-bd616bb\" data-block-id=\"bd616bb\"><div class=\"stk-row stk-inner-blocks stk-block-content stk-button-group\">\n<div class=\"wp-block-stackable-button stk-block-button stk-block stk-30811d8\" data-block-id=\"30811d8\"><style>.stk-30811d8 .stk-button{background:#00d084 !important;}<\/style><a class=\"stk-link stk-button stk--hover-effect-darken\" href=\"https:\/\/educambiental7.wixsite.com\/aguacameraacao\" target=\"_blank\" rel=\"noreferrer noopener\"><span class=\"stk-button__inner-text\">\u00c1gua, C\u00e2mera e A\u00e7\u00e3o<\/span><\/a><\/div>\n\n\n\n<div class=\"wp-block-stackable-button stk-block-button stk-block stk-c265f51\" data-block-id=\"c265f51\"><a class=\"stk-link stk-button stk--hover-effect-darken\" href=\"https:\/\/portais.santoandre.sp.gov.br\/semasa\/gestao-ambiental\/fiscalizacao-ambiental\/proar\/\" target=\"_blank\" rel=\"noreferrer noopener\"><span class=\"stk-button__inner-text\">ProAR<\/span><\/a><\/div>\n\n\n\n<div class=\"wp-block-stackable-button stk-block-button stk-block stk-17b66a5\" data-block-id=\"17b66a5\"><style>.stk-17b66a5 .stk-button{background:#ff6900 !important;}<\/style><a class=\"stk-link stk-button stk--hover-effect-darken\" href=\"https:\/\/educambiental7.wixsite.com\/aguasdamata\" target=\"_blank\" rel=\"noreferrer noopener\"><span class=\"stk-button__inner-text\">\u00c1guas da Mata<\/span><\/a><\/div>\n<\/div><\/div>\n\n\n\n<p>No momento, n\u00e3o h\u00e1 obras em desenvolvimento.<\/p>\n","protected":false},"excerpt":{"rendered":"<p>No \u00e2mbito municipal, o Semasa \u00e9 o \u00f3rg\u00e3o respons\u00e1vel pelos servi\u00e7os ligados \u00e0 gest\u00e3o ambiental, gest\u00e3o de res\u00edduos s\u00f3lidos e gest\u00e3o de drenagem. Por meio de suas compet\u00eancias, cada \u00e1rea desenvolve programas, a\u00e7\u00f5es e &#8211; quando necess\u00e1rio &#8211; obras para o desenvolvimento de seus trabalhos. A autarquia possui programas com atua\u00e7\u00e3o permanente, como Moeda Verde [&hellip;]<\/p>\n","protected":false},"author":28,"featured_media":0,"parent":41,"menu_order":0,"comment_status":"closed","ping_status":"closed","template":"","meta":{"footnotes":""},"class_list":["post-7502","page","type-page","status-publish","hentry"],"_links":{"self":[{"href":"https:\/\/portais.santoandre.sp.gov.br\/semasa\/wp-json\/wp\/v2\/pages\/7502","targetHints":{"allow":["GET"]}}],"collection":[{"href":"https:\/\/portais.santoandre.sp.gov.br\/semasa\/wp-json\/wp\/v2\/pages"}],"about":[{"href":"https:\/\/portais.santoandre.sp.gov.br\/semasa\/wp-json\/wp\/v2\/types\/page"}],"author":[{"embeddable":true,"href":"https:\/\/portais.santoandre.sp.gov.br\/semasa\/wp-json\/wp\/v2\/users\/28"}],"replies":[{"embeddable":true,"href":"https:\/\/portais.santoandre.sp.gov.br\/semasa\/wp-json\/wp\/v2\/comments?post=7502"}],"version-history":[{"count":1,"href":"https:\/\/portais.santoandre.sp.gov.br\/semasa\/wp-json\/wp\/v2\/pages\/7502\/revisions"}],"predecessor-version":[{"id":7503,"href":"https:\/\/portais.santoandre.sp.gov.br\/semasa\/wp-json\/wp\/v2\/pages\/7502\/revisions\/7503"}],"up":[{"embeddable":true,"href":"https:\/\/portais.santoandre.sp.gov.br\/semasa\/wp-json\/wp\/v2\/pages\/41"}],"wp:attachment":[{"href":"https:\/\/portais.santoandre.sp.gov.br\/semasa\/wp-json\/wp\/v2\/media?parent=7502"}],"curies":[{"name":"wp","href":"https:\/\/api.w.org\/{rel}","templated":true}]}}