{"id":7471,"date":"2026-04-10T15:50:52","date_gmt":"2026-04-10T18:50:52","guid":{"rendered":"https:\/\/portais.santoandre.sp.gov.br\/semasa\/?page_id=7471"},"modified":"2026-04-10T16:21:36","modified_gmt":"2026-04-10T19:21:36","slug":"723-2026","status":"publish","type":"page","link":"https:\/\/portais.santoandre.sp.gov.br\/semasa\/723-2026\/","title":{"rendered":"723\/2026"},"content":{"rendered":"\n<p>Objeto: Aquisi\u00e7\u00e3o de insumos<\/p>\n\n\n\n<p>Modalidade:<\/p>\n\n\n\n<p>N\u00ba do edital: 15\/2026<\/p>\n\n\n\n<p>Edital:<\/p>\n\n\n\n<p>Ata do certame:<\/p>\n\n\n\n<p>Adjudica\u00e7\u00e3o e homologa\u00e7\u00e3o:<\/p>\n\n\n\n<p>N\u00ba do contrato \/ Ata de registro:<\/p>\n\n\n\n<p>Contratada \/ Detentora:<\/p>\n\n\n\n<p>Valor: R$ 40.000,00<\/p>\n\n\n\n<p>Data de assinatura:<\/p>\n\n\n\n<p>Vig\u00eancia:<\/p>\n\n\n\n<p>N\u00ba do termo \/ AF:<\/p>\n\n\n\n<p>Tipo:<\/p>\n","protected":false},"excerpt":{"rendered":"<p>Objeto: Aquisi\u00e7\u00e3o de insumos Modalidade: N\u00ba do edital: 15\/2026 Edital: Ata do certame: Adjudica\u00e7\u00e3o e homologa\u00e7\u00e3o: N\u00ba do contrato \/ Ata de registro: Contratada \/ Detentora: Valor: R$ 40.000,00 Data de assinatura: Vig\u00eancia: N\u00ba do termo \/ AF: Tipo:<\/p>\n","protected":false},"author":60,"featured_media":0,"parent":0,"menu_order":0,"comment_status":"closed","ping_status":"closed","template":"","meta":{"footnotes":""},"class_list":["post-7471","page","type-page","status-publish","hentry"],"_links":{"self":[{"href":"https:\/\/portais.santoandre.sp.gov.br\/semasa\/wp-json\/wp\/v2\/pages\/7471","targetHints":{"allow":["GET"]}}],"collection":[{"href":"https:\/\/portais.santoandre.sp.gov.br\/semasa\/wp-json\/wp\/v2\/pages"}],"about":[{"href":"https:\/\/portais.santoandre.sp.gov.br\/semasa\/wp-json\/wp\/v2\/types\/page"}],"author":[{"embeddable":true,"href":"https:\/\/portais.santoandre.sp.gov.br\/semasa\/wp-json\/wp\/v2\/users\/60"}],"replies":[{"embeddable":true,"href":"https:\/\/portais.santoandre.sp.gov.br\/semasa\/wp-json\/wp\/v2\/comments?post=7471"}],"version-history":[{"count":3,"href":"https:\/\/portais.santoandre.sp.gov.br\/semasa\/wp-json\/wp\/v2\/pages\/7471\/revisions"}],"predecessor-version":[{"id":7486,"href":"https:\/\/portais.santoandre.sp.gov.br\/semasa\/wp-json\/wp\/v2\/pages\/7471\/revisions\/7486"}],"wp:attachment":[{"href":"https:\/\/portais.santoandre.sp.gov.br\/semasa\/wp-json\/wp\/v2\/media?parent=7471"}],"curies":[{"name":"wp","href":"https:\/\/api.w.org\/{rel}","templated":true}]}}