{"id":7453,"date":"2026-04-10T13:45:32","date_gmt":"2026-04-10T16:45:32","guid":{"rendered":"https:\/\/portais.santoandre.sp.gov.br\/semasa\/?page_id=7453"},"modified":"2026-04-10T16:32:56","modified_gmt":"2026-04-10T19:32:56","slug":"128-2026","status":"publish","type":"page","link":"https:\/\/portais.santoandre.sp.gov.br\/semasa\/128-2026\/","title":{"rendered":"128\/2026"},"content":{"rendered":"\n<p>Objeto: Aquisi\u00e7\u00e3o de m\u00f3veis de escrit\u00f3rio<\/p>\n\n\n\n<p>Modalidade:<\/p>\n\n\n\n<p>N\u00ba do edital: <a href=\"https:\/\/portais.santoandre.sp.gov.br\/semasa\/2026\/04\/10\/18-2026\/\" data-type=\"post\" data-id=\"7495\">18\/2026<\/a><\/p>\n\n\n\n<p>Edital:<\/p>\n\n\n\n<p>Ata do certame:<\/p>\n\n\n\n<p>Adjudica\u00e7\u00e3o e homologa\u00e7\u00e3o:<\/p>\n\n\n\n<p>N\u00ba do contrato \/ Ata de registro:<\/p>\n\n\n\n<p>Contratada \/ Detentora:<\/p>\n\n\n\n<p>Valor: R$ 25.000,00<\/p>\n\n\n\n<p>Data de assinatura:<\/p>\n\n\n\n<p>Vig\u00eancia:<\/p>\n\n\n\n<p>N\u00ba do termo \/ AF:<\/p>\n\n\n\n<p>Tipo:<\/p>\n","protected":false},"excerpt":{"rendered":"<p>Objeto: Aquisi\u00e7\u00e3o de m\u00f3veis de escrit\u00f3rio Modalidade: N\u00ba do edital: 18\/2026 Edital: Ata do certame: Adjudica\u00e7\u00e3o e homologa\u00e7\u00e3o: N\u00ba do contrato \/ Ata de registro: Contratada \/ Detentora: Valor: R$ 25.000,00 Data de assinatura: Vig\u00eancia: N\u00ba do termo \/ AF: Tipo:<\/p>\n","protected":false},"author":60,"featured_media":0,"parent":0,"menu_order":0,"comment_status":"closed","ping_status":"closed","template":"","meta":{"footnotes":""},"class_list":["post-7453","page","type-page","status-publish","hentry"],"_links":{"self":[{"href":"https:\/\/portais.santoandre.sp.gov.br\/semasa\/wp-json\/wp\/v2\/pages\/7453","targetHints":{"allow":["GET"]}}],"collection":[{"href":"https:\/\/portais.santoandre.sp.gov.br\/semasa\/wp-json\/wp\/v2\/pages"}],"about":[{"href":"https:\/\/portais.santoandre.sp.gov.br\/semasa\/wp-json\/wp\/v2\/types\/page"}],"author":[{"embeddable":true,"href":"https:\/\/portais.santoandre.sp.gov.br\/semasa\/wp-json\/wp\/v2\/users\/60"}],"replies":[{"embeddable":true,"href":"https:\/\/portais.santoandre.sp.gov.br\/semasa\/wp-json\/wp\/v2\/comments?post=7453"}],"version-history":[{"count":2,"href":"https:\/\/portais.santoandre.sp.gov.br\/semasa\/wp-json\/wp\/v2\/pages\/7453\/revisions"}],"predecessor-version":[{"id":7498,"href":"https:\/\/portais.santoandre.sp.gov.br\/semasa\/wp-json\/wp\/v2\/pages\/7453\/revisions\/7498"}],"wp:attachment":[{"href":"https:\/\/portais.santoandre.sp.gov.br\/semasa\/wp-json\/wp\/v2\/media?parent=7453"}],"curies":[{"name":"wp","href":"https:\/\/api.w.org\/{rel}","templated":true}]}}