{"id":7389,"date":"2026-04-09T17:50:05","date_gmt":"2026-04-09T20:50:05","guid":{"rendered":"https:\/\/portais.santoandre.sp.gov.br\/semasa\/?page_id=7389"},"modified":"2026-04-09T18:09:21","modified_gmt":"2026-04-09T21:09:21","slug":"comunicacao-e-imprensa","status":"publish","type":"page","link":"https:\/\/portais.santoandre.sp.gov.br\/semasa\/institucional\/comunicacao-e-imprensa\/","title":{"rendered":"Comunica\u00e7\u00e3o e Imprensa"},"content":{"rendered":"\n<p>A Comunica\u00e7\u00e3o institucional no Semasa \u00e9 gerenciada pela Coordenadoria de Comunica\u00e7\u00e3o Social (CCS) da autrquia. Cabe \u00e0 CCS a gest\u00e3o do contato com a imprensa, redes sociais, produ\u00e7\u00e3o de conte\u00fados e materiais diversos, apoio e promo\u00e7\u00e3o \u00e0 eventos, <a href=\"https:\/\/portais.santoandre.sp.gov.br\/semasa\/institucional\/atendimento-ao-cliente-externo\/\">atendimento ao cliente<\/a>, entre outras atribui\u00e7\u00f5es.<\/p>\n\n\n\n<div class=\"wp-block-stackable-button-group stk-block-button-group stk-block stk-5f955b3\" data-block-id=\"5f955b3\"><div class=\"stk-row stk-inner-blocks stk-block-content stk-button-group\">\n<div class=\"wp-block-stackable-button stk-block-button stk-block stk-9e72ef9\" data-block-id=\"9e72ef9\"><style>.stk-9e72ef9 .stk-button{background:#9b51e0 !important;}<\/style><a class=\"stk-link stk-button stk--hover-effect-darken\" href=\"\"><span class=\"stk-button__inner-text\">Materiais de comunica\u00e7\u00e3o e cartilhas<\/span><\/a><\/div>\n\n\n\n<div class=\"wp-block-stackable-button stk-block-button stk-block stk-ea23ca6\" data-block-id=\"ea23ca6\"><style>.stk-ea23ca6 .stk-button{background:#f00069 !important;}<\/style><a class=\"stk-link stk-button stk--hover-effect-darken\" href=\"https:\/\/portais.santoandre.sp.gov.br\/semasa\/category\/releases\/\"><span class=\"stk-button__inner-text\">\u00daltimas not\u00edcias (releases institucionais)<\/span><\/a><\/div>\n\n\n\n<div class=\"wp-block-stackable-button stk-block-button stk-block stk-200d447\" data-block-id=\"200d447\"><style>.stk-200d447 .stk-button{background:#00d084 !important;}<\/style><a class=\"stk-link stk-button stk--hover-effect-darken\" href=\"https:\/\/portais.santoandre.sp.gov.br\/semasa\/institucional\/noticias\/\"><span class=\"stk-button__inner-text\">Todas as not\u00edcias<\/span><\/a><\/div>\n<\/div><\/div>\n\n\n\n<p><strong>Demandas e pedidos de imprensa<\/strong><\/p>\n\n\n\n<p>O Semasa possui um canal direto com a imprensa, por meio do e-mail imprensasemasa@semasa.sp.gov.br. Os jornalistas podem entrar em contato para obter informa\u00e7\u00f5es e d\u00favidas sobre demandas, entrevistas e outros assuntos.<\/p>\n\n\n\n<p><\/p>\n","protected":false},"excerpt":{"rendered":"<p>A Comunica\u00e7\u00e3o institucional no Semasa \u00e9 gerenciada pela Coordenadoria de Comunica\u00e7\u00e3o Social (CCS) da autrquia. Cabe \u00e0 CCS a gest\u00e3o do contato com a imprensa, redes sociais, produ\u00e7\u00e3o de conte\u00fados e materiais diversos, apoio e promo\u00e7\u00e3o \u00e0 eventos, atendimento ao cliente, entre outras atribui\u00e7\u00f5es. Materiais de comunica\u00e7\u00e3o e cartilhas \u00daltimas not\u00edcias (releases institucionais) Todas as [&hellip;]<\/p>\n","protected":false},"author":28,"featured_media":0,"parent":41,"menu_order":0,"comment_status":"closed","ping_status":"closed","template":"","meta":{"footnotes":""},"class_list":["post-7389","page","type-page","status-publish","hentry"],"_links":{"self":[{"href":"https:\/\/portais.santoandre.sp.gov.br\/semasa\/wp-json\/wp\/v2\/pages\/7389","targetHints":{"allow":["GET"]}}],"collection":[{"href":"https:\/\/portais.santoandre.sp.gov.br\/semasa\/wp-json\/wp\/v2\/pages"}],"about":[{"href":"https:\/\/portais.santoandre.sp.gov.br\/semasa\/wp-json\/wp\/v2\/types\/page"}],"author":[{"embeddable":true,"href":"https:\/\/portais.santoandre.sp.gov.br\/semasa\/wp-json\/wp\/v2\/users\/28"}],"replies":[{"embeddable":true,"href":"https:\/\/portais.santoandre.sp.gov.br\/semasa\/wp-json\/wp\/v2\/comments?post=7389"}],"version-history":[{"count":3,"href":"https:\/\/portais.santoandre.sp.gov.br\/semasa\/wp-json\/wp\/v2\/pages\/7389\/revisions"}],"predecessor-version":[{"id":7410,"href":"https:\/\/portais.santoandre.sp.gov.br\/semasa\/wp-json\/wp\/v2\/pages\/7389\/revisions\/7410"}],"up":[{"embeddable":true,"href":"https:\/\/portais.santoandre.sp.gov.br\/semasa\/wp-json\/wp\/v2\/pages\/41"}],"wp:attachment":[{"href":"https:\/\/portais.santoandre.sp.gov.br\/semasa\/wp-json\/wp\/v2\/media?parent=7389"}],"curies":[{"name":"wp","href":"https:\/\/api.w.org\/{rel}","templated":true}]}}