{"id":7149,"date":"2026-03-30T07:43:23","date_gmt":"2026-03-30T10:43:23","guid":{"rendered":"https:\/\/portais.santoandre.sp.gov.br\/semasa\/?page_id=7149"},"modified":"2026-04-01T12:59:07","modified_gmt":"2026-04-01T15:59:07","slug":"corrego-taioca","status":"publish","type":"page","link":"https:\/\/portais.santoandre.sp.gov.br\/semasa\/gestao-ambiental\/agua-limpa-corrego-vivo\/corrego-taioca\/","title":{"rendered":"C\u00f3rrego Taioca"},"content":{"rendered":"\n<p>O C\u00f3rrego Taioca, pertencente \u00e0 Bacia do Ribeir\u00e3o dos Meninos, est\u00e1 sendo o primeiro curso d&#8217;agua contemplado pelo programa \u00c1gua Limpa, C\u00f3rrego Vivo.<\/p>\n\n\n\n<p>Do tupi-guarani, Taioca \u00e9 uma esp\u00e9cie de formiga pardo-avermelhada carn\u00edvora. O curso d&#8217;\u00e1gua tem a sua nascente na rua Jos\u00e9 Ma\u00e7on (Jd. Las Vegas) e des\u00e1gua junto ao C\u00f3rrego dos Meninos &#8211; na estrada Jo\u00e3o Ducin (Jd. Jamaica). No total, possui 2,4 km de extens\u00e3o.<\/p>\n\n\n\n<p><strong>REQUALIFICA\u00c7\u00c3O<\/strong><\/p>\n\n\n\n<p>Na avenida Bras\u00edlia, um trecho que estava degradado deu lugar a um espa\u00e7o de contempla\u00e7\u00e3o da natureza, com coloca\u00e7\u00e3o de grama, ilumina\u00e7\u00e3o solar, espa\u00e7o de conviv\u00eancia e plantio de \u00e1rvores nativas da Mata Atl\u00e2ntica.<\/p>\n\n\n\n<p>Al\u00e9m disso, bocas de lobo inteligentes foram instaladas. Estes equipamentos possuem cestos com sensores para impedir que res\u00edduos cheguem o curso d&#8217;\u00e1gua. A tecnologia, por sua vez, exerce a fun\u00e7\u00e3o de alertar quando os dispositivos est\u00e3o cheios, o que causa a obstru\u00e7\u00e3o do escoamento da \u00e1gua e, consequentemente, pontos de alagamento.<\/p>\n\n\n\n<p>O paisagismo tamb\u00e9m foi transformado com arte em grafite, criando o o espa\u00e7o &#8220;Mirante Taioca&#8221;.<\/p>\n\n\n<div class=\"wp-block-image\">\n<figure class=\"aligncenter size-large\"><img fetchpriority=\"high\" decoding=\"async\" width=\"1024\" height=\"321\" src=\"https:\/\/portais.santoandre.sp.gov.br\/semasa\/wp-content\/uploads\/sites\/13\/2026\/04\/image-1024x321.png\" alt=\"\" class=\"wp-image-7242\" srcset=\"https:\/\/portais.santoandre.sp.gov.br\/semasa\/wp-content\/uploads\/sites\/13\/2026\/04\/image-1024x321.png 1024w, https:\/\/portais.santoandre.sp.gov.br\/semasa\/wp-content\/uploads\/sites\/13\/2026\/04\/image-300x94.png 300w, https:\/\/portais.santoandre.sp.gov.br\/semasa\/wp-content\/uploads\/sites\/13\/2026\/04\/image-768x241.png 768w, https:\/\/portais.santoandre.sp.gov.br\/semasa\/wp-content\/uploads\/sites\/13\/2026\/04\/image.png 1274w\" sizes=\"(max-width: 1024px) 100vw, 1024px\" \/><\/figure><\/div>\n\n\n<p><strong>MONITORAMENTO<\/strong><\/p>\n\n\n\n<p>As obras de esgotamento sanit\u00e1rio, executadas pela Sabesp, no \u00e2mbito do programa Integra Tiet\u00ea, contribu\u00edram para que a qualidade h\u00eddrica tivesse um avan\u00e7o significativo e imediato. O \u00cdndice da Qualidade da \u00c1gua (IQA) obteve avan\u00e7o de &#8220;ruim&#8221; para &#8220;bom&#8221;, com an\u00e1lise e monitoramento feitos por t\u00e9cnicos do Semasa.<\/p>\n\n\n\n<p><\/p>\n\n\n<div class=\"wp-block-image\">\n<figure class=\"aligncenter size-large is-resized\"><a href=\"https:\/\/portais.santoandre.sp.gov.br\/semasa\/wp-content\/uploads\/sites\/13\/2026\/04\/WhatsApp-Image-2026-03-30-at-11.30.32.jpeg\" target=\"_blank\" rel=\" noreferrer noopener\"><img decoding=\"async\" width=\"774\" height=\"1024\" src=\"https:\/\/portais.santoandre.sp.gov.br\/semasa\/wp-content\/uploads\/sites\/13\/2026\/04\/WhatsApp-Image-2026-03-30-at-11.30.32-774x1024.jpeg\" alt=\"\" class=\"wp-image-7230\" style=\"width:534px;height:auto\" srcset=\"https:\/\/portais.santoandre.sp.gov.br\/semasa\/wp-content\/uploads\/sites\/13\/2026\/04\/WhatsApp-Image-2026-03-30-at-11.30.32-774x1024.jpeg 774w, https:\/\/portais.santoandre.sp.gov.br\/semasa\/wp-content\/uploads\/sites\/13\/2026\/04\/WhatsApp-Image-2026-03-30-at-11.30.32-227x300.jpeg 227w, https:\/\/portais.santoandre.sp.gov.br\/semasa\/wp-content\/uploads\/sites\/13\/2026\/04\/WhatsApp-Image-2026-03-30-at-11.30.32-768x1017.jpeg 768w, https:\/\/portais.santoandre.sp.gov.br\/semasa\/wp-content\/uploads\/sites\/13\/2026\/04\/WhatsApp-Image-2026-03-30-at-11.30.32-1160x1536.jpeg 1160w, https:\/\/portais.santoandre.sp.gov.br\/semasa\/wp-content\/uploads\/sites\/13\/2026\/04\/WhatsApp-Image-2026-03-30-at-11.30.32.jpeg 1536w\" sizes=\"(max-width: 774px) 100vw, 774px\" \/><\/a><\/figure><\/div>\n\n\n<p><\/p>\n","protected":false},"excerpt":{"rendered":"<p>O C\u00f3rrego Taioca, pertencente \u00e0 Bacia do Ribeir\u00e3o dos Meninos, est\u00e1 sendo o primeiro curso d&#8217;agua contemplado pelo programa \u00c1gua Limpa, C\u00f3rrego Vivo. Do tupi-guarani, Taioca \u00e9 uma esp\u00e9cie de formiga pardo-avermelhada carn\u00edvora. O curso d&#8217;\u00e1gua tem a sua nascente na rua Jos\u00e9 Ma\u00e7on (Jd. Las Vegas) e des\u00e1gua junto ao C\u00f3rrego dos Meninos &#8211; [&hellip;]<\/p>\n","protected":false},"author":28,"featured_media":0,"parent":6569,"menu_order":0,"comment_status":"closed","ping_status":"closed","template":"","meta":{"footnotes":""},"class_list":["post-7149","page","type-page","status-publish","hentry"],"_links":{"self":[{"href":"https:\/\/portais.santoandre.sp.gov.br\/semasa\/wp-json\/wp\/v2\/pages\/7149","targetHints":{"allow":["GET"]}}],"collection":[{"href":"https:\/\/portais.santoandre.sp.gov.br\/semasa\/wp-json\/wp\/v2\/pages"}],"about":[{"href":"https:\/\/portais.santoandre.sp.gov.br\/semasa\/wp-json\/wp\/v2\/types\/page"}],"author":[{"embeddable":true,"href":"https:\/\/portais.santoandre.sp.gov.br\/semasa\/wp-json\/wp\/v2\/users\/28"}],"replies":[{"embeddable":true,"href":"https:\/\/portais.santoandre.sp.gov.br\/semasa\/wp-json\/wp\/v2\/comments?post=7149"}],"version-history":[{"count":5,"href":"https:\/\/portais.santoandre.sp.gov.br\/semasa\/wp-json\/wp\/v2\/pages\/7149\/revisions"}],"predecessor-version":[{"id":7243,"href":"https:\/\/portais.santoandre.sp.gov.br\/semasa\/wp-json\/wp\/v2\/pages\/7149\/revisions\/7243"}],"up":[{"embeddable":true,"href":"https:\/\/portais.santoandre.sp.gov.br\/semasa\/wp-json\/wp\/v2\/pages\/6569"}],"wp:attachment":[{"href":"https:\/\/portais.santoandre.sp.gov.br\/semasa\/wp-json\/wp\/v2\/media?parent=7149"}],"curies":[{"name":"wp","href":"https:\/\/api.w.org\/{rel}","templated":true}]}}