{"id":6569,"date":"2026-03-05T08:07:51","date_gmt":"2026-03-05T11:07:51","guid":{"rendered":"https:\/\/portais.santoandre.sp.gov.br\/semasa\/?page_id=6569"},"modified":"2026-04-14T16:27:22","modified_gmt":"2026-04-14T19:27:22","slug":"agua-limpa-corrego-vivo","status":"publish","type":"page","link":"https:\/\/portais.santoandre.sp.gov.br\/semasa\/gestao-ambiental\/agua-limpa-corrego-vivo\/","title":{"rendered":"Programa \u00c1gua Limpa, C\u00f3rrego Vivo"},"content":{"rendered":"<div class=\"wp-block-image\">\n<figure class=\"aligncenter size-full is-resized\"><img fetchpriority=\"high\" decoding=\"async\" width=\"810\" height=\"494\" src=\"https:\/\/portais.santoandre.sp.gov.br\/semasa\/wp-content\/uploads\/sites\/13\/2026\/03\/Logo_Agua_Limpa_Horizontal_COLOR.png\" alt=\"\" class=\"wp-image-6573\" style=\"width:403px;height:auto\" \/><\/figure><\/div>\n\n\n<p>Santo Andr\u00e9 olha com carinho para os cursos d\u2019\u00e1gua que percorrem o munic\u00edpio.&nbsp;Com o programa <strong><span style=\"color: #1ba8bb\" class=\"stk-highlight\">\u00c1gua Limpa<\/span><span style=\"color: #1ba1b3\" class=\"stk-highlight\">,<\/span><span style=\"color: #000000\" class=\"stk-highlight\"> <\/span><span style=\"color: #0a793c\" class=\"stk-highlight\">C\u00f3rrego Vivo<\/span><\/strong>, eles s\u00e3o despolu\u00eddos, monitorados e cuidados, promovendo a rela\u00e7\u00e3o harmoniosa entre a natureza e a vida urbana. <\/p>\n\n\n\n<p>A iniciativa, lan\u00e7ada em 1\u00ba de abril de 2026, dialoga com as obras de esgotamento sanit\u00e1rio que s\u00e3o executadas pela Sabesp, por meio do programa Integra Tiet\u00ea, e com as interven\u00e7\u00f5es de urbaniza\u00e7\u00e3o, drenagem e infraestrutura urbana realizadas pelo pr\u00f3prio munic\u00edpio.<\/p>\n\n\n<div class=\"wp-block-image\">\n<figure class=\"aligncenter size-large\"><a href=\"https:\/\/portais.santoandre.sp.gov.br\/semasa\/wp-content\/uploads\/sites\/13\/2026\/03\/WhatsApp-Image-2026-03-23-at-10.10.43.jpeg\"><img decoding=\"async\" width=\"1024\" height=\"640\" src=\"https:\/\/portais.santoandre.sp.gov.br\/semasa\/wp-content\/uploads\/sites\/13\/2026\/03\/WhatsApp-Image-2026-03-23-at-10.10.43-1024x640.jpeg\" alt=\"\" class=\"wp-image-6994\" srcset=\"https:\/\/portais.santoandre.sp.gov.br\/semasa\/wp-content\/uploads\/sites\/13\/2026\/03\/WhatsApp-Image-2026-03-23-at-10.10.43-1024x640.jpeg 1024w, https:\/\/portais.santoandre.sp.gov.br\/semasa\/wp-content\/uploads\/sites\/13\/2026\/03\/WhatsApp-Image-2026-03-23-at-10.10.43-300x188.jpeg 300w, https:\/\/portais.santoandre.sp.gov.br\/semasa\/wp-content\/uploads\/sites\/13\/2026\/03\/WhatsApp-Image-2026-03-23-at-10.10.43-768x480.jpeg 768w, https:\/\/portais.santoandre.sp.gov.br\/semasa\/wp-content\/uploads\/sites\/13\/2026\/03\/WhatsApp-Image-2026-03-23-at-10.10.43-1536x960.jpeg 1536w, https:\/\/portais.santoandre.sp.gov.br\/semasa\/wp-content\/uploads\/sites\/13\/2026\/03\/WhatsApp-Image-2026-03-23-at-10.10.43.jpeg 1600w\" sizes=\"(max-width: 1024px) 100vw, 1024px\" \/><\/a><\/figure><\/div>\n\n\n<p><\/p>\n\n\n\n<p>Os c\u00f3rregos de Santo Andr\u00e9 tamb\u00e9m t\u00eam os seus nomes e contextos revelados, deixando, muitas vezes, de correrem de forma sigilosa e invis\u00edvel nos territ\u00f3rios. As placas de identifica\u00e7\u00e3o trazem informa\u00e7\u00f5es sobre os seus significados, extens\u00e3o dos cursos d&#8217;\u00e1gua e outras curiosidades que ajudam a manter viva a hist\u00f3ria dos c\u00f3rregos e de outros corpos h\u00eddricos. <\/p>\n\n\n\n<p>Com essas interven\u00e7\u00f5es, o programa objetiva: <\/p>\n\n\n\n<ul class=\"wp-block-list\">\n<li>Avan\u00e7ar na meta de universaliza\u00e7\u00e3o do saneamento b\u00e1sico;<\/li>\n\n\n\n<li>Recuperar a qualidade h\u00eddrica dos cursos d&#8217;\u00e1gua;<\/li>\n\n\n\n<li>Reduzir doen\u00e7as de veicula\u00e7\u00e3o h\u00eddrica, melhorando a sa\u00fade p\u00fablica e o bem-estar da popula\u00e7\u00e3o;<\/li>\n\n\n\n<li>Proteger o ecossistema urbano (plantas, animais e seres humanos);<\/li>\n\n\n\n<li>Promover a requalifica\u00e7\u00e3o da paisagem urbana, transformando \u00e1reas degradadas em espa\u00e7os de contempla\u00e7\u00e3o da natureza, lazer e conviv\u00eancia;<\/li>\n\n\n\n<li>Implantar a\u00e7\u00f5es permanentes de coleta, an\u00e1lise e monitoramento da \u00e1gua;<\/li>\n\n\n\n<li>Controlar riscos de inunda\u00e7\u00f5es dos c\u00f3rregos e de polui\u00e7\u00e3o ambiental;<\/li>\n\n\n\n<li>Potencializar os corpos h\u00eddricos como instrumentos de educa\u00e7\u00e3o ambiental, incorporando-os ao <a href=\"https:\/\/semasaccs.wixsite.com\/circuitoeasa\">Circuito Andreense de Educa\u00e7\u00e3o Ambiental<\/a>; <\/li>\n\n\n\n<li>Fortalecer o engajamento comunit\u00e1rio, criando uma rede de &#8220;guardi\u00f5es dos cursos d&#8217;\u00e1gua&#8221;;<\/li>\n\n\n\n<li>Intensificar o trabalho de fiscaliza\u00e7\u00e3o para identificar aus\u00eancias ou problemas relacionados aos sistemas de coleta e tratamento de esgoto e de drenagem urbana;<\/li>\n\n\n\n<li>Construir um banco de dados p\u00fablicos sobre a qualidade e a din\u00e2mica h\u00eddrica municipal, visando orientar e fortalecer pol\u00edticas p\u00fablicas de educa\u00e7\u00e3o e saneamento ambiental, adapta\u00e7\u00e3o e resili\u00eancia clim\u00e1tica, revitaliza\u00e7\u00e3o urbana e seguran\u00e7a h\u00eddrica. <\/li>\n<\/ul>\n\n\n\n<p>Santo Andr\u00e9 possui uma ampla rede hidrogr\u00e1fica, o que muito se justifica pelo fato de o munic\u00edpio ter 62% do territ\u00f3rio composto por \u00e1reas de preserva\u00e7\u00e3o ambiental e de prote\u00e7\u00e3o aos mananciais. H\u00e1 5 bacias (rios principais, que recebem \u00e1gua de v\u00e1rios cursos d&#8217;\u00e1gua): Rio Tamanduate\u00ed, Ribeir\u00e3o dos Meninos, Ribeir\u00e3o Orat\u00f3rio, Billings e Alto Tiet\u00ea. Al\u00e9m disso, estima-se que haja mais de 110 c\u00f3rregos na cidade, considerando sub-bacias e seus afluentes. <\/p>\n\n\n\n<figure class=\"wp-block-image size-large\"><a href=\"https:\/\/portais.santoandre.sp.gov.br\/semasa\/wp-content\/uploads\/sites\/13\/2026\/03\/mapa-apresentacao1-revisado-1_page-0001-scaled.jpg\"><img decoding=\"async\" width=\"1024\" height=\"724\" src=\"https:\/\/portais.santoandre.sp.gov.br\/semasa\/wp-content\/uploads\/sites\/13\/2026\/03\/mapa-apresentacao1-revisado-1_page-0001-1024x724.jpg\" alt=\"\" class=\"wp-image-7139\" srcset=\"https:\/\/portais.santoandre.sp.gov.br\/semasa\/wp-content\/uploads\/sites\/13\/2026\/03\/mapa-apresentacao1-revisado-1_page-0001-1024x724.jpg 1024w, https:\/\/portais.santoandre.sp.gov.br\/semasa\/wp-content\/uploads\/sites\/13\/2026\/03\/mapa-apresentacao1-revisado-1_page-0001-300x212.jpg 300w, https:\/\/portais.santoandre.sp.gov.br\/semasa\/wp-content\/uploads\/sites\/13\/2026\/03\/mapa-apresentacao1-revisado-1_page-0001-768x543.jpg 768w, https:\/\/portais.santoandre.sp.gov.br\/semasa\/wp-content\/uploads\/sites\/13\/2026\/03\/mapa-apresentacao1-revisado-1_page-0001-1536x1086.jpg 1536w, https:\/\/portais.santoandre.sp.gov.br\/semasa\/wp-content\/uploads\/sites\/13\/2026\/03\/mapa-apresentacao1-revisado-1_page-0001-2048x1449.jpg 2048w\" sizes=\"(max-width: 1024px) 100vw, 1024px\" \/><\/a><\/figure>\n\n\n\n<p><\/p>\n\n\n\n<p><strong>MONITORAMENTO <\/strong><\/p>\n\n\n<div class=\"wp-block-image\">\n<figure class=\"aligncenter size-large\"><a href=\"https:\/\/portais.santoandre.sp.gov.br\/semasa\/wp-content\/uploads\/sites\/13\/2026\/04\/WhatsApp-Image-2026-03-30-at-11.10.12.jpeg\" target=\"_blank\" rel=\" noreferrer noopener\"><img loading=\"lazy\" decoding=\"async\" width=\"614\" height=\"1024\" src=\"https:\/\/portais.santoandre.sp.gov.br\/semasa\/wp-content\/uploads\/sites\/13\/2026\/04\/WhatsApp-Image-2026-03-30-at-11.10.12-614x1024.jpeg\" alt=\"\" class=\"wp-image-7226\" srcset=\"https:\/\/portais.santoandre.sp.gov.br\/semasa\/wp-content\/uploads\/sites\/13\/2026\/04\/WhatsApp-Image-2026-03-30-at-11.10.12-614x1024.jpeg 614w, https:\/\/portais.santoandre.sp.gov.br\/semasa\/wp-content\/uploads\/sites\/13\/2026\/04\/WhatsApp-Image-2026-03-30-at-11.10.12-180x300.jpeg 180w, https:\/\/portais.santoandre.sp.gov.br\/semasa\/wp-content\/uploads\/sites\/13\/2026\/04\/WhatsApp-Image-2026-03-30-at-11.10.12-768x1280.jpeg 768w, https:\/\/portais.santoandre.sp.gov.br\/semasa\/wp-content\/uploads\/sites\/13\/2026\/04\/WhatsApp-Image-2026-03-30-at-11.10.12-922x1536.jpeg 922w, https:\/\/portais.santoandre.sp.gov.br\/semasa\/wp-content\/uploads\/sites\/13\/2026\/04\/WhatsApp-Image-2026-03-30-at-11.10.12-1229x2048.jpeg 1229w, https:\/\/portais.santoandre.sp.gov.br\/semasa\/wp-content\/uploads\/sites\/13\/2026\/04\/WhatsApp-Image-2026-03-30-at-11.10.12.jpeg 1536w\" sizes=\"(max-width: 614px) 100vw, 614px\" \/><\/a><\/figure><\/div>\n\n\n<p><strong>CANAIS DE DEN\u00daNCIA<\/strong><\/p>\n\n\n\n<p>A prote\u00e7\u00e3o e conserva\u00e7\u00e3o do meio ambiente \u00e9 responsabilidade de todos n\u00f3s! Por isso, denuncie:<br>&#8211; Descarte irregular de<a href=\"https:\/\/agencia.semasa.sp.gov.br\/agenciavirtual\/frmLogradouro.aspx?Servico=EsgotoManancial&amp;strEndereco=Infrator\"> esgoto<\/a> e de <a href=\"https:\/\/agencia.semasa.sp.gov.br\/agenciavirtual\/frmLogradouro.aspx?Servico=Descarte&amp;strEndereco=Infrator\">res\u00edduos<\/a> clicando diretamente nos links. Se preferir, ligue para <strong>0800-4848115 ou 4433-9300 (de segunda a sexta-feira, das 8h30 \u00e0s 16h)<\/strong>, ou ainda mande mensagem via WhatsApp para 4433-9011.<\/p>\n\n\n\n<div class=\"wp-block-stackable-separator alignfull stk-block-separator stk--no-padding stk-block stk-7b0f031\" data-block-id=\"7b0f031\"><div class=\"stk-block-separator__inner\"><svg xmlns=\"http:\/\/www.w3.org\/2000\/svg\" viewBox=\"0 0 1600 200\" class=\"stk-separator__layer-1\" preserveAspectRatio=\"none\" aria-hidden=\"true\"><path class=\"wave-1_svg__st2\" d=\"M1341.4 48.9c-182.4 0-254.2 80.4-429.4 80.4-117.8 0-209.7-67.5-393.5-67.5-142.2 0-212.6 38.8-324.6 38.8S-10 64.7-10 64.7V210h1620V102c-110.6-40.2-181-53.1-268.6-53.1z\"><\/path><\/svg><\/div><\/div>\n\n\n\n<p class=\"has-text-align-center\"><strong>CONHE\u00c7A OS C\u00d3RREGOS CONTEMPLADOS PELO \u00c1GUA LIMPA, C\u00d3RREGO VIVO<\/strong><\/p>\n\n\n\n<div class=\"wp-block-stackable-button-group stk-block-button-group stk-block stk-14347ab\" data-block-id=\"14347ab\"><div class=\"stk-row stk-inner-blocks stk-block-content stk-button-group\">\n<div class=\"wp-block-stackable-button stk-block-button stk-block stk-8715413\" data-block-id=\"8715413\"><a class=\"stk-link stk-button stk--hover-effect-darken\" href=\"https:\/\/portais.santoandre.sp.gov.br\/semasa\/gestao-ambiental\/agua-limpa-corrego-vivo\/corrego-taioca\/\" target=\"_blank\" rel=\"noreferrer noopener\"><span class=\"stk-button__inner-text\">Taioca<\/span><\/a><\/div>\n\n\n\n<div class=\"wp-block-stackable-button stk-block-button stk-block stk-862967f\" data-block-id=\"862967f\"><style>.stk-862967f .stk-button{background:#00d084 !important;}<\/style><a class=\"stk-link stk-button stk--hover-effect-darken\" href=\"https:\/\/portais.santoandre.sp.gov.br\/semasa\/gestao-ambiental\/agua-limpa-corrego-vivo\/corrego-candido-camargo\/\"><span class=\"stk-button__inner-text\">C\u00e2ndido Camargo (Ana Maria)<\/span><\/a><\/div>\n<\/div><\/div>\n\n\n\n<p><\/p>\n","protected":false},"excerpt":{"rendered":"<p>Santo Andr\u00e9 olha com carinho para os cursos d\u2019\u00e1gua que percorrem o munic\u00edpio.&nbsp;Com o programa \u00c1gua Limpa, C\u00f3rrego Vivo, eles s\u00e3o despolu\u00eddos, monitorados e cuidados, promovendo a rela\u00e7\u00e3o harmoniosa entre a natureza e a vida urbana. A iniciativa, lan\u00e7ada em 1\u00ba de abril de 2026, dialoga com as obras de esgotamento sanit\u00e1rio que s\u00e3o executadas [&hellip;]<\/p>\n","protected":false},"author":28,"featured_media":0,"parent":311,"menu_order":0,"comment_status":"closed","ping_status":"closed","template":"","meta":{"footnotes":""},"class_list":["post-6569","page","type-page","status-publish","hentry"],"_links":{"self":[{"href":"https:\/\/portais.santoandre.sp.gov.br\/semasa\/wp-json\/wp\/v2\/pages\/6569","targetHints":{"allow":["GET"]}}],"collection":[{"href":"https:\/\/portais.santoandre.sp.gov.br\/semasa\/wp-json\/wp\/v2\/pages"}],"about":[{"href":"https:\/\/portais.santoandre.sp.gov.br\/semasa\/wp-json\/wp\/v2\/types\/page"}],"author":[{"embeddable":true,"href":"https:\/\/portais.santoandre.sp.gov.br\/semasa\/wp-json\/wp\/v2\/users\/28"}],"replies":[{"embeddable":true,"href":"https:\/\/portais.santoandre.sp.gov.br\/semasa\/wp-json\/wp\/v2\/comments?post=6569"}],"version-history":[{"count":22,"href":"https:\/\/portais.santoandre.sp.gov.br\/semasa\/wp-json\/wp\/v2\/pages\/6569\/revisions"}],"predecessor-version":[{"id":7540,"href":"https:\/\/portais.santoandre.sp.gov.br\/semasa\/wp-json\/wp\/v2\/pages\/6569\/revisions\/7540"}],"up":[{"embeddable":true,"href":"https:\/\/portais.santoandre.sp.gov.br\/semasa\/wp-json\/wp\/v2\/pages\/311"}],"wp:attachment":[{"href":"https:\/\/portais.santoandre.sp.gov.br\/semasa\/wp-json\/wp\/v2\/media?parent=6569"}],"curies":[{"name":"wp","href":"https:\/\/api.w.org\/{rel}","templated":true}]}}