{"id":6241,"date":"2026-02-12T15:17:12","date_gmt":"2026-02-12T18:17:12","guid":{"rendered":"https:\/\/portais.santoandre.sp.gov.br\/semasa\/?page_id=6241"},"modified":"2026-02-12T15:17:12","modified_gmt":"2026-02-12T18:17:12","slug":"eleicao-do-comite-ea","status":"publish","type":"page","link":"https:\/\/portais.santoandre.sp.gov.br\/semasa\/gestao-ambiental\/comite-municipal-de-educacao-ambiental\/eleicao-do-comite-ea\/","title":{"rendered":"Elei\u00e7\u00e3o do Comit\u00ea EA"},"content":{"rendered":"\n<p>Resultado da habilita\u00e7\u00e3o para composi\u00e7\u00e3o do Comit\u00ea de Educa\u00e7\u00e3o Ambiental, bi\u00eanio 2025-2027.<\/p>\n\n\n\n<figure class=\"wp-block-image size-full is-resized\"><img fetchpriority=\"high\" decoding=\"async\" width=\"508\" height=\"708\" src=\"https:\/\/portais.santoandre.sp.gov.br\/semasa\/wp-content\/uploads\/sites\/13\/2026\/02\/image-1.png\" alt=\"\" class=\"wp-image-6242\" style=\"width:327px;height:auto\" srcset=\"https:\/\/portais.santoandre.sp.gov.br\/semasa\/wp-content\/uploads\/sites\/13\/2026\/02\/image-1.png 508w, https:\/\/portais.santoandre.sp.gov.br\/semasa\/wp-content\/uploads\/sites\/13\/2026\/02\/image-1-215x300.png 215w\" sizes=\"(max-width: 508px) 100vw, 508px\" \/><\/figure>\n\n\n\n<div class=\"wp-block-stackable-separator alignfull stk-block-separator stk--no-padding stk-block stk-8e37857\" data-block-id=\"8e37857\"><div class=\"stk-block-separator__inner\"><svg xmlns=\"http:\/\/www.w3.org\/2000\/svg\" viewBox=\"0 0 1600 200\" class=\"stk-separator__layer-1\" preserveAspectRatio=\"none\" aria-hidden=\"true\"><path class=\"wave-1_svg__st2\" d=\"M1341.4 48.9c-182.4 0-254.2 80.4-429.4 80.4-117.8 0-209.7-67.5-393.5-67.5-142.2 0-212.6 38.8-324.6 38.8S-10 64.7-10 64.7V210h1620V102c-110.6-40.2-181-53.1-268.6-53.1z\"><\/path><\/svg><\/div><\/div>\n\n\n\n<p><span style=\"color: #00d084\" class=\"stk-highlight\"><strong>PROCESSO ELEITORAL<\/strong><\/span><\/p>\n\n\n\n<p>Ser\u00e1 composto por 26 membros, sendo 13 representantes de diversas secretarias do Poder P\u00fablico e 13 representantes de entidades da Sociedade Civil. Entre os membros da sociedade civil, 4 ser\u00e3o indicados por conselhos municipais e as outras 9 vagas ser\u00e3o ocupadas por meio deste processo eleitoral.<\/p>\n\n\n\n<p>Para este processo eleitoral ser\u00e3o abertas 9 (nove) vagas:<\/p>\n\n\n\n<p>a) 2 (dois) representantes de institui\u00e7\u00e3o de ensino superior ou t\u00e9cnico com sede ou atua\u00e7\u00e3o em Santo Andr\u00e9;<\/p>\n\n\n\n<p>b) 2 (dois) representantes de movimentos sociais;<\/p>\n\n\n\n<p>c) 3 (tr\u00eas) representantes de Organiza\u00e7\u00f5es N\u00e3o Governamentais (ONGS ou OSCIPs) ambientalistas com sede ou atua\u00e7\u00e3o em Santo Andr\u00e9;<\/p>\n\n\n\n<p>d) 1 (um) representante das institui\u00e7\u00f5es particulares de ensino de Santo Andr\u00e9;<\/p>\n\n\n\n<p>e) 1 (um) representante do setor privado, institutos ou funda\u00e7\u00f5es que realizem a\u00e7\u00f5es sociais com enfoque ambiental.<\/p>\n\n\n\n<p><strong><span style=\"color: #cf2e2e\" class=\"stk-highlight\">QUEM PODE PARTICIPAR DESSE PROCESSO?<\/span><\/strong><\/p>\n\n\n\n<ul class=\"wp-block-list\">\n<li>Como candidatos: as entidades com sede ou atua\u00e7\u00e3o em Santo Andr\u00e9 pertencentes aos segmentos previstos;<\/li>\n\n\n\n<li>Como eleitores: qualquer cidad\u00e3o andreense com mais de 18 anos.<\/li>\n<\/ul>\n\n\n\n<p>&nbsp;As inscri\u00e7\u00f5es (para candidatos e eleitores) podem ser realizadas on-line, pelo formul\u00e1rio abaixo, ou presencialmente no pr\u00e9dio-sede da autarquia.<\/p>\n\n\n\n<p><strong>INSCRI\u00c7\u00d5ES DAS ENTIDADES:<\/strong>&nbsp;10\/3\/2025 a 10\/4\/2025<\/p>\n\n\n\n<p><strong>INSCRI\u00c7\u00d5ES DOS ELEITORES:<\/strong>&nbsp;17\/4\/2025 e 16\/5\/2025<\/p>\n\n\n\n<p><strong>ELEI\u00c7\u00c3O:&nbsp;<\/strong>20\/05\/2025<\/p>\n\n\n\n<div class=\"wp-block-stackable-button-group stk-block-button-group stk-block stk-987746c\" data-block-id=\"987746c\"><div class=\"stk-row stk-inner-blocks stk-block-content stk-button-group\">\n<div class=\"wp-block-stackable-button stk-block-button stk-block stk-4af046b\" data-block-id=\"4af046b\"><a class=\"stk-link stk-button stk--hover-effect-darken\" href=\"https:\/\/portais.santoandre.sp.gov.br\/semasa\/wp-content\/uploads\/sites\/13\/2025\/03\/RESOLUCAO-COMUGESAN-03-2025_Dispoe-sobre-a-aprovacao-final-do-Edital-Convocatorio-para-as-eleicoes-do-Bienio-2025-2026-do-Comite-Municipal-de-Educacao-Ambiental.pdf\"><span class=\"stk-button__inner-text\">Edital do processo eleitoral<\/span><\/a><\/div>\n\n\n\n<div class=\"wp-block-stackable-button stk-block-button stk-block stk-a1d7b0b\" data-block-id=\"a1d7b0b\"><style>.stk-a1d7b0b .stk-button{background:#00d084 !important;}<\/style><a class=\"stk-link stk-button stk--hover-effect-darken\" href=\"https:\/\/docs.google.com\/forms\/d\/e\/1FAIpQLScAJKOdhg7rFwxjQHwluMx8kYsJtyK3gQyl0WVZKXXz28Eo_Q\/viewform\"><span class=\"stk-button__inner-text\">Formul\u00e1rio de inscri\u00e7\u00e3o das entidades<\/span><\/a><\/div>\n<\/div><\/div>\n\n\n\n<p><\/p>\n","protected":false},"excerpt":{"rendered":"<p>Resultado da habilita\u00e7\u00e3o para composi\u00e7\u00e3o do Comit\u00ea de Educa\u00e7\u00e3o Ambiental, bi\u00eanio 2025-2027. PROCESSO ELEITORAL Ser\u00e1 composto por 26 membros, sendo 13 representantes de diversas secretarias do Poder P\u00fablico e 13 representantes de entidades da Sociedade Civil. Entre os membros da sociedade civil, 4 ser\u00e3o indicados por conselhos municipais e as outras 9 vagas ser\u00e3o ocupadas [&hellip;]<\/p>\n","protected":false},"author":28,"featured_media":0,"parent":3518,"menu_order":0,"comment_status":"closed","ping_status":"closed","template":"","meta":{"footnotes":""},"class_list":["post-6241","page","type-page","status-publish","hentry"],"_links":{"self":[{"href":"https:\/\/portais.santoandre.sp.gov.br\/semasa\/wp-json\/wp\/v2\/pages\/6241","targetHints":{"allow":["GET"]}}],"collection":[{"href":"https:\/\/portais.santoandre.sp.gov.br\/semasa\/wp-json\/wp\/v2\/pages"}],"about":[{"href":"https:\/\/portais.santoandre.sp.gov.br\/semasa\/wp-json\/wp\/v2\/types\/page"}],"author":[{"embeddable":true,"href":"https:\/\/portais.santoandre.sp.gov.br\/semasa\/wp-json\/wp\/v2\/users\/28"}],"replies":[{"embeddable":true,"href":"https:\/\/portais.santoandre.sp.gov.br\/semasa\/wp-json\/wp\/v2\/comments?post=6241"}],"version-history":[{"count":1,"href":"https:\/\/portais.santoandre.sp.gov.br\/semasa\/wp-json\/wp\/v2\/pages\/6241\/revisions"}],"predecessor-version":[{"id":6243,"href":"https:\/\/portais.santoandre.sp.gov.br\/semasa\/wp-json\/wp\/v2\/pages\/6241\/revisions\/6243"}],"up":[{"embeddable":true,"href":"https:\/\/portais.santoandre.sp.gov.br\/semasa\/wp-json\/wp\/v2\/pages\/3518"}],"wp:attachment":[{"href":"https:\/\/portais.santoandre.sp.gov.br\/semasa\/wp-json\/wp\/v2\/media?parent=6241"}],"curies":[{"name":"wp","href":"https:\/\/api.w.org\/{rel}","templated":true}]}}