{"id":6197,"date":"2026-01-30T17:56:05","date_gmt":"2026-01-30T20:56:05","guid":{"rendered":"https:\/\/portais.santoandre.sp.gov.br\/semasa\/?page_id=6197"},"modified":"2026-02-02T08:35:15","modified_gmt":"2026-02-02T11:35:15","slug":"documentacao-base","status":"publish","type":"page","link":"https:\/\/portais.santoandre.sp.gov.br\/semasa\/gestao-ambiental\/licenciamento-ambiental\/documentacao-base\/","title":{"rendered":"Documenta\u00e7\u00e3o base"},"content":{"rendered":"\n<p>Abaixo, listamos a documenta\u00e7\u00e3o base que envolve as solicita\u00e7\u00f5es de licenciamento ambiental.<\/p>\n\n\n\n<p><strong><u>PEDIDOS DE LPIO \\ LO \\ LOR \\ LO REG.*:<\/u><\/strong><\/p>\n\n\n\n<ul class=\"wp-block-list\">\n<li>Certid\u00e3o de Matr\u00edcula\/Transcri\u00e7\u00e3o expedida em at\u00e9 <strong>30 dias.<\/strong> <strong><span style=\"color: #cf2e2e\" class=\"stk-highlight\">(na renova\u00e7\u00e3o n\u00e3o precisa estar atualizada);<\/span><\/strong><\/li>\n\n\n\n<li>Contrato Social\/Estatuto;<\/li>\n\n\n\n<li>CNPJ ou RG\/CPF;<\/li>\n\n\n\n<li>C\u00f3pia do IPTU ano vigente ou anterior;<\/li>\n\n\n\n<li><strong>Contrato de Loca\u00e7\u00e3o <span style=\"color: #ff6900\" class=\"stk-highlight\">(se im\u00f3vel alugado<\/span>);<\/strong><\/li>\n\n\n\n<li><strong>Declara\u00e7\u00e3o do Propriet\u00e1rio sobre o uso do im\u00f3vel <span style=\"color: #ff6900\" class=\"stk-highlight\">(caso n\u00e3o conste no contrato)<\/span>;<\/strong><\/li>\n\n\n\n<li>Planta\/Layout conforme modelo do site;<\/li>\n\n\n\n<li>Fluxograma \u2013 <strong>(MCE preencher no sistema);<\/strong><\/li>\n\n\n\n<li>Relat\u00f3rio Fotogr\u00e1fico das instala\u00e7\u00f5es;<\/li>\n\n\n\n<li><strong>CADRI; <span style=\"color: #cf2e2e\" class=\"stk-highlight\">(Renova\u00e7\u00e3o ou se for uma exig\u00eancia da \u00faltima Licen\u00e7a)<\/span>;<\/strong><\/li>\n\n\n\n<li>C\u00f3pia da LPI ou LI <strong><span style=\"color: #0693e3\" class=\"stk-highlight\">(para pedido de LO)<\/span>;<\/strong><\/li>\n\n\n\n<li><strong>C\u00f3pia da LO anterior <span style=\"color: #cf2e2e\" class=\"stk-highlight\">(Renova\u00e7\u00e3o ou Regulariza\u00e7\u00e3o);<\/span><\/strong><\/li>\n\n\n\n<li>Procura\u00e7\u00e3o;<\/li>\n\n\n\n<li>Publica\u00e7\u00e3o em jornal; <strong><span style=\"color: #cf2e2e\" class=\"stk-highlight\">(Renova\u00e7\u00e3o n\u00e3o precisa)<\/span><\/strong><\/li>\n\n\n\n<li><strong>CTF\/AIDA<\/strong> do Respons\u00e1vel T\u00e9cnico;<\/li>\n\n\n\n<li><strong>CTP\/APP <span style=\"color: #ff6900\" class=\"stk-highlight\">(Verificar a atividade)<\/span>;<\/strong><\/li>\n\n\n\n<li><strong>C\u00f3pia do Parecer Favor\u00e1vel de Viabilidade &#8211; VRE <span style=\"color: #0693e3\" class=\"stk-highlight\">(LPIO \u2013 primeira licen\u00e7a)<\/span>;<\/strong><\/li>\n\n\n\n<li><strong>Alvar\u00e1 de Uso do Solo <span style=\"color: #ff6900\" class=\"stk-highlight\">(quando o interessado for MEI)<\/span>;<\/strong><\/li>\n\n\n\n<li><strong>Certid\u00e3o de Esgotamento Sanit\u00e1rio <span style=\"color: #0693e3\" class=\"stk-highlight\">(LPIO, LO Regulariza\u00e7\u00e3o).<\/span><\/strong><\/li>\n<\/ul>\n\n\n\n<p><strong><u>DESATIVA\u00c7\u00c3O DE ATIVIDADE*:<\/u><\/strong><\/p>\n\n\n\n<ul class=\"wp-block-list\">\n<li>Certid\u00e3o de Matr\u00edcula\/Transcri\u00e7\u00e3o expedida em at\u00e9 <strong>30 dias<\/strong>;<\/li>\n\n\n\n<li>Contrato Social\/Estatuto;<\/li>\n\n\n\n<li>CNPJ ou RG\/CPF;<\/li>\n\n\n\n<li>C\u00f3pia do IPTU ano vigente ou anterior;<\/li>\n\n\n\n<li>Contrato de Loca\u00e7\u00e3o; <strong>(se im\u00f3vel alugado);<\/strong><\/li>\n\n\n\n<li>Declara\u00e7\u00e3o do Propriet\u00e1rio sobre o uso do im\u00f3vel <strong>(Caso n\u00e3o conste no contrato);<\/strong><\/li>\n\n\n\n<li>Procura\u00e7\u00e3o;<\/li>\n\n\n\n<li>Plano de Desativa\u00e7\u00e3o de Atividade conforme modelo do site.<\/li>\n<\/ul>\n\n\n\n<p><strong><u>DISPENSA DE LICENCIAMENTO\\AUTORIZA\u00c7\u00c3O*:<\/u><\/strong><\/p>\n\n\n\n<ul class=\"wp-block-list\">\n<li>Certid\u00e3o de Matr\u00edcula\/Transcri\u00e7\u00e3o expedida em at\u00e9 <strong>30 dias<\/strong>;<\/li>\n\n\n\n<li>C\u00f3pia do<strong> Parecer Favor\u00e1vel de Viabilidade \u2013 VRE;<\/strong><\/li>\n\n\n\n<li><strong>Alvar\u00e1 de Uso do Solo <span style=\"color: #ff6900\" class=\"stk-highlight\">(quando o interessado for MEI)<\/span>;<\/strong><\/li>\n\n\n\n<li>C\u00f3pia do IPTU ano vigente ou anterior;<\/li>\n\n\n\n<li>Contrato Social\/Estatuto;<\/li>\n\n\n\n<li>Fluxograma \u2013 <strong>(MCE preencher no sistema);<\/strong><\/li>\n\n\n\n<li>Planta\/Layout conforme modelo do site;<\/li>\n<\/ul>\n\n\n\n<p><strong><u>MANIFESTA\u00c7\u00c3O T\u00c9CNICA PARA CETESB*:<\/u><\/strong><\/p>\n\n\n\n<ul class=\"wp-block-list\">\n<li>Certid\u00e3o de Matr\u00edcula\/Transcri\u00e7\u00e3o expedida em at\u00e9 <strong>30 dias<\/strong>;<\/li>\n\n\n\n<li>Contrato Social\/Estatuto;<\/li>\n\n\n\n<li>CNPJ ou RG\/CPF;<\/li>\n\n\n\n<li>C\u00f3pia do IPTU ano vigente ou anterior;<\/li>\n\n\n\n<li>Contrato de Loca\u00e7\u00e3o; <strong>(se im\u00f3vel alugado);<\/strong><\/li>\n\n\n\n<li>Declara\u00e7\u00e3o do Propriet\u00e1rio sobre o uso do im\u00f3vel <strong>(Caso n\u00e3o conste no contrato);<\/strong><\/li>\n\n\n\n<li>Fluxograma;<\/li>\n\n\n\n<li>Procura\u00e7\u00e3o;<\/li>\n\n\n\n<li>Alvar\u00e1 de Uso do Solo.<\/li>\n<\/ul>\n\n\n\n<p><strong><u>AUTORIZA\u00c7\u00c3O PARA SUPRESS\u00c3O \/ TRANSPLANTE DE VEGETA\u00c7\u00c3O*:<\/u><\/strong><\/p>\n\n\n\n<ul class=\"wp-block-list\">\n<li>Certid\u00e3o de Matr\u00edcula\/Transcri\u00e7\u00e3o expedida em at\u00e9 <strong>30 dias<\/strong>;<\/li>\n\n\n\n<li>Contrato Social\/Estatuto;<\/li>\n\n\n\n<li>CNPJ ou RG\/CPF;<\/li>\n\n\n\n<li>C\u00f3pia do IPTU ano vigente ou anterior;<\/li>\n\n\n\n<li>Contrato de Loca\u00e7\u00e3o<strong> (se im\u00f3vel alugado);<\/strong><\/li>\n\n\n\n<li><strong>Declara\u00e7\u00e3o assinada justificando a supress\u00e3o;<\/strong><\/li>\n\n\n\n<li>Planta com localiza\u00e7\u00e3o das \u00e1rvores que ser\u00e3o suprimidas\/transplantadas;<\/li>\n\n\n\n<li>Relat\u00f3rio com fotos individuais das \u00e1rvores;<\/li>\n\n\n\n<li>Projeto de compensa\u00e7\u00e3o ambiental;<\/li>\n\n\n\n<li>C\u00f3pia do Parecer Final do EIV <strong>(pode ser solicitado posteriormente)<\/strong>;<\/li>\n\n\n\n<li>Procura\u00e7\u00e3o;<\/li>\n\n\n\n<li>Publica\u00e7\u00e3o em jornal;<\/li>\n\n\n\n<li><strong><span style=\"color: #cf2e2e\" class=\"stk-highlight\">Laudo de Caracteriza\u00e7\u00e3o da Vegeta\u00e7\u00e3o (acima de 5);<\/span><\/strong><\/li>\n\n\n\n<li><span style=\"color: #cf2e2e\" class=\"stk-highlight\">Solicita\u00e7\u00e3o no <strong><u>SINAFLOR<\/u><\/strong> (\u00e1rea urbana &gt;5 e <strong>sempre<\/strong> na \u00e1rea de manancial).<\/span><\/li>\n<\/ul>\n\n\n\n<p><strong><u>AUTORIZA\u00c7\u00c3O PARA INTERVEN\u00c7\u00c3O EM APP*:<\/u><\/strong><\/p>\n\n\n\n<ul class=\"wp-block-list\">\n<li>Certid\u00e3o de Matr\u00edcula\/Transcri\u00e7\u00e3o expedida em at\u00e9 <strong>30 dias<\/strong>;<\/li>\n\n\n\n<li>Contrato Social\/Estatuto;<\/li>\n\n\n\n<li>CNPJ ou RG\/CPF;<\/li>\n\n\n\n<li>C\u00f3pia do IPTU ano vigente ou anterior;<\/li>\n\n\n\n<li>Contrato de Loca\u00e7\u00e3o <strong>(se im\u00f3vel alugado);<\/strong><\/li>\n\n\n\n<li>Declara\u00e7\u00e3o do Propriet\u00e1rio sobre o uso do im\u00f3vel <strong>(Caso n\u00e3o conste no contrato);<\/strong><\/li>\n\n\n\n<li>Alvar\u00e1 de Uso do Solo (com observa\u00e7\u00f5es, Vide Roteiro do SIGA);<\/li>\n\n\n\n<li>Planta baixa com a demarca\u00e7\u00e3o da APP;<\/li>\n\n\n\n<li>Relat\u00f3rio de Viabilidade Ambiental \u2013 RVA com ART;<\/li>\n\n\n\n<li>C\u00f3pia do Parecer Final do EIV <strong>(pode ser solicitado posteriormente)<\/strong>;<\/li>\n\n\n\n<li>Procura\u00e7\u00e3o;<\/li>\n\n\n\n<li>Publica\u00e7\u00e3o em jornal.<\/li>\n<\/ul>\n\n\n\n<p><strong><u>CERTID\u00c3O DE DIRETRIZES AMBIENTAIS*:<\/u><\/strong><\/p>\n\n\n\n<ul class=\"wp-block-list\">\n<li>CNPJ ou RG\/CPF;<\/li>\n\n\n\n<li>C\u00f3pia do IPTU ano vigente ou anterior;<\/li>\n<\/ul>\n\n\n\n<p><a><strong><u>LICEN\u00c7A PR\u00c9VIA EM \u00c1REA DE APRM*:<\/u><\/strong><\/a><\/p>\n\n\n\n<ul class=\"wp-block-list\">\n<li>Certid\u00e3o de Matr\u00edcula\/Transcri\u00e7\u00e3o expedida em at\u00e9 <strong>30 dias<\/strong>;<\/li>\n\n\n\n<li>Escritura de Compra e Venda <strong>(ou outros documentos, caso n\u00e3o conste o nome na matr\u00edcula);<\/strong><\/li>\n\n\n\n<li>RG\/CPF ou CNPJ <strong>(em caso de pessoa jur\u00eddica)<\/strong><\/li>\n\n\n\n<li>C\u00f3pia do IPTU ano vigente ou anterior;<\/li>\n\n\n\n<li>Contrato de Loca\u00e7\u00e3o <strong>(se im\u00f3vel alugado);<\/strong><\/li>\n\n\n\n<li>Declara\u00e7\u00e3o do Propriet\u00e1rio sobre o uso do im\u00f3vel <strong>(Caso n\u00e3o conste no contrato);<\/strong><\/li>\n\n\n\n<li>Alvar\u00e1 de Uso do Solo;<\/li>\n\n\n\n<li>Planta Planialtim\u00e9trica;<\/li>\n\n\n\n<li>Projeto Completo Pretendido;<\/li>\n\n\n\n<li>Projeto de Tratamento de Efluentes;<\/li>\n\n\n\n<li>C\u00f3pia da conta de \u00e1gua ou declara\u00e7\u00e3o de como ser\u00e1 feito o abastecimento;<\/li>\n\n\n\n<li>Relat\u00f3rio Ambiental Simplificado \u2013 RAS para atividades N\u00e3o Industriais (conforme modelo no site);<\/li>\n\n\n\n<li>ART dos Projetos e RAS;<\/li>\n\n\n\n<li>Procura\u00e7\u00e3o;<\/li>\n\n\n\n<li>Publica\u00e7\u00e3o em Jornal.<\/li>\n<\/ul>\n\n\n\n<p><strong><u>LICEN\u00c7A DE INSTALA\u00c7\u00c3O PARA INTERVEN\u00c7\u00c3O EM \u00c1REA DE APRM*:<\/u><\/strong><\/p>\n\n\n\n<ul class=\"wp-block-list\">\n<li>Deferimento padr\u00e3o emitido pela <strong><span style=\"color: #cf2e2e\" class=\"stk-highlight\">Prefeitura<\/span><\/strong>;<\/li>\n\n\n\n<li>Planta do Projeto completo certificada pela <strong><span style=\"color: #cf2e2e\" class=\"stk-highlight\">Prefeitura<\/span><\/strong>;<\/li>\n\n\n\n<li>RG\/CPF <strong>(para emiss\u00e3o da Nota de D\u00e9bito);<\/strong><\/li>\n\n\n\n<li>C\u00f3pia do IPTU ano vigente ou anterior;<\/li>\n\n\n\n<li>Procura\u00e7\u00e3o do interessado para o respons\u00e1vel t\u00e9cnico;<\/li>\n\n\n\n<li>Publica\u00e7\u00e3o do pedido em Jornal.<\/li>\n<\/ul>\n\n\n\n<p>Lembrando que o pedido da <strong>Licen\u00e7a de Instala\u00e7\u00e3o<\/strong> dever\u00e1 ser monitorado a partir do pedido de <strong>Licen\u00e7a Pr\u00e9via<\/strong> onde foi concedida a Licen\u00e7a, para que os dados preenchidos sejam carregados para o novo Processo, por\u00e9m o interessado precisar\u00e1 solicitar um novo Roteiro a parte e anex\u00e1-lo ao pedido de LI.<\/p>\n\n\n\n<p><strong><u>*Tais documentos s\u00e3o b\u00e1sicos para os pedidos, por\u00e9m \u00e9 necess\u00e1rio ingressar com o pedido de ROTEIRO PARA ABERTURA DE PROCESSO, pelo sistema ACTO, para obter a lista oficial de documentos, bem como saber o valor da taxa de an\u00e1lise e vistoria a ser recolhida no momento da abertura do processo.<\/u><\/strong><\/p>\n\n\n\n<p><strong>PODER\u00c3O SER SOLICITADOS DOCUMENTOS ADICIONAIS NO MOMENTO DA EMISS\u00c3O DO ROTEIRO PARA ABERTURA DE PROCESSO E AO LONGO DA AN\u00c1LISE DO PEDIDO, CONSIDERANDO A COMPLEXIDADE DO PROCESSO E A NECESSIDADE DE COMPLEMENTA\u00c7\u00c3O DE INFORMA\u00c7\u00d5ES.<\/strong><\/p>\n","protected":false},"excerpt":{"rendered":"<p>Abaixo, listamos a documenta\u00e7\u00e3o base que envolve as solicita\u00e7\u00f5es de licenciamento ambiental. PEDIDOS DE LPIO \\ LO \\ LOR \\ LO REG.*: DESATIVA\u00c7\u00c3O DE ATIVIDADE*: DISPENSA DE LICENCIAMENTO\\AUTORIZA\u00c7\u00c3O*: MANIFESTA\u00c7\u00c3O T\u00c9CNICA PARA CETESB*: AUTORIZA\u00c7\u00c3O PARA SUPRESS\u00c3O \/ TRANSPLANTE DE VEGETA\u00c7\u00c3O*: AUTORIZA\u00c7\u00c3O PARA INTERVEN\u00c7\u00c3O EM APP*: CERTID\u00c3O DE DIRETRIZES AMBIENTAIS*: LICEN\u00c7A PR\u00c9VIA EM \u00c1REA DE APRM*: LICEN\u00c7A [&hellip;]<\/p>\n","protected":false},"author":28,"featured_media":0,"parent":285,"menu_order":0,"comment_status":"closed","ping_status":"closed","template":"","meta":{"footnotes":""},"class_list":["post-6197","page","type-page","status-publish","hentry"],"_links":{"self":[{"href":"https:\/\/portais.santoandre.sp.gov.br\/semasa\/wp-json\/wp\/v2\/pages\/6197","targetHints":{"allow":["GET"]}}],"collection":[{"href":"https:\/\/portais.santoandre.sp.gov.br\/semasa\/wp-json\/wp\/v2\/pages"}],"about":[{"href":"https:\/\/portais.santoandre.sp.gov.br\/semasa\/wp-json\/wp\/v2\/types\/page"}],"author":[{"embeddable":true,"href":"https:\/\/portais.santoandre.sp.gov.br\/semasa\/wp-json\/wp\/v2\/users\/28"}],"replies":[{"embeddable":true,"href":"https:\/\/portais.santoandre.sp.gov.br\/semasa\/wp-json\/wp\/v2\/comments?post=6197"}],"version-history":[{"count":2,"href":"https:\/\/portais.santoandre.sp.gov.br\/semasa\/wp-json\/wp\/v2\/pages\/6197\/revisions"}],"predecessor-version":[{"id":6209,"href":"https:\/\/portais.santoandre.sp.gov.br\/semasa\/wp-json\/wp\/v2\/pages\/6197\/revisions\/6209"}],"up":[{"embeddable":true,"href":"https:\/\/portais.santoandre.sp.gov.br\/semasa\/wp-json\/wp\/v2\/pages\/285"}],"wp:attachment":[{"href":"https:\/\/portais.santoandre.sp.gov.br\/semasa\/wp-json\/wp\/v2\/media?parent=6197"}],"curies":[{"name":"wp","href":"https:\/\/api.w.org\/{rel}","templated":true}]}}