{"id":6008,"date":"2025-12-23T10:18:52","date_gmt":"2025-12-23T13:18:52","guid":{"rendered":"https:\/\/portais.santoandre.sp.gov.br\/semasa\/?page_id=6008"},"modified":"2026-01-30T08:32:34","modified_gmt":"2026-01-30T11:32:34","slug":"piscinioes-e-piscininhas","status":"publish","type":"page","link":"https:\/\/portais.santoandre.sp.gov.br\/semasa\/drenagem\/piscinioes-e-piscininhas\/","title":{"rendered":"Piscini\u00f5es e piscininhas"},"content":{"rendered":"\n<p>Santo Andr\u00e9 possui sete piscin\u00f5es no munic\u00edpio, sendo cinco municipais, dois estaduais e sete microrreservat\u00f3rios (piscininhas). A limpeza dos equipamentos estaduais \u00e9 de responsabilidade da SP \u00c1guas (antigo DAEE).<\/p>\n\n\n\n<p>Nos equipamentos municipais, o Semasa realiza a capina nos reservat\u00f3rios regularmente ao longo do ano, bem como a limpeza mecanizada. A capacidade total de armazenamento de \u00e1gua dos piscin\u00f5es de Santo Andr\u00e9 \u00e9 de 545.810 m\u00b3.<\/p>\n\n\n\n<p><strong><span style=\"color: #222222;background-color: #00d084\" class=\"stk-highlight\">UNIDADES MUNICIPAIS<\/span><\/strong><\/p>\n\n\n<div class=\"wp-block-image\">\n<figure class=\"alignleft size-full is-resized\"><img fetchpriority=\"high\" decoding=\"async\" width=\"520\" height=\"347\" src=\"https:\/\/portais.santoandre.sp.gov.br\/semasa\/wp-content\/uploads\/sites\/13\/2025\/12\/bompastor.jpg\" alt=\"\" class=\"wp-image-6009\" style=\"width:370px;height:auto\" srcset=\"https:\/\/portais.santoandre.sp.gov.br\/semasa\/wp-content\/uploads\/sites\/13\/2025\/12\/bompastor.jpg 520w, https:\/\/portais.santoandre.sp.gov.br\/semasa\/wp-content\/uploads\/sites\/13\/2025\/12\/bompastor-300x200.jpg 300w\" sizes=\"(max-width: 520px) 100vw, 520px\" \/><\/figure><\/div>\n\n\n<p><strong>Piscin\u00e3o Bom Pastor<\/strong><br>Localizado na V\u00e1rzea do Ribeir\u00e3o dos Meninos, constru\u00eddo junto ao leito do c\u00f3rrego Ara\u00e7atuba, trecho da rua Dom Silv\u00e9rio Pimenta at\u00e9 a Rua Xingu.<\/p>\n\n\n\n<p><strong>Capacidade 19.300 m3, operando desde 1994<\/strong><\/p>\n\n\n\n<p><\/p>\n\n\n\n<div class=\"wp-block-stackable-separator alignfull stk-block-separator stk--no-padding stk-block stk-2d510d3\" data-block-id=\"2d510d3\"><style>.stk-2d510d3 {margin-bottom:0px !important;}<\/style><div class=\"stk-block-separator__inner\"><svg xmlns=\"http:\/\/www.w3.org\/2000\/svg\" viewBox=\"0 0 1600 200\" class=\"stk-separator__layer-1\" preserveAspectRatio=\"none\" aria-hidden=\"true\"><path class=\"wave-1_svg__st2\" d=\"M1341.4 48.9c-182.4 0-254.2 80.4-429.4 80.4-117.8 0-209.7-67.5-393.5-67.5-142.2 0-212.6 38.8-324.6 38.8S-10 64.7-10 64.7V210h1620V102c-110.6-40.2-181-53.1-268.6-53.1z\"><\/path><\/svg><\/div><\/div>\n\n\n<div class=\"wp-block-image\">\n<figure class=\"alignleft size-full is-resized\"><img decoding=\"async\" width=\"578\" height=\"432\" src=\"https:\/\/portais.santoandre.sp.gov.br\/semasa\/wp-content\/uploads\/sites\/13\/2025\/12\/piscinao-vila-america.jpg\" alt=\"\" class=\"wp-image-6010\" style=\"width:308px;height:auto\" srcset=\"https:\/\/portais.santoandre.sp.gov.br\/semasa\/wp-content\/uploads\/sites\/13\/2025\/12\/piscinao-vila-america.jpg 578w, https:\/\/portais.santoandre.sp.gov.br\/semasa\/wp-content\/uploads\/sites\/13\/2025\/12\/piscinao-vila-america-300x224.jpg 300w\" sizes=\"(max-width: 578px) 100vw, 578px\" \/><\/figure><\/div>\n\n\n<p><strong>Esta\u00e7\u00e3o Elevat\u00f3ria de \u00c1guas Pluviais Vila Am\u00e9rica (antigo piscin\u00e3o Vila Am\u00e9rica)<\/strong><br>Localizado \u00e0 av. Capit\u00e3o M\u00e1rio Toledo de Camargo com a Rua Erato, junto ao c\u00f3rrego Guarar\u00e1, nas proximidades da Vila Am\u00e9rica.<\/p>\n\n\n\n<p><strong>Capacidade 3.000 m3, operando desde 2001<\/strong><\/p>\n\n\n\n<div class=\"wp-block-stackable-separator alignfull stk-block-separator stk--no-padding stk-block stk-bacf56f\" data-block-id=\"bacf56f\"><style>.stk-bacf56f {margin-bottom:0px !important;}<\/style><div class=\"stk-block-separator__inner\"><svg xmlns=\"http:\/\/www.w3.org\/2000\/svg\" viewBox=\"0 0 1600 200\" class=\"stk-separator__layer-1\" preserveAspectRatio=\"none\" aria-hidden=\"true\"><path class=\"wave-1_svg__st2\" d=\"M1341.4 48.9c-182.4 0-254.2 80.4-429.4 80.4-117.8 0-209.7-67.5-393.5-67.5-142.2 0-212.6 38.8-324.6 38.8S-10 64.7-10 64.7V210h1620V102c-110.6-40.2-181-53.1-268.6-53.1z\"><\/path><\/svg><\/div><\/div>\n\n\n<div class=\"wp-block-image\">\n<figure class=\"alignleft size-full is-resized\"><img decoding=\"async\" width=\"578\" height=\"432\" src=\"https:\/\/portais.santoandre.sp.gov.br\/semasa\/wp-content\/uploads\/sites\/13\/2025\/12\/piscinao-santa-terezinha.jpg\" alt=\"\" class=\"wp-image-6011\" style=\"width:304px;height:auto\" srcset=\"https:\/\/portais.santoandre.sp.gov.br\/semasa\/wp-content\/uploads\/sites\/13\/2025\/12\/piscinao-santa-terezinha.jpg 578w, https:\/\/portais.santoandre.sp.gov.br\/semasa\/wp-content\/uploads\/sites\/13\/2025\/12\/piscinao-santa-terezinha-300x224.jpg 300w\" sizes=\"(max-width: 578px) 100vw, 578px\" \/><\/figure><\/div>\n\n\n<p><strong>Piscin\u00e3o Santa Terezinha<\/strong><br>Localizado na v\u00e1rzea do rio Tamanduate\u00ed, constru\u00eddo paralelamente ao c\u00f3rrego Jundia\u00ed, \u00e0 rua Eng. Olavo Alaysio de Lima.<\/p>\n\n\n\n<p><strong>Capacidade 19.000 m3, operando desde 1995<\/strong><\/p>\n\n\n\n<div class=\"wp-block-stackable-separator alignfull stk-block-separator stk--no-padding stk-block stk-bd7e383\" data-block-id=\"bd7e383\"><div class=\"stk-block-separator__inner\"><svg xmlns=\"http:\/\/www.w3.org\/2000\/svg\" viewBox=\"0 0 1600 200\" class=\"stk-separator__layer-1\" preserveAspectRatio=\"none\" aria-hidden=\"true\"><path class=\"wave-1_svg__st2\" d=\"M1341.4 48.9c-182.4 0-254.2 80.4-429.4 80.4-117.8 0-209.7-67.5-393.5-67.5-142.2 0-212.6 38.8-324.6 38.8S-10 64.7-10 64.7V210h1620V102c-110.6-40.2-181-53.1-268.6-53.1z\"><\/path><\/svg><\/div><\/div>\n\n\n<div class=\"wp-block-image\">\n<figure class=\"alignleft size-full is-resized\"><img loading=\"lazy\" decoding=\"async\" width=\"1024\" height=\"681\" src=\"https:\/\/portais.santoandre.sp.gov.br\/semasa\/wp-content\/uploads\/sites\/13\/2025\/12\/piscinao_homero_thon.jpg\" alt=\"\" class=\"wp-image-6012\" style=\"width:349px;height:auto\" srcset=\"https:\/\/portais.santoandre.sp.gov.br\/semasa\/wp-content\/uploads\/sites\/13\/2025\/12\/piscinao_homero_thon.jpg 1024w, https:\/\/portais.santoandre.sp.gov.br\/semasa\/wp-content\/uploads\/sites\/13\/2025\/12\/piscinao_homero_thon-300x200.jpg 300w, https:\/\/portais.santoandre.sp.gov.br\/semasa\/wp-content\/uploads\/sites\/13\/2025\/12\/piscinao_homero_thon-768x511.jpg 768w\" sizes=\"(max-width: 1024px) 100vw, 1024px\" \/><\/figure><\/div>\n\n\n<p><strong>Piscin\u00e3o Homero Thon<\/strong><br>Localizado sob a pra\u00e7a &nbsp;na avenida Giovani Batista Pirelli (Vila Homero Thon), constru\u00eddo como contrapartida pelo impacto causado pelos empreendimentos imobili\u00e1rios do entorno do local.<\/p>\n\n\n\n<p><strong>Capacidade de 2.300 m\u00b3, operando desde 2016<\/strong><\/p>\n\n\n\n<div class=\"wp-block-stackable-separator alignfull stk-block-separator stk--no-padding stk-block stk-cfaede9\" data-block-id=\"cfaede9\"><div class=\"stk-block-separator__inner\"><svg xmlns=\"http:\/\/www.w3.org\/2000\/svg\" viewBox=\"0 0 1600 200\" class=\"stk-separator__layer-1\" preserveAspectRatio=\"none\" aria-hidden=\"true\"><path class=\"wave-1_svg__st2\" d=\"M1341.4 48.9c-182.4 0-254.2 80.4-429.4 80.4-117.8 0-209.7-67.5-393.5-67.5-142.2 0-212.6 38.8-324.6 38.8S-10 64.7-10 64.7V210h1620V102c-110.6-40.2-181-53.1-268.6-53.1z\"><\/path><\/svg><\/div><\/div>\n\n\n<div class=\"wp-block-image\">\n<figure class=\"alignleft size-full is-resized\"><img loading=\"lazy\" decoding=\"async\" width=\"550\" height=\"350\" src=\"https:\/\/portais.santoandre.sp.gov.br\/semasa\/wp-content\/uploads\/sites\/13\/2025\/12\/Piscinao-Jardim-Irene_ad653d91.jpg\" alt=\"\" class=\"wp-image-6013\" style=\"width:324px;height:auto\" srcset=\"https:\/\/portais.santoandre.sp.gov.br\/semasa\/wp-content\/uploads\/sites\/13\/2025\/12\/Piscinao-Jardim-Irene_ad653d91.jpg 550w, https:\/\/portais.santoandre.sp.gov.br\/semasa\/wp-content\/uploads\/sites\/13\/2025\/12\/Piscinao-Jardim-Irene_ad653d91-300x191.jpg 300w\" sizes=\"(max-width: 550px) 100vw, 550px\" \/><\/figure><\/div>\n\n\n<p><strong>Piscin\u00e3o Jardim Irene<\/strong><br>Localizado na Rua Caminho dos Vianas, constru\u00eddo junto ao c\u00f3rrego Andr\u00e9 Magini<\/p>\n\n\n\n<p><strong>Capacidade de 19.000m\u00b3, operando desde 2018.<\/strong><\/p>\n\n\n\n<p><\/p>\n\n\n\n<div class=\"wp-block-stackable-separator alignfull stk-block-separator stk--no-padding stk-block stk-cfa01db\" data-block-id=\"cfa01db\"><div class=\"stk-block-separator__inner\"><svg xmlns=\"http:\/\/www.w3.org\/2000\/svg\" viewBox=\"0 0 1600 200\" class=\"stk-separator__layer-1\" preserveAspectRatio=\"none\" aria-hidden=\"true\"><path class=\"wave-1_svg__st2\" d=\"M1341.4 48.9c-182.4 0-254.2 80.4-429.4 80.4-117.8 0-209.7-67.5-393.5-67.5-142.2 0-212.6 38.8-324.6 38.8S-10 64.7-10 64.7V210h1620V102c-110.6-40.2-181-53.1-268.6-53.1z\"><\/path><\/svg><\/div><\/div>\n\n\n<div class=\"wp-block-image\">\n<figure class=\"alignleft size-full is-resized\"><img loading=\"lazy\" decoding=\"async\" width=\"523\" height=\"392\" src=\"https:\/\/portais.santoandre.sp.gov.br\/semasa\/wp-content\/uploads\/sites\/13\/2025\/12\/piscininha-jerico.jpg\" alt=\"\" class=\"wp-image-6014\" style=\"width:278px;height:auto\" srcset=\"https:\/\/portais.santoandre.sp.gov.br\/semasa\/wp-content\/uploads\/sites\/13\/2025\/12\/piscininha-jerico.jpg 523w, https:\/\/portais.santoandre.sp.gov.br\/semasa\/wp-content\/uploads\/sites\/13\/2025\/12\/piscininha-jerico-300x225.jpg 300w\" sizes=\"(max-width: 523px) 100vw, 523px\" \/><\/figure><\/div>\n\n\n<p><strong>Microrreservat\u00f3rios da Vila Pires<\/strong><br>Localizados na regi\u00e3o do c\u00f3rrego Guarar\u00e1, as chamadas piscininhas est\u00e3o sob sete vias.<\/p>\n\n\n\n<p>Rua Caquito: 1.080 m3<br>Rua Caravelas: 730 m3<br>Rua Buri: 240 m3<br>Rua Miguel Couto: 1.356 m3<br>Rua N. Sra. Lourdes: 346 m3<br>Rua Imirim: 238 m3<br>Rua Jeric\u00f3: 520 m3<\/p>\n\n\n\n<p><strong>Capacidade total: 4.510 m\u00b3, divididos da seguinte forma.<\/strong><\/p>\n\n\n\n<div class=\"wp-block-stackable-separator alignfull stk-block-separator stk--no-padding stk-block stk-a23751f\" data-block-id=\"a23751f\"><div class=\"stk-block-separator__inner\"><svg xmlns=\"http:\/\/www.w3.org\/2000\/svg\" viewBox=\"0 0 1600 200\" class=\"stk-separator__layer-1\" preserveAspectRatio=\"none\" aria-hidden=\"true\"><path class=\"wave-1_svg__st2\" d=\"M1341.4 48.9c-182.4 0-254.2 80.4-429.4 80.4-117.8 0-209.7-67.5-393.5-67.5-142.2 0-212.6 38.8-324.6 38.8S-10 64.7-10 64.7V210h1620V102c-110.6-40.2-181-53.1-268.6-53.1z\"><\/path><\/svg><\/div><\/div>\n\n\n\n<p><strong><span style=\"color: #222222;background-color: #ff6900\" class=\"stk-highlight\">UNIDADES ESTADUAIS<\/span><\/strong><\/p>\n\n\n<div class=\"wp-block-image\">\n<figure class=\"alignleft size-full is-resized\"><img loading=\"lazy\" decoding=\"async\" width=\"615\" height=\"408\" src=\"https:\/\/portais.santoandre.sp.gov.br\/semasa\/wp-content\/uploads\/sites\/13\/2025\/12\/piscinao-faculdade-medicina.jpg\" alt=\"\" class=\"wp-image-6015\" style=\"width:315px;height:auto\" srcset=\"https:\/\/portais.santoandre.sp.gov.br\/semasa\/wp-content\/uploads\/sites\/13\/2025\/12\/piscinao-faculdade-medicina.jpg 615w, https:\/\/portais.santoandre.sp.gov.br\/semasa\/wp-content\/uploads\/sites\/13\/2025\/12\/piscinao-faculdade-medicina-300x199.jpg 300w\" sizes=\"(max-width: 615px) 100vw, 615px\" \/><\/figure><\/div>\n\n\n<p><strong>PISCIN\u00c3O GR\u00c3-BRETANHA (RM-9)<\/strong><\/p>\n\n\n\n<p>Localizado \u00e0 rua Gr\u00e3-Bretanha, na Vila Pr\u00edncipe de Gales. Recebe \u00e1guas do ribeir\u00e3o dos Meninos.<\/p>\n\n\n\n<p><strong>Capacidade 120.000 m3, operando desde 1999<\/strong><\/p>\n\n\n\n<p><\/p>\n\n\n\n<div class=\"wp-block-stackable-separator alignfull stk-block-separator stk--no-padding stk-block stk-5dd854c\" data-block-id=\"5dd854c\"><div class=\"stk-block-separator__inner\"><svg xmlns=\"http:\/\/www.w3.org\/2000\/svg\" viewBox=\"0 0 1600 200\" class=\"stk-separator__layer-1\" preserveAspectRatio=\"none\" aria-hidden=\"true\"><path class=\"wave-1_svg__st2\" d=\"M1341.4 48.9c-182.4 0-254.2 80.4-429.4 80.4-117.8 0-209.7-67.5-393.5-67.5-142.2 0-212.6 38.8-324.6 38.8S-10 64.7-10 64.7V210h1620V102c-110.6-40.2-181-53.1-268.6-53.1z\"><\/path><\/svg><\/div><\/div>\n\n\n<div class=\"wp-block-image\">\n<figure class=\"alignleft size-full is-resized\"><img loading=\"lazy\" decoding=\"async\" width=\"525\" height=\"349\" src=\"https:\/\/portais.santoandre.sp.gov.br\/semasa\/wp-content\/uploads\/sites\/13\/2025\/12\/pisciniao-oratorio.jpg\" alt=\"\" class=\"wp-image-6016\" style=\"width:320px;height:auto\" srcset=\"https:\/\/portais.santoandre.sp.gov.br\/semasa\/wp-content\/uploads\/sites\/13\/2025\/12\/pisciniao-oratorio.jpg 525w, https:\/\/portais.santoandre.sp.gov.br\/semasa\/wp-content\/uploads\/sites\/13\/2025\/12\/pisciniao-oratorio-300x199.jpg 300w\" sizes=\"(max-width: 525px) 100vw, 525px\" \/><\/figure><\/div>\n\n\n<p><strong>PISCIN\u00c3O ORAT\u00d3RIO (RO-4)<\/strong><\/p>\n\n\n\n<p>Localizado paralelo \u00e0 av. Nevada (trecho entre rua Dolores Duran e a rua Erlon Chaves), no Parque Orat\u00f3rio. Recebe \u00e1guas do c\u00f3rrego Orat\u00f3rio.<\/p>\n\n\n\n<p><strong>Capacidade 320.000 m3, operando desde 2008<\/strong><\/p>\n","protected":false},"excerpt":{"rendered":"<p>Santo Andr\u00e9 possui sete piscin\u00f5es no munic\u00edpio, sendo cinco municipais, dois estaduais e sete microrreservat\u00f3rios (piscininhas). A limpeza dos equipamentos estaduais \u00e9 de responsabilidade da SP \u00c1guas (antigo DAEE). Nos equipamentos municipais, o Semasa realiza a capina nos reservat\u00f3rios regularmente ao longo do ano, bem como a limpeza mecanizada. A capacidade total de armazenamento de [&hellip;]<\/p>\n","protected":false},"author":28,"featured_media":0,"parent":6004,"menu_order":0,"comment_status":"closed","ping_status":"closed","template":"","meta":{"footnotes":""},"class_list":["post-6008","page","type-page","status-publish","hentry"],"_links":{"self":[{"href":"https:\/\/portais.santoandre.sp.gov.br\/semasa\/wp-json\/wp\/v2\/pages\/6008","targetHints":{"allow":["GET"]}}],"collection":[{"href":"https:\/\/portais.santoandre.sp.gov.br\/semasa\/wp-json\/wp\/v2\/pages"}],"about":[{"href":"https:\/\/portais.santoandre.sp.gov.br\/semasa\/wp-json\/wp\/v2\/types\/page"}],"author":[{"embeddable":true,"href":"https:\/\/portais.santoandre.sp.gov.br\/semasa\/wp-json\/wp\/v2\/users\/28"}],"replies":[{"embeddable":true,"href":"https:\/\/portais.santoandre.sp.gov.br\/semasa\/wp-json\/wp\/v2\/comments?post=6008"}],"version-history":[{"count":12,"href":"https:\/\/portais.santoandre.sp.gov.br\/semasa\/wp-json\/wp\/v2\/pages\/6008\/revisions"}],"predecessor-version":[{"id":6193,"href":"https:\/\/portais.santoandre.sp.gov.br\/semasa\/wp-json\/wp\/v2\/pages\/6008\/revisions\/6193"}],"up":[{"embeddable":true,"href":"https:\/\/portais.santoandre.sp.gov.br\/semasa\/wp-json\/wp\/v2\/pages\/6004"}],"wp:attachment":[{"href":"https:\/\/portais.santoandre.sp.gov.br\/semasa\/wp-json\/wp\/v2\/media?parent=6008"}],"curies":[{"name":"wp","href":"https:\/\/api.w.org\/{rel}","templated":true}]}}