{"id":6004,"date":"2025-12-23T10:08:02","date_gmt":"2025-12-23T13:08:02","guid":{"rendered":"https:\/\/portais.santoandre.sp.gov.br\/semasa\/?page_id=6004"},"modified":"2026-01-05T15:04:32","modified_gmt":"2026-01-05T18:04:32","slug":"drenagem","status":"publish","type":"page","link":"https:\/\/portais.santoandre.sp.gov.br\/semasa\/drenagem\/","title":{"rendered":"Drenagem"},"content":{"rendered":"\n<div class=\"wp-block-stackable-button-group stk-block-button-group stk-block stk-3620e94\" data-block-id=\"3620e94\"><div class=\"stk-row stk-inner-blocks stk-block-content stk-button-group\">\n<div class=\"wp-block-stackable-button stk-block-button stk-block stk-0dcedba\" data-block-id=\"0dcedba\"><a class=\"stk-link stk-button stk--hover-effect-darken\" href=\"https:\/\/portais.santoandre.sp.gov.br\/semasa\/drenagem\/piscinioes-e-piscininhas\/\"><span class=\"stk-button__inner-text\">Piscini\u00f5es e piscininhas<\/span><\/a><\/div>\n\n\n\n<div class=\"wp-block-stackable-button stk-block-button stk-block stk-968ef8a\" data-block-id=\"968ef8a\"><style>.stk-968ef8a .stk-button{background:#ff6900 !important;}<\/style><a class=\"stk-link stk-button stk--hover-effect-darken\" href=\"https:\/\/portais.santoandre.sp.gov.br\/defesacivil\/monitoramento-rios-e-corregos\/\"><span class=\"stk-button__inner-text\">Monitoramento de rios e c\u00f3rregos<\/span><\/a><\/div>\n\n\n\n<div class=\"wp-block-stackable-button stk-block-button stk-block stk-90bbf79\" data-block-id=\"90bbf79\"><style>.stk-90bbf79 .stk-button{background:#f78da7 !important;}<\/style><a class=\"stk-link stk-button stk--hover-effect-darken\" href=\"https:\/\/portais.santoandre.sp.gov.br\/semasa\/drenagem\/taxa-de-drenagem-e-manejo-de-aguas-pluviais\/\"><span class=\"stk-button__inner-text\">Taxa de drenagem e menjo de \u00e1guas pluviais<\/span><\/a><\/div>\n<\/div><\/div>\n\n\n\n<p>A drenagem urbana tem como objetivo reduzir os riscos e preju\u00edzos ocasionados pelas enchentes. Em Santo Andr\u00e9, al\u00e9m do planejamento e execu\u00e7\u00e3o de projetos relacionados ao escoamento das \u00e1guas pluviais, a drenagem realiza as manuten\u00e7\u00f5es corretivas e preventivas de todo o sistema existente e que \u00e9 composto por equipamentos de micro e macrodrenagem, como galerias de \u00e1guas pluviais (GAPs), bocas de lobo, bocas de le\u00e3o, canaletas, piscin\u00f5es, piscininhas e cursos d&#8217;\u00e1gua.<\/p>\n\n\n<div class=\"wp-block-image\">\n<figure class=\"alignleft size-full\"><img fetchpriority=\"high\" decoding=\"async\" width=\"462\" height=\"346\" src=\"https:\/\/portais.santoandre.sp.gov.br\/semasa\/wp-content\/uploads\/sites\/13\/2025\/12\/santa-terezinha-2.jpg\" alt=\"\" class=\"wp-image-6005\" srcset=\"https:\/\/portais.santoandre.sp.gov.br\/semasa\/wp-content\/uploads\/sites\/13\/2025\/12\/santa-terezinha-2.jpg 462w, https:\/\/portais.santoandre.sp.gov.br\/semasa\/wp-content\/uploads\/sites\/13\/2025\/12\/santa-terezinha-2-300x225.jpg 300w\" sizes=\"(max-width: 462px) 100vw, 462px\" \/><\/figure><\/div>\n\n\n<p>A <strong>macrodrenagem<\/strong> se constitui nos grandes equipamentos destinados a evitar enchentes no munic\u00edpio. Ela se diferencia da microdrenagem porque age em \u00e1reas espec\u00edficas, com problemas hist\u00f3ricos de cheias, procurando minimizar os efeitos das chuvas. S\u00e3o parte das macrodrenagens os reservat\u00f3rios de conten\u00e7\u00e3o, os chamados&nbsp;piscin\u00f5es.<\/p>\n\n\n\n<p>A responsabilidade pela constru\u00e7\u00e3o e pela manuten\u00e7\u00e3o de um piscin\u00e3o depende da bacia na qual ele est\u00e1 localizado. Se o reservat\u00f3rio ret\u00e9m \u00e1guas destinadas a um rio ou c\u00f3rrego que compartilha suas margens em mais de uma cidade ou que come\u00e7a em um munic\u00edpio e termina em outro, ent\u00e3o ele \u00e9 de responsabilidade estadual. Se, no entanto, ele nasce e des\u00e1gua dentro de Santo Andr\u00e9, ent\u00e3o o piscin\u00e3o \u00e9 de responsabilidade do munic\u00edpio \u2013 portanto do Semasa.<\/p>\n\n\n\n<p><a href=\"https:\/\/portais.santoandre.sp.gov.br\/semasa\/drenagem\/piscinioes-e-piscininhas\/\">Clique&nbsp;aqui&nbsp;<\/a>para saber mais sobre os piscin\u00f5es de Santo Andr\u00e9.<\/p>\n\n\n\n<p>Tamb\u00e9m \u00e9 parte do trabalho de macrodrenagem do Semasa fazer a manuten\u00e7\u00e3o dos rios e c\u00f3rregos com extens\u00e3o exclusivamente dentro do munic\u00edpio. Esta manuten\u00e7\u00e3o inclui limpeza dos c\u00f3rregos, muitas vezes assolados pelos res\u00edduos despejados ilegalmente em seus leitos ou em suas margens. Tamb\u00e9m inclui a capina das margens, abrindo espa\u00e7o para uma maior vaz\u00e3o e evitando o transbordamento da \u00e1gua. Inclui, enfim, o desassoreamento do leito, que \u00e9 a limpeza do fundo do rio ou do c\u00f3rrego.<\/p>\n\n\n\n<p><strong>Microdrenagem<\/strong> \u00e9 o sistema de capta\u00e7\u00e3o e condu\u00e7\u00e3o de \u00e1guas pluviais em pequena escala, focado em ruas, cal\u00e7adas e lotes, usando elementos como sarjetas, bocas de lobo, grelhas e galerias subterr\u00e2neas. Estes equipamentos contribuem para evitar alagamentos localizados, protegendo edifica\u00e7\u00f5es e infraestruturas, e aliviando os sistemas maiores (macrodrenagem).<\/p>\n","protected":false},"excerpt":{"rendered":"<p>Piscini\u00f5es e piscininhas Monitoramento de rios e c\u00f3rregos Taxa de drenagem e menjo de \u00e1guas pluviais A drenagem urbana tem como objetivo reduzir os riscos e preju\u00edzos ocasionados pelas enchentes. Em Santo Andr\u00e9, al\u00e9m do planejamento e execu\u00e7\u00e3o de projetos relacionados ao escoamento das \u00e1guas pluviais, a drenagem realiza as manuten\u00e7\u00f5es corretivas e preventivas de [&hellip;]<\/p>\n","protected":false},"author":28,"featured_media":0,"parent":0,"menu_order":0,"comment_status":"closed","ping_status":"closed","template":"","meta":{"footnotes":""},"class_list":["post-6004","page","type-page","status-publish","hentry"],"_links":{"self":[{"href":"https:\/\/portais.santoandre.sp.gov.br\/semasa\/wp-json\/wp\/v2\/pages\/6004","targetHints":{"allow":["GET"]}}],"collection":[{"href":"https:\/\/portais.santoandre.sp.gov.br\/semasa\/wp-json\/wp\/v2\/pages"}],"about":[{"href":"https:\/\/portais.santoandre.sp.gov.br\/semasa\/wp-json\/wp\/v2\/types\/page"}],"author":[{"embeddable":true,"href":"https:\/\/portais.santoandre.sp.gov.br\/semasa\/wp-json\/wp\/v2\/users\/28"}],"replies":[{"embeddable":true,"href":"https:\/\/portais.santoandre.sp.gov.br\/semasa\/wp-json\/wp\/v2\/comments?post=6004"}],"version-history":[{"count":5,"href":"https:\/\/portais.santoandre.sp.gov.br\/semasa\/wp-json\/wp\/v2\/pages\/6004\/revisions"}],"predecessor-version":[{"id":6089,"href":"https:\/\/portais.santoandre.sp.gov.br\/semasa\/wp-json\/wp\/v2\/pages\/6004\/revisions\/6089"}],"wp:attachment":[{"href":"https:\/\/portais.santoandre.sp.gov.br\/semasa\/wp-json\/wp\/v2\/media?parent=6004"}],"curies":[{"name":"wp","href":"https:\/\/api.w.org\/{rel}","templated":true}]}}