{"id":5127,"date":"2025-09-18T14:42:03","date_gmt":"2025-09-18T17:42:03","guid":{"rendered":"https:\/\/portais.santoandre.sp.gov.br\/semasa\/?page_id=5127"},"modified":"2026-03-11T09:25:25","modified_gmt":"2026-03-11T12:25:25","slug":"baldinho-verde","status":"publish","type":"page","link":"https:\/\/portais.santoandre.sp.gov.br\/semasa\/institucional\/programas-e-projetos-socioambientais\/quintal-verde\/baldinho-verde\/","title":{"rendered":"Baldinho Verde"},"content":{"rendered":"\n<p>O Baldinho Verde \u00e9 uma iniciativa do Semasa que que funciona dentro dos Quintais Verdes, e que permite aos mun\u00edcipes trocar restos de alimentos n\u00e3o processados, ou seja, que n\u00e3o foram submetidos a procedimentos industriais, por hortali\u00e7as, ou composto org\u00e2nico &#8211; produzido com o processo de decomposi\u00e7\u00e3o da mat\u00e9ria org\u00e2nica desses res\u00edduos, transformando-os em adubo natural para servirem de nutrientes para plantas -, ou biofertilizante.<\/p>\n\n\n\n<figure class=\"wp-block-image size-large is-resized\"><img fetchpriority=\"high\" decoding=\"async\" width=\"1024\" height=\"682\" src=\"https:\/\/portais.santoandre.sp.gov.br\/semasa\/wp-content\/uploads\/sites\/13\/2025\/08\/Baldinho-verde-Foto-Divulgacao_Semasa-5-1024x682.jpeg\" alt=\"\" class=\"wp-image-4810\" style=\"width:449px;height:auto\" srcset=\"https:\/\/portais.santoandre.sp.gov.br\/semasa\/wp-content\/uploads\/sites\/13\/2025\/08\/Baldinho-verde-Foto-Divulgacao_Semasa-5-1024x682.jpeg 1024w, https:\/\/portais.santoandre.sp.gov.br\/semasa\/wp-content\/uploads\/sites\/13\/2025\/08\/Baldinho-verde-Foto-Divulgacao_Semasa-5-300x200.jpeg 300w, https:\/\/portais.santoandre.sp.gov.br\/semasa\/wp-content\/uploads\/sites\/13\/2025\/08\/Baldinho-verde-Foto-Divulgacao_Semasa-5-768x512.jpeg 768w, https:\/\/portais.santoandre.sp.gov.br\/semasa\/wp-content\/uploads\/sites\/13\/2025\/08\/Baldinho-verde-Foto-Divulgacao_Semasa-5-1536x1023.jpeg 1536w, https:\/\/portais.santoandre.sp.gov.br\/semasa\/wp-content\/uploads\/sites\/13\/2025\/08\/Baldinho-verde-Foto-Divulgacao_Semasa-5.jpeg 1600w\" sizes=\"(max-width: 1024px) 100vw, 1024px\" \/><\/figure>\n\n\n\n<p>Atualmente, as trocas ocorrem  <em>Quintal Verde Vila Guiomar<\/em> e no <em>Quintal Verde Ana Maria<\/em>.<\/p>\n\n\n\n<p>Para participar o interessado deve realizar cadastro pr\u00e9vio pelo formul\u00e1rio eletr\u00f4nico.<\/p>\n\n\n\n<p><a href=\"https:\/\/docs.google.com\/forms\/d\/e\/1FAIpQLSc_7x40Z0zbyFVStX4YgJYGHoA35dRjAIKcdMVDEdJkAb764Q\/viewform?pli=1&amp;fbzx=-7852819495509585168\"><strong>Cadastre-se no Baldinho Verde<\/strong><\/a><\/p>\n\n\n\n<p>Dias e hor\u00e1rios das trocas do Baldinho Verde no <strong>Quintal Verde Vila Guiomar<\/strong>:<\/p>\n\n\n\n<ul class=\"wp-block-list\">\n<li>Segundas-feiras, das 9h \u00e0s 11h30<\/li>\n\n\n\n<li>Quintas-feiras, das 9h \u00e0s 11h30 e das 13h30 \u00e0s 15h30<\/li>\n<\/ul>\n\n\n\n<hr class=\"wp-block-separator has-alpha-channel-opacity\" \/>\n","protected":false},"excerpt":{"rendered":"<p>O Baldinho Verde \u00e9 uma iniciativa do Semasa que que funciona dentro dos Quintais Verdes, e que permite aos mun\u00edcipes trocar restos de alimentos n\u00e3o processados, ou seja, que n\u00e3o foram submetidos a procedimentos industriais, por hortali\u00e7as, ou composto org\u00e2nico &#8211; produzido com o processo de decomposi\u00e7\u00e3o da mat\u00e9ria org\u00e2nica desses res\u00edduos, transformando-os em adubo [&hellip;]<\/p>\n","protected":false},"author":28,"featured_media":0,"parent":1492,"menu_order":0,"comment_status":"closed","ping_status":"closed","template":"","meta":{"footnotes":""},"class_list":["post-5127","page","type-page","status-publish","hentry"],"_links":{"self":[{"href":"https:\/\/portais.santoandre.sp.gov.br\/semasa\/wp-json\/wp\/v2\/pages\/5127","targetHints":{"allow":["GET"]}}],"collection":[{"href":"https:\/\/portais.santoandre.sp.gov.br\/semasa\/wp-json\/wp\/v2\/pages"}],"about":[{"href":"https:\/\/portais.santoandre.sp.gov.br\/semasa\/wp-json\/wp\/v2\/types\/page"}],"author":[{"embeddable":true,"href":"https:\/\/portais.santoandre.sp.gov.br\/semasa\/wp-json\/wp\/v2\/users\/28"}],"replies":[{"embeddable":true,"href":"https:\/\/portais.santoandre.sp.gov.br\/semasa\/wp-json\/wp\/v2\/comments?post=5127"}],"version-history":[{"count":5,"href":"https:\/\/portais.santoandre.sp.gov.br\/semasa\/wp-json\/wp\/v2\/pages\/5127\/revisions"}],"predecessor-version":[{"id":6738,"href":"https:\/\/portais.santoandre.sp.gov.br\/semasa\/wp-json\/wp\/v2\/pages\/5127\/revisions\/6738"}],"up":[{"embeddable":true,"href":"https:\/\/portais.santoandre.sp.gov.br\/semasa\/wp-json\/wp\/v2\/pages\/1492"}],"wp:attachment":[{"href":"https:\/\/portais.santoandre.sp.gov.br\/semasa\/wp-json\/wp\/v2\/media?parent=5127"}],"curies":[{"name":"wp","href":"https:\/\/api.w.org\/{rel}","templated":true}]}}