{"id":4909,"date":"2025-09-03T16:14:35","date_gmt":"2025-09-03T19:14:35","guid":{"rendered":"https:\/\/portais.santoandre.sp.gov.br\/semasa\/?page_id=4909"},"modified":"2025-09-03T16:14:36","modified_gmt":"2025-09-03T19:14:36","slug":"livro-sobre-os-catadores","status":"publish","type":"page","link":"https:\/\/portais.santoandre.sp.gov.br\/semasa\/residuos\/livro-sobre-os-catadores\/","title":{"rendered":"Livro sobre os Catadores"},"content":{"rendered":"\n<p>A Prefeitura de Santo Andr\u00e9 e o Semasa lan\u00e7aram, no dia 30 de agosto de 2022, uma obra in\u00e9dita para retratar a vida e as condi\u00e7\u00f5es de trabalho de catadores de res\u00edduos recicl\u00e1veis que atuam no munic\u00edpio.<\/p>\n\n\n<div class=\"wp-block-image\">\n<figure class=\"alignleft size-full\"><img fetchpriority=\"high\" decoding=\"async\" width=\"293\" height=\"300\" src=\"https:\/\/portais.santoandre.sp.gov.br\/semasa\/wp-content\/uploads\/sites\/13\/2025\/09\/WhatsApp-Image-2022-08-23-at-10.42.03-293x300-1.jpeg\" alt=\"\" class=\"wp-image-4910\" \/><\/figure><\/div>\n\n\n<p>Trata-se do livro&nbsp;<strong>Um olhar integrado sobre catadores de materiais recicl\u00e1veis de Santo Andr\u00e9,<\/strong>&nbsp;fruto de uma pesquisa realizada com esses profissionais entre o fim de 2021 e o come\u00e7o de 2022. O estudo ocorreu por meio do Sanear Santo Andr\u00e9, um dos maiores programas de saneamento e infraestrutura do munic\u00edpio, financiado em US$ 50 milh\u00f5es pela CAF (Bando de Desenvolvimento da Am\u00e9rica Latina).<\/p>\n\n\n\n<p>Santo Andr\u00e9 p\u00f4de levantar a renda, faixa et\u00e1ria, etnia, sexo, escolaridade, fluxo de comercializa\u00e7\u00e3o de res\u00edduos recicl\u00e1veis, al\u00e9m de quest\u00f5es relacionadas \u00e0 sa\u00fade, educa\u00e7\u00e3o, moradia, acesso a programas sociais, dentre outros.<\/p>\n\n\n\n<p>A pesquisa ocorreu em um momento em que houve aumento significativo de pessoas que passaram a recolher res\u00edduos secos, devido ao agravamento da crise econ\u00f4mica e do desemprego na pandemia da Covid-19. Estima-se que haja mais de 1.800 catadores que recolhem materiais pelas ruas da cidade.<\/p>\n\n\n\n<p>O estudo, portanto, \u00e9 fundamental para compreender a realidade social, as condi\u00e7\u00f5es de trabalho, dificuldades e necessidades dos trabalhadores, sendo um importante instrumento para desenvolver pol\u00edticas p\u00fablicas e buscar a inser\u00e7\u00e3o dos catadores no mercado formal de triagem e venda de recicl\u00e1veis, por meio de cooperativas, associa\u00e7\u00f5es ou da regulariza\u00e7\u00e3o do trabalho como Microempreendedor Individual.<\/p>\n\n\n\n<p><a href=\"https:\/\/portais.santoandre.sp.gov.br\/semasa\/wp-content\/uploads\/sites\/13\/2025\/09\/Livro_PlanoMunicipalCatadores-1.pdf\">Baixe o livro<\/a>\u00a0<strong>Um olhar integrado sobre catadores de materiais recicl\u00e1veis de Santo Andr\u00e9\u00a0<\/strong>e confira tamb\u00e9m contexto hist\u00f3rico relacionado ao tema, informa\u00e7\u00f5es sobre a gest\u00e3o de res\u00edduos s\u00f3lidos do munic\u00edpio e hist\u00f3rias de vida de cinco personagens. O relat\u00f3rio da pesquisa t\u00e9cnica tamb\u00e9m pode ser\u00a0<a href=\"https:\/\/portais.santoandre.sp.gov.br\/semasa\/wp-content\/uploads\/sites\/13\/2025\/09\/Relatorio-tecnico_Santo-Andre_01.06.2022_impressao.pdf\"><u>consultado aqui<\/u>.<\/a><\/p>\n","protected":false},"excerpt":{"rendered":"<p>A Prefeitura de Santo Andr\u00e9 e o Semasa lan\u00e7aram, no dia 30 de agosto de 2022, uma obra in\u00e9dita para retratar a vida e as condi\u00e7\u00f5es de trabalho de catadores de res\u00edduos recicl\u00e1veis que atuam no munic\u00edpio. Trata-se do livro&nbsp;Um olhar integrado sobre catadores de materiais recicl\u00e1veis de Santo Andr\u00e9,&nbsp;fruto de uma pesquisa realizada com [&hellip;]<\/p>\n","protected":false},"author":28,"featured_media":0,"parent":44,"menu_order":0,"comment_status":"closed","ping_status":"closed","template":"","meta":{"footnotes":""},"class_list":["post-4909","page","type-page","status-publish","hentry"],"_links":{"self":[{"href":"https:\/\/portais.santoandre.sp.gov.br\/semasa\/wp-json\/wp\/v2\/pages\/4909","targetHints":{"allow":["GET"]}}],"collection":[{"href":"https:\/\/portais.santoandre.sp.gov.br\/semasa\/wp-json\/wp\/v2\/pages"}],"about":[{"href":"https:\/\/portais.santoandre.sp.gov.br\/semasa\/wp-json\/wp\/v2\/types\/page"}],"author":[{"embeddable":true,"href":"https:\/\/portais.santoandre.sp.gov.br\/semasa\/wp-json\/wp\/v2\/users\/28"}],"replies":[{"embeddable":true,"href":"https:\/\/portais.santoandre.sp.gov.br\/semasa\/wp-json\/wp\/v2\/comments?post=4909"}],"version-history":[{"count":1,"href":"https:\/\/portais.santoandre.sp.gov.br\/semasa\/wp-json\/wp\/v2\/pages\/4909\/revisions"}],"predecessor-version":[{"id":4913,"href":"https:\/\/portais.santoandre.sp.gov.br\/semasa\/wp-json\/wp\/v2\/pages\/4909\/revisions\/4913"}],"up":[{"embeddable":true,"href":"https:\/\/portais.santoandre.sp.gov.br\/semasa\/wp-json\/wp\/v2\/pages\/44"}],"wp:attachment":[{"href":"https:\/\/portais.santoandre.sp.gov.br\/semasa\/wp-json\/wp\/v2\/media?parent=4909"}],"curies":[{"name":"wp","href":"https:\/\/api.w.org\/{rel}","templated":true}]}}