{"id":44,"date":"2024-04-02T11:45:13","date_gmt":"2024-04-02T14:45:13","guid":{"rendered":"https:\/\/portais.santoandre.sp.gov.br\/semasa\/?page_id=44"},"modified":"2025-05-27T08:22:07","modified_gmt":"2025-05-27T11:22:07","slug":"residuos","status":"publish","type":"page","link":"https:\/\/portais.santoandre.sp.gov.br\/semasa\/residuos\/","title":{"rendered":"Res\u00edduos S\u00f3lidos"},"content":{"rendered":"\n<div class=\"wp-block-stackable-button-group stk-block-button-group stk-block stk-beea6ec\" data-block-id=\"beea6ec\"><div class=\"stk-row stk-inner-blocks stk-block-content stk-button-group\">\n<div class=\"wp-block-stackable-button stk-block-button stk-block stk-14ceb1f\" data-block-id=\"14ceb1f\"><a class=\"stk-link stk-button stk--hover-effect-darken\" href=\"https:\/\/portais.santoandre.sp.gov.br\/semasa\/residuos\/estacoes-de-coleta\/\"><span class=\"stk-button__inner-text\">Esta\u00e7\u00f5es de Coleta<\/span><\/a><\/div>\n\n\n\n<div class=\"wp-block-stackable-button stk-block-button stk-block stk-3c23a88\" data-block-id=\"3c23a88\"><style>.stk-3c23a88 .stk-button{background:#ff6900 !important;}<\/style><a class=\"stk-link stk-button stk--hover-effect-darken\" href=\"https:\/\/portais.santoandre.sp.gov.br\/semasa\/residuos\/dias-e-horarios-de-coleta\/\"><span class=\"stk-button__inner-text\">Dias e hor\u00e1rios da coleta<\/span><\/a><\/div>\n\n\n\n<div class=\"wp-block-stackable-button stk-block-button stk-block stk-50aea1b\" data-block-id=\"50aea1b\"><style>.stk-50aea1b .stk-button{background:#fcb900 !important;}<\/style><a class=\"stk-link stk-button stk--hover-effect-darken\" href=\"https:\/\/portais.santoandre.sp.gov.br\/semasa\/residuos\/dias-e-horarios-da-varricao\/\"><span class=\"stk-button__inner-text\">Dias e hor\u00e1rios da varri\u00e7\u00e3o<\/span><\/a><\/div>\n\n\n\n<div class=\"wp-block-stackable-button stk-block-button stk-block stk-0bf4eae\" data-block-id=\"0bf4eae\"><style>.stk-0bf4eae .stk-button{background:#00d084 !important;}<\/style><a class=\"stk-link stk-button stk--hover-effect-darken\" href=\"https:\/\/portais.santoandre.sp.gov.br\/semasa\/residuos\/residuos-infectantes-e-de-saude\/\"><span class=\"stk-button__inner-text\">Res\u00edduos de sa\u00fade<\/span><\/a><\/div>\n\n\n\n<div class=\"wp-block-stackable-button stk-block-button stk-block stk-1bce4b3\" data-block-id=\"1bce4b3\"><style>.stk-1bce4b3 .stk-button{background:#f78da7 !important;}<\/style><a class=\"stk-link stk-button stk--hover-effect-darken\" href=\"https:\/\/portais.santoandre.sp.gov.br\/semasa\/residuos\/residuos-infectantes-e-de-saude\/animais-mortos\/\"><span class=\"stk-button__inner-text\">Animais mortos<\/span><\/a><\/div>\n<\/div><\/div>\n\n\n\n<div class=\"wp-block-stackable-button-group stk-block-button-group stk-block stk-60beaea\" data-block-id=\"60beaea\"><div class=\"stk-row stk-inner-blocks stk-block-content stk-button-group\">\n<div class=\"wp-block-stackable-button stk-block-button stk-block stk-65943e4\" data-block-id=\"65943e4\"><style>.stk-65943e4 .stk-button{background:#cf2e2e !important;}<\/style><a class=\"stk-link stk-button stk--hover-effect-darken\" href=\"https:\/\/portais.santoandre.sp.gov.br\/semasa\/residuos\/residuos-perigosos-e-outros-2\/\"><span class=\"stk-button__inner-text\">Res\u00edduos perigosos e outros<\/span><\/a><\/div>\n\n\n\n<div class=\"wp-block-stackable-button stk-block-button stk-block stk-0054b8e\" data-block-id=\"0054b8e\"><style>.stk-0054b8e .stk-button{background:#abb8c3 !important;}<\/style><a class=\"stk-link stk-button stk--hover-effect-darken\" href=\"https:\/\/portais.santoandre.sp.gov.br\/semasa\/residuos\/estudo-gravimetrico\/\"><span class=\"stk-button__inner-text\">Gravimetria<\/span><\/a><\/div>\n\n\n\n<div class=\"wp-block-stackable-button stk-block-button stk-block stk-e944a73\" data-block-id=\"e944a73\"><style>.stk-e944a73 .stk-button{background:#000000 !important;}<\/style><a class=\"stk-link stk-button stk--hover-effect-darken\" href=\"https:\/\/portais.santoandre.sp.gov.br\/semasa\/residuos\/aterro-sanitario\/\"><span class=\"stk-button__inner-text\">Aterro sanit\u00e1rio<\/span><\/a><\/div>\n\n\n\n<div class=\"wp-block-stackable-button stk-block-button stk-block stk-9f0af33\" data-block-id=\"9f0af33\"><a class=\"stk-link stk-button stk--hover-effect-darken\" href=\"https:\/\/portais.santoandre.sp.gov.br\/semasa\/residuos\/plano-de-gerenciamento-de-residuos-solidos\/\"><span class=\"stk-button__inner-text\">Plano de Gerenciamento de Res\u00edduos S\u00f3lidos<\/span><\/a><\/div>\n<\/div><\/div>\n\n\n\n<div class=\"wp-block-stackable-button-group stk-block-button-group stk-block stk-6a66fb7\" data-block-id=\"6a66fb7\"><div class=\"stk-row stk-inner-blocks stk-block-content stk-button-group\">\n<div class=\"wp-block-stackable-button stk-block-button stk-block stk-0d275b9\" data-block-id=\"0d275b9\"><style>.stk-0d275b9 .stk-button{background:#ff6900 !important;}<\/style><a class=\"stk-link stk-button stk--hover-effect-darken\" href=\"https:\/\/portais.santoandre.sp.gov.br\/semasa\/residuos\/varricao-e-limpeza-publica\/\"><span class=\"stk-button__inner-text\">Varri\u00e7\u00e3o e limpeza p\u00fablica<\/span><\/a><\/div>\n\n\n\n<div class=\"wp-block-stackable-button stk-block-button stk-block stk-02071f8\" data-block-id=\"02071f8\"><style>.stk-02071f8 .stk-button{background:#fcb900 !important;}<\/style><a class=\"stk-link stk-button stk--hover-effect-darken\" href=\"https:\/\/portais.santoandre.sp.gov.br\/semasa\/gestao-ambiental\/licenciamento-ambiental\/gerenciamento-de-residuos-de-construcao-civil\/\"><span class=\"stk-button__inner-text\">Gerenciamento de RCC<\/span><\/a><\/div>\n\n\n\n<div class=\"wp-block-stackable-button stk-block-button stk-block stk-b2bbc66\" data-block-id=\"b2bbc66\"><style>.stk-b2bbc66 .stk-button{background:#00d084 !important;}<\/style><a class=\"stk-link stk-button stk--hover-effect-darken\" href=\"https:\/\/portais.santoandre.sp.gov.br\/semasa\/residuos\/composta-santo-andre\/\"><span class=\"stk-button__inner-text\">Composta SA<\/span><\/a><\/div>\n\n\n\n<div class=\"wp-block-stackable-button stk-block-button stk-block stk-07d50cc\" data-block-id=\"07d50cc\"><style>.stk-07d50cc .stk-button{background:#f78da7 !important;}<\/style><a class=\"stk-link stk-button stk--hover-effect-darken\" href=\"https:\/\/portais.santoandre.sp.gov.br\/semasa\/residuos\/meu-condominio-recicla\/\"><span class=\"stk-button__inner-text\">Meu Condom\u00ednio Recicla<\/span><\/a><\/div>\n\n\n\n<div class=\"wp-block-stackable-button stk-block-button stk-block stk-fb56c23\" data-block-id=\"fb56c23\"><style>.stk-fb56c23 .stk-button{background:#ff6900 !important;}<\/style><a class=\"stk-link stk-button stk--hover-effect-darken\" href=\"https:\/\/semasaccs.wixsite.com\/moedaverde\"><span class=\"stk-button__inner-text\">Moeda Verde<\/span><\/a><\/div>\n\n\n\n<div class=\"wp-block-stackable-button stk-block-button stk-block stk-b44eb6a\" data-block-id=\"b44eb6a\"><style>.stk-b44eb6a .stk-button{background:#fcb900 !important;}<\/style><a class=\"stk-link stk-button stk--hover-effect-darken\" href=\"https:\/\/semasaccs.wixsite.com\/projeto-a3p---agenda\"><span class=\"stk-button__inner-text\">A3P<\/span><\/a><\/div>\n<\/div><\/div>\n\n\n\n<div class=\"wp-block-stackable-button-group stk-block-button-group stk-block stk-3b65755\" data-block-id=\"3b65755\"><div class=\"stk-row stk-inner-blocks stk-block-content stk-button-group\">\n<div class=\"wp-block-stackable-button stk-block-button stk-block stk-dbc2969\" data-block-id=\"dbc2969\"><style>.stk-dbc2969 .stk-button{background:#00d084 !important;}<\/style><a class=\"stk-link stk-button stk--hover-effect-darken\" href=\"https:\/\/portais.santoandre.sp.gov.br\/semasa\/institucional\/programas-e-projetos-socioambientais\/quintal-verde\/\"><span class=\"stk-button__inner-text\">Quintal Verde<\/span><\/a><\/div>\n\n\n\n<div class=\"wp-block-stackable-button stk-block-button stk-block stk-bb343f8\" data-block-id=\"bb343f8\"><style>.stk-bb343f8 .stk-button{background:#f78da7 !important;}<\/style><a class=\"stk-link stk-button stk--hover-effect-darken\" href=\"https:\/\/portais.santoandre.sp.gov.br\/semasa\/residuos\/programa-ponto-limpo\/\"><span class=\"stk-button__inner-text\">Ponto Limpo<\/span><\/a><\/div>\n\n\n\n<div class=\"wp-block-stackable-button stk-block-button stk-block stk-d42f313\" data-block-id=\"d42f313\"><style>.stk-d42f313 .stk-button{background:#cf2e2e !important;}<\/style><a class=\"stk-link stk-button stk--hover-effect-darken\" href=\"https:\/\/portais.santoandre.sp.gov.br\/semasa\/residuos\/estacoes-de-coleta\/breshopping-sustentavel\/\"><span class=\"stk-button__inner-text\">Breshopping Sustent\u00e1vel<\/span><\/a><\/div>\n<\/div><\/div>\n\n\n\n<p>A Gest\u00e3o de Res\u00edduos S\u00f3lidos foi incorporada ao Semasa em 1999, por meio da&nbsp;<a href=\"http:\/\/www1.cmsandre.sp.gov.br:8080\/portalcidadao\/download\/lei.html?numero=7840&amp;tipo=1&amp;data=15061999\">Lei Municipal 7.840<\/a>. Desde ent\u00e3o, o Departamento de Res\u00edduos S\u00f3lidos \u00e9 respons\u00e1vel pelos&nbsp;servi\u00e7os de coleta, varri\u00e7\u00e3o, tratamento e disposi\u00e7\u00e3o final.<\/p>\n\n\n<div class=\"wp-block-image\">\n<figure class=\"aligncenter\"><a href=\"https:\/\/www.semasa.sp.gov.br\/wp-content\/uploads\/2020\/06\/Caminh%C3%A3o-de-Coleta-Nova-Adesiva%C3%A7%C3%A3o-29082017-16.jpg\"><img decoding=\"async\" src=\"https:\/\/www.semasa.sp.gov.br\/wp-content\/uploads\/2020\/06\/Caminh%C3%A3o-de-Coleta-Nova-Adesiva%C3%A7%C3%A3o-29082017-16-300x199.jpg\" alt=\"\" class=\"wp-image-31859\" \/><\/a><\/figure><\/div>\n\n\n<p>Tr\u00eas ger\u00eancias respondem pelos servi\u00e7os:&nbsp;Coleta de Res\u00edduos S\u00f3lidos&nbsp;\u2013 cuida da coleta domiciliar de&nbsp;res\u00edduos secos&nbsp;e&nbsp;\u00famidos&nbsp;porta a porta&nbsp;e faz a&nbsp;gest\u00e3o das&nbsp;Esta\u00e7\u00f5es de Coleta&nbsp;(ecopontos) do munic\u00edpio;&nbsp;Varri\u00e7\u00e3o e Limpeza Manual- respons\u00e1vel pela<strong>&nbsp;<\/strong>varri\u00e7\u00e3o manual da cidade e varri\u00e7\u00e3o mecanizada, executada em ruas e avenidas de grande movimento; Ger\u00eancia de Tratamento e Disposi\u00e7\u00e3o Final de Res\u00edduos S\u00f3lidos \u2013 responde pelo&nbsp;Aterro Sanit\u00e1rio Municipal, pelas&nbsp;cooperativas de reciclagem e pela Unidade de Tratamento de Res\u00edduos L\u00edquidos Percolados (chorume).<\/p>\n\n\n\n<p>O&nbsp;Semasa gerencia os servi\u00e7os respeitando \u00e0&nbsp;<a rel=\"noreferrer noopener\" href=\"http:\/\/www.planalto.gov.br\/ccivil_03\/_ato2007-2010\/2010\/lei\/l12305.htm\" target=\"_blank\">Lei Federal 12.305\/2010<\/a>, que instituiu a Pol\u00edtica Nacional de Res\u00edduos S\u00f3lidos. Como determina a lei, o Semasa preparou a sua Pol\u00edtica Municipal de Gest\u00e3o Integrada de Res\u00edduos S\u00f3lidos, por meio do&nbsp;<a href=\"http:\/\/www1.cmsandre.sp.gov.br:8080\/portalcidadao\/download\/lei.html?numero=16310&amp;tipo=6&amp;data=31072012\">Decreto 16.310<\/a>, de 2012.<\/p>\n\n\n\n<p>Em 2019, o Semasa efetuou a revis\u00e3o do PPMGIRS, cuja aprova\u00e7\u00e3o foi publicada&nbsp;<a href=\"https:\/\/www.semasa.sp.gov.br\/institucional\/legislacao\/leis-e-decretos-municipais\/\">conforme Decreto<\/a>&nbsp;17.178, de 2019.<\/p>\n","protected":false},"excerpt":{"rendered":"<p>Esta\u00e7\u00f5es de Coleta Dias e hor\u00e1rios da coleta Dias e hor\u00e1rios da varri\u00e7\u00e3o Res\u00edduos de sa\u00fade Animais mortos Res\u00edduos perigosos e outros Gravimetria Aterro sanit\u00e1rio Plano de Gerenciamento de Res\u00edduos S\u00f3lidos Varri\u00e7\u00e3o e limpeza p\u00fablica Gerenciamento de RCC Composta SA Meu Condom\u00ednio Recicla Moeda Verde A3P Quintal Verde Ponto Limpo Breshopping Sustent\u00e1vel A Gest\u00e3o de [&hellip;]<\/p>\n","protected":false},"author":28,"featured_media":0,"parent":0,"menu_order":0,"comment_status":"closed","ping_status":"closed","template":"","meta":{"footnotes":""},"class_list":["post-44","page","type-page","status-publish","hentry"],"_links":{"self":[{"href":"https:\/\/portais.santoandre.sp.gov.br\/semasa\/wp-json\/wp\/v2\/pages\/44","targetHints":{"allow":["GET"]}}],"collection":[{"href":"https:\/\/portais.santoandre.sp.gov.br\/semasa\/wp-json\/wp\/v2\/pages"}],"about":[{"href":"https:\/\/portais.santoandre.sp.gov.br\/semasa\/wp-json\/wp\/v2\/types\/page"}],"author":[{"embeddable":true,"href":"https:\/\/portais.santoandre.sp.gov.br\/semasa\/wp-json\/wp\/v2\/users\/28"}],"replies":[{"embeddable":true,"href":"https:\/\/portais.santoandre.sp.gov.br\/semasa\/wp-json\/wp\/v2\/comments?post=44"}],"version-history":[{"count":21,"href":"https:\/\/portais.santoandre.sp.gov.br\/semasa\/wp-json\/wp\/v2\/pages\/44\/revisions"}],"predecessor-version":[{"id":3919,"href":"https:\/\/portais.santoandre.sp.gov.br\/semasa\/wp-json\/wp\/v2\/pages\/44\/revisions\/3919"}],"wp:attachment":[{"href":"https:\/\/portais.santoandre.sp.gov.br\/semasa\/wp-json\/wp\/v2\/media?parent=44"}],"curies":[{"name":"wp","href":"https:\/\/api.w.org\/{rel}","templated":true}]}}