{"id":408,"date":"2024-06-25T16:49:26","date_gmt":"2024-06-25T19:49:26","guid":{"rendered":"https:\/\/portais.santoandre.sp.gov.br\/semasa\/?page_id=408"},"modified":"2025-05-05T14:22:01","modified_gmt":"2025-05-05T17:22:01","slug":"comugesan","status":"publish","type":"page","link":"https:\/\/portais.santoandre.sp.gov.br\/semasa\/gestao-ambiental\/comugesan\/","title":{"rendered":"Comugesan"},"content":{"rendered":"\n<div class=\"wp-block-stackable-button-group stk-block-button-group stk-block stk-55c0b5d\" data-block-id=\"55c0b5d\"><div class=\"stk-row stk-inner-blocks stk-block-content stk-button-group\">\n<div class=\"wp-block-stackable-button stk-block-button stk-block stk-9d310d6\" data-block-id=\"9d310d6\"><a class=\"stk-link stk-button stk--hover-effect-darken\" href=\"https:\/\/portais.santoandre.sp.gov.br\/semasa\/gestao-ambiental\/comugesan\/composicao-do-mandato-2023-2024\/\"><span class=\"stk-button__inner-text\">Composi\u00e7\u00e3o mandato 2023\/2024<\/span><\/a><\/div>\n\n\n\n<div class=\"wp-block-stackable-button stk-block-button stk-block stk-bc75940\" data-block-id=\"bc75940\"><style>.stk-bc75940 .stk-button{background:#ff6900 !important;}<\/style><a class=\"stk-link stk-button stk--hover-effect-darken\" href=\"https:\/\/portais.santoandre.sp.gov.br\/semasa\/comugesan\/eleicoes-do-comugesan-bienio-2025-2027\/\"><span class=\"stk-button__inner-text\">Elei\u00e7\u00f5es<\/span><\/a><\/div>\n\n\n\n<div class=\"wp-block-stackable-button stk-block-button stk-block stk-36a92e0\" data-block-id=\"36a92e0\"><style>.stk-36a92e0 .stk-button{background:#00d084 !important;}<\/style><a class=\"stk-link stk-button stk--hover-effect-darken\" href=\"https:\/\/portais.santoandre.sp.gov.br\/semasa\/gestao-ambiental\/comugesan\/\"><span class=\"stk-button__inner-text\">Forma\u00e7\u00e3o e regimento<\/span><\/a><\/div>\n\n\n\n<div class=\"wp-block-stackable-button stk-block-button stk-block stk-806ae50\" data-block-id=\"806ae50\"><style>.stk-806ae50 .stk-button{background:#f78da7 !important;}<\/style><a class=\"stk-link stk-button stk--hover-effect-darken\" href=\"https:\/\/portais.santoandre.sp.gov.br\/semasa\/comugesan\/proxima-reuniao\/\"><span class=\"stk-button__inner-text\">Pr\u00f3xima reuni\u00e3o<\/span><\/a><\/div>\n\n\n\n<div class=\"wp-block-stackable-button stk-block-button stk-block stk-efac136\" data-block-id=\"efac136\"><style>.stk-efac136 .stk-button{background:#fcb900 !important;}<\/style><a class=\"stk-link stk-button stk--hover-effect-darken\" href=\"https:\/\/portais.santoandre.sp.gov.br\/semasa\/comugesan\/resolucoes\/\"><span class=\"stk-button__inner-text\">Resolu\u00e7\u00f5es<\/span><\/a><\/div>\n\n\n\n<div class=\"wp-block-stackable-button stk-block-button stk-block stk-70d40f4\" data-block-id=\"70d40f4\"><style>.stk-70d40f4 .stk-button{background:#9b51e0 !important;}<\/style><a class=\"stk-link stk-button stk--hover-effect-darken\" href=\"https:\/\/portais.santoandre.sp.gov.br\/semasa\/comugesan\/atas-de-reuniao\/\"><span class=\"stk-button__inner-text\">Atas das reuni\u00f5es<\/span><\/a><\/div>\n<\/div><\/div>\n\n\n\n<p>O Comugesan (Conselho Municipal de Gest\u00e3o e Saneamento Ambiental de Santo Andr\u00e9) \u00e9 um \u00f3rg\u00e3o consultivo e deliberativo, criado em 1998 com a finalidade de estudar, propor diretrizes, deliberar, fiscalizar e acompanhar a implementa\u00e7\u00e3o da Pol\u00edtica Municipal de Gest\u00e3o e Saneamento Ambiental em Santo Andr\u00e9,<a href=\"http:\/\/www1.cmsandre.sp.gov.br:8080\/portalcidadao\/download\/lei.html?numero=7733&amp;tipo=1&amp;data=14101998\">&nbsp;Lei municipal n.\u00ba 7733 de 14 de outubro de 1998.<\/a><\/p>\n\n\n\n<p><strong>Hist\u00f3rico<\/strong><\/p>\n\n\n\n<p>A cria\u00e7\u00e3o do Comugesan est\u00e1 diretamente vinculada \u00e0 cria\u00e7\u00e3o do Departamento de Gest\u00e3o Ambiental (DGA) do Semasa, que assumiu, desde o in\u00edcio de 1998, as fun\u00e7\u00f5es da extinta Coordenadoria de Meio Ambiente da Prefeitura de Santo Andr\u00e9. Desde ent\u00e3o, o DGA passou a ser o \u00f3rg\u00e3o gestor da Pol\u00edtica Municipal de Gest\u00e3o e Saneamento Ambiental de Santo Andr\u00e9, criada pela lei municipal 7733\/98.<\/p>\n\n\n\n<p>O Semasa promoveu a cria\u00e7\u00e3o do Conselho conduzindo sua implanta\u00e7\u00e3o em 1998. A Superintend\u00eancia da autarquia assumiu, desde ent\u00e3o, o papel de Presid\u00eancia e o Departamento de Gest\u00e3o Ambiental tornou-se sua Secretaria Executiva, ficando respons\u00e1vel pela coordena\u00e7\u00e3o, condu\u00e7\u00e3o e execu\u00e7\u00e3o dos trabalhos do Comugesan.<\/p>\n","protected":false},"excerpt":{"rendered":"<p>Composi\u00e7\u00e3o mandato 2023\/2024 Elei\u00e7\u00f5es Forma\u00e7\u00e3o e regimento Pr\u00f3xima reuni\u00e3o Resolu\u00e7\u00f5es Atas das reuni\u00f5es O Comugesan (Conselho Municipal de Gest\u00e3o e Saneamento Ambiental de Santo Andr\u00e9) \u00e9 um \u00f3rg\u00e3o consultivo e deliberativo, criado em 1998 com a finalidade de estudar, propor diretrizes, deliberar, fiscalizar e acompanhar a implementa\u00e7\u00e3o da Pol\u00edtica Municipal de Gest\u00e3o e Saneamento Ambiental [&hellip;]<\/p>\n","protected":false},"author":28,"featured_media":0,"parent":311,"menu_order":0,"comment_status":"closed","ping_status":"closed","template":"","meta":{"footnotes":""},"class_list":["post-408","page","type-page","status-publish","hentry"],"_links":{"self":[{"href":"https:\/\/portais.santoandre.sp.gov.br\/semasa\/wp-json\/wp\/v2\/pages\/408","targetHints":{"allow":["GET"]}}],"collection":[{"href":"https:\/\/portais.santoandre.sp.gov.br\/semasa\/wp-json\/wp\/v2\/pages"}],"about":[{"href":"https:\/\/portais.santoandre.sp.gov.br\/semasa\/wp-json\/wp\/v2\/types\/page"}],"author":[{"embeddable":true,"href":"https:\/\/portais.santoandre.sp.gov.br\/semasa\/wp-json\/wp\/v2\/users\/28"}],"replies":[{"embeddable":true,"href":"https:\/\/portais.santoandre.sp.gov.br\/semasa\/wp-json\/wp\/v2\/comments?post=408"}],"version-history":[{"count":10,"href":"https:\/\/portais.santoandre.sp.gov.br\/semasa\/wp-json\/wp\/v2\/pages\/408\/revisions"}],"predecessor-version":[{"id":3736,"href":"https:\/\/portais.santoandre.sp.gov.br\/semasa\/wp-json\/wp\/v2\/pages\/408\/revisions\/3736"}],"up":[{"embeddable":true,"href":"https:\/\/portais.santoandre.sp.gov.br\/semasa\/wp-json\/wp\/v2\/pages\/311"}],"wp:attachment":[{"href":"https:\/\/portais.santoandre.sp.gov.br\/semasa\/wp-json\/wp\/v2\/media?parent=408"}],"curies":[{"name":"wp","href":"https:\/\/api.w.org\/{rel}","templated":true}]}}