{"id":403,"date":"2024-06-25T16:47:13","date_gmt":"2024-06-25T19:47:13","guid":{"rendered":"https:\/\/portais.santoandre.sp.gov.br\/semasa\/?page_id=403"},"modified":"2026-03-16T08:35:38","modified_gmt":"2026-03-16T11:35:38","slug":"licenciamento-aprm","status":"publish","type":"page","link":"https:\/\/portais.santoandre.sp.gov.br\/semasa\/gestao-ambiental\/licenciamento-ambiental\/licenciamento-aprm\/","title":{"rendered":"Licenciamento APRM"},"content":{"rendered":"\n<p>O Semasa retomou no final de 2021 o licenciamento ambiental nas \u00c1reas de Prote\u00e7\u00e3o e Recupera\u00e7\u00e3o de Mananciais, por meio da Delibera\u00e7\u00e3o CBH-AT n\u00ba 86, de 17 de dezembro de 2019, a qual reconhece a compatibiliza\u00e7\u00e3o do Plano Diretor e da Lei de Uso, Ocupa\u00e7\u00e3o e Parcelamento do Solo municipais, com a Lei Estadual n\u00ba 13579\/2009, Lei Espec\u00edfica da Billings.<\/p>\n\n\n\n<p>Conforme Decreto Municipal n\u00ba 18174\/2023, os licenciamentos ambientais na APRM devem ser obtidos por meio de Licen\u00e7a Pr\u00e9via, em que ser\u00e3o avaliados proposta de ocupa\u00e7\u00e3o e projeto completo; Licen\u00e7a de Instala\u00e7\u00e3o, que tratar\u00e1 da implanta\u00e7\u00e3o ou regulariza\u00e7\u00e3o das interven\u00e7\u00f5es; e Licen\u00e7a de Opera\u00e7\u00e3o, na qual ser\u00e3o verificados o cumprimento das exig\u00eancias t\u00e9cnicas, implanta\u00e7\u00e3o do sistema de tratamento individual de esgotos, se necess\u00e1rio, e implanta\u00e7\u00e3o da \u00e1rea perme\u00e1vel e reserva de \u00e1rea vegetada.<\/p>\n\n\n\n<p>O processo de licenciamento ambiental tramitar\u00e1 conjuntamente com o processo de constru\u00e7\u00e3o\/regulariza\u00e7\u00e3o da Prefeitura, conforme procedimentos j\u00e1 definidos. No documento&nbsp;<a href=\"https:\/\/portais.santoandre.sp.gov.br\/semasa\/wp-content\/uploads\/sites\/13\/2025\/12\/Novo-Fluxo-Licenciamento-APRM.pdf\"><strong><span style=\"color: #f00069\" class=\"stk-highlight\">FLUXO DO PROCESSO APRM<\/span><\/strong><\/a>, \u00e9 poss\u00edvel verificar o passo a passo.<\/p>\n\n\n\n<p>Todos os processos de licenciamento devem ser protocolados pelo&nbsp;<a href=\"https:\/\/santoandre.inmov.net.br\/\">Sistema ACTO<\/a>.<\/p>\n\n\n\n<div data-wp-interactive=\"core\/file\" class=\"wp-block-file\"><object data-wp-bind--hidden=\"!state.hasPdfPreview\" hidden class=\"wp-block-file__embed\" data=\"https:\/\/portais.santoandre.sp.gov.br\/semasa\/wp-content\/uploads\/sites\/13\/2026\/03\/cartilha_Licenciamento_ARPM_02092024_FINAL.pdf\" type=\"application\/pdf\" style=\"width:100%;height:600px\" aria-label=\"Incorporado de cartilha_Licenciamento_ARPM_02092024_FINAL.\"><\/object><a id=\"wp-block-file--media-3730d50c-ef05-433f-a506-e5ff2eac472a\" href=\"https:\/\/portais.santoandre.sp.gov.br\/semasa\/wp-content\/uploads\/sites\/13\/2026\/03\/cartilha_Licenciamento_ARPM_02092024_FINAL.pdf\">cartilha_Licenciamento_ARPM_02092024_FINAL<\/a><a href=\"https:\/\/portais.santoandre.sp.gov.br\/semasa\/wp-content\/uploads\/sites\/13\/2026\/03\/cartilha_Licenciamento_ARPM_02092024_FINAL.pdf\" class=\"wp-block-file__button wp-element-button\" download aria-describedby=\"wp-block-file--media-3730d50c-ef05-433f-a506-e5ff2eac472a\">Baixar<\/a><\/div>\n","protected":false},"excerpt":{"rendered":"<p>O Semasa retomou no final de 2021 o licenciamento ambiental nas \u00c1reas de Prote\u00e7\u00e3o e Recupera\u00e7\u00e3o de Mananciais, por meio da Delibera\u00e7\u00e3o CBH-AT n\u00ba 86, de 17 de dezembro de 2019, a qual reconhece a compatibiliza\u00e7\u00e3o do Plano Diretor e da Lei de Uso, Ocupa\u00e7\u00e3o e Parcelamento do Solo municipais, com a Lei Estadual n\u00ba [&hellip;]<\/p>\n","protected":false},"author":28,"featured_media":0,"parent":285,"menu_order":0,"comment_status":"closed","ping_status":"closed","template":"","meta":{"footnotes":""},"class_list":["post-403","page","type-page","status-publish","hentry"],"_links":{"self":[{"href":"https:\/\/portais.santoandre.sp.gov.br\/semasa\/wp-json\/wp\/v2\/pages\/403","targetHints":{"allow":["GET"]}}],"collection":[{"href":"https:\/\/portais.santoandre.sp.gov.br\/semasa\/wp-json\/wp\/v2\/pages"}],"about":[{"href":"https:\/\/portais.santoandre.sp.gov.br\/semasa\/wp-json\/wp\/v2\/types\/page"}],"author":[{"embeddable":true,"href":"https:\/\/portais.santoandre.sp.gov.br\/semasa\/wp-json\/wp\/v2\/users\/28"}],"replies":[{"embeddable":true,"href":"https:\/\/portais.santoandre.sp.gov.br\/semasa\/wp-json\/wp\/v2\/comments?post=403"}],"version-history":[{"count":3,"href":"https:\/\/portais.santoandre.sp.gov.br\/semasa\/wp-json\/wp\/v2\/pages\/403\/revisions"}],"predecessor-version":[{"id":6818,"href":"https:\/\/portais.santoandre.sp.gov.br\/semasa\/wp-json\/wp\/v2\/pages\/403\/revisions\/6818"}],"up":[{"embeddable":true,"href":"https:\/\/portais.santoandre.sp.gov.br\/semasa\/wp-json\/wp\/v2\/pages\/285"}],"wp:attachment":[{"href":"https:\/\/portais.santoandre.sp.gov.br\/semasa\/wp-json\/wp\/v2\/media?parent=403"}],"curies":[{"name":"wp","href":"https:\/\/api.w.org\/{rel}","templated":true}]}}