{"id":3903,"date":"2025-05-27T11:51:41","date_gmt":"2025-05-27T14:51:41","guid":{"rendered":"https:\/\/portais.santoandre.sp.gov.br\/semasa\/?page_id=3903"},"modified":"2025-06-03T09:12:08","modified_gmt":"2025-06-03T12:12:08","slug":"gincana-ecologica","status":"publish","type":"page","link":"https:\/\/portais.santoandre.sp.gov.br\/semasa\/residuos\/estacoes-de-coleta\/gincana-ecologica\/","title":{"rendered":"Gincana Ecol\u00f3gica"},"content":{"rendered":"<div class=\"wp-block-image\">\n<figure class=\"alignleft size-full is-resized\"><img fetchpriority=\"high\" decoding=\"async\" width=\"535\" height=\"315\" src=\"https:\/\/portais.santoandre.sp.gov.br\/semasa\/wp-content\/uploads\/sites\/13\/2025\/05\/WhatsApp-Image-2023-06-14-at-11.10.56.jpeg\" alt=\"\" class=\"wp-image-3904\" style=\"width:286px;height:auto\" srcset=\"https:\/\/portais.santoandre.sp.gov.br\/semasa\/wp-content\/uploads\/sites\/13\/2025\/05\/WhatsApp-Image-2023-06-14-at-11.10.56.jpeg 535w, https:\/\/portais.santoandre.sp.gov.br\/semasa\/wp-content\/uploads\/sites\/13\/2025\/05\/WhatsApp-Image-2023-06-14-at-11.10.56-300x177.jpeg 300w\" sizes=\"(max-width: 535px) 100vw, 535px\" \/><\/figure><\/div>\n\n\n<p>A Gincana Ecol\u00f3gica refor\u00e7a o compromisso do munic\u00edpio de Santo Andr\u00e9 com os Objetivos de Desenvolvimento Sustent\u00e1vel (ODSs), estabelecidos pela Organiza\u00e7\u00e3o das Na\u00e7\u00f5es Unidas, que visam promover mais qualidade de vida e cuidado com o meio ambiente.<\/p>\n\n\n\n<p>O projeto nasceu em 2021 e consiste no envolvimento dos participantes em um circuito de atividades l\u00fadicas, como roleta da sorte, tomba-lata, bola ao cesto e minigolfe, acumulando pontos ao longo do percurso. No final, as crian\u00e7as podem escolher um brinquedo entre bonecas, carrinhos, patins, bicicletas e muito mais.<\/p>\n\n\n\n<figure class=\"wp-block-gallery has-nested-images columns-default is-cropped wp-block-gallery-1 is-layout-flex wp-block-gallery-is-layout-flex\">\n<figure data-wp-context=\"{&quot;imageId&quot;:&quot;69dd0d1f17302&quot;}\" data-wp-interactive=\"core\/image\" class=\"wp-block-image size-large wp-lightbox-container\"><img decoding=\"async\" width=\"1024\" height=\"768\" data-wp-class--hide=\"state.isContentHidden\" data-wp-class--show=\"state.isContentVisible\" data-wp-init=\"callbacks.setButtonStyles\" data-wp-on-async--click=\"actions.showLightbox\" data-wp-on-async--load=\"callbacks.setButtonStyles\" data-wp-on-async-window--resize=\"callbacks.setButtonStyles\" data-id=\"3930\" src=\"https:\/\/portais.santoandre.sp.gov.br\/semasa\/wp-content\/uploads\/sites\/13\/2025\/05\/Gincana-e-Breshopping-no-Parque-Guaraciaba-CCS_18062023-62-1024x768.jpg\" alt=\"\" class=\"wp-image-3930\" srcset=\"https:\/\/portais.santoandre.sp.gov.br\/semasa\/wp-content\/uploads\/sites\/13\/2025\/05\/Gincana-e-Breshopping-no-Parque-Guaraciaba-CCS_18062023-62-1024x768.jpg 1024w, https:\/\/portais.santoandre.sp.gov.br\/semasa\/wp-content\/uploads\/sites\/13\/2025\/05\/Gincana-e-Breshopping-no-Parque-Guaraciaba-CCS_18062023-62-300x225.jpg 300w, https:\/\/portais.santoandre.sp.gov.br\/semasa\/wp-content\/uploads\/sites\/13\/2025\/05\/Gincana-e-Breshopping-no-Parque-Guaraciaba-CCS_18062023-62-768x576.jpg 768w, https:\/\/portais.santoandre.sp.gov.br\/semasa\/wp-content\/uploads\/sites\/13\/2025\/05\/Gincana-e-Breshopping-no-Parque-Guaraciaba-CCS_18062023-62-1536x1152.jpg 1536w, https:\/\/portais.santoandre.sp.gov.br\/semasa\/wp-content\/uploads\/sites\/13\/2025\/05\/Gincana-e-Breshopping-no-Parque-Guaraciaba-CCS_18062023-62.jpg 2048w\" sizes=\"(max-width: 1024px) 100vw, 1024px\" \/><button\n\t\t\tclass=\"lightbox-trigger\"\n\t\t\ttype=\"button\"\n\t\t\taria-haspopup=\"dialog\"\n\t\t\taria-label=\"Ampliar\"\n\t\t\tdata-wp-init=\"callbacks.initTriggerButton\"\n\t\t\tdata-wp-on-async--click=\"actions.showLightbox\"\n\t\t\tdata-wp-style--right=\"state.imageButtonRight\"\n\t\t\tdata-wp-style--top=\"state.imageButtonTop\"\n\t\t>\n\t\t\t<svg xmlns=\"http:\/\/www.w3.org\/2000\/svg\" width=\"12\" height=\"12\" fill=\"none\" viewBox=\"0 0 12 12\">\n\t\t\t\t<path fill=\"#fff\" d=\"M2 0a2 2 0 0 0-2 2v2h1.5V2a.5.5 0 0 1 .5-.5h2V0H2Zm2 10.5H2a.5.5 0 0 1-.5-.5V8H0v2a2 2 0 0 0 2 2h2v-1.5ZM8 12v-1.5h2a.5.5 0 0 0 .5-.5V8H12v2a2 2 0 0 1-2 2H8Zm2-12a2 2 0 0 1 2 2v2h-1.5V2a.5.5 0 0 0-.5-.5H8V0h2Z\" \/>\n\t\t\t<\/svg>\n\t\t<\/button><\/figure>\n\n\n\n<figure data-wp-context=\"{&quot;imageId&quot;:&quot;69dd0d1f179bd&quot;}\" data-wp-interactive=\"core\/image\" class=\"wp-block-image size-large wp-lightbox-container\"><img decoding=\"async\" width=\"1024\" height=\"768\" data-wp-class--hide=\"state.isContentHidden\" data-wp-class--show=\"state.isContentVisible\" data-wp-init=\"callbacks.setButtonStyles\" data-wp-on-async--click=\"actions.showLightbox\" data-wp-on-async--load=\"callbacks.setButtonStyles\" data-wp-on-async-window--resize=\"callbacks.setButtonStyles\" data-id=\"3931\" src=\"https:\/\/portais.santoandre.sp.gov.br\/semasa\/wp-content\/uploads\/sites\/13\/2025\/05\/Gincana-Ecologica-no-Jardim-Alzira-Franco-CCS_13042024-11-1024x768.jpg\" alt=\"\" class=\"wp-image-3931\" srcset=\"https:\/\/portais.santoandre.sp.gov.br\/semasa\/wp-content\/uploads\/sites\/13\/2025\/05\/Gincana-Ecologica-no-Jardim-Alzira-Franco-CCS_13042024-11-1024x768.jpg 1024w, https:\/\/portais.santoandre.sp.gov.br\/semasa\/wp-content\/uploads\/sites\/13\/2025\/05\/Gincana-Ecologica-no-Jardim-Alzira-Franco-CCS_13042024-11-300x225.jpg 300w, https:\/\/portais.santoandre.sp.gov.br\/semasa\/wp-content\/uploads\/sites\/13\/2025\/05\/Gincana-Ecologica-no-Jardim-Alzira-Franco-CCS_13042024-11-768x576.jpg 768w, https:\/\/portais.santoandre.sp.gov.br\/semasa\/wp-content\/uploads\/sites\/13\/2025\/05\/Gincana-Ecologica-no-Jardim-Alzira-Franco-CCS_13042024-11-1536x1152.jpg 1536w, https:\/\/portais.santoandre.sp.gov.br\/semasa\/wp-content\/uploads\/sites\/13\/2025\/05\/Gincana-Ecologica-no-Jardim-Alzira-Franco-CCS_13042024-11-2048x1536.jpg 2048w\" sizes=\"(max-width: 1024px) 100vw, 1024px\" \/><button\n\t\t\tclass=\"lightbox-trigger\"\n\t\t\ttype=\"button\"\n\t\t\taria-haspopup=\"dialog\"\n\t\t\taria-label=\"Ampliar\"\n\t\t\tdata-wp-init=\"callbacks.initTriggerButton\"\n\t\t\tdata-wp-on-async--click=\"actions.showLightbox\"\n\t\t\tdata-wp-style--right=\"state.imageButtonRight\"\n\t\t\tdata-wp-style--top=\"state.imageButtonTop\"\n\t\t>\n\t\t\t<svg xmlns=\"http:\/\/www.w3.org\/2000\/svg\" width=\"12\" height=\"12\" fill=\"none\" viewBox=\"0 0 12 12\">\n\t\t\t\t<path fill=\"#fff\" d=\"M2 0a2 2 0 0 0-2 2v2h1.5V2a.5.5 0 0 1 .5-.5h2V0H2Zm2 10.5H2a.5.5 0 0 1-.5-.5V8H0v2a2 2 0 0 0 2 2h2v-1.5ZM8 12v-1.5h2a.5.5 0 0 0 .5-.5V8H12v2a2 2 0 0 1-2 2H8Zm2-12a2 2 0 0 1 2 2v2h-1.5V2a.5.5 0 0 0-.5-.5H8V0h2Z\" \/>\n\t\t\t<\/svg>\n\t\t<\/button><\/figure>\n\n\n\n<figure data-wp-context=\"{&quot;imageId&quot;:&quot;69dd0d1f17e52&quot;}\" data-wp-interactive=\"core\/image\" class=\"wp-block-image size-large wp-lightbox-container\"><img loading=\"lazy\" decoding=\"async\" width=\"1024\" height=\"768\" data-wp-class--hide=\"state.isContentHidden\" data-wp-class--show=\"state.isContentVisible\" data-wp-init=\"callbacks.setButtonStyles\" data-wp-on-async--click=\"actions.showLightbox\" data-wp-on-async--load=\"callbacks.setButtonStyles\" data-wp-on-async-window--resize=\"callbacks.setButtonStyles\" data-id=\"3933\" src=\"https:\/\/portais.santoandre.sp.gov.br\/semasa\/wp-content\/uploads\/sites\/13\/2025\/05\/Gincana-Ecologica-no-Jardim-Alzira-Franco-CCS_13042024-81-1024x768.jpg\" alt=\"\" class=\"wp-image-3933\" srcset=\"https:\/\/portais.santoandre.sp.gov.br\/semasa\/wp-content\/uploads\/sites\/13\/2025\/05\/Gincana-Ecologica-no-Jardim-Alzira-Franco-CCS_13042024-81-1024x768.jpg 1024w, https:\/\/portais.santoandre.sp.gov.br\/semasa\/wp-content\/uploads\/sites\/13\/2025\/05\/Gincana-Ecologica-no-Jardim-Alzira-Franco-CCS_13042024-81-300x225.jpg 300w, https:\/\/portais.santoandre.sp.gov.br\/semasa\/wp-content\/uploads\/sites\/13\/2025\/05\/Gincana-Ecologica-no-Jardim-Alzira-Franco-CCS_13042024-81-768x576.jpg 768w, https:\/\/portais.santoandre.sp.gov.br\/semasa\/wp-content\/uploads\/sites\/13\/2025\/05\/Gincana-Ecologica-no-Jardim-Alzira-Franco-CCS_13042024-81-1536x1152.jpg 1536w, https:\/\/portais.santoandre.sp.gov.br\/semasa\/wp-content\/uploads\/sites\/13\/2025\/05\/Gincana-Ecologica-no-Jardim-Alzira-Franco-CCS_13042024-81-2048x1536.jpg 2048w\" sizes=\"(max-width: 1024px) 100vw, 1024px\" \/><button\n\t\t\tclass=\"lightbox-trigger\"\n\t\t\ttype=\"button\"\n\t\t\taria-haspopup=\"dialog\"\n\t\t\taria-label=\"Ampliar\"\n\t\t\tdata-wp-init=\"callbacks.initTriggerButton\"\n\t\t\tdata-wp-on-async--click=\"actions.showLightbox\"\n\t\t\tdata-wp-style--right=\"state.imageButtonRight\"\n\t\t\tdata-wp-style--top=\"state.imageButtonTop\"\n\t\t>\n\t\t\t<svg xmlns=\"http:\/\/www.w3.org\/2000\/svg\" width=\"12\" height=\"12\" fill=\"none\" viewBox=\"0 0 12 12\">\n\t\t\t\t<path fill=\"#fff\" d=\"M2 0a2 2 0 0 0-2 2v2h1.5V2a.5.5 0 0 1 .5-.5h2V0H2Zm2 10.5H2a.5.5 0 0 1-.5-.5V8H0v2a2 2 0 0 0 2 2h2v-1.5ZM8 12v-1.5h2a.5.5 0 0 0 .5-.5V8H12v2a2 2 0 0 1-2 2H8Zm2-12a2 2 0 0 1 2 2v2h-1.5V2a.5.5 0 0 0-.5-.5H8V0h2Z\" \/>\n\t\t\t<\/svg>\n\t\t<\/button><\/figure>\n\n\n\n<figure class=\"wp-block-image size-large\"><img loading=\"lazy\" decoding=\"async\" width=\"1024\" height=\"768\" data-id=\"3932\" src=\"https:\/\/portais.santoandre.sp.gov.br\/semasa\/wp-content\/uploads\/sites\/13\/2025\/05\/Gincana-Ecologica-Nucleo-Sorocaba-CCS_25082023-56-1024x768.jpg\" alt=\"\" class=\"wp-image-3932\" srcset=\"https:\/\/portais.santoandre.sp.gov.br\/semasa\/wp-content\/uploads\/sites\/13\/2025\/05\/Gincana-Ecologica-Nucleo-Sorocaba-CCS_25082023-56-1024x768.jpg 1024w, https:\/\/portais.santoandre.sp.gov.br\/semasa\/wp-content\/uploads\/sites\/13\/2025\/05\/Gincana-Ecologica-Nucleo-Sorocaba-CCS_25082023-56-300x225.jpg 300w, https:\/\/portais.santoandre.sp.gov.br\/semasa\/wp-content\/uploads\/sites\/13\/2025\/05\/Gincana-Ecologica-Nucleo-Sorocaba-CCS_25082023-56-768x576.jpg 768w, https:\/\/portais.santoandre.sp.gov.br\/semasa\/wp-content\/uploads\/sites\/13\/2025\/05\/Gincana-Ecologica-Nucleo-Sorocaba-CCS_25082023-56-1536x1152.jpg 1536w, https:\/\/portais.santoandre.sp.gov.br\/semasa\/wp-content\/uploads\/sites\/13\/2025\/05\/Gincana-Ecologica-Nucleo-Sorocaba-CCS_25082023-56-2048x1536.jpg 2048w\" sizes=\"(max-width: 1024px) 100vw, 1024px\" \/><\/figure>\n<\/figure>\n\n\n\n<p>Todos os itens distribu\u00eddos s\u00e3o arrecadados por meio de doa\u00e7\u00f5es nas Esta\u00e7\u00f5es de Coleta do munic\u00edpio. As pe\u00e7as passam por um processo de avalia\u00e7\u00e3o e higieniza\u00e7\u00e3o sustent\u00e1vel antes de serem destinadas aos seus novos donos. O projeto \u00e9 importante, pois evita que esses materiais sejam destinados ao Aterro Municipal de Santo Andr\u00e9 e, ainda, ajudam comunidades mais vulner\u00e1veis.&nbsp;<\/p>\n\n\n\n<p>Desde que surgiu, em 2021, j\u00e1 foram 19 edi\u00e7\u00f5es realizadas com participa\u00e7\u00e3o de mais de 2.600 crian\u00e7as e distribui\u00e7\u00e3o de 5.054 brinquedos.<\/p>\n","protected":false},"excerpt":{"rendered":"<p>A Gincana Ecol\u00f3gica refor\u00e7a o compromisso do munic\u00edpio de Santo Andr\u00e9 com os Objetivos de Desenvolvimento Sustent\u00e1vel (ODSs), estabelecidos pela Organiza\u00e7\u00e3o das Na\u00e7\u00f5es Unidas, que visam promover mais qualidade de vida e cuidado com o meio ambiente. O projeto nasceu em 2021 e consiste no envolvimento dos participantes em um circuito de atividades l\u00fadicas, como [&hellip;]<\/p>\n","protected":false},"author":28,"featured_media":0,"parent":151,"menu_order":0,"comment_status":"closed","ping_status":"closed","template":"","meta":{"footnotes":""},"class_list":["post-3903","page","type-page","status-publish","hentry"],"_links":{"self":[{"href":"https:\/\/portais.santoandre.sp.gov.br\/semasa\/wp-json\/wp\/v2\/pages\/3903","targetHints":{"allow":["GET"]}}],"collection":[{"href":"https:\/\/portais.santoandre.sp.gov.br\/semasa\/wp-json\/wp\/v2\/pages"}],"about":[{"href":"https:\/\/portais.santoandre.sp.gov.br\/semasa\/wp-json\/wp\/v2\/types\/page"}],"author":[{"embeddable":true,"href":"https:\/\/portais.santoandre.sp.gov.br\/semasa\/wp-json\/wp\/v2\/users\/28"}],"replies":[{"embeddable":true,"href":"https:\/\/portais.santoandre.sp.gov.br\/semasa\/wp-json\/wp\/v2\/comments?post=3903"}],"version-history":[{"count":2,"href":"https:\/\/portais.santoandre.sp.gov.br\/semasa\/wp-json\/wp\/v2\/pages\/3903\/revisions"}],"predecessor-version":[{"id":4041,"href":"https:\/\/portais.santoandre.sp.gov.br\/semasa\/wp-json\/wp\/v2\/pages\/3903\/revisions\/4041"}],"up":[{"embeddable":true,"href":"https:\/\/portais.santoandre.sp.gov.br\/semasa\/wp-json\/wp\/v2\/pages\/151"}],"wp:attachment":[{"href":"https:\/\/portais.santoandre.sp.gov.br\/semasa\/wp-json\/wp\/v2\/media?parent=3903"}],"curies":[{"name":"wp","href":"https:\/\/api.w.org\/{rel}","templated":true}]}}