{"id":3882,"date":"2025-05-21T08:57:58","date_gmt":"2025-05-21T11:57:58","guid":{"rendered":"https:\/\/portais.santoandre.sp.gov.br\/semasa\/?page_id=3882"},"modified":"2025-05-21T08:57:58","modified_gmt":"2025-05-21T11:57:58","slug":"henducadores-mirins","status":"publish","type":"page","link":"https:\/\/portais.santoandre.sp.gov.br\/semasa\/gestao-ambiental\/henducadores-mirins\/","title":{"rendered":"Henducadores Mirins"},"content":{"rendered":"<div class=\"wp-block-image\">\n<figure class=\"alignleft size-large is-resized\"><img fetchpriority=\"high\" decoding=\"async\" width=\"1024\" height=\"748\" src=\"https:\/\/portais.santoandre.sp.gov.br\/semasa\/wp-content\/uploads\/sites\/13\/2025\/05\/HEnducadores-ok-1024x748.png\" alt=\"\" class=\"wp-image-3883\" style=\"width:331px;height:auto\" srcset=\"https:\/\/portais.santoandre.sp.gov.br\/semasa\/wp-content\/uploads\/sites\/13\/2025\/05\/HEnducadores-ok-1024x748.png 1024w, https:\/\/portais.santoandre.sp.gov.br\/semasa\/wp-content\/uploads\/sites\/13\/2025\/05\/HEnducadores-ok-300x219.png 300w, https:\/\/portais.santoandre.sp.gov.br\/semasa\/wp-content\/uploads\/sites\/13\/2025\/05\/HEnducadores-ok-768x561.png 768w, https:\/\/portais.santoandre.sp.gov.br\/semasa\/wp-content\/uploads\/sites\/13\/2025\/05\/HEnducadores-ok-1536x1122.png 1536w, https:\/\/portais.santoandre.sp.gov.br\/semasa\/wp-content\/uploads\/sites\/13\/2025\/05\/HEnducadores-ok-2048x1496.png 2048w\" sizes=\"(max-width: 1024px) 100vw, 1024px\" \/><\/figure><\/div>\n\n\n<p>A forma\u00e7\u00e3o de\u00a0<strong>Henducadores Mirins<\/strong>\u00a0\u00e9 uma iniciativa do\u00a0<strong><a href=\"http:\/\/www.semasa.sp.gov.br\/hendu\" data-type=\"link\" data-id=\"http:\/\/www.semasa.sp.gov.br\/hendu\">Programa Hendu \u2013 Reconex\u00e3o com o Meio Ambiente sob o Olhar Infantil<\/a> <\/strong>realizado pela Ger\u00eancia de Educa\u00e7\u00e3o e Mobiliza\u00e7\u00e3o Ambiental do Semasa.<\/p>\n\n\n\n<p>A palavra\u00a0<em>Hendu<\/em>, de origem Tupi-Guarani, significa\u00a0<em>escutar, ouvir e entender<\/em>, refletindo a ess\u00eancia do projeto: promover uma conex\u00e3o profunda entre crian\u00e7as e natureza, incentivando-as a aprender, ensinar e agir como protagonistas ambientais.<\/p>\n\n\n\n<p>Em 2025, o programa se alinha aos desafios globais, com foco no\u00a0enfrentamento \u00e0s mudan\u00e7as clim\u00e1ticas. As crian\u00e7as, como Henducadores Mirins, s\u00e3o estimuladas a fortalecer seus v\u00ednculos com a natureza, compreender os impactos das mudan\u00e7as clim\u00e1ticas e disseminar pr\u00e1ticas sustent\u00e1veis em suas comunidades, tornando-se agentes de transforma\u00e7\u00e3o. <\/p>\n\n\n\n<p>A metodologia central \u00e9 a\u00a0da <strong>TiNi (Terra das Crian\u00e7as)<\/strong>, desenvolvida pelo peruano Joaqu\u00edn Leguia, que prop\u00f5e a cria\u00e7\u00e3o de espa\u00e7os verdes compartilhados para viv\u00eancias pr\u00e1ticas. Por meio dela, as crian\u00e7as cultivam ecossistemas, desenvolvem empatia pela natureza e aplicam solu\u00e7\u00f5es ambientais.<\/p>\n\n\n\n<p>O projeto vai atender cerca de 90 crian\u00e7as de 4 a 11 anos em\u00a03 turmas-piloto voltadas para entidades assistenciais de Santo Andr\u00e9, com encontros mensais\u00a0de abril a novembro de 2025, incluindo:<\/p>\n\n\n\n<ul class=\"wp-block-list\">\n<li>Diagn\u00f3stico, sensibiliza\u00e7\u00e3o, imers\u00e3o na natureza e a\u00e7\u00f5es pr\u00e1ticas\u00a0(como implenta\u00e7\u00e3o de TiNis e discuss\u00f5es sobre mudan\u00e7as clim\u00e1ticas).<\/li>\n\n\n\n<li>Encontros com educadores e familiares\u00a0para ampliar o impacto da iniciativa.<\/li>\n\n\n\n<li>Cerim\u00f4nia de encerramento\u00a0com certifica\u00e7\u00e3o.<\/li>\n<\/ul>\n\n\n\n<p>A primeira entidade a receber a iniciativa foi a <strong>Todo Mundo Feliz<\/strong>, na VIla Pr\u00edncipe de Gales, em abril de 2025.<\/p>\n\n\n\n<figure class=\"wp-block-gallery has-nested-images columns-default is-cropped wp-block-gallery-1 is-layout-flex wp-block-gallery-is-layout-flex\">\n<figure class=\"wp-block-image size-large\"><img decoding=\"async\" width=\"1024\" height=\"683\" data-id=\"3889\" src=\"https:\/\/portais.santoandre.sp.gov.br\/semasa\/wp-content\/uploads\/sites\/13\/2025\/05\/Lancamento-Educadores-Mirins-_-Entidade-Todo-Mundo-Feliz_CCS_22042025-140-1024x683.jpg\" alt=\"\" class=\"wp-image-3889\" srcset=\"https:\/\/portais.santoandre.sp.gov.br\/semasa\/wp-content\/uploads\/sites\/13\/2025\/05\/Lancamento-Educadores-Mirins-_-Entidade-Todo-Mundo-Feliz_CCS_22042025-140-1024x683.jpg 1024w, https:\/\/portais.santoandre.sp.gov.br\/semasa\/wp-content\/uploads\/sites\/13\/2025\/05\/Lancamento-Educadores-Mirins-_-Entidade-Todo-Mundo-Feliz_CCS_22042025-140-300x200.jpg 300w, https:\/\/portais.santoandre.sp.gov.br\/semasa\/wp-content\/uploads\/sites\/13\/2025\/05\/Lancamento-Educadores-Mirins-_-Entidade-Todo-Mundo-Feliz_CCS_22042025-140-768x512.jpg 768w, https:\/\/portais.santoandre.sp.gov.br\/semasa\/wp-content\/uploads\/sites\/13\/2025\/05\/Lancamento-Educadores-Mirins-_-Entidade-Todo-Mundo-Feliz_CCS_22042025-140-1536x1024.jpg 1536w, https:\/\/portais.santoandre.sp.gov.br\/semasa\/wp-content\/uploads\/sites\/13\/2025\/05\/Lancamento-Educadores-Mirins-_-Entidade-Todo-Mundo-Feliz_CCS_22042025-140-2048x1365.jpg 2048w\" sizes=\"(max-width: 1024px) 100vw, 1024px\" \/><\/figure>\n\n\n\n<figure class=\"wp-block-image size-large\"><img decoding=\"async\" width=\"1024\" height=\"683\" data-id=\"3888\" src=\"https:\/\/portais.santoandre.sp.gov.br\/semasa\/wp-content\/uploads\/sites\/13\/2025\/05\/Lancamento-Educadores-Mirins-_-Entidade-Todo-Mundo-Feliz_CCS_22042025-112-1024x683.jpg\" alt=\"\" class=\"wp-image-3888\" srcset=\"https:\/\/portais.santoandre.sp.gov.br\/semasa\/wp-content\/uploads\/sites\/13\/2025\/05\/Lancamento-Educadores-Mirins-_-Entidade-Todo-Mundo-Feliz_CCS_22042025-112-1024x683.jpg 1024w, https:\/\/portais.santoandre.sp.gov.br\/semasa\/wp-content\/uploads\/sites\/13\/2025\/05\/Lancamento-Educadores-Mirins-_-Entidade-Todo-Mundo-Feliz_CCS_22042025-112-300x200.jpg 300w, https:\/\/portais.santoandre.sp.gov.br\/semasa\/wp-content\/uploads\/sites\/13\/2025\/05\/Lancamento-Educadores-Mirins-_-Entidade-Todo-Mundo-Feliz_CCS_22042025-112-768x512.jpg 768w, https:\/\/portais.santoandre.sp.gov.br\/semasa\/wp-content\/uploads\/sites\/13\/2025\/05\/Lancamento-Educadores-Mirins-_-Entidade-Todo-Mundo-Feliz_CCS_22042025-112-1536x1024.jpg 1536w, https:\/\/portais.santoandre.sp.gov.br\/semasa\/wp-content\/uploads\/sites\/13\/2025\/05\/Lancamento-Educadores-Mirins-_-Entidade-Todo-Mundo-Feliz_CCS_22042025-112-2048x1365.jpg 2048w\" sizes=\"(max-width: 1024px) 100vw, 1024px\" \/><\/figure>\n\n\n\n<figure class=\"wp-block-image size-large\"><img loading=\"lazy\" decoding=\"async\" width=\"1024\" height=\"683\" data-id=\"3887\" src=\"https:\/\/portais.santoandre.sp.gov.br\/semasa\/wp-content\/uploads\/sites\/13\/2025\/05\/Lancamento-Educadores-Mirins-_-Entidade-Todo-Mundo-Feliz_CCS_22042025-96-1024x683.jpg\" alt=\"\" class=\"wp-image-3887\" srcset=\"https:\/\/portais.santoandre.sp.gov.br\/semasa\/wp-content\/uploads\/sites\/13\/2025\/05\/Lancamento-Educadores-Mirins-_-Entidade-Todo-Mundo-Feliz_CCS_22042025-96-1024x683.jpg 1024w, https:\/\/portais.santoandre.sp.gov.br\/semasa\/wp-content\/uploads\/sites\/13\/2025\/05\/Lancamento-Educadores-Mirins-_-Entidade-Todo-Mundo-Feliz_CCS_22042025-96-300x200.jpg 300w, https:\/\/portais.santoandre.sp.gov.br\/semasa\/wp-content\/uploads\/sites\/13\/2025\/05\/Lancamento-Educadores-Mirins-_-Entidade-Todo-Mundo-Feliz_CCS_22042025-96-768x512.jpg 768w, https:\/\/portais.santoandre.sp.gov.br\/semasa\/wp-content\/uploads\/sites\/13\/2025\/05\/Lancamento-Educadores-Mirins-_-Entidade-Todo-Mundo-Feliz_CCS_22042025-96-1536x1024.jpg 1536w, https:\/\/portais.santoandre.sp.gov.br\/semasa\/wp-content\/uploads\/sites\/13\/2025\/05\/Lancamento-Educadores-Mirins-_-Entidade-Todo-Mundo-Feliz_CCS_22042025-96-2048x1365.jpg 2048w\" sizes=\"(max-width: 1024px) 100vw, 1024px\" \/><\/figure>\n\n\n\n<figure class=\"wp-block-image size-large\"><img loading=\"lazy\" decoding=\"async\" width=\"1024\" height=\"683\" data-id=\"3886\" src=\"https:\/\/portais.santoandre.sp.gov.br\/semasa\/wp-content\/uploads\/sites\/13\/2025\/05\/Lancamento-Educadores-Mirins-_-Entidade-Todo-Mundo-Feliz_CCS_22042025-66-1024x683.jpg\" alt=\"\" class=\"wp-image-3886\" srcset=\"https:\/\/portais.santoandre.sp.gov.br\/semasa\/wp-content\/uploads\/sites\/13\/2025\/05\/Lancamento-Educadores-Mirins-_-Entidade-Todo-Mundo-Feliz_CCS_22042025-66-1024x683.jpg 1024w, https:\/\/portais.santoandre.sp.gov.br\/semasa\/wp-content\/uploads\/sites\/13\/2025\/05\/Lancamento-Educadores-Mirins-_-Entidade-Todo-Mundo-Feliz_CCS_22042025-66-300x200.jpg 300w, https:\/\/portais.santoandre.sp.gov.br\/semasa\/wp-content\/uploads\/sites\/13\/2025\/05\/Lancamento-Educadores-Mirins-_-Entidade-Todo-Mundo-Feliz_CCS_22042025-66-768x512.jpg 768w, https:\/\/portais.santoandre.sp.gov.br\/semasa\/wp-content\/uploads\/sites\/13\/2025\/05\/Lancamento-Educadores-Mirins-_-Entidade-Todo-Mundo-Feliz_CCS_22042025-66-1536x1024.jpg 1536w, https:\/\/portais.santoandre.sp.gov.br\/semasa\/wp-content\/uploads\/sites\/13\/2025\/05\/Lancamento-Educadores-Mirins-_-Entidade-Todo-Mundo-Feliz_CCS_22042025-66-2048x1365.jpg 2048w\" sizes=\"(max-width: 1024px) 100vw, 1024px\" \/><\/figure>\n\n\n\n<figure class=\"wp-block-image size-large\"><img loading=\"lazy\" decoding=\"async\" width=\"1024\" height=\"683\" data-id=\"3885\" src=\"https:\/\/portais.santoandre.sp.gov.br\/semasa\/wp-content\/uploads\/sites\/13\/2025\/05\/Lancamento-Educadores-Mirins-_-Entidade-Todo-Mundo-Feliz_CCS_22042025-35-1024x683.jpg\" alt=\"\" class=\"wp-image-3885\" srcset=\"https:\/\/portais.santoandre.sp.gov.br\/semasa\/wp-content\/uploads\/sites\/13\/2025\/05\/Lancamento-Educadores-Mirins-_-Entidade-Todo-Mundo-Feliz_CCS_22042025-35-1024x683.jpg 1024w, https:\/\/portais.santoandre.sp.gov.br\/semasa\/wp-content\/uploads\/sites\/13\/2025\/05\/Lancamento-Educadores-Mirins-_-Entidade-Todo-Mundo-Feliz_CCS_22042025-35-300x200.jpg 300w, https:\/\/portais.santoandre.sp.gov.br\/semasa\/wp-content\/uploads\/sites\/13\/2025\/05\/Lancamento-Educadores-Mirins-_-Entidade-Todo-Mundo-Feliz_CCS_22042025-35-768x512.jpg 768w, https:\/\/portais.santoandre.sp.gov.br\/semasa\/wp-content\/uploads\/sites\/13\/2025\/05\/Lancamento-Educadores-Mirins-_-Entidade-Todo-Mundo-Feliz_CCS_22042025-35-1536x1024.jpg 1536w, https:\/\/portais.santoandre.sp.gov.br\/semasa\/wp-content\/uploads\/sites\/13\/2025\/05\/Lancamento-Educadores-Mirins-_-Entidade-Todo-Mundo-Feliz_CCS_22042025-35-2048x1365.jpg 2048w\" sizes=\"(max-width: 1024px) 100vw, 1024px\" \/><\/figure>\n\n\n\n<figure class=\"wp-block-image size-large\"><img loading=\"lazy\" decoding=\"async\" width=\"1024\" height=\"683\" data-id=\"3884\" src=\"https:\/\/portais.santoandre.sp.gov.br\/semasa\/wp-content\/uploads\/sites\/13\/2025\/05\/Lancamento-Educadores-Mirins-_-Entidade-Todo-Mundo-Feliz_CCS_22042025-5-1024x683.jpg\" alt=\"\" class=\"wp-image-3884\" srcset=\"https:\/\/portais.santoandre.sp.gov.br\/semasa\/wp-content\/uploads\/sites\/13\/2025\/05\/Lancamento-Educadores-Mirins-_-Entidade-Todo-Mundo-Feliz_CCS_22042025-5-1024x683.jpg 1024w, https:\/\/portais.santoandre.sp.gov.br\/semasa\/wp-content\/uploads\/sites\/13\/2025\/05\/Lancamento-Educadores-Mirins-_-Entidade-Todo-Mundo-Feliz_CCS_22042025-5-300x200.jpg 300w, https:\/\/portais.santoandre.sp.gov.br\/semasa\/wp-content\/uploads\/sites\/13\/2025\/05\/Lancamento-Educadores-Mirins-_-Entidade-Todo-Mundo-Feliz_CCS_22042025-5-768x512.jpg 768w, https:\/\/portais.santoandre.sp.gov.br\/semasa\/wp-content\/uploads\/sites\/13\/2025\/05\/Lancamento-Educadores-Mirins-_-Entidade-Todo-Mundo-Feliz_CCS_22042025-5-1536x1024.jpg 1536w, https:\/\/portais.santoandre.sp.gov.br\/semasa\/wp-content\/uploads\/sites\/13\/2025\/05\/Lancamento-Educadores-Mirins-_-Entidade-Todo-Mundo-Feliz_CCS_22042025-5-2048x1365.jpg 2048w\" sizes=\"(max-width: 1024px) 100vw, 1024px\" \/><\/figure>\n<\/figure>\n\n\n\n<p>O monitoramento e avalia\u00e7\u00e3o\u00a0incluir\u00e3o di\u00e1rios elaborados pelas pr\u00f3prias crian\u00e7as, question\u00e1rios e acompanhamento da TiNi em cada institui\u00e7\u00e3o . O Semasa \u00e9 respons\u00e1vel pelo suporte pedag\u00f3gico e metodol\u00f3gico, oferecendo forma\u00e7\u00e3o e acompanhamento das atividades. J\u00e1 as institui\u00e7\u00f5es parceiras atuar\u00e3o na mobiliza\u00e7\u00e3o das crian\u00e7as, dos educadores e das comunidades locais, garantindo o engajamento e a participa\u00e7\u00e3o efetiva no projeto.<\/p>\n\n\n\n<p>Inspirado no hist\u00f3rico Projeto Agentes Ambientais Mirins \u2013 iniciativa pioneira do Semasa nos prim\u00f3rdios do Departamento de Gest\u00e3o Ambiental (2000), o programa mant\u00e9m esse legado ao incorporar abordagens inovadoras. Seu objetivo central \u00e9 promover a participa\u00e7\u00e3o infantil na constru\u00e7\u00e3o da sustentabilidade, baseando-se em tr\u00eas pilares:\u00a0 o fortalecimento do v\u00ednculo entre crian\u00e7as e natureza;\u00a0 a sensibiliza\u00e7\u00e3o cr\u00edtica sobre temas ambientais atuais e\u00a0 a implementa\u00e7\u00e3o de TiNis como espa\u00e7os concretos de aprendizagem e adapta\u00e7\u00e3o clim\u00e1tica.<\/p>\n\n\n\n<p>Os &nbsp;<strong>Henducadores Mirins<\/strong>&nbsp;se alinham aos objetivos da Pol\u00edtica Municipal de Educa\u00e7\u00e3o Ambiental, promovendo uma&nbsp;educa\u00e7\u00e3o ambiental cr\u00edtica, l\u00fadica e territorial, contribuindo com a forma\u00e7\u00e3o de uma gera\u00e7\u00e3o capaz de \u201cescutar a natureza\u201d e agir por um futuro mais sustent\u00e1vel.<\/p>\n","protected":false},"excerpt":{"rendered":"<p>A forma\u00e7\u00e3o de\u00a0Henducadores Mirins\u00a0\u00e9 uma iniciativa do\u00a0Programa Hendu \u2013 Reconex\u00e3o com o Meio Ambiente sob o Olhar Infantil realizado pela Ger\u00eancia de Educa\u00e7\u00e3o e Mobiliza\u00e7\u00e3o Ambiental do Semasa. A palavra\u00a0Hendu, de origem Tupi-Guarani, significa\u00a0escutar, ouvir e entender, refletindo a ess\u00eancia do projeto: promover uma conex\u00e3o profunda entre crian\u00e7as e natureza, incentivando-as a aprender, ensinar e [&hellip;]<\/p>\n","protected":false},"author":28,"featured_media":0,"parent":311,"menu_order":0,"comment_status":"closed","ping_status":"closed","template":"","meta":{"footnotes":""},"class_list":["post-3882","page","type-page","status-publish","hentry"],"_links":{"self":[{"href":"https:\/\/portais.santoandre.sp.gov.br\/semasa\/wp-json\/wp\/v2\/pages\/3882","targetHints":{"allow":["GET"]}}],"collection":[{"href":"https:\/\/portais.santoandre.sp.gov.br\/semasa\/wp-json\/wp\/v2\/pages"}],"about":[{"href":"https:\/\/portais.santoandre.sp.gov.br\/semasa\/wp-json\/wp\/v2\/types\/page"}],"author":[{"embeddable":true,"href":"https:\/\/portais.santoandre.sp.gov.br\/semasa\/wp-json\/wp\/v2\/users\/28"}],"replies":[{"embeddable":true,"href":"https:\/\/portais.santoandre.sp.gov.br\/semasa\/wp-json\/wp\/v2\/comments?post=3882"}],"version-history":[{"count":1,"href":"https:\/\/portais.santoandre.sp.gov.br\/semasa\/wp-json\/wp\/v2\/pages\/3882\/revisions"}],"predecessor-version":[{"id":3890,"href":"https:\/\/portais.santoandre.sp.gov.br\/semasa\/wp-json\/wp\/v2\/pages\/3882\/revisions\/3890"}],"up":[{"embeddable":true,"href":"https:\/\/portais.santoandre.sp.gov.br\/semasa\/wp-json\/wp\/v2\/pages\/311"}],"wp:attachment":[{"href":"https:\/\/portais.santoandre.sp.gov.br\/semasa\/wp-json\/wp\/v2\/media?parent=3882"}],"curies":[{"name":"wp","href":"https:\/\/api.w.org\/{rel}","templated":true}]}}