{"id":3855,"date":"2025-05-16T12:10:39","date_gmt":"2025-05-16T15:10:39","guid":{"rendered":"https:\/\/portais.santoandre.sp.gov.br\/semasa\/?page_id=3855"},"modified":"2025-05-16T12:11:11","modified_gmt":"2025-05-16T15:11:11","slug":"proar","status":"publish","type":"page","link":"https:\/\/portais.santoandre.sp.gov.br\/semasa\/gestao-ambiental\/fiscalizacao-ambiental\/proar\/","title":{"rendered":"ProAr"},"content":{"rendered":"\n<p>O Proar (Programa de Qualidade do Ar em Santo Andr\u00e9), consiste nas aferi\u00e7\u00f5es de emiss\u00e3o de fuma\u00e7a preta por ve\u00edculos movidos a diesel da frota p\u00fablica e da frota circulante do munic\u00edpio.<\/p>\n\n\n<div class=\"wp-block-image\">\n<figure class=\"alignright size-large is-resized\"><img fetchpriority=\"high\" decoding=\"async\" width=\"1024\" height=\"768\" src=\"https:\/\/portais.santoandre.sp.gov.br\/semasa\/wp-content\/uploads\/sites\/13\/2025\/05\/PROAR_CCS_12032024-43-1024x768.jpg\" alt=\"\" class=\"wp-image-3858\" style=\"width:324px;height:auto\" srcset=\"https:\/\/portais.santoandre.sp.gov.br\/semasa\/wp-content\/uploads\/sites\/13\/2025\/05\/PROAR_CCS_12032024-43-1024x768.jpg 1024w, https:\/\/portais.santoandre.sp.gov.br\/semasa\/wp-content\/uploads\/sites\/13\/2025\/05\/PROAR_CCS_12032024-43-300x225.jpg 300w, https:\/\/portais.santoandre.sp.gov.br\/semasa\/wp-content\/uploads\/sites\/13\/2025\/05\/PROAR_CCS_12032024-43-768x576.jpg 768w, https:\/\/portais.santoandre.sp.gov.br\/semasa\/wp-content\/uploads\/sites\/13\/2025\/05\/PROAR_CCS_12032024-43-1536x1152.jpg 1536w, https:\/\/portais.santoandre.sp.gov.br\/semasa\/wp-content\/uploads\/sites\/13\/2025\/05\/PROAR_CCS_12032024-43-2048x1536.jpg 2048w\" sizes=\"(max-width: 1024px) 100vw, 1024px\" \/><\/figure><\/div>\n\n\n<p>As blitze do ProAr (Programa da Qualidade do Ar) ocorrem de duas a tr\u00eas vezes por semana em corredores de grande circula\u00e7\u00e3o de ve\u00edculos. As vistorias s\u00e3o realizadas em ve\u00edculos a diesel e integram as a\u00e7\u00f5es de fiscaliza\u00e7\u00e3o ambiental da autarquia. As a\u00e7\u00f5es ocorrem com apoio da GCM (Guarda Civil Municipal) e Pol\u00edcia Militar.<\/p>\n\n\n<div class=\"wp-block-image\">\n<figure class=\"alignleft size-large is-resized\"><img decoding=\"async\" width=\"1024\" height=\"768\" src=\"https:\/\/portais.santoandre.sp.gov.br\/semasa\/wp-content\/uploads\/sites\/13\/2025\/05\/PROAR_CCS_12032024-28-1024x768.jpg\" alt=\"\" class=\"wp-image-3856\" style=\"width:347px;height:auto\" srcset=\"https:\/\/portais.santoandre.sp.gov.br\/semasa\/wp-content\/uploads\/sites\/13\/2025\/05\/PROAR_CCS_12032024-28-1024x768.jpg 1024w, https:\/\/portais.santoandre.sp.gov.br\/semasa\/wp-content\/uploads\/sites\/13\/2025\/05\/PROAR_CCS_12032024-28-300x225.jpg 300w, https:\/\/portais.santoandre.sp.gov.br\/semasa\/wp-content\/uploads\/sites\/13\/2025\/05\/PROAR_CCS_12032024-28-768x576.jpg 768w, https:\/\/portais.santoandre.sp.gov.br\/semasa\/wp-content\/uploads\/sites\/13\/2025\/05\/PROAR_CCS_12032024-28-1536x1152.jpg 1536w, https:\/\/portais.santoandre.sp.gov.br\/semasa\/wp-content\/uploads\/sites\/13\/2025\/05\/PROAR_CCS_12032024-28-2048x1536.jpg 2048w\" sizes=\"(max-width: 1024px) 100vw, 1024px\" \/><\/figure><\/div>\n\n\n<p>A multa aplicada pelo Semasa \u00e9 de 500 FMPs (equivalente a R$ 2.776,95) e o propriet\u00e1rio tem 60 dias para efetuar a manuten\u00e7\u00e3o do ve\u00edculo e apresentar laudo de opacidade aprovado para pleitear o abatimento de at\u00e9 90% do valor da autua\u00e7\u00e3o. As advert\u00eancias s\u00e3o aplicadas quando h\u00e1 alguma avaria mec\u00e2nica no ve\u00edculo que impe\u00e7a o teste com o opac\u00edmetro (equipamento utilizado nas aferi\u00e7\u00f5es). Os ve\u00edculos aprovados recebem o selo de aprova\u00e7\u00e3o do ProAr 2025.<\/p>\n\n\n\n<div class=\"wp-block-stackable-separator alignfull stk-block-separator stk--no-padding stk-block stk-196687e\" data-block-id=\"196687e\"><style>.stk-196687e {margin-bottom:0px !important;}<\/style><div class=\"stk-block-separator__inner\"><svg xmlns=\"http:\/\/www.w3.org\/2000\/svg\" viewBox=\"0 0 1600 200\" class=\"stk-separator__layer-1\" preserveAspectRatio=\"none\" aria-hidden=\"true\"><path class=\"wave-1_svg__st2\" d=\"M1341.4 48.9c-182.4 0-254.2 80.4-429.4 80.4-117.8 0-209.7-67.5-393.5-67.5-142.2 0-212.6 38.8-324.6 38.8S-10 64.7-10 64.7V210h1620V102c-110.6-40.2-181-53.1-268.6-53.1z\"><\/path><\/svg><\/div><\/div>\n\n\n\n<div class=\"wp-block-stackable-subtitle stk-block-subtitle stk-block stk-187dd32\" data-block-id=\"187dd32\"><p class=\"stk-block-subtitle__text stk-subtitle\"><strong><span style=\"color: #0693e3\" class=\"stk-highlight\">O di\u00f3xido de carbono (CO2) \u00e9 um dos principais gases que contribuem para o agravamento das mudan\u00e7as clim\u00e1ticas e o material particulado, tamb\u00e9m presente na fuma\u00e7a preta, \u00e9 respons\u00e1vel para o aumento do risco de doen\u00e7as respirat\u00f3rias, cardiovasculares e problemas neonatais como baixo peso e prematuridade.<\/span><\/strong><\/p><\/div>\n\n\n\n<p><strong><span style=\"color: #00d084\" class=\"stk-highlight\">De acordo com o Invent\u00e1rio de Gases de Efeito Estufa, elaborado pela Prefeitura de Santo Andr\u00e9 e o Iclei (Governos Locais para a Sustentabilidade), o setor de transportes andreense corresponde a 34% das emiss\u00f5es do munic\u00edpio, sendo que o diesel representa 26% dos combust\u00edveis mais utilizados na cidade.<\/span><\/strong><\/p>\n","protected":false},"excerpt":{"rendered":"<p>O Proar (Programa de Qualidade do Ar em Santo Andr\u00e9), consiste nas aferi\u00e7\u00f5es de emiss\u00e3o de fuma\u00e7a preta por ve\u00edculos movidos a diesel da frota p\u00fablica e da frota circulante do munic\u00edpio. As blitze do ProAr (Programa da Qualidade do Ar) ocorrem de duas a tr\u00eas vezes por semana em corredores de grande circula\u00e7\u00e3o de [&hellip;]<\/p>\n","protected":false},"author":28,"featured_media":0,"parent":1397,"menu_order":0,"comment_status":"closed","ping_status":"closed","template":"","meta":{"footnotes":""},"class_list":["post-3855","page","type-page","status-publish","hentry"],"_links":{"self":[{"href":"https:\/\/portais.santoandre.sp.gov.br\/semasa\/wp-json\/wp\/v2\/pages\/3855","targetHints":{"allow":["GET"]}}],"collection":[{"href":"https:\/\/portais.santoandre.sp.gov.br\/semasa\/wp-json\/wp\/v2\/pages"}],"about":[{"href":"https:\/\/portais.santoandre.sp.gov.br\/semasa\/wp-json\/wp\/v2\/types\/page"}],"author":[{"embeddable":true,"href":"https:\/\/portais.santoandre.sp.gov.br\/semasa\/wp-json\/wp\/v2\/users\/28"}],"replies":[{"embeddable":true,"href":"https:\/\/portais.santoandre.sp.gov.br\/semasa\/wp-json\/wp\/v2\/comments?post=3855"}],"version-history":[{"count":2,"href":"https:\/\/portais.santoandre.sp.gov.br\/semasa\/wp-json\/wp\/v2\/pages\/3855\/revisions"}],"predecessor-version":[{"id":3861,"href":"https:\/\/portais.santoandre.sp.gov.br\/semasa\/wp-json\/wp\/v2\/pages\/3855\/revisions\/3861"}],"up":[{"embeddable":true,"href":"https:\/\/portais.santoandre.sp.gov.br\/semasa\/wp-json\/wp\/v2\/pages\/1397"}],"wp:attachment":[{"href":"https:\/\/portais.santoandre.sp.gov.br\/semasa\/wp-json\/wp\/v2\/media?parent=3855"}],"curies":[{"name":"wp","href":"https:\/\/api.w.org\/{rel}","templated":true}]}}