{"id":385,"date":"2024-06-25T16:39:50","date_gmt":"2024-06-25T19:39:50","guid":{"rendered":"https:\/\/portais.santoandre.sp.gov.br\/semasa\/?page_id=385"},"modified":"2026-04-07T14:48:54","modified_gmt":"2026-04-07T17:48:54","slug":"processos-deferidos-e-indeferidos","status":"publish","type":"page","link":"https:\/\/portais.santoandre.sp.gov.br\/semasa\/gestao-ambiental\/licenciamento-ambiental\/processos-deferidos-e-indeferidos\/","title":{"rendered":"Processos deferidos e indeferidos"},"content":{"rendered":"\n<p>Decis\u00f5es provenientes dos processos de licenciamento ambiental, nos termos do Art. 42, do Decreto Municipal n\u00ba18.174\/2023.<\/p>\n\n\n\n<p>Os relat\u00f3rios ficam dispon\u00edveis para consulta por 90 (noventa) dias a contar da sua publica\u00e7\u00e3o.<\/p>\n\n\n\n<ul class=\"wp-block-list\">\n<li><a href=\"https:\/\/portais.santoandre.sp.gov.br\/semasa\/wp-content\/uploads\/sites\/13\/2026\/04\/Relatorio-Deferimentos-e-Indeferimentos-Marco-2026.pdf\" data-type=\"link\" data-id=\"https:\/\/portais.santoandre.sp.gov.br\/semasa\/wp-content\/uploads\/sites\/13\/2026\/04\/Relatorio-Deferimentos-e-Indeferimentos-Marco-2026.pdf\">Relat\u00f3rios de Deferimentos e Indeferimentos &#8211; Mar\u00e7o 2026<\/a><\/li>\n\n\n\n<li><a href=\"https:\/\/portais.santoandre.sp.gov.br\/semasa\/wp-content\/uploads\/sites\/13\/2026\/04\/Pedidos-de-Licencas-e-Autorizacoes-Marco-2026.pdf\" data-type=\"link\" data-id=\"https:\/\/portais.santoandre.sp.gov.br\/semasa\/wp-content\/uploads\/sites\/13\/2026\/04\/Pedidos-de-Licencas-e-Autorizacoes-Marco-2026.pdf\">Pedidos de licen\u00e7as e autoriza\u00e7\u00f5es &#8211; Mar\u00e7o 2026<\/a><\/li>\n\n\n\n<li><a href=\"https:\/\/portais.santoandre.sp.gov.br\/semasa\/wp-content\/uploads\/sites\/13\/2026\/03\/Relatorio-Deferimentos-e-Indeferimentos-Fevereiro-2026.pdf\" data-type=\"link\" data-id=\"https:\/\/portais.santoandre.sp.gov.br\/semasa\/wp-content\/uploads\/sites\/13\/2026\/03\/Relatorio-Deferimentos-e-Indeferimentos-Fevereiro-2026.pdf\">Relat\u00f3rios de Deferimentos e Indeferimentos &#8211; Fevereiro 2026<\/a><\/li>\n\n\n\n<li><a href=\"https:\/\/portais.santoandre.sp.gov.br\/semasa\/wp-content\/uploads\/sites\/13\/2026\/03\/Pedidos-de-Licencas-e-Autorizacoes-Fevereiro-2026.pdf\" data-type=\"link\" data-id=\"https:\/\/portais.santoandre.sp.gov.br\/semasa\/wp-content\/uploads\/sites\/13\/2026\/03\/Pedidos-de-Licencas-e-Autorizacoes-Fevereiro-2026.pdf\">Pedidos de licen\u00e7as e autoriza\u00e7\u00f5es &#8211; Fevereiro 2026<\/a><\/li>\n\n\n\n<li><a href=\"https:\/\/portais.santoandre.sp.gov.br\/semasa\/wp-content\/uploads\/sites\/13\/2026\/02\/Relatorio-Deferimentos-e-Indeferimentos-Janeiro-2026.pdf\" data-type=\"link\" data-id=\"https:\/\/portais.santoandre.sp.gov.br\/semasa\/wp-content\/uploads\/sites\/13\/2026\/02\/Relatorio-Deferimentos-e-Indeferimentos-Janeiro-2026.pdf\">Relat\u00f3rios de Deferimentos e Indeferimentos &#8211; Janeiro 2026<\/a><\/li>\n\n\n\n<li><a href=\"https:\/\/portais.santoandre.sp.gov.br\/semasa\/wp-content\/uploads\/sites\/13\/2026\/02\/Pedidos-de-Licencas-e-Autorizacoes-Janeiro-2026-1.pdf\" data-type=\"link\" data-id=\"https:\/\/portais.santoandre.sp.gov.br\/semasa\/wp-content\/uploads\/sites\/13\/2026\/02\/Pedidos-de-Licencas-e-Autorizacoes-Janeiro-2026-1.pdf\">Pedidos de licen\u00e7as e autoriza\u00e7\u00f5es &#8211; Janeiro 2026<\/a><\/li>\n\n\n\n<li><a href=\"https:\/\/portais.santoandre.sp.gov.br\/semasa\/wp-content\/uploads\/sites\/13\/2026\/01\/Relatorios-Autuacoes-2o-Semestre-2025.pdf\" data-type=\"link\" data-id=\"https:\/\/portais.santoandre.sp.gov.br\/semasa\/wp-content\/uploads\/sites\/13\/2026\/01\/Relatorios-Autuacoes-2o-Semestre-2025.pdf\">Relat\u00f3rio de Autua\u00e7\u00f5es do 2\u00ba Semestre 2025<\/a><\/li>\n<\/ul>\n\n\n\n\n\n<p><\/p>\n","protected":false},"excerpt":{"rendered":"<p>Decis\u00f5es provenientes dos processos de licenciamento ambiental, nos termos do Art. 42, do Decreto Municipal n\u00ba18.174\/2023. Os relat\u00f3rios ficam dispon\u00edveis para consulta por 90 (noventa) dias a contar da sua publica\u00e7\u00e3o.<\/p>\n","protected":false},"author":28,"featured_media":0,"parent":285,"menu_order":0,"comment_status":"closed","ping_status":"closed","template":"","meta":{"footnotes":""},"class_list":["post-385","page","type-page","status-publish","hentry"],"_links":{"self":[{"href":"https:\/\/portais.santoandre.sp.gov.br\/semasa\/wp-json\/wp\/v2\/pages\/385","targetHints":{"allow":["GET"]}}],"collection":[{"href":"https:\/\/portais.santoandre.sp.gov.br\/semasa\/wp-json\/wp\/v2\/pages"}],"about":[{"href":"https:\/\/portais.santoandre.sp.gov.br\/semasa\/wp-json\/wp\/v2\/types\/page"}],"author":[{"embeddable":true,"href":"https:\/\/portais.santoandre.sp.gov.br\/semasa\/wp-json\/wp\/v2\/users\/28"}],"replies":[{"embeddable":true,"href":"https:\/\/portais.santoandre.sp.gov.br\/semasa\/wp-json\/wp\/v2\/comments?post=385"}],"version-history":[{"count":32,"href":"https:\/\/portais.santoandre.sp.gov.br\/semasa\/wp-json\/wp\/v2\/pages\/385\/revisions"}],"predecessor-version":[{"id":7358,"href":"https:\/\/portais.santoandre.sp.gov.br\/semasa\/wp-json\/wp\/v2\/pages\/385\/revisions\/7358"}],"up":[{"embeddable":true,"href":"https:\/\/portais.santoandre.sp.gov.br\/semasa\/wp-json\/wp\/v2\/pages\/285"}],"wp:attachment":[{"href":"https:\/\/portais.santoandre.sp.gov.br\/semasa\/wp-json\/wp\/v2\/media?parent=385"}],"curies":[{"name":"wp","href":"https:\/\/api.w.org\/{rel}","templated":true}]}}