{"id":3730,"date":"2025-05-05T14:08:03","date_gmt":"2025-05-05T17:08:03","guid":{"rendered":"https:\/\/portais.santoandre.sp.gov.br\/semasa\/?page_id=3730"},"modified":"2025-09-15T09:30:34","modified_gmt":"2025-09-15T12:30:34","slug":"eleicoes-do-comugesan-bienio-2025-2027","status":"publish","type":"page","link":"https:\/\/portais.santoandre.sp.gov.br\/semasa\/comugesan\/eleicoes-do-comugesan-bienio-2025-2027\/","title":{"rendered":"Elei\u00e7\u00f5es do Comugesan &#8211; Bi\u00eanio 2025\/2027"},"content":{"rendered":"\n<h1 class=\"wp-block-heading\">RESULTADO DA FASE DE HABILITA\u00c7\u00c3O<\/h1>\n\n\n\n<p>Ap\u00f3s delibera\u00e7\u00e3o da Comiss\u00e3o Eleitoral sobre as candidaturas inscritas, informamos que as entidades abaixo relacionadas est\u00e3o&nbsp;<strong>habilitadas<\/strong>&nbsp;a participar do processo eleitoral que visa \u00e0 composi\u00e7\u00e3o do bi\u00eanio 2025-2027 do&nbsp;<strong>Conselho Municipal de Gest\u00e3o e Saneamento Ambiental de Santo Andr\u00e9<\/strong>:<\/p>\n\n\n\n<p><strong>1) Segmento Associa\u00e7\u00f5es ligadas aos setores do com\u00e9rcio, ind\u00fastria ou servi\u00e7os<\/strong><\/p>\n\n\n\n<p>\u00b7&nbsp;&nbsp;&nbsp;&nbsp;&nbsp;Associa\u00e7\u00e3o Comercial e Industrial de Santo Andr\u00e9 \u2013 ACISA<\/p>\n\n\n\n<p><strong>2)&nbsp; Segmento Central sindical<\/strong><\/p>\n\n\n\n<p>\u00b7&nbsp;&nbsp;&nbsp;&nbsp;&nbsp;Sindicato dos Servidores P\u00fablicos Municipais de Santo Andr\u00e9 \u2013 SINDSERV;<\/p>\n\n\n\n<p>\u00b7&nbsp;&nbsp;&nbsp;&nbsp;&nbsp;Sindicato dos Engenheiros no Estado de S\u00e3o Paulo \u2013 Subsede Grande ABC.<\/p>\n\n\n\n<p><strong>3) Segmento Institui\u00e7\u00f5es de ensino ou pesquisa, em n\u00edvel t\u00e9cnico ou superior<\/strong><\/p>\n\n\n\n<p>\u00b7&nbsp;&nbsp;&nbsp;&nbsp;&nbsp;Funda\u00e7\u00e3o Santo Andr\u00e9.<\/p>\n\n\n\n<p><strong>4)&nbsp; Segmento Entidades ligadas a associa\u00e7\u00f5es de profissionais liberais<\/strong><\/p>\n\n\n\n<p>\u00b7&nbsp;&nbsp;&nbsp;&nbsp;&nbsp;Conselho de Arquitetura e Urbanismo de S\u00e3o Paulo \u2013 CAU\/SP;<\/p>\n\n\n\n<p>\u00b7&nbsp;&nbsp;&nbsp;&nbsp;&nbsp;Ordem dos Advogados do Brasil \u2013 38\u00aa Subse\u00e7\u00e3o de Santo Andr\u00e9;<\/p>\n\n\n\n<p>\u00b7&nbsp;&nbsp;&nbsp;&nbsp;&nbsp;Conselho Regional de Corretores de Im\u00f3veis da 2\u00aa Regi\u00e3o \u2013 CRECISP.<\/p>\n\n\n\n<p><strong>5) Segmento Associa\u00e7\u00f5es e Organiza\u00e7\u00f5es N\u00e3o Governamentais Ambientalistas<\/strong><\/p>\n\n\n\n<p>\u00b7&nbsp;&nbsp;&nbsp;&nbsp;&nbsp;Movimento em Defesa da Vida do Grande ABC \u2013 MDV;<\/p>\n\n\n\n<p>\u00b7&nbsp;&nbsp;&nbsp;&nbsp;&nbsp;Instituto Inclus\u00e3o Social e Desenvolvimento Sustent\u00e1vel Manac\u00e1 da Serra;<\/p>\n\n\n\n<p>\u00b7&nbsp;&nbsp;&nbsp;&nbsp;&nbsp;Oito Elementos Sustentabilidade.<\/p>\n\n\n\n<p><strong>6)&nbsp; Segmento Povos e Comunidades Tradicionais<\/strong><\/p>\n\n\n\n<p>\u00b7&nbsp;&nbsp;&nbsp;&nbsp;&nbsp;Tania Magali Santos \u2013 Lideran\u00e7a Ind\u00edgena Patax\u00f3 e suplente.<\/p>\n\n\n\n<p><strong>7) Segmento Representante do territ\u00f3rio em \u00c1rea de Prote\u00e7\u00e3o e Recupera\u00e7\u00e3o dos Mananciais \u2013 APRM \u2013 Moradores do Distrito de Paranapiacaba<\/strong><\/p>\n\n\n\n<p>\u00b7&nbsp;&nbsp;&nbsp;&nbsp;&nbsp;Zilda Maria Bergamini e suplente.<\/p>\n\n\n\n<p><strong>8) Segmento Representante do territ\u00f3rio em \u00c1rea de Prote\u00e7\u00e3o e Recupera\u00e7\u00e3o dos Mananciais \u2013 APRM \u2013 Moradores da regi\u00e3o do Parque Andreense<\/strong><\/p>\n\n\n\n<p>\u00b7&nbsp;&nbsp;&nbsp;&nbsp;&nbsp;Miguel Malta Magro e suplente.<\/p>\n\n\n\n<p><strong>9) Segmento Representante do territ\u00f3rio em \u00c1rea de Prote\u00e7\u00e3o e Recupera\u00e7\u00e3o dos Mananciais \u2013 APRM \u2013 Moradores dos bairros Pedroso, Miami, Riviera e Recreio da Borda do Campo<\/strong><\/p>\n\n\n\n<p>\u00b7&nbsp;&nbsp;&nbsp;&nbsp;&nbsp;Ivone Em\u00edlia Maria Manzoni e suplente.<\/p>\n\n\n\n<p><a><\/a>Considerando o item 6.8 do instrumento edital\u00edcio (edital n\u00ba 01\/2025 \u2013 COMUGESAN), em raz\u00e3o de n\u00e3o haver concorr\u00eancia para as vagas reservadas aos segmentos 6 a 9,&nbsp;<strong>as entidades inscritas e habilitadas para a modalidade direta de vota\u00e7\u00e3o est\u00e3o automaticamente eleitas e n\u00e3o haver\u00e1 elei\u00e7\u00e3o<\/strong>.<\/p>\n\n\n\n<p>Fica aberto o prazo de 05 (cinco) dias \u00fateis para recursos, contados da data desta publica\u00e7\u00e3o.<\/p>\n\n\n\n<p>Os recursos poder\u00e3o ser protocolados presencialmente na Secretaria Executiva do Comugesan, situada na Avenida Jos\u00e9 Caballero, n\u00ba 143 \u2013 7\u00ba andar \u2013 Centro, Santo Andr\u00e9 \u2013 SP ou enviados para o e-mail&nbsp;<a href=\"https:\/\/webmail.santoandre.sp.gov.br\/owa\/redir.aspx?C=IvGaVnQqgh_AOwFZyFoP1qRURo98bgU-1LPMjSwKczJYLEHFT6fdCA..&amp;URL=mailto%3acomugesan%40semasa.sp.gov.br\" target=\"_blank\" rel=\"noreferrer noopener\">comugesan@semasa.sp.gov.br<\/a>.<\/p>\n\n\n\n<p>A publica\u00e7\u00e3o do resultado da an\u00e1lise dos recursos ocorrer\u00e1 nos dias 18\/06\/2025 e 23\/06\/2025 em publicidade legal do munic\u00edpio, no quadro localizado em frente ao Audit\u00f3rio do SEMASA, situado na Av. Jos\u00e9 Caballero, 143 \u2013 T\u00e9rreo \u2013 Centro, Santo Andr\u00e9&nbsp;\u2013 SP e na p\u00e1gina eletr\u00f4nica do SEMASA (www.semasa.sp.gov.br) .<\/p>\n\n\n\n<p><strong>COMISS\u00c3O ELEITORAL<\/strong><\/p>\n\n\n\n<p><strong>Eriane Justo Luiz Sav\u00f3ia<\/strong><\/p>\n\n\n\n<p>Secret\u00e1ria Executiva do Comugesan<\/p>\n\n\n\n<p>Diretora do Departamento de Gest\u00e3o Ambiental<\/p>\n\n\n\n<div class=\"wp-block-stackable-separator alignfull stk-block-separator stk--no-padding stk-block stk-8b32dcc\" data-block-id=\"8b32dcc\"><div class=\"stk-block-separator__inner\"><svg xmlns=\"http:\/\/www.w3.org\/2000\/svg\" viewBox=\"0 0 1600 200\" class=\"stk-separator__layer-1\" preserveAspectRatio=\"none\" aria-hidden=\"true\"><path class=\"wave-1_svg__st2\" d=\"M1341.4 48.9c-182.4 0-254.2 80.4-429.4 80.4-117.8 0-209.7-67.5-393.5-67.5-142.2 0-212.6 38.8-324.6 38.8S-10 64.7-10 64.7V210h1620V102c-110.6-40.2-181-53.1-268.6-53.1z\"><\/path><\/svg><\/div><\/div>\n\n\n\n<p>Est\u00e3o abertas as inscri\u00e7\u00f5es para entidades participarem das elei\u00e7\u00f5es do Comugesan, bi\u00eanio 2025-2027.<\/p>\n\n\n\n<p><strong><span style=\"color: #cf2e2e\" class=\"stk-highlight\">AVISO DE 24\/5\/2025 &#8211; PRORROGA\u00c7\u00c3O DAS INSCRI\u00c7\u00d5ES<\/span><\/strong><\/p>\n\n\n\n<p>A Secretaria Executiva informa que as inscri\u00e7\u00f5es para o processo eleitoral que visa \u00e0 composi\u00e7\u00e3o do bi\u00eanio 2025-2027 do Conselho Municipal de Gest\u00e3o e Saneamento Ambiental de Santo Andr\u00e9 foram prorrogadas. Segue cronograma atualizado dos Editais Comugesan n\u00ba 01\/2025 e 02\/2025:<\/p>\n\n\n\n<p><strong>EDITAL 01\/2025 (ELEI\u00c7\u00c3O COLEGIADA)<\/strong><\/p>\n\n\n\n<figure class=\"wp-block-table\"><table class=\"has-fixed-layout\"><tbody><tr><td>Inscri\u00e7\u00f5es<\/td><td>05.05.2025 a 30.05.2025<\/td><\/tr><tr><td>An\u00e1lise da Documenta\u00e7\u00e3o<\/td><td>02.06.2025 a 06.06.2025<\/td><\/tr><tr><td>Publica\u00e7\u00e3o do Resultado da Habilita\u00e7\u00e3o<\/td><td>09.06.2025 e 10.06.2025<\/td><\/tr><tr><td>Prazo para Recursos<\/td><td>11.06.2025 a 17.06.2025<\/td><\/tr><tr><td>Publica\u00e7\u00e3o do Resultado dos Recursos<\/td><td>18.06.2025 e 23.06.2025<\/td><\/tr><tr><td>Elei\u00e7\u00e3o colegiada<\/td><td>24.06.2025<\/td><\/tr><tr><td>Publica\u00e7\u00e3o do Resultado da Elei\u00e7\u00e3o<\/td><td>25.06.2025 e 26.06.2025<\/td><\/tr><tr><td>Posse do Conselho<\/td><td>01.07.2025<\/td><\/tr><\/tbody><\/table><\/figure>\n\n\n\n<p><strong>EDITAL 02\/2025 (ELEI\u00c7\u00c3O DIRETA)<\/strong><\/p>\n\n\n\n<figure class=\"wp-block-table\"><table class=\"has-fixed-layout\"><tbody><tr><td>Inscri\u00e7\u00e3o e habilita\u00e7\u00e3o de eleitores<\/td><td>05.05.2025 a 30.05.2025<\/td><\/tr><tr><td>Publica\u00e7\u00e3o do Resultado da habilita\u00e7\u00e3o<\/td><td>02.06.2025 e 03.06.2025<\/td><\/tr><tr><td>Elei\u00e7\u00e3o direta<\/td><td>10.06.2025<\/td><\/tr><tr><td>Publica\u00e7\u00e3o do resultado da elei\u00e7\u00e3o<\/td><td>11.06.2025 e 12.06.2025<\/td><\/tr><tr><td>Apresenta\u00e7\u00e3o de impugna\u00e7\u00e3o<\/td><td>16.06.2025 e 17.06.2025<\/td><\/tr><tr><td>An\u00e1lise das impugna\u00e7\u00f5es<\/td><td>18.06.2025 a 22.06.2025<\/td><\/tr><tr><td>Publica\u00e7\u00e3o do resultado das impugna\u00e7\u00f5es<\/td><td>23.06.2025 e 24.06.2025<\/td><\/tr><tr><td>Posse do Conselho<\/td><td>01.07.2025<\/td><\/tr><\/tbody><\/table><\/figure>\n\n\n\n<p><strong>Confira abaixo o edital para as entidades e para os eleitores.<\/strong><\/p>\n\n\n\n<ul class=\"wp-block-list\">\n<li><a href=\"https:\/\/portais.santoandre.sp.gov.br\/semasa\/wp-content\/uploads\/sites\/13\/2025\/06\/MODALIDADE-DIRETA-Eleitores-habilitados-COMUGESAN-Bienio-2025-2027.pdf\" target=\"_blank\" rel=\"noreferrer noopener\">Eleitores habilitados COMUGESAN Bi\u00eanio 2025 &#8211; 2027<\/a><\/li>\n\n\n\n<li><a href=\"https:\/\/portais.santoandre.sp.gov.br\/semasa\/wp-content\/uploads\/sites\/13\/2025\/06\/COMUGESAN-Entidades-Habilitadas-Bienio-2025-2027.pdf\" data-type=\"link\" data-id=\"https:\/\/portais.santoandre.sp.gov.br\/semasa\/wp-content\/uploads\/sites\/13\/2025\/06\/COMUGESAN-Entidades-Habilitadas-Bienio-2025-2027.pdf\" target=\"_blank\" rel=\"noreferrer noopener\">Entidades habilitadas \/ Bi\u00eanio 2025 &#8211; 2027<\/a><\/li>\n\n\n\n<li><a href=\"https:\/\/portais.santoandre.sp.gov.br\/semasa\/wp-content\/uploads\/sites\/13\/2025\/06\/Entidades-eleitas-Modalidade-Direta-Bienio-2025-2027.pdf\" data-type=\"attachment\" data-id=\"4201\" target=\"_blank\" rel=\"noreferrer noopener\">Entidades eleitas (Modalidade direta) Bi\u00eanio 2025 &#8211; 2027<\/a><\/li>\n\n\n\n<li><a href=\"https:\/\/portais.santoandre.sp.gov.br\/semasa\/wp-content\/uploads\/sites\/13\/2025\/06\/COMUGESAN-Resultado-da-fase-de-recursos-Bienio-2025-2027.docx\">Resultado da fase de recursos<\/a><\/li>\n\n\n\n<li><a href=\"https:\/\/forms.gle\/4MUPypWKtLgmRCrF7\" data-type=\"link\" data-id=\"https:\/\/forms.gle\/4MUPypWKtLgmRCrF7\" target=\"_blank\" rel=\"noreferrer noopener\">Formul\u00e1rio de inscri\u00e7\u00e3o para entidades<\/a><\/li>\n\n\n\n<li><a href=\"https:\/\/forms.gle\/ns7Znp9s9c3yjqSv6\">Formul\u00e1rio de inscri\u00e7\u00e3o para eleitores<\/a><\/li>\n<\/ul>\n\n\n\n<div data-wp-interactive=\"core\/file\" class=\"wp-block-file\"><object data-wp-bind--hidden=\"!state.hasPdfPreview\" hidden class=\"wp-block-file__embed\" data=\"https:\/\/portais.santoandre.sp.gov.br\/semasa\/wp-content\/uploads\/sites\/13\/2025\/05\/Edital-no-01.2025-COMUGESAN-ENTIDADES.pdf\" type=\"application\/pdf\" style=\"width:100%;height:600px\" aria-label=\"Incorporado de Edital n\u00ba 01.2025 - COMUGESAN (ENTIDADES).\"><\/object><a id=\"wp-block-file--media-b529799d-eb96-4e39-b163-504ea96e5fc7\" href=\"https:\/\/portais.santoandre.sp.gov.br\/semasa\/wp-content\/uploads\/sites\/13\/2025\/05\/Edital-no-01.2025-COMUGESAN-ENTIDADES.pdf\">Edital n\u00ba 01.2025 &#8211; COMUGESAN (ENTIDADES)<\/a><a href=\"https:\/\/portais.santoandre.sp.gov.br\/semasa\/wp-content\/uploads\/sites\/13\/2025\/05\/Edital-no-01.2025-COMUGESAN-ENTIDADES.pdf\" class=\"wp-block-file__button wp-element-button\" download aria-describedby=\"wp-block-file--media-b529799d-eb96-4e39-b163-504ea96e5fc7\">Baixar<\/a><\/div>\n\n\n\n<div data-wp-interactive=\"core\/file\" class=\"wp-block-file\"><object data-wp-bind--hidden=\"!state.hasPdfPreview\" hidden class=\"wp-block-file__embed\" data=\"https:\/\/portais.santoandre.sp.gov.br\/semasa\/wp-content\/uploads\/sites\/13\/2025\/05\/Edital-no-02.2025-COMUGESAN-ELEITORES.pdf\" type=\"application\/pdf\" style=\"width:100%;height:600px\" aria-label=\"Incorporado de Edital n\u00ba 02.2025 - COMUGESAN (ELEITORES).\"><\/object><a id=\"wp-block-file--media-a24763eb-0831-43b9-b0e9-e58893e6e9d8\" href=\"https:\/\/portais.santoandre.sp.gov.br\/semasa\/wp-content\/uploads\/sites\/13\/2025\/05\/Edital-no-02.2025-COMUGESAN-ELEITORES.pdf\">Edital n\u00ba 02.2025 &#8211; COMUGESAN (ELEITORES)<\/a><a href=\"https:\/\/portais.santoandre.sp.gov.br\/semasa\/wp-content\/uploads\/sites\/13\/2025\/05\/Edital-no-02.2025-COMUGESAN-ELEITORES.pdf\" class=\"wp-block-file__button wp-element-button\" download aria-describedby=\"wp-block-file--media-a24763eb-0831-43b9-b0e9-e58893e6e9d8\">Baixar<\/a><\/div>\n","protected":false},"excerpt":{"rendered":"<p>RESULTADO DA FASE DE HABILITA\u00c7\u00c3O Ap\u00f3s delibera\u00e7\u00e3o da Comiss\u00e3o Eleitoral sobre as candidaturas inscritas, informamos que as entidades abaixo relacionadas est\u00e3o&nbsp;habilitadas&nbsp;a participar do processo eleitoral que visa \u00e0 composi\u00e7\u00e3o do bi\u00eanio 2025-2027 do&nbsp;Conselho Municipal de Gest\u00e3o e Saneamento Ambiental de Santo Andr\u00e9: 1) Segmento Associa\u00e7\u00f5es ligadas aos setores do com\u00e9rcio, ind\u00fastria ou servi\u00e7os \u00b7&nbsp;&nbsp;&nbsp;&nbsp;&nbsp;Associa\u00e7\u00e3o Comercial [&hellip;]<\/p>\n","protected":false},"author":28,"featured_media":0,"parent":143,"menu_order":0,"comment_status":"closed","ping_status":"closed","template":"","meta":{"footnotes":""},"class_list":["post-3730","page","type-page","status-publish","hentry"],"_links":{"self":[{"href":"https:\/\/portais.santoandre.sp.gov.br\/semasa\/wp-json\/wp\/v2\/pages\/3730","targetHints":{"allow":["GET"]}}],"collection":[{"href":"https:\/\/portais.santoandre.sp.gov.br\/semasa\/wp-json\/wp\/v2\/pages"}],"about":[{"href":"https:\/\/portais.santoandre.sp.gov.br\/semasa\/wp-json\/wp\/v2\/types\/page"}],"author":[{"embeddable":true,"href":"https:\/\/portais.santoandre.sp.gov.br\/semasa\/wp-json\/wp\/v2\/users\/28"}],"replies":[{"embeddable":true,"href":"https:\/\/portais.santoandre.sp.gov.br\/semasa\/wp-json\/wp\/v2\/comments?post=3730"}],"version-history":[{"count":7,"href":"https:\/\/portais.santoandre.sp.gov.br\/semasa\/wp-json\/wp\/v2\/pages\/3730\/revisions"}],"predecessor-version":[{"id":5038,"href":"https:\/\/portais.santoandre.sp.gov.br\/semasa\/wp-json\/wp\/v2\/pages\/3730\/revisions\/5038"}],"up":[{"embeddable":true,"href":"https:\/\/portais.santoandre.sp.gov.br\/semasa\/wp-json\/wp\/v2\/pages\/143"}],"wp:attachment":[{"href":"https:\/\/portais.santoandre.sp.gov.br\/semasa\/wp-json\/wp\/v2\/media?parent=3730"}],"curies":[{"name":"wp","href":"https:\/\/api.w.org\/{rel}","templated":true}]}}