{"id":3553,"date":"2025-03-17T16:12:05","date_gmt":"2025-03-17T19:12:05","guid":{"rendered":"https:\/\/portais.santoandre.sp.gov.br\/semasa\/?page_id=3553"},"modified":"2026-03-11T11:32:28","modified_gmt":"2026-03-11T14:32:28","slug":"santo-andre-pelo-clima","status":"publish","type":"page","link":"https:\/\/portais.santoandre.sp.gov.br\/semasa\/institucional\/santo-andre-pelo-clima\/","title":{"rendered":"Santo Andr\u00e9 pelo Clima"},"content":{"rendered":"\n<div class=\"wp-block-stackable-button-group stk-block-button-group stk-block stk-b04adf0\" data-block-id=\"b04adf0\"><div class=\"stk-row stk-inner-blocks stk-block-content stk-button-group\">\n<div class=\"wp-block-stackable-button stk-block-button stk-block stk-04ccd15\" data-block-id=\"04ccd15\"><a class=\"stk-link stk-button stk--hover-effect-darken\" href=\"https:\/\/portais.santoandre.sp.gov.br\/semasa\/institucional\/santo-andre-pelo-clima\/politica-municipal-de-mudanca-do-clima\/\"><span class=\"stk-button__inner-text\">Pol\u00edtica Municipal de Mudan\u00e7a do Clima (PMMC)<\/span><\/a><\/div>\n\n\n\n<div class=\"wp-block-stackable-button stk-block-button stk-block stk-c2e251d\" data-block-id=\"c2e251d\"><style>.stk-c2e251d .stk-button{background:#00d084 !important;}<\/style><a class=\"stk-link stk-button stk--hover-effect-darken\" href=\"https:\/\/portais.santoandre.sp.gov.br\/semasa\/institucional\/santo-andre-pelo-clima\/politica-municipal-de-mudanca-do-clima\/pmmc-oficinas-e-calendario\/\"><span class=\"stk-button__inner-text\">PMMC &#8211; Oficinas participativas e calend\u00e1rio<\/span><\/a><\/div>\n<\/div><\/div>\n\n\n<div class=\"wp-block-image\">\n<figure class=\"alignleft size-large is-resized\"><img fetchpriority=\"high\" decoding=\"async\" width=\"1024\" height=\"494\" src=\"https:\/\/portais.santoandre.sp.gov.br\/semasa\/wp-content\/uploads\/sites\/13\/2026\/03\/Logo_SA_Clima_COLOR-1024x494.png\" alt=\"\" class=\"wp-image-6769\" style=\"width:392px;height:auto\" srcset=\"https:\/\/portais.santoandre.sp.gov.br\/semasa\/wp-content\/uploads\/sites\/13\/2026\/03\/Logo_SA_Clima_COLOR-1024x494.png 1024w, https:\/\/portais.santoandre.sp.gov.br\/semasa\/wp-content\/uploads\/sites\/13\/2026\/03\/Logo_SA_Clima_COLOR-300x145.png 300w, https:\/\/portais.santoandre.sp.gov.br\/semasa\/wp-content\/uploads\/sites\/13\/2026\/03\/Logo_SA_Clima_COLOR-768x370.png 768w, https:\/\/portais.santoandre.sp.gov.br\/semasa\/wp-content\/uploads\/sites\/13\/2026\/03\/Logo_SA_Clima_COLOR.png 1080w\" sizes=\"(max-width: 1024px) 100vw, 1024px\" \/><\/figure><\/div>\n\n\n<p>O Santo Andr\u00e9 pelo Clima se constitui de uma diretriz para a realiza\u00e7\u00e3o de a\u00e7\u00f5es que contribuem com a transforma\u00e7\u00e3o ecol\u00f3gica do munic\u00edpio, ou seja, o desenvolvimento sustent\u00e1vel. Ele tamb\u00e9m reconhece e potencializa iniciativas com esse prop\u00f3sito, com o objetivo sempre de fomentar a educa\u00e7\u00e3o ambiental e sensibilizar a popula\u00e7\u00e3o sobre o impacto do nosso modo de agir para o agravamento das mudan\u00e7as clim\u00e1ticas, bem como as consequ\u00eancias sociais, econ\u00f4micas, pol\u00edticas e ambientais.<\/p>\n\n\n\n<p>Os princ\u00edpios do Santo Andr\u00e9 pelo Clima s\u00e3o:<\/p>\n\n\n\n<ul class=\"wp-block-list\">\n<li>Minimizar a emiss\u00e3o dos gases de efeito estufa;<\/li>\n\n\n\n<li>Reduzir o consumo de combust\u00edveis f\u00f3sseis;<\/li>\n\n\n\n<li>Fortalecer a coleta seletiva e ampliar a reciclagem;<\/li>\n\n\n\n<li>Diminuir o consumo de recursos naturais;<\/li>\n\n\n\n<li>Incentivar a compostagem de res\u00edduos org\u00e2nicos;<\/li>\n\n\n\n<li>Promover o uso de energias renov\u00e1veis; <\/li>\n\n\n\n<li>Proteger a biodiversidade; <\/li>\n\n\n\n<li>Incentivar a agroecologia;<\/li>\n\n\n\n<li>Investir em inova\u00e7\u00e3o, ci\u00eancia e tecnologia;<\/li>\n\n\n\n<li>Capacitar os cidad\u00e3os para a transforma\u00e7\u00e3o ecol\u00f3gica e a resili\u00eancia clim\u00e1tica.<\/li>\n<\/ul>\n\n\n\n<p>A Secretaria de Meio Ambiente e Mudan\u00e7as Clim\u00e1ticas, por meio do Semasa, possui diversos programas, projetos, eventos, cursos e forma\u00e7\u00f5es que s\u00e3o destinados \u00e0 popula\u00e7\u00e3o e est\u00e3o alinhados com esses princ\u00edpios.<\/p>\n\n\n\n<p>No \u00e2mbito do servi\u00e7o p\u00fablico, o projeto A3P (Agenda Ambiental na Administra\u00e7\u00e3o P\u00fablica de Santo Andr\u00e9) \u00e9 o norteador das a\u00e7\u00f5es que sensibilizam sobre a import\u00e2ncia da responsabilidade socioambiental nas atividades administrativas e operacionais da Prefeitura e do Semasa.  <\/p>\n\n\n\n<p><\/p>\n","protected":false},"excerpt":{"rendered":"<p>Pol\u00edtica Municipal de Mudan\u00e7a do Clima (PMMC) PMMC &#8211; Oficinas participativas e calend\u00e1rio O Santo Andr\u00e9 pelo Clima se constitui de uma diretriz para a realiza\u00e7\u00e3o de a\u00e7\u00f5es que contribuem com a transforma\u00e7\u00e3o ecol\u00f3gica do munic\u00edpio, ou seja, o desenvolvimento sustent\u00e1vel. Ele tamb\u00e9m reconhece e potencializa iniciativas com esse prop\u00f3sito, com o objetivo sempre de [&hellip;]<\/p>\n","protected":false},"author":28,"featured_media":0,"parent":41,"menu_order":0,"comment_status":"closed","ping_status":"closed","template":"","meta":{"footnotes":""},"class_list":["post-3553","page","type-page","status-publish","hentry"],"_links":{"self":[{"href":"https:\/\/portais.santoandre.sp.gov.br\/semasa\/wp-json\/wp\/v2\/pages\/3553","targetHints":{"allow":["GET"]}}],"collection":[{"href":"https:\/\/portais.santoandre.sp.gov.br\/semasa\/wp-json\/wp\/v2\/pages"}],"about":[{"href":"https:\/\/portais.santoandre.sp.gov.br\/semasa\/wp-json\/wp\/v2\/types\/page"}],"author":[{"embeddable":true,"href":"https:\/\/portais.santoandre.sp.gov.br\/semasa\/wp-json\/wp\/v2\/users\/28"}],"replies":[{"embeddable":true,"href":"https:\/\/portais.santoandre.sp.gov.br\/semasa\/wp-json\/wp\/v2\/comments?post=3553"}],"version-history":[{"count":9,"href":"https:\/\/portais.santoandre.sp.gov.br\/semasa\/wp-json\/wp\/v2\/pages\/3553\/revisions"}],"predecessor-version":[{"id":6770,"href":"https:\/\/portais.santoandre.sp.gov.br\/semasa\/wp-json\/wp\/v2\/pages\/3553\/revisions\/6770"}],"up":[{"embeddable":true,"href":"https:\/\/portais.santoandre.sp.gov.br\/semasa\/wp-json\/wp\/v2\/pages\/41"}],"wp:attachment":[{"href":"https:\/\/portais.santoandre.sp.gov.br\/semasa\/wp-json\/wp\/v2\/media?parent=3553"}],"curies":[{"name":"wp","href":"https:\/\/api.w.org\/{rel}","templated":true}]}}