{"id":3518,"date":"2025-03-07T08:47:25","date_gmt":"2025-03-07T11:47:25","guid":{"rendered":"https:\/\/portais.santoandre.sp.gov.br\/semasa\/?page_id=3518"},"modified":"2026-02-18T11:43:18","modified_gmt":"2026-02-18T14:43:18","slug":"comite-municipal-de-educacao-ambiental","status":"publish","type":"page","link":"https:\/\/portais.santoandre.sp.gov.br\/semasa\/gestao-ambiental\/comite-municipal-de-educacao-ambiental\/","title":{"rendered":"Comit\u00ea Municipal de Educa\u00e7\u00e3o Ambiental"},"content":{"rendered":"\n<div class=\"wp-block-stackable-button-group stk-block-button-group stk-block stk-bc08f55\" data-block-id=\"bc08f55\"><div class=\"stk-row stk-inner-blocks stk-block-content stk-button-group\">\n<div class=\"wp-block-stackable-button stk-block-button stk-block stk-618ac44\" data-block-id=\"618ac44\"><style>.stk-618ac44 .stk-button{background:#f00069 !important;}<\/style><a class=\"stk-link stk-button stk--hover-effect-darken\" href=\"https:\/\/portais.santoandre.sp.gov.br\/semasa\/gestao-ambiental\/comite-municipal-de-educacao-ambiental\/calendario-de-reunioes\/\"><span class=\"stk-button__inner-text\">Calend\u00e1rio de reuni\u00f5es<\/span><\/a><\/div>\n\n\n\n<div class=\"wp-block-stackable-button stk-block-button stk-block stk-ae124dd\" data-block-id=\"ae124dd\"><style>.stk-ae124dd .stk-button{background:#00d084 !important;}<\/style><a class=\"stk-link stk-button stk--hover-effect-darken\" href=\"https:\/\/portais.santoandre.sp.gov.br\/semasa\/wp-content\/uploads\/sites\/13\/2026\/02\/Regimento-Interno-Comite-Municipal-de-Educacao-Ambiental.pdf\"><span class=\"stk-button__inner-text\">Regimento<\/span><\/a><\/div>\n\n\n\n<div class=\"wp-block-stackable-button stk-block-button stk-block stk-04cdb30\" data-block-id=\"04cdb30\"><a class=\"stk-link stk-button stk--hover-effect-darken\" href=\"https:\/\/portais.santoandre.sp.gov.br\/semasa\/gestao-ambiental\/comite-municipal-de-educacao-ambiental\/eleicao-do-comite-ea\/\"><span class=\"stk-button__inner-text\">Elei\u00e7\u00e3o<\/span><\/a><\/div>\n\n\n\n<div class=\"wp-block-stackable-button stk-block-button stk-block stk-f45e175\" data-block-id=\"f45e175\"><style>.stk-f45e175 .stk-button{background:#ff6900 !important;}<\/style><a class=\"stk-link stk-button stk--hover-effect-darken\" href=\"https:\/\/portais.santoandre.sp.gov.br\/semasa\/gestao-ambiental\/comite-municipal-de-educacao-ambiental\/atas-das-reunioes-do-comite-ea\/\"><span class=\"stk-button__inner-text\">Atas da reuni\u00f5es<\/span><\/a><\/div>\n\n\n\n<div class=\"wp-block-stackable-button stk-block-button stk-block stk-f3f85da\" data-block-id=\"f3f85da\"><style>.stk-f3f85da .stk-button{background:#9b51e0 !important;}<\/style><a class=\"stk-link stk-button stk--hover-effect-darken\" href=\"https:\/\/portais.santoandre.sp.gov.br\/semasa\/wp-content\/uploads\/sites\/13\/2026\/02\/Composicao-CMEA-Bienio-2025-2027.xlsx\"><span class=\"stk-button__inner-text\">Composi\u00e7\u00e3o<\/span><\/a><\/div>\n<\/div><\/div>\n\n\n\n<p>O Comit\u00ea Municipal de Educa\u00e7\u00e3o Ambiental \u00e9 um \u00f3rg\u00e3o colegiado que tem a finalidade de potencializar as a\u00e7\u00f5es de educa\u00e7\u00e3o ambiental no munic\u00edpio, propor, apoiar, apreciar e avaliar a implanta\u00e7\u00e3o da Pol\u00edtica Municipal de Educa\u00e7\u00e3o Ambiental.<\/p>\n\n\n<div class=\"wp-block-image\">\n<figure class=\"aligncenter size-full is-resized\"><img decoding=\"async\" width=\"335\" height=\"138\" src=\"https:\/\/portais.santoandre.sp.gov.br\/semasa\/wp-content\/uploads\/sites\/13\/2026\/02\/image-2.png\" alt=\"\" class=\"wp-image-6244\" style=\"width:212px;height:auto\" srcset=\"https:\/\/portais.santoandre.sp.gov.br\/semasa\/wp-content\/uploads\/sites\/13\/2026\/02\/image-2.png 335w, https:\/\/portais.santoandre.sp.gov.br\/semasa\/wp-content\/uploads\/sites\/13\/2026\/02\/image-2-300x124.png 300w\" sizes=\"(max-width: 335px) 100vw, 335px\" \/><\/figure><\/div>\n\n\n<p>O grupo \u00e9 composto por membros de diversas secretarias do poder p\u00fablico e entidades da sociedade civil. Essa composi\u00e7\u00e3o diversificada assegura o di\u00e1logo social, promovendo a pluralidade e a inova\u00e7\u00e3o nas a\u00e7\u00f5es desenvolvidas pelas secretarias.<\/p>\n\n\n\n<p>A institui\u00e7\u00e3o do comit\u00ea representou um marco hist\u00f3rico para a Pol\u00edtica Municipal de Educa\u00e7\u00e3o Ambiental de Santo Andr\u00e9, que completou 10 anos em 2025. O comit\u00ea \u00e9 pe\u00e7a essencial para a efetiva\u00e7\u00e3o dos instrumentos da pol\u00edtica e a sua constitui\u00e7\u00e3o tamb\u00e9m integra o plano de metas municipal.<\/p>\n\n\n<div class=\"wp-block-image\">\n<figure class=\"aligncenter size-large is-resized\"><img fetchpriority=\"high\" decoding=\"async\" width=\"1024\" height=\"683\" src=\"https:\/\/portais.santoandre.sp.gov.br\/semasa\/wp-content\/uploads\/sites\/13\/2026\/02\/Comite-Municipal-de-Educacao-Ambiental-Reuniao_10022026-57-1024x683.jpg\" alt=\"\" class=\"wp-image-6237\" style=\"width:651px;height:auto\" srcset=\"https:\/\/portais.santoandre.sp.gov.br\/semasa\/wp-content\/uploads\/sites\/13\/2026\/02\/Comite-Municipal-de-Educacao-Ambiental-Reuniao_10022026-57-1024x683.jpg 1024w, https:\/\/portais.santoandre.sp.gov.br\/semasa\/wp-content\/uploads\/sites\/13\/2026\/02\/Comite-Municipal-de-Educacao-Ambiental-Reuniao_10022026-57-300x200.jpg 300w, https:\/\/portais.santoandre.sp.gov.br\/semasa\/wp-content\/uploads\/sites\/13\/2026\/02\/Comite-Municipal-de-Educacao-Ambiental-Reuniao_10022026-57-768x512.jpg 768w, https:\/\/portais.santoandre.sp.gov.br\/semasa\/wp-content\/uploads\/sites\/13\/2026\/02\/Comite-Municipal-de-Educacao-Ambiental-Reuniao_10022026-57-1536x1024.jpg 1536w, https:\/\/portais.santoandre.sp.gov.br\/semasa\/wp-content\/uploads\/sites\/13\/2026\/02\/Comite-Municipal-de-Educacao-Ambiental-Reuniao_10022026-57-2048x1365.jpg 2048w\" sizes=\"(max-width: 1024px) 100vw, 1024px\" \/><\/figure><\/div>","protected":false},"excerpt":{"rendered":"<p>Calend\u00e1rio de reuni\u00f5es Regimento Elei\u00e7\u00e3o Atas da reuni\u00f5es Composi\u00e7\u00e3o O Comit\u00ea Municipal de Educa\u00e7\u00e3o Ambiental \u00e9 um \u00f3rg\u00e3o colegiado que tem a finalidade de potencializar as a\u00e7\u00f5es de educa\u00e7\u00e3o ambiental no munic\u00edpio, propor, apoiar, apreciar e avaliar a implanta\u00e7\u00e3o da Pol\u00edtica Municipal de Educa\u00e7\u00e3o Ambiental. O grupo \u00e9 composto por membros de diversas secretarias do [&hellip;]<\/p>\n","protected":false},"author":28,"featured_media":0,"parent":311,"menu_order":0,"comment_status":"closed","ping_status":"closed","template":"","meta":{"footnotes":""},"class_list":["post-3518","page","type-page","status-publish","hentry"],"_links":{"self":[{"href":"https:\/\/portais.santoandre.sp.gov.br\/semasa\/wp-json\/wp\/v2\/pages\/3518","targetHints":{"allow":["GET"]}}],"collection":[{"href":"https:\/\/portais.santoandre.sp.gov.br\/semasa\/wp-json\/wp\/v2\/pages"}],"about":[{"href":"https:\/\/portais.santoandre.sp.gov.br\/semasa\/wp-json\/wp\/v2\/types\/page"}],"author":[{"embeddable":true,"href":"https:\/\/portais.santoandre.sp.gov.br\/semasa\/wp-json\/wp\/v2\/users\/28"}],"replies":[{"embeddable":true,"href":"https:\/\/portais.santoandre.sp.gov.br\/semasa\/wp-json\/wp\/v2\/comments?post=3518"}],"version-history":[{"count":8,"href":"https:\/\/portais.santoandre.sp.gov.br\/semasa\/wp-json\/wp\/v2\/pages\/3518\/revisions"}],"predecessor-version":[{"id":6265,"href":"https:\/\/portais.santoandre.sp.gov.br\/semasa\/wp-json\/wp\/v2\/pages\/3518\/revisions\/6265"}],"up":[{"embeddable":true,"href":"https:\/\/portais.santoandre.sp.gov.br\/semasa\/wp-json\/wp\/v2\/pages\/311"}],"wp:attachment":[{"href":"https:\/\/portais.santoandre.sp.gov.br\/semasa\/wp-json\/wp\/v2\/media?parent=3518"}],"curies":[{"name":"wp","href":"https:\/\/api.w.org\/{rel}","templated":true}]}}