{"id":323,"date":"2024-06-24T16:34:59","date_gmt":"2024-06-24T19:34:59","guid":{"rendered":"https:\/\/portais.santoandre.sp.gov.br\/semasa\/?page_id=323"},"modified":"2024-06-24T16:34:59","modified_gmt":"2024-06-24T19:34:59","slug":"manuais-sistema-acto","status":"publish","type":"page","link":"https:\/\/portais.santoandre.sp.gov.br\/semasa\/gestao-ambiental\/licenciamento-ambiental\/manuais-sistema-acto\/","title":{"rendered":"Manuais Sistema ACTO"},"content":{"rendered":"\n<p>Nesta p\u00e1gina disponibilizamos alguns manuais de orienta\u00e7\u00e3o para utiliza\u00e7\u00e3o do Sistema ACTO.<\/p>\n\n\n\n<ul class=\"wp-block-list\">\n<li><a href=\"https:\/\/portais.santoandre.sp.gov.br\/semasa\/wp-content\/uploads\/sites\/13\/2024\/06\/Manual-_Emissao-de-Roteiros_Semasa.pdf\">Manual \u2013 Emiss\u00e3o de Roteiros_Semasa<\/a><\/li>\n\n\n\n<li><a href=\"https:\/\/portais.santoandre.sp.gov.br\/semasa\/wp-content\/uploads\/sites\/13\/2024\/06\/SERVICOS-DISPONIVEIS-E-PRIMEIROS-PASSOS-SEMASA.pdf\">Manual \u2013 Servi\u00e7os Dispon\u00edveis e Primeiros Passos<\/a><\/li>\n\n\n\n<li><a href=\"https:\/\/portais.santoandre.sp.gov.br\/semasa\/wp-content\/uploads\/sites\/13\/2024\/06\/ACTO-Monitoramento-TCA-DV-TRPAV-Rev1.pdf\">ACTO \u2013 Monitoramento TCA \u2013 DV \u2013 TRPAV<\/a><\/li>\n\n\n\n<li><a href=\"https:\/\/portais.santoandre.sp.gov.br\/semasa\/wp-content\/uploads\/sites\/13\/2024\/06\/ACTO-Monitoramento-Licenca-a-titulo-precario-para-Licenca-definitiva-Rev1.pdf\">ACTO \u2013 Monitoramento Licen\u00e7a a t\u00edtulo prec\u00e1rio para Licen\u00e7a definitiva<\/a><\/li>\n\n\n\n<li><a href=\"https:\/\/portais.santoandre.sp.gov.br\/semasa\/wp-content\/uploads\/sites\/13\/2024\/06\/ACTO-Monitoramento-Cadastro-Previo-para-pedido-de-Licenca-e-Autorizacao-Rev1.pdf\">ACTO \u2013 Monitoramento Cadastro Pr\u00e9vio para pedido de Licen\u00e7a e Autoriza\u00e7\u00e3o<\/a><\/li>\n\n\n\n<li><a href=\"https:\/\/portais.santoandre.sp.gov.br\/semasa\/wp-content\/uploads\/sites\/13\/2024\/06\/ACTO-Cadastro-Responsavel-Tecnico.pdf\">ACTO \u2013 Cadastro Respons\u00e1vel T\u00e9cnico<\/a><\/li>\n\n\n\n<li><a href=\"https:\/\/portais.santoandre.sp.gov.br\/semasa\/wp-content\/uploads\/sites\/13\/2024\/06\/ACTO-Clonagem-de-Processo-Rev1.pdf\">ACTO \u2013 Clonagem de Processo<\/a><\/li>\n\n\n\n<li><a href=\"https:\/\/portais.santoandre.sp.gov.br\/semasa\/wp-content\/uploads\/sites\/13\/2024\/06\/ACTO-Atualizacao-de-Dados.pdf\">ACTO \u2013 Atualiza\u00e7\u00e3o de Dados<\/a><\/li>\n\n\n\n<li><a href=\"https:\/\/portais.santoandre.sp.gov.br\/semasa\/wp-content\/uploads\/sites\/13\/2024\/06\/ACTO-Recurso-indeferimento.pdf\">ACTO \u2013 Recurso indeferimento<\/a><\/li>\n<\/ul>\n\n\n","protected":false},"excerpt":{"rendered":"<p>Nesta p\u00e1gina disponibilizamos alguns manuais de orienta\u00e7\u00e3o para utiliza\u00e7\u00e3o do Sistema ACTO.<\/p>\n","protected":false},"author":28,"featured_media":0,"parent":285,"menu_order":0,"comment_status":"closed","ping_status":"closed","template":"","meta":{"footnotes":""},"class_list":["post-323","page","type-page","status-publish","hentry"],"_links":{"self":[{"href":"https:\/\/portais.santoandre.sp.gov.br\/semasa\/wp-json\/wp\/v2\/pages\/323","targetHints":{"allow":["GET"]}}],"collection":[{"href":"https:\/\/portais.santoandre.sp.gov.br\/semasa\/wp-json\/wp\/v2\/pages"}],"about":[{"href":"https:\/\/portais.santoandre.sp.gov.br\/semasa\/wp-json\/wp\/v2\/types\/page"}],"author":[{"embeddable":true,"href":"https:\/\/portais.santoandre.sp.gov.br\/semasa\/wp-json\/wp\/v2\/users\/28"}],"replies":[{"embeddable":true,"href":"https:\/\/portais.santoandre.sp.gov.br\/semasa\/wp-json\/wp\/v2\/comments?post=323"}],"version-history":[{"count":1,"href":"https:\/\/portais.santoandre.sp.gov.br\/semasa\/wp-json\/wp\/v2\/pages\/323\/revisions"}],"predecessor-version":[{"id":333,"href":"https:\/\/portais.santoandre.sp.gov.br\/semasa\/wp-json\/wp\/v2\/pages\/323\/revisions\/333"}],"up":[{"embeddable":true,"href":"https:\/\/portais.santoandre.sp.gov.br\/semasa\/wp-json\/wp\/v2\/pages\/285"}],"wp:attachment":[{"href":"https:\/\/portais.santoandre.sp.gov.br\/semasa\/wp-json\/wp\/v2\/media?parent=323"}],"curies":[{"name":"wp","href":"https:\/\/api.w.org\/{rel}","templated":true}]}}