{"id":301,"date":"2024-06-24T15:41:48","date_gmt":"2024-06-24T18:41:48","guid":{"rendered":"https:\/\/portais.santoandre.sp.gov.br\/semasa\/?page_id=301"},"modified":"2024-08-28T11:37:01","modified_gmt":"2024-08-28T14:37:01","slug":"aterro-sanitario","status":"publish","type":"page","link":"https:\/\/portais.santoandre.sp.gov.br\/semasa\/residuos\/aterro-sanitario\/","title":{"rendered":"Aterro sanit\u00e1rio"},"content":{"rendered":"\n<div class=\"wp-block-stackable-button-group stk-block-button-group stk-block stk-c8a1e88\" data-block-id=\"c8a1e88\"><div class=\"stk-row stk-inner-blocks stk-block-content stk-button-group\">\n<div class=\"wp-block-stackable-button stk-block-button stk-block stk-198e9a7\" data-block-id=\"198e9a7\"><style>.stk-198e9a7 .stk-button{background:#00d084 !important}<\/style><a class=\"stk-link stk-button stk--hover-effect-darken\" href=\"https:\/\/portais.santoandre.sp.gov.br\/semasa\/residuos\/aterro-sanitario\/visitas-ao-aterro-sanitario\/\"><span class=\"stk-button__inner-text\">Visitas monitoradas<\/span><\/a><\/div>\n\n\n\n<div class=\"wp-block-stackable-button stk-block-button stk-block stk-b4ce372\" data-block-id=\"b4ce372\"><a class=\"stk-link stk-button stk--hover-effect-darken\" href=\"https:\/\/portais.santoandre.sp.gov.br\/semasa\/residuos\/aterro-sanitario\/cooperativas\/\"><span class=\"stk-button__inner-text\">Cooperativas de reciclagem<\/span><\/a><\/div>\n\n\n\n<div class=\"wp-block-stackable-button stk-block-button stk-block stk-d39bc90\" data-block-id=\"d39bc90\"><style>.stk-d39bc90 .stk-button{background:#cf2e2e !important}<\/style><a class=\"stk-link stk-button stk--hover-effect-darken\" href=\"https:\/\/portais.santoandre.sp.gov.br\/semasa\/residuos\/aterro-sanitario\/plano-de-comunicacao-do-aterro\/\"><span class=\"stk-button__inner-text\">Plano de comunica\u00e7\u00e3o do Aterro<\/span><\/a><\/div>\n<\/div><\/div>\n\n\n\n<p>O Aterro Municipal de Santo Andr\u00e9 \u00e9 hoje um complexo de tratamento e destina\u00e7\u00e3o final de res\u00edduos s\u00f3lidos produzidos no munic\u00edpio. N\u00e3o \u00e9 s\u00f3 aterro de lixo e muito menos lix\u00e3o. Trata-se de uma \u00e1rea destinada a receber os res\u00edduos s\u00f3lidos produzidos em Santo Andr\u00e9 e dar o destino ambientalmente correto a estes materiais coletados.<\/p>\n\n\n<div class=\"wp-block-image\">\n<figure class=\"alignleft size-large is-resized\"><img fetchpriority=\"high\" decoding=\"async\" width=\"1024\" height=\"683\" src=\"https:\/\/portais.santoandre.sp.gov.br\/semasa\/wp-content\/uploads\/sites\/13\/2024\/06\/Aterro-Fotos-Aereas-vol.01-08052015-75-1024x683.jpg\" alt=\"\" class=\"wp-image-303\" style=\"aspect-ratio:1.499267935578331;width:632px;height:auto\" srcset=\"https:\/\/portais.santoandre.sp.gov.br\/semasa\/wp-content\/uploads\/sites\/13\/2024\/06\/Aterro-Fotos-Aereas-vol.01-08052015-75-1024x683.jpg 1024w, https:\/\/portais.santoandre.sp.gov.br\/semasa\/wp-content\/uploads\/sites\/13\/2024\/06\/Aterro-Fotos-Aereas-vol.01-08052015-75-300x200.jpg 300w, https:\/\/portais.santoandre.sp.gov.br\/semasa\/wp-content\/uploads\/sites\/13\/2024\/06\/Aterro-Fotos-Aereas-vol.01-08052015-75-768x512.jpg 768w, https:\/\/portais.santoandre.sp.gov.br\/semasa\/wp-content\/uploads\/sites\/13\/2024\/06\/Aterro-Fotos-Aereas-vol.01-08052015-75-1536x1024.jpg 1536w, https:\/\/portais.santoandre.sp.gov.br\/semasa\/wp-content\/uploads\/sites\/13\/2024\/06\/Aterro-Fotos-Aereas-vol.01-08052015-75-2048x1365.jpg 2048w\" sizes=\"(max-width: 1024px) 100vw, 1024px\" \/><\/figure><\/div>\n\n\n<p>Aberto em 1986 e desde 1999 operado pelo Semasa, o Aterro de Santo Andr\u00e9 \u00e9 atualmente um dos mais bem classificados no Estado de S\u00e3o Paulo, com nota 9,1 dada pela pr\u00f3pria Cetesb. Na regi\u00e3o do ABC, Santo Andr\u00e9 \u00e9 a \u00fanica cidade que tem espa\u00e7o para a destina\u00e7\u00e3o de 100% dos res\u00edduos residenciais gerados pela sua popula\u00e7\u00e3o: cerca de 630 toneladas por dia.<\/p>\n\n\n\n<p>Localizado no bairro Cidade S\u00e3o Jorge, o Aterro tem \u00e1rea total de 217 mil m\u00b2 e\u00a0 hoje abriga tamb\u00e9m as\u00a0<a href=\"https:\/\/portais.santoandre.sp.gov.br\/semasa\/residuos\/aterro-sanitario\/cooperativas\/\" data-type=\"page\" data-id=\"1568\">cooperativas de reciclagem<\/a>.<\/p>\n\n\n\n<p><strong>Amplia\u00e7\u00e3o<\/strong>&nbsp;\u2013 Em mar\u00e7o de 2014, ap\u00f3s quatro anos praticamente fechado, o complexo do Aterro andreense foi reaberto. Atualmente, ele recebe cerca de 630 toneladas de res\u00edduos domiciliares por dia.<\/p>\n\n\n\n<p>A reabertura do aterro s\u00f3 foi poss\u00edvel gra\u00e7as aos investimentos do Semasa na \u00e1rea de amplia\u00e7\u00e3o do espa\u00e7o, que tem 40 mil m\u00b2.<\/p>\n\n\n\n<p>Santo Andr\u00e9 \u00e9 modelo na coleta, tratamento, separa\u00e7\u00e3o e destina\u00e7\u00e3o final de res\u00edduos s\u00f3lidos para outras cidades brasileiras. O Aterro andreense \u00e9 tamb\u00e9m um dos roteiros utilizados na educa\u00e7\u00e3o ambiental promovida pelo Semasa e na\u00a0<a href=\"https:\/\/portais.santoandre.sp.gov.br\/semasa\/residuos\/aterro-sanitario\/visitas-ao-aterro-sanitario\/\">visita monitorada<\/a>\u00a0de grupos de t\u00e9cnicos e administradores de outros munic\u00edpios.<\/p>\n","protected":false},"excerpt":{"rendered":"<p>Visitas monitoradas Cooperativas de reciclagem Plano de comunica\u00e7\u00e3o do Aterro O Aterro Municipal de Santo Andr\u00e9 \u00e9 hoje um complexo de tratamento e destina\u00e7\u00e3o final de res\u00edduos s\u00f3lidos produzidos no munic\u00edpio. N\u00e3o \u00e9 s\u00f3 aterro de lixo e muito menos lix\u00e3o. Trata-se de uma \u00e1rea destinada a receber os res\u00edduos s\u00f3lidos produzidos em Santo Andr\u00e9 [&hellip;]<\/p>\n","protected":false},"author":28,"featured_media":0,"parent":44,"menu_order":0,"comment_status":"closed","ping_status":"closed","template":"","meta":{"footnotes":""},"class_list":["post-301","page","type-page","status-publish","hentry"],"_links":{"self":[{"href":"https:\/\/portais.santoandre.sp.gov.br\/semasa\/wp-json\/wp\/v2\/pages\/301","targetHints":{"allow":["GET"]}}],"collection":[{"href":"https:\/\/portais.santoandre.sp.gov.br\/semasa\/wp-json\/wp\/v2\/pages"}],"about":[{"href":"https:\/\/portais.santoandre.sp.gov.br\/semasa\/wp-json\/wp\/v2\/types\/page"}],"author":[{"embeddable":true,"href":"https:\/\/portais.santoandre.sp.gov.br\/semasa\/wp-json\/wp\/v2\/users\/28"}],"replies":[{"embeddable":true,"href":"https:\/\/portais.santoandre.sp.gov.br\/semasa\/wp-json\/wp\/v2\/comments?post=301"}],"version-history":[{"count":6,"href":"https:\/\/portais.santoandre.sp.gov.br\/semasa\/wp-json\/wp\/v2\/pages\/301\/revisions"}],"predecessor-version":[{"id":1577,"href":"https:\/\/portais.santoandre.sp.gov.br\/semasa\/wp-json\/wp\/v2\/pages\/301\/revisions\/1577"}],"up":[{"embeddable":true,"href":"https:\/\/portais.santoandre.sp.gov.br\/semasa\/wp-json\/wp\/v2\/pages\/44"}],"wp:attachment":[{"href":"https:\/\/portais.santoandre.sp.gov.br\/semasa\/wp-json\/wp\/v2\/media?parent=301"}],"curies":[{"name":"wp","href":"https:\/\/api.w.org\/{rel}","templated":true}]}}