{"id":285,"date":"2024-06-24T15:21:12","date_gmt":"2024-06-24T18:21:12","guid":{"rendered":"https:\/\/portais.santoandre.sp.gov.br\/semasa\/?page_id=285"},"modified":"2026-01-30T17:57:32","modified_gmt":"2026-01-30T20:57:32","slug":"licenciamento-ambiental","status":"publish","type":"page","link":"https:\/\/portais.santoandre.sp.gov.br\/semasa\/gestao-ambiental\/licenciamento-ambiental\/","title":{"rendered":"Licenciamento ambiental"},"content":{"rendered":"\n<div class=\"wp-block-stackable-button-group stk-block-button-group stk-block stk-4898c97\" data-block-id=\"4898c97\"><div class=\"stk-row stk-inner-blocks stk-block-content stk-button-group\">\n<div class=\"wp-block-stackable-button stk-block-button stk-block stk-aaccfd1\" data-block-id=\"aaccfd1\"><style>.stk-aaccfd1 .stk-button{background:#0693e3 !important;}<\/style><a class=\"stk-link stk-button stk--hover-effect-darken\" href=\"https:\/\/portais.santoandre.sp.gov.br\/semasa\/gestao-ambiental\/licenciamento-ambiental\/manuais-sistema-acto\/\"><span class=\"stk-button__inner-text\">Manuais do Acto<\/span><\/a><\/div>\n\n\n\n<div class=\"wp-block-stackable-button stk-block-button stk-block stk-6a03dfd\" data-block-id=\"6a03dfd\"><style>.stk-6a03dfd .stk-button{background:#00d084 !important;}<\/style><a class=\"stk-link stk-button stk--hover-effect-darken\" href=\"https:\/\/www.santoandre.sp.gov.br\/PortalServico\/Agendamento\/frmAgendamento.aspx?Id=801\"><span class=\"stk-button__inner-text\">Agendamento de atendimento t\u00e9cnico de licenciamento<\/span><\/a><\/div>\n\n\n\n<div class=\"wp-block-stackable-button stk-block-button stk-block stk-8193c2b\" data-block-id=\"8193c2b\"><style>.stk-8193c2b .stk-button{background:#cf2e2e !important;}<\/style><a class=\"stk-link stk-button stk--hover-effect-darken\" href=\"https:\/\/portais.santoandre.sp.gov.br\/semasa\/gestao-ambiental\/licenciamento-ambiental\/duvidas-frequentes\/\"><span class=\"stk-button__inner-text\">D\u00favidas frequentes<\/span><\/a><\/div>\n\n\n\n<div class=\"wp-block-stackable-button stk-block-button stk-block stk-971a57e\" data-block-id=\"971a57e\"><style>.stk-971a57e .stk-button{background:#f78da7 !important;}<\/style><a class=\"stk-link stk-button stk--hover-effect-darken\" href=\"https:\/\/agencia.semasa.sp.gov.br\/licenciamentoweb\/default.aspx\"><span class=\"stk-button__inner-text\">Publica\u00e7\u00e3o de licen\u00e7as ambientais<\/span><\/a><\/div>\n<\/div><\/div>\n\n\n\n<div class=\"wp-block-stackable-button-group stk-block-button-group stk-block stk-36ce29a\" data-block-id=\"36ce29a\"><div class=\"stk-row stk-inner-blocks stk-block-content stk-button-group\">\n<div class=\"wp-block-stackable-button stk-block-button stk-block stk-2b4dc0c\" data-block-id=\"2b4dc0c\"><style>.stk-2b4dc0c .stk-button{background:#abb8c3 !important;}<\/style><a class=\"stk-link stk-button stk--hover-effect-darken\" href=\"https:\/\/portais.santoandre.sp.gov.br\/semasa\/gestao-ambiental\/licenciamento-ambiental\/formularios-roteiros-e-modelos\/\"><span class=\"stk-button__inner-text\">Formul\u00e1rios, roteiros e modelos<\/span><\/a><\/div>\n\n\n\n<div class=\"wp-block-stackable-button stk-block-button stk-block stk-7311a7a\" data-block-id=\"7311a7a\"><style>.stk-7311a7a .stk-button{background:#9b51e0 !important;}<\/style><a class=\"stk-link stk-button stk--hover-effect-darken\" href=\"https:\/\/agencia.semasa.sp.gov.br\/agenciavirtual\/frmProcesso.aspx\"><span class=\"stk-button__inner-text\">Consulta ao processo<\/span><\/a><\/div>\n\n\n\n<div class=\"wp-block-stackable-button stk-block-button stk-block stk-0a335ac\" data-block-id=\"0a335ac\"><style>.stk-0a335ac .stk-button{background:#ff6900 !important;}<\/style><a class=\"stk-link stk-button stk--hover-effect-darken\" href=\"https:\/\/portais.santoandre.sp.gov.br\/semasa\/gestao-ambiental\/licenciamento-ambiental\/processos-deferidos-e-indeferidos\/\"><span class=\"stk-button__inner-text\">Processos deferidos e indeferidos<\/span><\/a><\/div>\n\n\n\n<div class=\"wp-block-stackable-button stk-block-button stk-block stk-f64dec6\" data-block-id=\"f64dec6\"><style>.stk-f64dec6 .stk-button{background:#000000 !important;}<\/style><a class=\"stk-link stk-button stk--hover-effect-darken\" href=\"https:\/\/portais.santoandre.sp.gov.br\/semasa\/gestao-ambiental\/licenciamento-ambiental\/areas-contaminadas\/\"><span class=\"stk-button__inner-text\">\u00c1reas contaminadas<\/span><\/a><\/div>\n\n\n\n<div class=\"wp-block-stackable-button stk-block-button stk-block stk-19dd1d4\" data-block-id=\"19dd1d4\"><a class=\"stk-link stk-button stk--hover-effect-darken\" href=\"https:\/\/portais.santoandre.sp.gov.br\/semasa\/gestao-ambiental\/licenciamento-ambiental\/licenciamento-aprm\/\"><span class=\"stk-button__inner-text\">Licenciamento APRM<\/span><\/a><\/div>\n\n\n\n<div class=\"wp-block-stackable-button stk-block-button stk-block stk-8fbf0bf\" data-block-id=\"8fbf0bf\"><style>.stk-8fbf0bf .stk-button{background:#fcb900 !important;}<\/style><a class=\"stk-link stk-button stk--hover-effect-darken\" href=\"https:\/\/www2.santoandre.sp.gov.br\/index.php\/impostos-e-contribuicoes-2\"><span class=\"stk-button__inner-text\">VRE<\/span><\/a><\/div>\n<\/div><\/div>\n\n\n\n<div class=\"wp-block-stackable-button-group stk-block-button-group stk-block stk-9de8493\" data-block-id=\"9de8493\"><div class=\"stk-row stk-inner-blocks stk-block-content stk-button-group\">\n<div class=\"wp-block-stackable-button stk-block-button stk-block stk-c2957cc\" data-block-id=\"c2957cc\"><style>.stk-c2957cc .stk-button{background:#f78da7 !important;}<\/style><a class=\"stk-link stk-button stk--hover-effect-darken\" href=\"https:\/\/portais.santoandre.sp.gov.br\/semasa\/gestao-ambiental\/licenciamento-ambiental\/documentacao-base\/\"><span class=\"stk-button__inner-text\">Documentos base<\/span><\/a><\/div>\n<\/div><\/div>\n\n\n<div class=\"wp-block-image\">\n<figure class=\"aligncenter size-full is-resized\"><img fetchpriority=\"high\" decoding=\"async\" width=\"768\" height=\"768\" src=\"https:\/\/portais.santoandre.sp.gov.br\/semasa\/wp-content\/uploads\/sites\/13\/2024\/06\/WhatsApp-Image-2023-05-02-at-16.33.43-768x768-1.jpeg\" alt=\"\" class=\"wp-image-316\" style=\"width:404px;height:auto\" srcset=\"https:\/\/portais.santoandre.sp.gov.br\/semasa\/wp-content\/uploads\/sites\/13\/2024\/06\/WhatsApp-Image-2023-05-02-at-16.33.43-768x768-1.jpeg 768w, https:\/\/portais.santoandre.sp.gov.br\/semasa\/wp-content\/uploads\/sites\/13\/2024\/06\/WhatsApp-Image-2023-05-02-at-16.33.43-768x768-1-300x300.jpeg 300w, https:\/\/portais.santoandre.sp.gov.br\/semasa\/wp-content\/uploads\/sites\/13\/2024\/06\/WhatsApp-Image-2023-05-02-at-16.33.43-768x768-1-150x150.jpeg 150w\" sizes=\"(max-width: 768px) 100vw, 768px\" \/><\/figure><\/div>\n\n\n<p><strong><span style=\"color: #ff6900\" class=\"stk-highlight\">AVISOS<\/span><\/strong><\/p>\n\n\n\n<ul class=\"wp-block-list\">\n<li>Considerando o disposto na Decis\u00e3o de Diretoria n\u00ba 020\/25\/C, de 28 de mar\u00e7o de 2025, em especial o disposto no Art. 3\u00ba, \u00a7 5\u00ba, poder\u00e3o ser solicitados:<br><strong><u>Para emiss\u00e3o da Licen\u00e7a de Opera\u00e7\u00e3o<\/u><\/strong>, cujas atividades gerem res\u00edduos s\u00f3lidos Classe 1:<br>&#8211; Contrato ou Anu\u00eancia entre o gerador do res\u00edduo e a empresa que far\u00e1 a destina\u00e7\u00e3o do res\u00edduo;<br>&#8211; Carta de Anu\u00eancia da empresa que receber\u00e1 o res\u00edduo (destino final);<br>&#8211; Comprovante de aptid\u00e3o do local de destina\u00e7\u00e3o para receber o res\u00edduo (Licen\u00e7as de Opera\u00e7\u00e3o vigente ou documento equivalente).<br><strong><u>Para Renova\u00e7\u00e3o ou Regulariza\u00e7\u00e3o da Licen\u00e7a de Opera\u00e7\u00e3o<\/u><\/strong>, cujas atividades gerem res\u00edduos industriais:<br>&#8211; Os <strong>tr\u00eas<\/strong> documentos solicitados anteriormente para a<strong> Licen\u00e7a de Opera\u00e7\u00e3o<\/strong>;<br>&#8211; Relat\u00f3rio de Gerenciamento de Res\u00edduos Industriais, referente ao per\u00edodo de vig\u00eancia da Licen\u00e7a a ser renovada, contendo a descri\u00e7\u00e3o, classifica\u00e7\u00e3o de acordo com a Resolu\u00e7\u00e3o Conama 313\/2002 e ABNT 10004:24, quantifica\u00e7\u00e3o, data de destina\u00e7\u00e3o e local de destina\u00e7\u00e3o, acompanhado de c\u00f3pia dos respectivos comprovantes de destina\u00e7\u00e3o conforme aplic\u00e1vel (MTR, CDF, Certificado de Recebimento de Res\u00edduos, Certificado de Coleta de \u00d3leo, Notas Fiscais de transporte, etc).<br>Caso o interessado deseje reclassificar o res\u00edduo gerado pela atividade, de Classe 1 para Classe 2, dever\u00e1 apresentar Laudo de Caracteriza\u00e7\u00e3o de Res\u00edduos, conforme determina a Norma ABNT 10004:24, assinado por profissional habilitado, com recolhimento da Anota\u00e7\u00e3o de Responsabilidade T\u00e9cnica<\/li>\n<\/ul>\n\n\n\n<p><\/p>\n\n\n\n<ul class=\"wp-block-list\">\n<li>Informamos que desde 2\/4\/24, os Roteiros para Abertura de Processos de licenciamento\/autoriza\u00e7\u00e3o ambiental dever\u00e3o ser solicitados pelo sistema Acto, no link<a href=\"https:\/\/santoandre.inmov.net.br\/\">&nbsp;https:\/\/santoandre.inmov.net.br\/<\/a><\/li>\n<\/ul>\n\n\n\n<hr class=\"wp-block-separator has-alpha-channel-opacity\" \/>\n\n\n\n<p>O licenciamento \u00e9 um dos instrumentos de gest\u00e3o ambiental estabelecidos pela&nbsp;<a href=\"http:\/\/www.planalto.gov.br\/ccivil_03\/Leis\/L6938.htm\" target=\"_blank\" rel=\"noreferrer noopener\">Lei Federal 6.938\/81<\/a>&nbsp;(Pol\u00edtica Nacional do Meio Ambiente), anteriormente regulamentado pela&nbsp;<a href=\"http:\/\/www.mma.gov.br\/port\/conama\/legiabre.cfm?codlegi=237\" target=\"_blank\" rel=\"noreferrer noopener\">Resolu\u00e7\u00e3o Conama 237\/97<\/a>. Com o advento da&nbsp;<a href=\"https:\/\/portais.santoandre.sp.gov.br\/semasa\/wp-content\/uploads\/sites\/13\/2025\/01\/DELIBERACAO_NORMATIVA_CONSEMA_01_2024.pdf\" data-type=\"link\" data-id=\"https:\/\/portais.santoandre.sp.gov.br\/semasa\/wp-content\/uploads\/sites\/13\/2025\/01\/DELIBERACAO_NORMATIVA_CONSEMA_01_2024.pdf\">Delibera\u00e7\u00e3o Consema Normativa 01\/2024<\/a>, a qual delega aos munic\u00edpios o licenciamento de atividades de impacto local, foi revista a legisla\u00e7\u00e3o municipal com a publica\u00e7\u00e3o do&nbsp;<a href=\"https:\/\/portais.santoandre.sp.gov.br\/semasa\/wp-content\/uploads\/sites\/13\/2024\/06\/Novo-Decreto-de-Licenciamento-no18.174_2023.pdf\">Decreto n\u00ba 18.174\/2023<\/a>&nbsp;e&nbsp;<a href=\"https:\/\/portais.santoandre.sp.gov.br\/semasa\/wp-content\/uploads\/sites\/13\/2024\/06\/PORTARIA-121-2024-decreto-18174-DGA.pdf\" target=\"_blank\" rel=\"noreferrer noopener\">Portaria Semasa n\u00ba 121\/2024<\/a><\/p>\n\n\n\n<p>Em Santo Andr\u00e9, o licenciamento ambiental municipal foi iniciado em 2002, estando a cargo do Semasa, por meio do seu Departamento de Gest\u00e3o Ambiental (DGA), e tamb\u00e9m da Prefeitura de Santo Andr\u00e9, por meio do seu Departamento de Meio Ambiente, na Secretaria de Meio Ambiente.<\/p>\n\n\n\n<p>Leia mais sobre este procedimento na&nbsp;<strong>Cartilha de Licenciamento Ambiental&nbsp;<\/strong>publicada pelo Semasa.<\/p>\n\n\n\n<div data-wp-interactive=\"core\/file\" class=\"wp-block-file\"><object data-wp-bind--hidden=\"!state.hasPdfPreview\" hidden class=\"wp-block-file__embed\" data=\"https:\/\/portais.santoandre.sp.gov.br\/semasa\/wp-content\/uploads\/sites\/13\/2024\/06\/cartilha_LICENCIAMENTO_02022024_IMPRESSAO.pdf\" type=\"application\/pdf\" style=\"width:100%;height:600px\" aria-label=\"Incorporado de cartilha_LICENCIAMENTO_02022024_IMPRESSAO.\"><\/object><a id=\"wp-block-file--media-0261f342-0476-4ec6-a5b4-7c321e6ad32b\" href=\"https:\/\/portais.santoandre.sp.gov.br\/semasa\/wp-content\/uploads\/sites\/13\/2024\/06\/cartilha_LICENCIAMENTO_02022024_IMPRESSAO.pdf\">cartilha_LICENCIAMENTO_02022024_IMPRESSAO<\/a><a href=\"https:\/\/portais.santoandre.sp.gov.br\/semasa\/wp-content\/uploads\/sites\/13\/2024\/06\/cartilha_LICENCIAMENTO_02022024_IMPRESSAO.pdf\" class=\"wp-block-file__button wp-element-button\" download aria-describedby=\"wp-block-file--media-0261f342-0476-4ec6-a5b4-7c321e6ad32b\">Baixar<\/a><\/div>\n","protected":false},"excerpt":{"rendered":"<p>Manuais do Acto Agendamento de atendimento t\u00e9cnico de licenciamento D\u00favidas frequentes Publica\u00e7\u00e3o de licen\u00e7as ambientais Formul\u00e1rios, roteiros e modelos Consulta ao processo Processos deferidos e indeferidos \u00c1reas contaminadas Licenciamento APRM VRE Documentos base AVISOS O licenciamento \u00e9 um dos instrumentos de gest\u00e3o ambiental estabelecidos pela&nbsp;Lei Federal 6.938\/81&nbsp;(Pol\u00edtica Nacional do Meio Ambiente), anteriormente regulamentado pela&nbsp;Resolu\u00e7\u00e3o Conama [&hellip;]<\/p>\n","protected":false},"author":28,"featured_media":0,"parent":311,"menu_order":0,"comment_status":"closed","ping_status":"closed","template":"","meta":{"footnotes":""},"class_list":["post-285","page","type-page","status-publish","hentry"],"_links":{"self":[{"href":"https:\/\/portais.santoandre.sp.gov.br\/semasa\/wp-json\/wp\/v2\/pages\/285","targetHints":{"allow":["GET"]}}],"collection":[{"href":"https:\/\/portais.santoandre.sp.gov.br\/semasa\/wp-json\/wp\/v2\/pages"}],"about":[{"href":"https:\/\/portais.santoandre.sp.gov.br\/semasa\/wp-json\/wp\/v2\/types\/page"}],"author":[{"embeddable":true,"href":"https:\/\/portais.santoandre.sp.gov.br\/semasa\/wp-json\/wp\/v2\/users\/28"}],"replies":[{"embeddable":true,"href":"https:\/\/portais.santoandre.sp.gov.br\/semasa\/wp-json\/wp\/v2\/comments?post=285"}],"version-history":[{"count":17,"href":"https:\/\/portais.santoandre.sp.gov.br\/semasa\/wp-json\/wp\/v2\/pages\/285\/revisions"}],"predecessor-version":[{"id":6200,"href":"https:\/\/portais.santoandre.sp.gov.br\/semasa\/wp-json\/wp\/v2\/pages\/285\/revisions\/6200"}],"up":[{"embeddable":true,"href":"https:\/\/portais.santoandre.sp.gov.br\/semasa\/wp-json\/wp\/v2\/pages\/311"}],"wp:attachment":[{"href":"https:\/\/portais.santoandre.sp.gov.br\/semasa\/wp-json\/wp\/v2\/media?parent=285"}],"curies":[{"name":"wp","href":"https:\/\/api.w.org\/{rel}","templated":true}]}}