{"id":2634,"date":"2025-01-10T08:11:51","date_gmt":"2025-01-10T11:11:51","guid":{"rendered":"https:\/\/portais.santoandre.sp.gov.br\/semasa\/?page_id=2634"},"modified":"2025-01-10T08:11:51","modified_gmt":"2025-01-10T11:11:51","slug":"inventario-de-gee","status":"publish","type":"page","link":"https:\/\/portais.santoandre.sp.gov.br\/semasa\/gestao-ambiental\/inventario-de-gee\/","title":{"rendered":"Invent\u00e1rio de GEE"},"content":{"rendered":"\n<p>Em 2024, a Prefeitura de Santo Andr\u00e9 recebeu o primeiro Invent\u00e1rio de Gases de Efeito Estufa do munic\u00edpio. O levantamento foi realizado pelo Iclei e faz parte das estrat\u00e9gias que est\u00e3o sendo elaboradas a fim de minimizar os efeitos clim\u00e1ticos da emiss\u00e3o dos gases estufa e neutralizar o carbono emitido at\u00e9 2053, contribuindo com a sa\u00fade ambiental da cidade e munic\u00edpios do entorno.<\/p>\n\n\n\n<p>A partir do invent\u00e1rio, que \u00e9 considerado documento estruturante para outros estudos, Santo Andr\u00e9 pode dar in\u00edcio ao Plano Municipal de Mudan\u00e7as Clim\u00e1ticas e demais pol\u00edticas associadas, como a regulamenta\u00e7\u00e3o da Lei de Pagamento por Servi\u00e7os Ambientais e a revis\u00e3o do Marco Regulat\u00f3rio das Pol\u00edticas Urbanas.<\/p>\n\n\n\n<p>Entre os objetivos est\u00e1 identificar os principais setores de emiss\u00e3o de gases, estabelecer metas municipais para redu\u00e7\u00e3o de GEE, mitigar os efeitos clim\u00e1ticos provocados pelos gases-estufa, entre outros.<\/p>\n\n\n\n<p>Para ter acesso ao relat\u00f3rio completo, clique nos documentos abaixo.<\/p>\n\n\n\n<div data-wp-interactive=\"core\/file\" class=\"wp-block-file\"><object data-wp-bind--hidden=\"!state.hasPdfPreview\" hidden class=\"wp-block-file__embed\" data=\"https:\/\/portais.santoandre.sp.gov.br\/semasa\/wp-content\/uploads\/sites\/13\/2025\/01\/SUMARIO-SANTO-ANDRE-v4.pdf\" type=\"application\/pdf\" style=\"width:100%;height:470px\" aria-label=\"Incorporado de SUMA\u0301RIO SANTO ANDRE\u0301 v4.\"><\/object><a id=\"wp-block-file--media-656a5418-9ece-4f3e-bc7d-4b2ee4447117\" href=\"https:\/\/portais.santoandre.sp.gov.br\/semasa\/wp-content\/uploads\/sites\/13\/2025\/01\/SUMARIO-SANTO-ANDRE-v4.pdf\">SUMA\u0301RIO SANTO ANDRE\u0301 v4<\/a><a href=\"https:\/\/portais.santoandre.sp.gov.br\/semasa\/wp-content\/uploads\/sites\/13\/2025\/01\/SUMARIO-SANTO-ANDRE-v4.pdf\" class=\"wp-block-file__button wp-element-button\" download aria-describedby=\"wp-block-file--media-656a5418-9ece-4f3e-bc7d-4b2ee4447117\">Baixar<\/a><\/div>\n\n\n\n<div data-wp-interactive=\"core\/file\" class=\"wp-block-file\"><object data-wp-bind--hidden=\"!state.hasPdfPreview\" hidden class=\"wp-block-file__embed\" data=\"https:\/\/portais.santoandre.sp.gov.br\/semasa\/wp-content\/uploads\/sites\/13\/2025\/01\/RELATORIO-IEGEE_-SANTO-ANDRE_Vf.pdf\" type=\"application\/pdf\" style=\"width:100%;height:440px\" aria-label=\"Incorporado de RELATORIO IEGEE_ SANTO ANDR\u00c9_Vf.\"><\/object><a id=\"wp-block-file--media-0368fd3d-ec9c-40d0-a395-cfb182a674f4\" href=\"https:\/\/portais.santoandre.sp.gov.br\/semasa\/wp-content\/uploads\/sites\/13\/2025\/01\/RELATORIO-IEGEE_-SANTO-ANDRE_Vf.pdf\">RELATORIO IEGEE_ SANTO ANDR\u00c9_Vf<\/a><a href=\"https:\/\/portais.santoandre.sp.gov.br\/semasa\/wp-content\/uploads\/sites\/13\/2025\/01\/RELATORIO-IEGEE_-SANTO-ANDRE_Vf.pdf\" class=\"wp-block-file__button wp-element-button\" download aria-describedby=\"wp-block-file--media-0368fd3d-ec9c-40d0-a395-cfb182a674f4\">Baixar<\/a><\/div>\n","protected":false},"excerpt":{"rendered":"<p>Em 2024, a Prefeitura de Santo Andr\u00e9 recebeu o primeiro Invent\u00e1rio de Gases de Efeito Estufa do munic\u00edpio. O levantamento foi realizado pelo Iclei e faz parte das estrat\u00e9gias que est\u00e3o sendo elaboradas a fim de minimizar os efeitos clim\u00e1ticos da emiss\u00e3o dos gases estufa e neutralizar o carbono emitido at\u00e9 2053, contribuindo com a [&hellip;]<\/p>\n","protected":false},"author":28,"featured_media":0,"parent":311,"menu_order":0,"comment_status":"closed","ping_status":"closed","template":"","meta":{"footnotes":""},"class_list":["post-2634","page","type-page","status-publish","hentry"],"_links":{"self":[{"href":"https:\/\/portais.santoandre.sp.gov.br\/semasa\/wp-json\/wp\/v2\/pages\/2634","targetHints":{"allow":["GET"]}}],"collection":[{"href":"https:\/\/portais.santoandre.sp.gov.br\/semasa\/wp-json\/wp\/v2\/pages"}],"about":[{"href":"https:\/\/portais.santoandre.sp.gov.br\/semasa\/wp-json\/wp\/v2\/types\/page"}],"author":[{"embeddable":true,"href":"https:\/\/portais.santoandre.sp.gov.br\/semasa\/wp-json\/wp\/v2\/users\/28"}],"replies":[{"embeddable":true,"href":"https:\/\/portais.santoandre.sp.gov.br\/semasa\/wp-json\/wp\/v2\/comments?post=2634"}],"version-history":[{"count":1,"href":"https:\/\/portais.santoandre.sp.gov.br\/semasa\/wp-json\/wp\/v2\/pages\/2634\/revisions"}],"predecessor-version":[{"id":2637,"href":"https:\/\/portais.santoandre.sp.gov.br\/semasa\/wp-json\/wp\/v2\/pages\/2634\/revisions\/2637"}],"up":[{"embeddable":true,"href":"https:\/\/portais.santoandre.sp.gov.br\/semasa\/wp-json\/wp\/v2\/pages\/311"}],"wp:attachment":[{"href":"https:\/\/portais.santoandre.sp.gov.br\/semasa\/wp-json\/wp\/v2\/media?parent=2634"}],"curies":[{"name":"wp","href":"https:\/\/api.w.org\/{rel}","templated":true}]}}