{"id":245,"date":"2024-06-24T14:42:06","date_gmt":"2024-06-24T17:42:06","guid":{"rendered":"https:\/\/portais.santoandre.sp.gov.br\/semasa\/?page_id=245"},"modified":"2024-06-24T14:42:06","modified_gmt":"2024-06-24T17:42:06","slug":"oleo-de-cozinha","status":"publish","type":"page","link":"https:\/\/portais.santoandre.sp.gov.br\/semasa\/residuos\/residuos-perigosos-e-outros\/oleo-de-cozinha\/","title":{"rendered":"\u00d3leo de cozinha"},"content":{"rendered":"\n<h2 class=\"wp-block-heading\"><\/h2>\n\n\n\n<p>O \u00f3leo de cozinha \u00e9 um produto muito utilizado nos dias atuais, mas ap\u00f3s o seu uso, voc\u00ea j\u00e1 sabe o que fazer para descart\u00e1-lo corretamente? Nada de jogar&nbsp;o \u00f3leo usado no lixo comum, no ralo da pia, ou at\u00e9 mesmo dentro do vaso sanit\u00e1rio!<\/p>\n\n\n\n<p>Esses procedimentos, al\u00e9m de totalmente inadequados, j\u00e1 que o \u00f3leo obstruiu as redes de esgoto da cidade, s\u00e3o altamente prejudiciais ao meio ambiente. Um litro \u00f3leo pode poluir at\u00e9 25 mil litros de \u00e1gua.<\/p>\n\n\n\n<p>Em Santo Andr\u00e9, o Semasa realiza a coleta de \u00f3leo de cozinha em todas as suas\u00a0<a href=\"https:\/\/portais.santoandre.sp.gov.br\/semasa\/residuos\/estacoes-de-coleta\/\" data-type=\"page\" data-id=\"151\">Esta\u00e7\u00f5es de Coleta.<\/a> Para isso, basta o morador levar o \u00f3leo, acondicionado dentro de um recipiente fechado, como uma garrafa PET. A cada dois litros de \u00f3leo entregues nos ecopontos da autarquia, o mun\u00edcipe receber\u00e1 duas barras de sab\u00e3o em pedra, que s\u00e3o produzidos a partir do reaproveitamento do material descartado.<\/p>\n\n\n\n<p>Desde 2013 o trabalho ocorre em parceria com o\u00a0<a rel=\"noreferrer noopener\" href=\"http:\/\/www.triangulo.org.br\/\" target=\"_blank\">Instituto Tri\u00e2ngulo<\/a>. Veja abaixo algumas dicas de como armazenar corretamente o \u00f3leo utilizado em sua resid\u00eancia.<\/p>\n\n\n<div class=\"wp-block-image\">\n<figure class=\"aligncenter size-large\"><img fetchpriority=\"high\" decoding=\"async\" width=\"752\" height=\"1024\" src=\"https:\/\/portais.santoandre.sp.gov.br\/semasa\/wp-content\/uploads\/sites\/13\/2024\/06\/cartaz_dicas_oleo-4-752x1024.jpg\" alt=\"\" class=\"wp-image-246\" srcset=\"https:\/\/portais.santoandre.sp.gov.br\/semasa\/wp-content\/uploads\/sites\/13\/2024\/06\/cartaz_dicas_oleo-4-752x1024.jpg 752w, https:\/\/portais.santoandre.sp.gov.br\/semasa\/wp-content\/uploads\/sites\/13\/2024\/06\/cartaz_dicas_oleo-4-220x300.jpg 220w, https:\/\/portais.santoandre.sp.gov.br\/semasa\/wp-content\/uploads\/sites\/13\/2024\/06\/cartaz_dicas_oleo-4-768x1046.jpg 768w, https:\/\/portais.santoandre.sp.gov.br\/semasa\/wp-content\/uploads\/sites\/13\/2024\/06\/cartaz_dicas_oleo-4-1128x1536.jpg 1128w, https:\/\/portais.santoandre.sp.gov.br\/semasa\/wp-content\/uploads\/sites\/13\/2024\/06\/cartaz_dicas_oleo-4.jpg 1175w\" sizes=\"(max-width: 752px) 100vw, 752px\" \/><\/figure><\/div>","protected":false},"excerpt":{"rendered":"<p>O \u00f3leo de cozinha \u00e9 um produto muito utilizado nos dias atuais, mas ap\u00f3s o seu uso, voc\u00ea j\u00e1 sabe o que fazer para descart\u00e1-lo corretamente? Nada de jogar&nbsp;o \u00f3leo usado no lixo comum, no ralo da pia, ou at\u00e9 mesmo dentro do vaso sanit\u00e1rio! Esses procedimentos, al\u00e9m de totalmente inadequados, j\u00e1 que o \u00f3leo [&hellip;]<\/p>\n","protected":false},"author":28,"featured_media":0,"parent":197,"menu_order":0,"comment_status":"closed","ping_status":"closed","template":"","meta":{"footnotes":""},"class_list":["post-245","page","type-page","status-publish","hentry"],"_links":{"self":[{"href":"https:\/\/portais.santoandre.sp.gov.br\/semasa\/wp-json\/wp\/v2\/pages\/245","targetHints":{"allow":["GET"]}}],"collection":[{"href":"https:\/\/portais.santoandre.sp.gov.br\/semasa\/wp-json\/wp\/v2\/pages"}],"about":[{"href":"https:\/\/portais.santoandre.sp.gov.br\/semasa\/wp-json\/wp\/v2\/types\/page"}],"author":[{"embeddable":true,"href":"https:\/\/portais.santoandre.sp.gov.br\/semasa\/wp-json\/wp\/v2\/users\/28"}],"replies":[{"embeddable":true,"href":"https:\/\/portais.santoandre.sp.gov.br\/semasa\/wp-json\/wp\/v2\/comments?post=245"}],"version-history":[{"count":1,"href":"https:\/\/portais.santoandre.sp.gov.br\/semasa\/wp-json\/wp\/v2\/pages\/245\/revisions"}],"predecessor-version":[{"id":247,"href":"https:\/\/portais.santoandre.sp.gov.br\/semasa\/wp-json\/wp\/v2\/pages\/245\/revisions\/247"}],"up":[{"embeddable":true,"href":"https:\/\/portais.santoandre.sp.gov.br\/semasa\/wp-json\/wp\/v2\/pages\/197"}],"wp:attachment":[{"href":"https:\/\/portais.santoandre.sp.gov.br\/semasa\/wp-json\/wp\/v2\/media?parent=245"}],"curies":[{"name":"wp","href":"https:\/\/api.w.org\/{rel}","templated":true}]}}