{"id":241,"date":"2024-06-24T14:31:07","date_gmt":"2024-06-24T17:31:07","guid":{"rendered":"https:\/\/portais.santoandre.sp.gov.br\/semasa\/?page_id=241"},"modified":"2024-06-24T15:02:08","modified_gmt":"2024-06-24T18:02:08","slug":"residuos-perigosos-e-outros-2","status":"publish","type":"page","link":"https:\/\/portais.santoandre.sp.gov.br\/semasa\/residuos\/residuos-perigosos-e-outros-2\/","title":{"rendered":"Res\u00edduos perigosos e outros"},"content":{"rendered":"\n<h2 class=\"wp-block-heading\"><\/h2>\n\n\n\n<div class=\"wp-block-stackable-button-group stk-block-button-group stk-block stk-e568fec\" data-block-id=\"e568fec\"><div class=\"stk-row stk-inner-blocks stk-block-content stk-button-group\">\n<div class=\"wp-block-stackable-button stk-block-button stk-block stk-37f63b6\" data-block-id=\"37f63b6\"><style>.stk-37f63b6 .stk-button{background:#fcb900 !important}<\/style><a class=\"stk-link stk-button stk--hover-effect-darken\" href=\"https:\/\/portais.santoandre.sp.gov.br\/semasa\/residuos\/residuos-perigosos-e-outros\/oleo-de-cozinha\/\"><span class=\"stk-button__inner-text\">\u00d3leo de cozinha<\/span><\/a><\/div>\n\n\n\n<div class=\"wp-block-stackable-button stk-block-button stk-block stk-bc2802a\" data-block-id=\"bc2802a\"><a class=\"stk-link stk-button stk--hover-effect-darken\" href=\"https:\/\/portais.santoandre.sp.gov.br\/semasa\/residuos\/residuos-perigosos-e-outros\/lampadas-fluorescentes\/\"><span class=\"stk-button__inner-text\">L\u00e2mpadas fluorescentes<\/span><\/a><\/div>\n\n\n\n<div class=\"wp-block-stackable-button stk-block-button stk-block stk-883b384\" data-block-id=\"883b384\"><style>.stk-883b384 .stk-button{background:#9b51e0 !important}<\/style><a class=\"stk-link stk-button stk--hover-effect-darken\" href=\"https:\/\/portais.santoandre.sp.gov.br\/semasa\/residuos\/residuos-perigosos-e-outros\/pilhas-e-baterias\/\"><span class=\"stk-button__inner-text\">Pilhas e baterias<\/span><\/a><\/div>\n\n\n\n<div class=\"wp-block-stackable-button stk-block-button stk-block stk-2f0382c\" data-block-id=\"2f0382c\"><style>.stk-2f0382c .stk-button{background:#00d084 !important}<\/style><a class=\"stk-link stk-button stk--hover-effect-darken\" href=\"https:\/\/portais.santoandre.sp.gov.br\/semasa\/residuos\/residuos-perigosos-e-outros\/204-2\/\"><span class=\"stk-button__inner-text\">Amianto<\/span><\/a><\/div>\n\n\n\n<div class=\"wp-block-stackable-button stk-block-button stk-block stk-8f8a837\" data-block-id=\"8f8a837\"><style>.stk-8f8a837 .stk-button{background:#f78da7 !important}<\/style><a class=\"stk-link stk-button stk--hover-effect-darken\" href=\"https:\/\/portais.santoandre.sp.gov.br\/semasa\/residuos\/residuos-perigosos-e-outros-2\/medicamentos-e-agulhas-de-uso-domestico\/\"><span class=\"stk-button__inner-text\">Medicamentos e agulhas de uso dom\u00e9stico<\/span><\/a><\/div>\n<\/div><\/div>\n\n\n\n<div class=\"wp-block-stackable-button-group stk-block-button-group stk-block stk-d3a0d6a\" data-block-id=\"d3a0d6a\"><div class=\"stk-row stk-inner-blocks stk-block-content stk-button-group\">\n<div class=\"wp-block-stackable-button stk-block-button stk-block stk-ac15ee2\" data-block-id=\"ac15ee2\"><style>.stk-ac15ee2 .stk-button{background:#cf2e2e !important}<\/style><a class=\"stk-link stk-button stk--hover-effect-darken\" href=\"https:\/\/portais.santoandre.sp.gov.br\/semasa\/residuos\/residuos-perigosos-e-outros\/eletroeletronicos\/\"><span class=\"stk-button__inner-text\">Eletroeletr\u00f4nicos<\/span><\/a><\/div>\n<\/div><\/div>\n\n\n\n<p>Alguns tipos de res\u00edduos possuem componentes que s\u00e3o t\u00f3xicos \u00e0 sa\u00fade humana e ao meio ambiente. Se descartados incorretamente podem contaminar o solo, cursos d\u2019\u00e1gua ou mesmo ocasionar doen\u00e7as.<\/p>\n\n\n\n<p>Para alguns destes materiais o Semasa mant\u00e9m servi\u00e7os espec\u00edficos para o descarte e coleta.<\/p>\n\n\n\n<p>\u00c9 muito importante que a popula\u00e7\u00e3o colabore e n\u00e3o jogue este tipo de res\u00edduo no lixo comum, ou seja, aquele que \u00e9 levado pelos caminh\u00f5es da coleta porta-a-porta.<\/p>\n\n\n\n<p>Nas&nbsp;<a href=\"https:\/\/portais.santoandre.sp.gov.br\/semasa\/residuos\/estacoes-de-coleta\/\">Esta\u00e7\u00f5es de Coleta<\/a>, o Semasa recebe \u00f3leo de cozinha, telhas de amianto e lixo eletroeletr\u00f4nico.<\/p>\n\n\n\n<p>J\u00e1 a coleta de pilhas e baterias \u00e9 feita em Santo Andr\u00e9 em postos espec\u00edficos da entidade Green Eletron, que re\u00fane os fabricantes dos produtos.&nbsp;<a href=\"https:\/\/portais.santoandre.sp.gov.br\/semasa\/residuos\/residuos-perigosos-e-outros\/pilhas-e-baterias\/\" data-type=\"link\" data-id=\"https:\/\/portais.santoandre.sp.gov.br\/semasa\/residuos\/residuos-perigosos-e-outros\/pilhas-e-baterias\/\">Mais informa\u00e7\u00f5es aqui<\/a>.<\/p>\n\n\n\n<p>A entidade Reciclus, dos fabricantes de l\u00e2mpadas fluorescentes, tamb\u00e9m tem postos na cidade para receber e dar a destina\u00e7\u00e3o correta a este tipo de material.&nbsp;<a href=\"https:\/\/portais.santoandre.sp.gov.br\/semasa\/residuos\/residuos-perigosos-e-outros\/lampadas-fluorescentes\/\" data-type=\"link\" data-id=\"https:\/\/portais.santoandre.sp.gov.br\/semasa\/residuos\/residuos-perigosos-e-outros\/lampadas-fluorescentes\/\">Veja aqui<\/a>.<\/p>\n","protected":false},"excerpt":{"rendered":"<p>\u00d3leo de cozinha L\u00e2mpadas fluorescentes Pilhas e baterias Amianto Medicamentos e agulhas de uso dom\u00e9stico Eletroeletr\u00f4nicos Alguns tipos de res\u00edduos possuem componentes que s\u00e3o t\u00f3xicos \u00e0 sa\u00fade humana e ao meio ambiente. Se descartados incorretamente podem contaminar o solo, cursos d\u2019\u00e1gua ou mesmo ocasionar doen\u00e7as. Para alguns destes materiais o Semasa mant\u00e9m servi\u00e7os espec\u00edficos para [&hellip;]<\/p>\n","protected":false},"author":28,"featured_media":0,"parent":44,"menu_order":0,"comment_status":"closed","ping_status":"closed","template":"","meta":{"footnotes":""},"class_list":["post-241","page","type-page","status-publish","hentry"],"_links":{"self":[{"href":"https:\/\/portais.santoandre.sp.gov.br\/semasa\/wp-json\/wp\/v2\/pages\/241","targetHints":{"allow":["GET"]}}],"collection":[{"href":"https:\/\/portais.santoandre.sp.gov.br\/semasa\/wp-json\/wp\/v2\/pages"}],"about":[{"href":"https:\/\/portais.santoandre.sp.gov.br\/semasa\/wp-json\/wp\/v2\/types\/page"}],"author":[{"embeddable":true,"href":"https:\/\/portais.santoandre.sp.gov.br\/semasa\/wp-json\/wp\/v2\/users\/28"}],"replies":[{"embeddable":true,"href":"https:\/\/portais.santoandre.sp.gov.br\/semasa\/wp-json\/wp\/v2\/comments?post=241"}],"version-history":[{"count":7,"href":"https:\/\/portais.santoandre.sp.gov.br\/semasa\/wp-json\/wp\/v2\/pages\/241\/revisions"}],"predecessor-version":[{"id":261,"href":"https:\/\/portais.santoandre.sp.gov.br\/semasa\/wp-json\/wp\/v2\/pages\/241\/revisions\/261"}],"up":[{"embeddable":true,"href":"https:\/\/portais.santoandre.sp.gov.br\/semasa\/wp-json\/wp\/v2\/pages\/44"}],"wp:attachment":[{"href":"https:\/\/portais.santoandre.sp.gov.br\/semasa\/wp-json\/wp\/v2\/media?parent=241"}],"curies":[{"name":"wp","href":"https:\/\/api.w.org\/{rel}","templated":true}]}}