{"id":237,"date":"2024-06-24T14:27:48","date_gmt":"2024-06-24T17:27:48","guid":{"rendered":"https:\/\/portais.santoandre.sp.gov.br\/semasa\/?page_id=237"},"modified":"2024-06-24T14:27:48","modified_gmt":"2024-06-24T17:27:48","slug":"dias-e-horarios-da-varricao","status":"publish","type":"page","link":"https:\/\/portais.santoandre.sp.gov.br\/semasa\/residuos\/dias-e-horarios-da-varricao\/","title":{"rendered":"Dias e hor\u00e1rios da varri\u00e7\u00e3o"},"content":{"rendered":"\n<p>Confira no <a href=\"https:\/\/portais.santoandre.sp.gov.br\/semasa\/wp-content\/uploads\/sites\/13\/2024\/06\/Tabela_Varricao_atualizadaSetembro2016.xlsx.\">arquivo os dias e hor\u00e1rios da\u00a0varri\u00e7\u00e3o manual<\/a>\u00a0e na tabela abaixo os dias e hor\u00e1rios da da<strong>\u00a0varri\u00e7\u00e3o mecanizadas<\/strong>\u00a0em Santo Andr\u00e9.<\/p>\n\n\n\n<figure class=\"wp-block-table\"><table><tbody><tr><td>AVENIDA XV DE NOVEMBRO<\/td><td>di\u00e1rio<\/td><\/tr><tr><td>VIADUTO ANTONIO&nbsp; ADIB CHAMAS<\/td><td>di\u00e1rio<\/td><\/tr><tr><td>AVENIDA DR. JOS\u00c9 AMAZONAS<\/td><td>di\u00e1rio<\/td><\/tr><tr><td>VIADUTO PEDRO DELL ANTONIA<\/td><td>di\u00e1rio<\/td><\/tr><tr><td>VIADUTO JUSCELINO KUBITSCHEK<\/td><td>di\u00e1rio<\/td><\/tr><tr><td>AVENIDA JOS\u00c9 CABALLERO\/ALFREDO FL\u00c1QUER<\/td><td>di\u00e1rio<\/td><\/tr><tr><td>R. CEL. AGENOR DE CAMARGO<\/td><td>di\u00e1rio<\/td><\/tr><tr><td>AVENIDA SANTOS DUMONT<\/td><td>di\u00e1rio<\/td><\/tr><tr><td>VIADUTO MILLO CAMAROSANO<\/td><td>di\u00e1rio<\/td><\/tr><tr><td>AVENIDA D. PEDRO II<\/td><td>di\u00e1rio<\/td><\/tr><tr><td>AVENIDA PRESTES MAIA<\/td><td>di\u00e1rio<\/td><\/tr><tr><td>VIADUTO ENG. BERRINI JUNIOR<\/td><td>di\u00e1rio<\/td><\/tr><tr><td>AVENIDA RAMIRO COLLEONE<\/td><td>di\u00e1rio<\/td><\/tr><tr><td>AVENIDA PEREIRA BARRETO<\/td><td>di\u00e1rio<\/td><\/tr><tr><td>VIADUTO PRES. CASTELO BRANCO<\/td><td>di\u00e1rio<\/td><\/tr><tr><td>VIADUTO JUVENAL FONTANELLA<\/td><td>di\u00e1rio<\/td><\/tr><tr><td>VIADUTO SALVADOR AVAMILENO<\/td><td>di\u00e1rio<\/td><\/tr><tr><td>AVENIDA FIRESTONE<\/td><td>di\u00e1rio<\/td><\/tr><tr><td>AVENIDA DOS ESTADOS<\/td><td>di\u00e1rio<\/td><\/tr><\/tbody><\/table><\/figure>\n\n\n\n<figure class=\"wp-block-table\"><table><tbody><tr><td>AVENIDA GIOVANNI PIRELLI<\/td><td>seg-qua-sex<\/td><\/tr><tr><td>AVENIDA CAP. MARIO TOLEDO DE CAMARGO<\/td><td>seg-qua-sex<\/td><\/tr><tr><td>RUA ADRIATICO<\/td><td>seg-qua-sex<\/td><\/tr><tr><td>EST PEDROSO\/R DOMINICANOS (AT\u00c9 EST.MONTANH\u00c3O)<\/td><td>seg-qua-sex<\/td><\/tr><tr><td>AVENIDA QUEIR\u00d3S FILHO (P\u00c7A QUEIR\u00d3S AO FINAL)<\/td><td>seg-qua-sex<\/td><\/tr><tr><td>AVENIDA PEDRO AM\u00c9RICO (AT\u00c9 VALENTIM MAGALH\u00c3ES)<\/td><td>seg-qua-sex<\/td><\/tr><tr><td>AVENIDA VALENTIM MAGALH\u00c3ES<\/td><td>seg-qua-sex<\/td><\/tr><tr><td>AVENIDA PRINCIPE DE GALES<\/td><td>seg-qua-sex<\/td><\/tr><tr><td>VIADUTO ENG. LUIS MEIRA<\/td><td>seg-qua-sex<\/td><\/tr><tr><td>AVENIDA NOVO HORIZONTE<\/td><td>seg-qua-sex<\/td><\/tr><tr><td>RUA LAURO MILLER<\/td><td>seg-qua-sex<\/td><\/tr><tr><td>AVENIDA LAURO GOMES<\/td><td>seg-qua-sex<\/td><\/tr><\/tbody><\/table><\/figure>\n\n\n\n<figure class=\"wp-block-table\"><table><tbody><tr><td>AVENIDA INDUSTRIAL<\/td><td>ter-qui-s\u00e1b<\/td><\/tr><tr><td>AVENIDA DA PAZ<\/td><td>ter-qui-s\u00e1b<\/td><\/tr><tr><td>AVENIDA ANT\u00d4NIO CARDOSO\/R ORAT\u00d3RIO (AT\u00c9 R SUI\u00c7A)<\/td><td>ter-qui-s\u00e1b<\/td><\/tr><tr><td>AVENIDA ANDR\u00c9 RAMALHO<\/td><td>ter-qui-s\u00e1b<\/td><\/tr><tr><td>AVENIDA PRES. COSTA E SILVA<\/td><td>ter-qui-s\u00e1b<\/td><\/tr><tr><td>AVENIDA DAS NA\u00c7\u00d5ES<\/td><td>ter-qui-s\u00e1b<\/td><\/tr><tr><td>RUA JORGE BERETTA<\/td><td>ter-qui-s\u00e1b<\/td><\/tr><tr><td>RUA ORAT\u00d3RIO\/NEVADA (AT\u00c9 O FINAL)<\/td><td>ter-qui-s\u00e1b<\/td><\/tr><tr><td>AVENIDA NEVADA<\/td><td>ter-qui-s\u00e1b<\/td><\/tr><tr><td>AVENIDA DOM JORGE MARCOS DE OLIVEIRA<\/td><td>ter-qui-s\u00e1b<\/td><\/tr><\/tbody><\/table><\/figure>\n","protected":false},"excerpt":{"rendered":"<p>Confira no arquivo os dias e hor\u00e1rios da\u00a0varri\u00e7\u00e3o manual\u00a0e na tabela abaixo os dias e hor\u00e1rios da da\u00a0varri\u00e7\u00e3o mecanizadas\u00a0em Santo Andr\u00e9. AVENIDA XV DE NOVEMBRO di\u00e1rio VIADUTO ANTONIO&nbsp; ADIB CHAMAS di\u00e1rio AVENIDA DR. JOS\u00c9 AMAZONAS di\u00e1rio VIADUTO PEDRO DELL ANTONIA di\u00e1rio VIADUTO JUSCELINO KUBITSCHEK di\u00e1rio AVENIDA JOS\u00c9 CABALLERO\/ALFREDO FL\u00c1QUER di\u00e1rio R. CEL. AGENOR DE CAMARGO [&hellip;]<\/p>\n","protected":false},"author":28,"featured_media":0,"parent":44,"menu_order":0,"comment_status":"closed","ping_status":"closed","template":"","meta":{"footnotes":""},"class_list":["post-237","page","type-page","status-publish","hentry"],"_links":{"self":[{"href":"https:\/\/portais.santoandre.sp.gov.br\/semasa\/wp-json\/wp\/v2\/pages\/237","targetHints":{"allow":["GET"]}}],"collection":[{"href":"https:\/\/portais.santoandre.sp.gov.br\/semasa\/wp-json\/wp\/v2\/pages"}],"about":[{"href":"https:\/\/portais.santoandre.sp.gov.br\/semasa\/wp-json\/wp\/v2\/types\/page"}],"author":[{"embeddable":true,"href":"https:\/\/portais.santoandre.sp.gov.br\/semasa\/wp-json\/wp\/v2\/users\/28"}],"replies":[{"embeddable":true,"href":"https:\/\/portais.santoandre.sp.gov.br\/semasa\/wp-json\/wp\/v2\/comments?post=237"}],"version-history":[{"count":1,"href":"https:\/\/portais.santoandre.sp.gov.br\/semasa\/wp-json\/wp\/v2\/pages\/237\/revisions"}],"predecessor-version":[{"id":239,"href":"https:\/\/portais.santoandre.sp.gov.br\/semasa\/wp-json\/wp\/v2\/pages\/237\/revisions\/239"}],"up":[{"embeddable":true,"href":"https:\/\/portais.santoandre.sp.gov.br\/semasa\/wp-json\/wp\/v2\/pages\/44"}],"wp:attachment":[{"href":"https:\/\/portais.santoandre.sp.gov.br\/semasa\/wp-json\/wp\/v2\/media?parent=237"}],"curies":[{"name":"wp","href":"https:\/\/api.w.org\/{rel}","templated":true}]}}