{"id":231,"date":"2024-06-24T14:21:59","date_gmt":"2024-06-24T17:21:59","guid":{"rendered":"https:\/\/portais.santoandre.sp.gov.br\/semasa\/?page_id=231"},"modified":"2024-06-24T14:24:08","modified_gmt":"2024-06-24T17:24:08","slug":"dias-e-horarios-de-coleta","status":"publish","type":"page","link":"https:\/\/portais.santoandre.sp.gov.br\/semasa\/residuos\/dias-e-horarios-de-coleta\/","title":{"rendered":"Dias e hor\u00e1rios de coleta"},"content":{"rendered":"\n<h5 class=\"wp-block-heading\"><strong>Santo Andr\u00e9 tem dias e hor\u00e1rios espec\u00edficos para a coleta domiciliar. Res\u00edduos \u00famidos e recicl\u00e1veis s\u00e3o recolhidos em dias diferente. Confira na tabela abaixo os bairros com os respectivos dias e hor\u00e1rios em que o caminh\u00e3o passa.<\/strong><\/h5>\n\n\n\n<figure class=\"wp-block-table\"><table><tbody><tr><td><strong>Bairros<\/strong><\/td><td><strong>Tipo de Coleta<\/strong><\/td><td><strong>Dia da Semana<\/strong><\/td><td><strong>Hor\u00e1rio<\/strong><\/td><\/tr><tr><td rowspan=\"2\">Aclima\u00e7\u00e3o<\/td><td>Recicl\u00e1veis<\/td><td>Quintas<\/td><td>A partir das 7h<\/td><\/tr><tr><td>\u00damidos<\/td><td>Segundas, Quartas e Sextas<\/td><td>A partir das 7h<\/td><\/tr><tr><td rowspan=\"2\">Alba<\/td><td>Recicl\u00e1veis<\/td><td>Quintas<\/td><td>A partir das 7h<\/td><\/tr><tr><td>\u00damidos<\/td><td>Segundas, Quartas e Sextas<\/td><td>A partir das 7h<\/td><\/tr><tr><td rowspan=\"2\">Alice<\/td><td>Recicl\u00e1veis<\/td><td>Quartas<\/td><td>A partir das 7h<\/td><\/tr><tr><td>\u00damidos<\/td><td>Ter\u00e7as, Quintas e S\u00e1bados<\/td><td>A partir das 17h<\/td><\/tr><tr><td rowspan=\"2\">Alpina<\/td><td>Recicl\u00e1veis<\/td><td>Segundas<\/td><td>A partir das 7h<\/td><\/tr><tr><td>\u00damidos<\/td><td>Ter\u00e7as, Quintas e S\u00e1bados<\/td><td>A partir das 17h<\/td><\/tr><tr><td rowspan=\"2\">Alvorada<\/td><td>Recicl\u00e1veis<\/td><td>Sextas<\/td><td>A partir das 7h<\/td><\/tr><tr><td>\u00damidos<\/td><td>Ter\u00e7as, Quintas e S\u00e1bados<\/td><td>A partir das 7h<\/td><\/tr><tr><td rowspan=\"2\">Alzira<\/td><td>Recicl\u00e1veis<\/td><td>Segundas<\/td><td>A partir das 7h<\/td><\/tr><tr><td>\u00damidos<\/td><td>Ter\u00e7as, Quintas e S\u00e1bados<\/td><td>A partir das 17h<\/td><\/tr><tr><td rowspan=\"2\">Alzira Franco<\/td><td>Recicl\u00e1veis<\/td><td>S\u00e1bados<\/td><td>A partir das 7h<\/td><\/tr><tr><td>\u00damidos<\/td><td>Segundas, Quartas e Sextas<\/td><td>A partir das 7h<\/td><\/tr><tr><td rowspan=\"2\">Am\u00e9rica<\/td><td>Recicl\u00e1veis<\/td><td>Quartas<\/td><td>A partir das 7h<\/td><\/tr><tr><td>\u00damidos<\/td><td>Ter\u00e7as, Quintas e S\u00e1bados<\/td><td>A partir das 7h<\/td><\/tr><tr><td rowspan=\"2\">Ana Maria<\/td><td>Recicl\u00e1veis<\/td><td>S\u00e1bados<\/td><td>A partir das 7h<\/td><\/tr><tr><td>\u00damidos<\/td><td>Segundas, Quartas e Sextas<\/td><td>A partir das 17h<\/td><\/tr><tr><td rowspan=\"2\">Andreense, Parque<\/td><td>Recicl\u00e1veis<\/td><td>Sextas<\/td><td>A partir das 7h<\/td><\/tr><tr><td>\u00damidos<\/td><td>Ter\u00e7as, Quintas e S\u00e1bados<\/td><td>A partir das 7h<\/td><\/tr><tr><td rowspan=\"2\">Aquilino<\/td><td>Recicl\u00e1veis<\/td><td>Segundas<\/td><td>A partir das 7h<\/td><\/tr><tr><td>\u00damidos<\/td><td>Ter\u00e7as, Quintas e S\u00e1bados<\/td><td>A partir das 17h<\/td><\/tr><tr><td rowspan=\"2\">Assun\u00e7\u00e3o<\/td><td>Recicl\u00e1veis<\/td><td>Segundas<\/td><td>A partir das 7h<\/td><\/tr><tr><td>\u00damidos<\/td><td>Ter\u00e7as, Quintas e S\u00e1bados<\/td><td>A partir das 17h<\/td><\/tr><tr><td rowspan=\"2\">Bangu<\/td><td>Recicl\u00e1veis<\/td><td>S\u00e1bados<\/td><td>A partir das 7h<\/td><\/tr><tr><td>\u00damidos<\/td><td>Segundas, Quartas e Sextas<\/td><td>A partir das 17h<\/td><\/tr><tr><td rowspan=\"2\">Bastos<\/td><td>Recicl\u00e1veis<\/td><td>Quartas<\/td><td>A partir das 7h<\/td><\/tr><tr><td>\u00damidos<\/td><td>Ter\u00e7as, Quintas e S\u00e1bados<\/td><td>A partir das 17h<\/td><\/tr><tr><td rowspan=\"2\">Bela Vista<\/td><td>Recicl\u00e1veis<\/td><td>Quartas<\/td><td>A partir das 7h<\/td><\/tr><tr><td>\u00damidos<\/td><td>Ter\u00e7as, Quintas e S\u00e1bados<\/td><td>A partir das 17h<\/td><\/tr><tr><td rowspan=\"2\">Bom Pastor<\/td><td>Recicl\u00e1veis<\/td><td>Quartas<\/td><td>A partir das 7h<\/td><\/tr><tr><td>\u00damidos<\/td><td>Ter\u00e7as, Quintas e S\u00e1bados<\/td><td>A partir das 17h<\/td><\/tr><tr><td rowspan=\"2\">Camil\u00f3polis<\/td><td>Recicl\u00e1veis<\/td><td>S\u00e1bados<\/td><td>A partir das 7h<\/td><\/tr><tr><td>\u00damidos<\/td><td>Segundas, Quartas e Sextas<\/td><td>A partir das 17h<\/td><\/tr><tr><td rowspan=\"2\">Campestre<\/td><td>Recicl\u00e1veis<\/td><td>Segundas<\/td><td>A partir das 7h<\/td><\/tr><tr><td>\u00damidos<\/td><td>Ter\u00e7as, Quintas e S\u00e1bados<\/td><td>A partir das 17h<\/td><\/tr><tr><td rowspan=\"2\">Capuava<\/td><td>Recicl\u00e1veis<\/td><td>S\u00e1bados<\/td><td>A partir das 7h<\/td><\/tr><tr><td>\u00damidos<\/td><td>Segundas, Quartas e Sextas<\/td><td>A partir das 17h<\/td><\/tr><tr><td rowspan=\"2\">Casa Branca<\/td><td>Recicl\u00e1veis<\/td><td>Segunda \u00e0 S\u00e1bado<\/td><td>A partir das 17h<\/td><\/tr><tr><td>\u00damidos<\/td><td>Segunda \u00e0 S\u00e1bado<\/td><td>A partir das 17h<\/td><\/tr><tr><td rowspan=\"2\">Central<\/td><td>Recicl\u00e1veis<\/td><td>Segundas<\/td><td>A partir das 7h<\/td><\/tr><tr><td>\u00damidos<\/td><td>Ter\u00e7as, Quintas e S\u00e1bados<\/td><td>A partir das 17h<\/td><\/tr><tr><td rowspan=\"2\">Centreville<\/td><td>Recicl\u00e1veis<\/td><td>Quartas<\/td><td>A partir das 7h<\/td><\/tr><tr><td>\u00damidos<\/td><td>Ter\u00e7as, Quintas e S\u00e1bados<\/td><td>A partir das 7h<\/td><\/tr><tr><td rowspan=\"2\">Centro<\/td><td>Recicl\u00e1veis<\/td><td>Segunda \u00e0 S\u00e1bado<\/td><td>A partir das 17h<\/td><\/tr><tr><td>\u00damidos<\/td><td>Segunda \u00e0 S\u00e1bado<\/td><td>A partir das 17h<\/td><\/tr><tr><td rowspan=\"2\">Cidade S\u00e3o Jorge<\/td><td>Recicl\u00e1veis<\/td><td>Quartas<\/td><td>A partir das 7h<\/td><\/tr><tr><td>\u00damidos<\/td><td>Ter\u00e7as, Quintas e S\u00e1bados<\/td><td>A partir das 7h<\/td><\/tr><tr><td rowspan=\"2\">Clube de Campo<\/td><td>Recicl\u00e1veis<\/td><td>Ter\u00e7as<\/td><td>A partir das 7h<\/td><\/tr><tr><td>\u00damidos<\/td><td>Segundas, Quartas e Sextas<\/td><td>A partir das 7h<\/td><\/tr><tr><td rowspan=\"2\">Cond Maracan\u00e3<\/td><td>Recicl\u00e1veis<\/td><td>Quintas<\/td><td>A partir das 7h<\/td><\/tr><tr><td>\u00damidos<\/td><td>Segundas, Quartas e Sextas<\/td><td>A partir das 7h<\/td><\/tr><tr><td rowspan=\"2\">Conj Habitacional Av dos Estados<\/td><td>Recicl\u00e1veis<\/td><td>S\u00e1bados<\/td><td>A partir das 7h<\/td><\/tr><tr><td>\u00damidos<\/td><td>Segundas, Quartas e Sextas<\/td><td>A partir das 7h<\/td><\/tr><tr><td rowspan=\"2\">Cristiane<\/td><td>Recicl\u00e1veis<\/td><td>Sextas<\/td><td>A partir das 7h<\/td><\/tr><tr><td>\u00damidos<\/td><td>Ter\u00e7as, Quintas e S\u00e1bados<\/td><td>A partir das 7h<\/td><\/tr><tr><td rowspan=\"2\">Curu\u00e7\u00e1<\/td><td>Recicl\u00e1veis<\/td><td>Ter\u00e7as<\/td><td>A partir das 7h<\/td><\/tr><tr><td>\u00damidos<\/td><td>Segundas, Quartas e Sextas<\/td><td>A partir das 17h<\/td><\/tr><tr><td rowspan=\"2\">Dora<\/td><td>Recicl\u00e1veis<\/td><td>Segundas<\/td><td>A partir das 7h<\/td><\/tr><tr><td>\u00damidos<\/td><td>Ter\u00e7as, Quintas e S\u00e1bados<\/td><td>A partir das 17h<\/td><\/tr><tr><td rowspan=\"2\">Eld\u00edzia<\/td><td>Recicl\u00e1veis<\/td><td>Sextas<\/td><td>A partir das 7h<\/td><\/tr><tr><td>\u00damidos<\/td><td>Ter\u00e7as, Quintas e S\u00e1bados<\/td><td>A partir das 7h<\/td><\/tr><tr><td rowspan=\"2\">Emhap\/Capuava<\/td><td>Recicl\u00e1veis<\/td><td>S\u00e1bados<\/td><td>A partir das 7h<\/td><\/tr><tr><td>\u00damidos<\/td><td>Segundas, Quartas e Sextas<\/td><td>A partir das 17h<\/td><\/tr><tr><td rowspan=\"2\">Erasmo Assun\u00e7\u00e3o<\/td><td>Recicl\u00e1veis<\/td><td>S\u00e1bados<\/td><td>A partir das 7h<\/td><\/tr><tr><td>\u00damidos<\/td><td>Segundas, Quartas e Sextas<\/td><td>A partir das 7h<\/td><\/tr><tr><td rowspan=\"2\">Est\u00e1dio<\/td><td>Recicl\u00e1veis<\/td><td>Sextas<\/td><td>A partir das 7h<\/td><\/tr><tr><td>\u00damidos<\/td><td>Ter\u00e7as, Quintas e S\u00e1bados<\/td><td>A partir das 7h<\/td><\/tr><tr><td rowspan=\"2\">Floresta<\/td><td>Recicl\u00e1veis<\/td><td>Quartas<\/td><td>A partir das 7h<\/td><\/tr><tr><td>\u00damidos<\/td><td>Ter\u00e7as, Quintas e S\u00e1bados<\/td><td>A partir das 17h<\/td><\/tr><tr><td rowspan=\"2\">Francisco Matarazzo<\/td><td>Recicl\u00e1veis<\/td><td>Ter\u00e7as<\/td><td>A partir das 7h<\/td><\/tr><tr><td>\u00damidos<\/td><td>Segundas, Quartas e Sextas<\/td><td>A partir das 17h<\/td><\/tr><tr><td rowspan=\"2\">Gerassi<\/td><td>Recicl\u00e1veis<\/td><td>Quartas<\/td><td>A partir das 7h<\/td><\/tr><tr><td>\u00damidos<\/td><td>Ter\u00e7as, Quintas e S\u00e1bados<\/td><td>A partir das 7h<\/td><\/tr><tr><td rowspan=\"2\">Gilda<\/td><td>Recicl\u00e1veis<\/td><td>Quartas<\/td><td>A partir das 7h<\/td><\/tr><tr><td>\u00damidos<\/td><td>Ter\u00e7as, Quintas e S\u00e1bados<\/td><td>A partir das 17h<\/td><\/tr><tr><td rowspan=\"2\">Guaraciaba, Pq<\/td><td>Recicl\u00e1veis<\/td><td>Quartas<\/td><td>A partir das 7h<\/td><\/tr><tr><td>\u00damidos<\/td><td>Ter\u00e7as, Quintas e S\u00e1bados<\/td><td>A partir das 7h<\/td><\/tr><tr><td rowspan=\"2\">Guaraciaba, Vila<\/td><td>Recicl\u00e1veis<\/td><td>Quintas<\/td><td>A partir das 7h<\/td><\/tr><tr><td>\u00damidos<\/td><td>Segundas, Quartas e Sextas<\/td><td>A partir das 7h<\/td><\/tr><tr><td rowspan=\"2\">Guarani<\/td><td>Recicl\u00e1veis<\/td><td>Quartas<\/td><td>A partir das 7h<\/td><\/tr><tr><td>\u00damidos<\/td><td>Ter\u00e7as, Quintas e S\u00e1bados<\/td><td>A partir das 7h<\/td><\/tr><tr><td rowspan=\"2\">Guarar\u00e1<\/td><td>Recicl\u00e1veis<\/td><td>Quintas<\/td><td>A partir das 7h<\/td><\/tr><tr><td>\u00damidos<\/td><td>Segundas, Quartas e Sextas<\/td><td>A partir das 7h<\/td><\/tr><tr><td rowspan=\"2\">Guilhermina<\/td><td>Recicl\u00e1veis<\/td><td>Sextas<\/td><td>A partir das 7h<\/td><\/tr><tr><td>\u00damidos<\/td><td>Ter\u00e7as, Quintas e S\u00e1bados<\/td><td>A partir das 7h<\/td><\/tr><tr><td rowspan=\"2\">Guiomar<\/td><td>Recicl\u00e1veis<\/td><td>Segunda<\/td><td>A partir das 7h<\/td><\/tr><tr><td>\u00damidos<\/td><td>Ter\u00e7as, Quintas e S\u00e1bados<\/td><td>A partir das 17h<\/td><\/tr><tr><td rowspan=\"2\">Helena<\/td><td>Recicl\u00e1veis<\/td><td>Quartas<\/td><td>A partir das 7h<\/td><\/tr><tr><td>\u00damidos<\/td><td>Ter\u00e7as, Quintas e S\u00e1bados<\/td><td>A partir das 7h<\/td><\/tr><tr><td rowspan=\"2\">Homero Thon<\/td><td>Recicl\u00e1veis<\/td><td>Quartas<\/td><td>A partir das 7h<\/td><\/tr><tr><td>\u00damidos<\/td><td>Ter\u00e7as, Quintas e S\u00e1bados<\/td><td>A partir das 7h<\/td><\/tr><tr><td rowspan=\"2\">Humait\u00e1<\/td><td>Recicl\u00e1veis<\/td><td>Quartas<\/td><td>A partir das 7h<\/td><\/tr><tr><td>\u00damidos<\/td><td>Ter\u00e7as, Quintas e S\u00e1bados<\/td><td>A partir das 7h<\/td><\/tr><tr><td rowspan=\"2\">Inocoop Alvorada<\/td><td>Recicl\u00e1veis<\/td><td>Sextas<\/td><td>A partir das 7h<\/td><\/tr><tr><td>\u00damidos<\/td><td>Ter\u00e7as, Quintas e S\u00e1bados<\/td><td>A partir das 7h<\/td><\/tr><tr><td>Inocoop<\/td><td rowspan=\"2\">Recicl\u00e1veis<\/td><td rowspan=\"2\">S\u00e1bados<\/td><td rowspan=\"2\">A partir das 7h<\/td><\/tr><tr><td><\/td><\/tr><tr><td>Camil\u00f3polis<\/td><td>\u00damidos<\/td><td>Segundas, Quartas e Sextas<\/td><td>A partir das 17h<\/td><\/tr><tr><td rowspan=\"2\">Ipanema<\/td><td>Recicl\u00e1veis<\/td><td>Quintas<\/td><td>A partir das 7h<\/td><\/tr><tr><td>\u00damidos<\/td><td>Segundas, Quartas e Sextas<\/td><td>A partir das 7h<\/td><\/tr><tr><td rowspan=\"2\">Irene<\/td><td>Recicl\u00e1veis<\/td><td>Quintas<\/td><td>A partir das 7h<\/td><\/tr><tr><td>\u00damidos<\/td><td>Segundas, Quartas e Sextas<\/td><td>A partir das 7h<\/td><\/tr><tr><td rowspan=\"2\">Itapoan<\/td><td>Recicl\u00e1veis<\/td><td>S\u00e1bados<\/td><td>A partir das 7h<\/td><\/tr><tr><td>\u00damidos<\/td><td>Segundas, Quartas e Sextas<\/td><td>A partir das 17h<\/td><\/tr><tr><td rowspan=\"2\">Ja\u00e7atuba<\/td><td>Recicl\u00e1veis<\/td><td>Ter\u00e7as<\/td><td>A partir das 7h<\/td><\/tr><tr><td>\u00damidos<\/td><td>Segundas, Quartas e Sextas<\/td><td>A partir das 17h<\/td><\/tr><tr><td rowspan=\"2\">Jamaica<\/td><td>Recicl\u00e1veis<\/td><td>Sextas<\/td><td>A partir das 7h<\/td><\/tr><tr><td>\u00damidos<\/td><td>Ter\u00e7as, Quintas e S\u00e1bados<\/td><td>A partir das 7h<\/td><\/tr><tr><td rowspan=\"2\">Jardim<\/td><td>Recicl\u00e1veis<\/td><td>Segundas<\/td><td>A partir das 7h<\/td><\/tr><tr><td>\u00damidos<\/td><td>Ter\u00e7as, Quintas e S\u00e1bados<\/td><td>A partir das 17h<\/td><\/tr><tr><td rowspan=\"2\">Jo\u00e3o Ramalho, Pq<\/td><td>Recicl\u00e1veis<\/td><td>S\u00e1bados<\/td><td>A partir das 7h<\/td><\/tr><tr><td>\u00damidos<\/td><td>Segundas, Quartas e Sextas<\/td><td>A partir das 7h<\/td><\/tr><tr><td rowspan=\"2\">Jo\u00e3o Ramalho, Vila<\/td><td>Recicl\u00e1veis<\/td><td>Quintas<\/td><td>A partir das 7h<\/td><\/tr><tr><td>\u00damidos<\/td><td>Segundas, Quartas e Sextas<\/td><td>A partir das 7h<\/td><\/tr><tr><td rowspan=\"2\">Junqueira<\/td><td>Recicl\u00e1veis<\/td><td>Sextas<\/td><td>A partir das 7h<\/td><\/tr><tr><td>\u00damidos<\/td><td>Ter\u00e7as, Quintas e S\u00e1bados<\/td><td>A partir das 7h<\/td><\/tr><tr><td rowspan=\"2\">Las Vegas<\/td><td>Recicl\u00e1veis<\/td><td>Sextas<\/td><td>A partir das 7h<\/td><\/tr><tr><td>\u00damidos<\/td><td>Ter\u00e7as, Quintas e S\u00e1bados<\/td><td>A partir das 7h<\/td><\/tr><tr><td rowspan=\"2\">Linda<\/td><td>Recicl\u00e1veis<\/td><td>Sextas<\/td><td>A partir das 7h<\/td><\/tr><tr><td>\u00damidos<\/td><td>Ter\u00e7as, Quintas e S\u00e1bados<\/td><td>A partir das 7h<\/td><\/tr><tr><td rowspan=\"2\">Lucinda<\/td><td>Recicl\u00e1veis<\/td><td>Ter\u00e7as<\/td><td>A partir das 7h<\/td><\/tr><tr><td>\u00damidos<\/td><td>Segundas, Quartas e Sextas<\/td><td>A partir das 17h<\/td><\/tr><tr><td rowspan=\"2\">Lut\u00e9cia<\/td><td>Recicl\u00e1veis<\/td><td>Quintas<\/td><td>A partir das 7h<\/td><\/tr><tr><td>\u00damidos<\/td><td>Segundas, Quartas e Sextas<\/td><td>A partir das 7h<\/td><\/tr><tr><td rowspan=\"2\">Luzita<\/td><td>Recicl\u00e1veis<\/td><td>Quintas<\/td><td>A partir das 7h<\/td><\/tr><tr><td>\u00damidos<\/td><td>Segundas, Quartas e Sextas<\/td><td>A partir das 7h<\/td><\/tr><tr><td rowspan=\"2\">Marajoara<\/td><td>Recicl\u00e1veis<\/td><td>Quartas<\/td><td>A partir das 7h<\/td><\/tr><tr><td>\u00damidos<\/td><td>Ter\u00e7as, Quintas e S\u00e1bados<\/td><td>A partir das 7h<\/td><\/tr><tr><td rowspan=\"2\">Maravilhas, das<\/td><td>Recicl\u00e1veis<\/td><td>Ter\u00e7as<\/td><td>A partir das 7h<\/td><\/tr><tr><td>\u00damidos<\/td><td>Segundas, Quartas e Sextas<\/td><td>A partir das 17h<\/td><\/tr><tr><td rowspan=\"2\">Mareck<\/td><td>Recicl\u00e1veis<\/td><td>Quartas<\/td><td>A partir das 7h<\/td><\/tr><tr><td>\u00damidos<\/td><td>Ter\u00e7as, Quintas e S\u00e1bados<\/td><td>A partir das 7h<\/td><\/tr><tr><td rowspan=\"2\">Marina<\/td><td>Recicl\u00e1veis<\/td><td>Sextas<\/td><td>A partir das 7h<\/td><\/tr><tr><td>\u00damidos<\/td><td>Ter\u00e7as, Quintas e S\u00e1bados<\/td><td>A partir das 7h<\/td><\/tr><tr><td rowspan=\"2\">Metal\u00fargica<\/td><td>Recicl\u00e1veis<\/td><td>S\u00e1bados<\/td><td>A partir das 7h<\/td><\/tr><tr><td>\u00damidos<\/td><td>Segundas, Quartas e Sextas<\/td><td>A partir das 17h<\/td><\/tr><tr><td rowspan=\"2\">Miami<\/td><td>Recicl\u00e1veis<\/td><td>Quintas<\/td><td>A partir das 7h<\/td><\/tr><tr><td>\u00damidos<\/td><td>Segundas, Quartas e Sextas<\/td><td>A partir das 7h<\/td><\/tr><tr><td rowspan=\"2\">Milena<\/td><td>Recicl\u00e1veis<\/td><td>Sextas<\/td><td>A partir das 7h<\/td><\/tr><tr><td>\u00damidos<\/td><td>Ter\u00e7as, Quintas e S\u00e1bados<\/td><td>A partir das 7h<\/td><\/tr><tr><td rowspan=\"2\">Morro dos Moltinhos<\/td><td>Recicl\u00e1veis<\/td><td>Quintas<\/td><td>A partir das 7h<\/td><\/tr><tr><td>\u00damidos<\/td><td>Segundas, Quartas e Sextas<\/td><td>A partir das 7h<\/td><\/tr><tr><td rowspan=\"2\">Na\u00e7\u00f5es, Parque das<\/td><td>Recicl\u00e1veis<\/td><td>Ter\u00e7as<\/td><td>A partir das 7h<\/td><\/tr><tr><td>\u00damidos<\/td><td>Segundas, Quartas e Sextas<\/td><td>A partir das 17h<\/td><\/tr><tr><td rowspan=\"2\">Novo Orat\u00f3rio<\/td><td>Recicl\u00e1veis<\/td><td>S\u00e1bados<\/td><td>A partir das 7h<\/td><\/tr><tr><td>\u00damidos<\/td><td>Segundas, Quartas e Sextas<\/td><td>A partir das 17h<\/td><\/tr><tr><td rowspan=\"2\">Orat\u00f3rio<\/td><td>Recicl\u00e1veis<\/td><td>Ter\u00e7as<\/td><td>A partir das 7h<\/td><\/tr><tr><td>\u00damidos<\/td><td>Segundas, Quartas e Sextas<\/td><td>A partir das 17h<\/td><\/tr><tr><td rowspan=\"2\">Oriental<\/td><td>Recicl\u00e1veis<\/td><td>Sextas<\/td><td>A partir das 7h<\/td><\/tr><tr><td>\u00damidos<\/td><td>Ter\u00e7as, Quintas e S\u00e1bados<\/td><td>A partir das 7h<\/td><\/tr><tr><td rowspan=\"2\">Palmares<\/td><td>Recicl\u00e1veis<\/td><td>Segundas<\/td><td>A partir das 7h<\/td><\/tr><tr><td>\u00damidos<\/td><td>Ter\u00e7as, Quintas e S\u00e1bados<\/td><td>A partir das 17h<\/td><\/tr><tr><td rowspan=\"2\">Para\u00edso<\/td><td>Recicl\u00e1veis<\/td><td>Segundas<\/td><td>A partir das 7h<\/td><\/tr><tr><td>\u00damidos<\/td><td>Ter\u00e7as, Quintas e S\u00e1bados<\/td><td>A partir das 17h<\/td><\/tr><tr><td rowspan=\"2\">Paranapiacaba<\/td><td>Recicl\u00e1veis<\/td><td>Ter\u00e7as<\/td><td>A partir das 7h<\/td><\/tr><tr><td>\u00damidos<\/td><td>Segundas, Quartas e Sextas<\/td><td>A partir das 7h<\/td><\/tr><tr><td rowspan=\"2\">Pedroso<\/td><td>Recicl\u00e1veis<\/td><td>Quintas<\/td><td>A partir das 7h<\/td><\/tr><tr><td>\u00damidos<\/td><td>Segundas, Quartas e Sextas<\/td><td>A partir das 7h<\/td><\/tr><tr><td rowspan=\"2\">Pedroso II<\/td><td>Recicl\u00e1veis<\/td><td>Quintas<\/td><td>A partir das 7h<\/td><\/tr><tr><td>\u00damidos<\/td><td>Segundas, Quartas e Sextas<\/td><td>A partir das 7h<\/td><\/tr><tr><td rowspan=\"2\">Pilar<\/td><td>Recicl\u00e1veis<\/td><td>Sextas<\/td><td>A partir das 7h<\/td><\/tr><tr><td>\u00damidos<\/td><td>Ter\u00e7as, Quintas e S\u00e1bados<\/td><td>A partir das 7h<\/td><\/tr><tr><td rowspan=\"2\">Pinheirinho<\/td><td>Recicl\u00e1veis<\/td><td>Quartas<\/td><td>A partir das 7h<\/td><\/tr><tr><td>\u00damidos<\/td><td>Ter\u00e7as, Quintas e S\u00e1bados<\/td><td>A partir das 17h<\/td><\/tr><tr><td rowspan=\"2\">Pintassilva<\/td><td>Recicl\u00e1veis<\/td><td>Quintas<\/td><td>A partir das 7h<\/td><\/tr><tr><td>\u00damidos<\/td><td>Segundas, Quartas e Sextas<\/td><td>A partir das 7h<\/td><\/tr><tr><td rowspan=\"2\">Pires, Vila<\/td><td>Recicl\u00e1veis<\/td><td>Quartas<\/td><td>A partir das 7h<\/td><\/tr><tr><td>\u00damidos<\/td><td>Ter\u00e7as, Quintas e S\u00e1bados<\/td><td>A partir das 7h<\/td><\/tr><tr><td rowspan=\"2\">Pr\u00edncipe de Gales<\/td><td>Recicl\u00e1veis<\/td><td>Segundas<\/td><td>A partir das 7h<\/td><\/tr><tr><td>\u00damidos<\/td><td>Ter\u00e7as, Quintas e S\u00e1bados<\/td><td>A partir das 7h<\/td><\/tr><tr><td rowspan=\"2\">Progresso, Jardim<\/td><td>Recicl\u00e1veis<\/td><td>Sextas<\/td><td>A partir das 7h<\/td><\/tr><tr><td>\u00damidos<\/td><td>Ter\u00e7as, Quintas e S\u00e1bados<\/td><td>A partir das 7h<\/td><\/tr><tr><td rowspan=\"2\">Progresso, Vila<\/td><td>Recicl\u00e1veis<\/td><td>Quartas<\/td><td>A partir das 7h<\/td><\/tr><tr><td>\u00damidos<\/td><td>Ter\u00e7as, Quintas e S\u00e1bados<\/td><td>A partir das 7h<\/td><\/tr><tr><td rowspan=\"2\">Recreio da Borda do Campo<\/td><td>Recicl\u00e1veis<\/td><td>Quintas<\/td><td>A partir das 7h<\/td><\/tr><tr><td>\u00damidos<\/td><td>Segundas, Quartas e Sextas<\/td><td>A partir das 7h<\/td><\/tr><tr><td rowspan=\"2\">Rica<\/td><td>Recicl\u00e1veis<\/td><td>Quintas<\/td><td>A partir das 7h<\/td><\/tr><tr><td>\u00damidos<\/td><td>Segundas, Quartas e Sextas<\/td><td>A partir das 7h<\/td><\/tr><tr><td rowspan=\"2\">Rina<\/td><td>Recicl\u00e1veis<\/td><td>S\u00e1bados<\/td><td>A partir das 7h<\/td><\/tr><tr><td>\u00damidos<\/td><td>Segundas, Quartas e Sextas<\/td><td>A partir das 7h<\/td><\/tr><tr><td rowspan=\"2\">Riviera<\/td><td>Recicl\u00e1veis<\/td><td>Quintas<\/td><td>A partir das 7h<\/td><\/tr><tr><td>\u00damidos<\/td><td>Segundas, Quartas e Sextas<\/td><td>A partir das 7h<\/td><\/tr><tr><td rowspan=\"2\">Riviera II<\/td><td>Recicl\u00e1veis<\/td><td>Quintas<\/td><td>A partir das 7h<\/td><\/tr><tr><td>\u00damidos<\/td><td>Segundas, Quartas e Sextas<\/td><td>A partir das 7h<\/td><\/tr><tr><td rowspan=\"2\">Sacadura Cabral<\/td><td>Recicl\u00e1veis<\/td><td>Segundas<\/td><td>A partir das 7h<\/td><\/tr><tr><td>\u00damidos<\/td><td>Ter\u00e7as, Quintas e S\u00e1bados<\/td><td>A partir das 7h<\/td><\/tr><tr><td rowspan=\"2\">Santa Cristina<\/td><td>Recicl\u00e1veis<\/td><td>Quintas<\/td><td>A partir das 7h<\/td><\/tr><tr><td>\u00damidos<\/td><td>Segundas, Quartas e Sextas<\/td><td>A partir das 7h<\/td><\/tr><tr><td rowspan=\"2\">Santa Maria, Bairro<\/td><td>Recicl\u00e1veis<\/td><td>Segundas<\/td><td>A partir das 7h<\/td><\/tr><tr><td>\u00damidos<\/td><td>Ter\u00e7as, Quintas e S\u00e1bados<\/td><td>A partir das 17h<\/td><\/tr><tr><td rowspan=\"2\">Santa Maria, Jardim<\/td><td>Recicl\u00e1veis<\/td><td>Segundas<\/td><td>A partir das 7h<\/td><\/tr><tr><td>\u00damidos<\/td><td>Ter\u00e7as, Quintas e S\u00e1bados<\/td><td>A partir das 17h<\/td><\/tr><tr><td rowspan=\"2\">Santa Teresinha<\/td><td>Recicl\u00e1veis<\/td><td>S\u00e1bados<\/td><td>A partir das 7h<\/td><\/tr><tr><td>\u00damidos<\/td><td>Segundas, Quartas e Sextas<\/td><td>A partir das 17h<\/td><\/tr><tr><td rowspan=\"2\">Santa Tereza<\/td><td>Recicl\u00e1veis<\/td><td>Segundas<\/td><td>A partir das 7h<\/td><\/tr><tr><td>\u00damidos<\/td><td>Ter\u00e7as, Quintas e S\u00e1bados<\/td><td>A partir das 17h<\/td><\/tr><tr><td rowspan=\"2\">Santo Alberto<\/td><td>Recicl\u00e1veis<\/td><td>S\u00e1bados<\/td><td>A partir das 7h<\/td><\/tr><tr><td>\u00damidos<\/td><td>Segundas, Quartas e Sextas<\/td><td>A partir das 17h<\/td><\/tr><tr><td rowspan=\"2\">Santo Andr\u00e9, Jardim<\/td><td>Recicl\u00e1veis<\/td><td>Quintas<\/td><td>A partir das 7h<\/td><\/tr><tr><td>\u00damidos<\/td><td>Segundas, Quartas e Sextas<\/td><td>A partir das 7h<\/td><\/tr><tr><td rowspan=\"2\">Santo Antonio<\/td><td>Recicl\u00e1veis<\/td><td>Ter\u00e7as<\/td><td>A partir das 7h<\/td><\/tr><tr><td>\u00damidos<\/td><td>Segundas, Quartas e Sextas<\/td><td>A partir das 17h<\/td><\/tr><tr><td rowspan=\"2\">S\u00e3o Bernardo Novo<\/td><td>Recicl\u00e1veis<\/td><td>Quintas<\/td><td>A partir das 7h<\/td><\/tr><tr><td>\u00damidos<\/td><td>Segundas, Quartas e Sextas<\/td><td>A partir das 7h<\/td><\/tr><tr><td rowspan=\"2\">S\u00e3o Pedro<\/td><td>Recicl\u00e1veis<\/td><td>S\u00e1bados<\/td><td>A partir das 7h<\/td><\/tr><tr><td>\u00damidos<\/td><td>Segundas, Quartas e Sextas<\/td><td>A partir das 17h<\/td><\/tr><tr><td rowspan=\"2\">Scarpelli<\/td><td>Recicl\u00e1veis<\/td><td>Quartas<\/td><td>A partir das 7h<\/td><\/tr><tr><td>\u00damidos<\/td><td>Ter\u00e7as, Quintas e S\u00e1bados<\/td><td>A partir das 17h<\/td><\/tr><tr><td rowspan=\"2\">Silvana, Jardim<\/td><td>Recicl\u00e1veis<\/td><td>Quintas<\/td><td>A partir das 7h<\/td><\/tr><tr><td>\u00damidos<\/td><td>Segundas, Quartas e Sextas<\/td><td>A partir das 7h<\/td><\/tr><tr><td rowspan=\"2\">Silveira<\/td><td>Recicl\u00e1veis<\/td><td>Quartas<\/td><td>A partir das 7h<\/td><\/tr><tr><td>\u00damidos<\/td><td>Ter\u00e7as, Quintas e S\u00e1bados<\/td><td>A partir das 7h<\/td><\/tr><tr><td rowspan=\"2\">S\u00edtio dos Viana<\/td><td>Recicl\u00e1veis<\/td><td>Quintas<\/td><td>A partir das 7h<\/td><\/tr><tr><td>\u00damidos<\/td><td>Segundas, Quartas e Sextas<\/td><td>A partir das 7h<\/td><\/tr><tr><td rowspan=\"2\">Stella<\/td><td>Recicl\u00e1veis<\/td><td>Sextas<\/td><td>A partir das 7h<\/td><\/tr><tr><td>\u00damidos<\/td><td>Ter\u00e7as, Quintas e S\u00e1bados<\/td><td>A partir das 7h<\/td><\/tr><tr><td rowspan=\"2\">Su\u00ed\u00e7a<\/td><td>Recicl\u00e1veis<\/td><td>Quintas<\/td><td>A partir das 7h<\/td><\/tr><tr><td>\u00damidos<\/td><td>Segundas, Quartas e Sextas<\/td><td>A partir das 7h<\/td><\/tr><tr><td rowspan=\"2\">Teles de Menezes<\/td><td>Recicl\u00e1veis<\/td><td>Quintas<\/td><td>A partir das 7h<\/td><\/tr><tr><td>\u00damidos<\/td><td>Segundas, Quartas e Sextas<\/td><td>A partir das 7h<\/td><\/tr><tr><td rowspan=\"2\">Tibiri\u00e7\u00e1<\/td><td>Recicl\u00e1veis<\/td><td>Quintas<\/td><td>A partir das 7h<\/td><\/tr><tr><td>\u00damidos<\/td><td>Segundas, Quartas e Sextas<\/td><td>A partir das 7h<\/td><\/tr><tr><td rowspan=\"2\">Tr\u00eas Divisas<\/td><td>Recicl\u00e1veis<\/td><td>Quintas<\/td><td>A partir das 7h<\/td><\/tr><tr><td>\u00damidos<\/td><td>Segundas, Quartas e Sextas<\/td><td>A partir das 7h<\/td><\/tr><tr><td rowspan=\"2\">Utinga, Bairro<\/td><td>Recicl\u00e1veis<\/td><td>S\u00e1bados<\/td><td>A partir das 7h<\/td><\/tr><tr><td>\u00damidos<\/td><td>Segundas, Quartas e Sextas<\/td><td>A partir das 17h<\/td><\/tr><tr><td rowspan=\"2\">Utinga, Jardim<\/td><td>Recicl\u00e1veis<\/td><td>Ter\u00e7as<\/td><td>A partir das 7h<\/td><\/tr><tr><td>\u00damidos<\/td><td>Segundas, Quartas e Sextas<\/td><td>A partir das 17h<\/td><\/tr><tr><td rowspan=\"2\">Valpara\u00edso<\/td><td>Recicl\u00e1veis<\/td><td>Quartas<\/td><td>A partir das 7h<\/td><\/tr><tr><td>\u00damidos<\/td><td>Ter\u00e7as, Quintas e S\u00e1bados<\/td><td>A partir das 17h<\/td><\/tr><tr><td rowspan=\"2\">Vit\u00f3ria<\/td><td>Recicl\u00e1veis<\/td><td>Sextas<\/td><td>A partir das 7h<\/td><\/tr><tr><td>\u00damidos<\/td><td>Ter\u00e7as, Quintas e S\u00e1bados<\/td><td>A partir das 7h<\/td><\/tr><tr><td rowspan=\"2\">Waisberg<\/td><td>Recicl\u00e1veis<\/td><td>Quintas<\/td><td>A partir das 7h<\/td><\/tr><tr><td>\u00damidos<\/td><td>Segundas, Quartas e Sextas<\/td><td>A partir das 7h<\/td><\/tr><\/tbody><\/table><\/figure>\n","protected":false},"excerpt":{"rendered":"<p>Santo Andr\u00e9 tem dias e hor\u00e1rios espec\u00edficos para a coleta domiciliar. Res\u00edduos \u00famidos e recicl\u00e1veis s\u00e3o recolhidos em dias diferente. Confira na tabela abaixo os bairros com os respectivos dias e hor\u00e1rios em que o caminh\u00e3o passa. Bairros Tipo de Coleta Dia da Semana Hor\u00e1rio Aclima\u00e7\u00e3o Recicl\u00e1veis Quintas A partir das 7h \u00damidos Segundas, Quartas [&hellip;]<\/p>\n","protected":false},"author":28,"featured_media":0,"parent":44,"menu_order":0,"comment_status":"closed","ping_status":"closed","template":"","meta":{"footnotes":""},"class_list":["post-231","page","type-page","status-publish","hentry"],"_links":{"self":[{"href":"https:\/\/portais.santoandre.sp.gov.br\/semasa\/wp-json\/wp\/v2\/pages\/231","targetHints":{"allow":["GET"]}}],"collection":[{"href":"https:\/\/portais.santoandre.sp.gov.br\/semasa\/wp-json\/wp\/v2\/pages"}],"about":[{"href":"https:\/\/portais.santoandre.sp.gov.br\/semasa\/wp-json\/wp\/v2\/types\/page"}],"author":[{"embeddable":true,"href":"https:\/\/portais.santoandre.sp.gov.br\/semasa\/wp-json\/wp\/v2\/users\/28"}],"replies":[{"embeddable":true,"href":"https:\/\/portais.santoandre.sp.gov.br\/semasa\/wp-json\/wp\/v2\/comments?post=231"}],"version-history":[{"count":3,"href":"https:\/\/portais.santoandre.sp.gov.br\/semasa\/wp-json\/wp\/v2\/pages\/231\/revisions"}],"predecessor-version":[{"id":235,"href":"https:\/\/portais.santoandre.sp.gov.br\/semasa\/wp-json\/wp\/v2\/pages\/231\/revisions\/235"}],"up":[{"embeddable":true,"href":"https:\/\/portais.santoandre.sp.gov.br\/semasa\/wp-json\/wp\/v2\/pages\/44"}],"wp:attachment":[{"href":"https:\/\/portais.santoandre.sp.gov.br\/semasa\/wp-json\/wp\/v2\/media?parent=231"}],"curies":[{"name":"wp","href":"https:\/\/api.w.org\/{rel}","templated":true}]}}