{"id":204,"date":"2024-06-13T16:42:08","date_gmt":"2024-06-13T19:42:08","guid":{"rendered":"https:\/\/portais.santoandre.sp.gov.br\/semasa\/?page_id=204"},"modified":"2025-10-03T10:43:30","modified_gmt":"2025-10-03T13:43:30","slug":"204-2","status":"publish","type":"page","link":"https:\/\/portais.santoandre.sp.gov.br\/semasa\/residuos\/residuos-perigosos-e-outros\/204-2\/","title":{"rendered":""},"content":{"rendered":"\n<h2 class=\"wp-block-heading\">Telhas de amianto<\/h2>\n\n\n\n<p>Durante muito tempo o amianto foi utilizado sem nenhuma restri\u00e7\u00e3o. No entanto, com o passar do tempo, a OMS (Organiza\u00e7\u00e3o Mundial da Sa\u00fade) comprovou que o material era muito perigoso, com part\u00edculas cancer\u00edgenas. Quando inaladas ou ingeridas, as fibras do p\u00f3 do amianto estimulam muta\u00e7\u00f5es celulares e podem dar origem a tumores e a certos tipos de c\u00e2ncer de pulm\u00e3o. A mat\u00e9ria-prima j\u00e1 foi proibida em mais de 50 pa\u00edses. No Brasil, seu uso foi proibido em 2017.<\/p>\n\n\n<div class=\"wp-block-image\">\n<figure class=\"aligncenter size-full\"><img fetchpriority=\"high\" decoding=\"async\" width=\"550\" height=\"365\" src=\"https:\/\/portais.santoandre.sp.gov.br\/semasa\/wp-content\/uploads\/sites\/13\/2024\/06\/foto_telhasdeamianto.jpg\" alt=\"\" class=\"wp-image-205\" srcset=\"https:\/\/portais.santoandre.sp.gov.br\/semasa\/wp-content\/uploads\/sites\/13\/2024\/06\/foto_telhasdeamianto.jpg 550w, https:\/\/portais.santoandre.sp.gov.br\/semasa\/wp-content\/uploads\/sites\/13\/2024\/06\/foto_telhasdeamianto-300x199.jpg 300w\" sizes=\"(max-width: 550px) 100vw, 550px\" \/><\/figure><\/div>\n\n\n<p>Em raz\u00e3o disso, muitos materiais contendo amianto ainda s\u00e3o descartados pela popula\u00e7\u00e3o. O material \u00e9 encaminhado para um aterro espec\u00edfico, que recebe res\u00edduos industriais.<\/p>\n\n\n\n<p><strong>Onde posso encaminhar telhas de amianto?<\/strong><\/p>\n\n\n\n<p>O Semasa recebe as telhas de amianto alguns locais Confira abaixo as Esta\u00e7\u00f5es de Coleta que recebem este res\u00edduo e&nbsp;<a href=\"https:\/\/portais.santoandre.sp.gov.br\/semasa\/residuos\/estacoes-de-coleta\/\">clique aqui para ver todos os endere\u00e7os e hor\u00e1rios de funcionamento.<\/a><\/p>\n\n\n\n<ul class=\"wp-block-list\">\n<li>Esta\u00e7\u00e3o Bom Pastor<\/li>\n\n\n\n<li>Esta\u00e7\u00e3o Antonina<\/li>\n\n\n\n<li>Esta\u00e7\u00e3o Ipanema<\/li>\n\n\n\n<li>Esta\u00e7\u00e3o Para\u00edso<\/li>\n\n\n\n<li>Esta\u00e7\u00e3o Cerquilho<\/li>\n\n\n\n<li>Esta\u00e7\u00e3o Cata Preta<\/li>\n\n\n\n<li>Esta\u00e7\u00e3o Sorocaba<\/li>\n\n\n\n<li>Esta\u00e7\u00e3o Ana Maria<\/li>\n\n\n\n<li>Esta\u00e7\u00e3o Bangu<\/li>\n\n\n\n<li>Esta\u00e7\u00e3o Vila Guiomar<\/li>\n\n\n\n<li>Esta\u00e7\u00e3o Alvorada<\/li>\n\n\n\n<li>Esta\u00e7\u00e3o Jardim Santo Andr\u00e9<\/li>\n\n\n\n<li>Esta\u00e7\u00e3o Parque Miami<\/li>\n<\/ul>\n","protected":false},"excerpt":{"rendered":"<p>Telhas de amianto Durante muito tempo o amianto foi utilizado sem nenhuma restri\u00e7\u00e3o. No entanto, com o passar do tempo, a OMS (Organiza\u00e7\u00e3o Mundial da Sa\u00fade) comprovou que o material era muito perigoso, com part\u00edculas cancer\u00edgenas. Quando inaladas ou ingeridas, as fibras do p\u00f3 do amianto estimulam muta\u00e7\u00f5es celulares e podem dar origem a tumores [&hellip;]<\/p>\n","protected":false},"author":28,"featured_media":0,"parent":197,"menu_order":0,"comment_status":"closed","ping_status":"closed","template":"","meta":{"footnotes":""},"class_list":["post-204","page","type-page","status-publish","hentry"],"_links":{"self":[{"href":"https:\/\/portais.santoandre.sp.gov.br\/semasa\/wp-json\/wp\/v2\/pages\/204","targetHints":{"allow":["GET"]}}],"collection":[{"href":"https:\/\/portais.santoandre.sp.gov.br\/semasa\/wp-json\/wp\/v2\/pages"}],"about":[{"href":"https:\/\/portais.santoandre.sp.gov.br\/semasa\/wp-json\/wp\/v2\/types\/page"}],"author":[{"embeddable":true,"href":"https:\/\/portais.santoandre.sp.gov.br\/semasa\/wp-json\/wp\/v2\/users\/28"}],"replies":[{"embeddable":true,"href":"https:\/\/portais.santoandre.sp.gov.br\/semasa\/wp-json\/wp\/v2\/comments?post=204"}],"version-history":[{"count":3,"href":"https:\/\/portais.santoandre.sp.gov.br\/semasa\/wp-json\/wp\/v2\/pages\/204\/revisions"}],"predecessor-version":[{"id":5197,"href":"https:\/\/portais.santoandre.sp.gov.br\/semasa\/wp-json\/wp\/v2\/pages\/204\/revisions\/5197"}],"up":[{"embeddable":true,"href":"https:\/\/portais.santoandre.sp.gov.br\/semasa\/wp-json\/wp\/v2\/pages\/197"}],"wp:attachment":[{"href":"https:\/\/portais.santoandre.sp.gov.br\/semasa\/wp-json\/wp\/v2\/media?parent=204"}],"curies":[{"name":"wp","href":"https:\/\/api.w.org\/{rel}","templated":true}]}}