{"id":168,"date":"2024-06-13T08:44:34","date_gmt":"2024-06-13T11:44:34","guid":{"rendered":"https:\/\/portais.santoandre.sp.gov.br\/semasa\/?page_id=168"},"modified":"2024-06-13T08:49:00","modified_gmt":"2024-06-13T11:49:00","slug":"normas-e-acondicionamento","status":"publish","type":"page","link":"https:\/\/portais.santoandre.sp.gov.br\/semasa\/residuos\/residuos-infectantes-e-de-saude\/normas-e-acondicionamento\/","title":{"rendered":"Normas e acondicionamento"},"content":{"rendered":"\n<h2 class=\"wp-block-heading\"><\/h2>\n\n\n\n<div class=\"wp-block-stackable-button-group stk-block-button-group stk-block stk-e46dd7f\" data-block-id=\"e46dd7f\"><div class=\"stk-row stk-inner-blocks stk-block-content stk-button-group\">\n<div class=\"wp-block-stackable-button stk-block-button stk-block stk-103e349\" data-block-id=\"103e349\"><style>.stk-103e349 .stk-button{background:#abb8c3 !important}<\/style><a class=\"stk-link stk-button stk--hover-effect-darken\" href=\"https:\/\/portais.santoandre.sp.gov.br\/semasa\/residuos\/residuos-infectantes-e-de-saude\/\"><span class=\"stk--svg-wrapper\"><div class=\"stk--inner-svg\"><svg xmlns=\"http:\/\/www.w3.org\/2000\/svg\" viewBox=\"0 0 512 512\" aria-hidden=\"true\" width=\"32\" height=\"32\"><path d=\"M256 8C119.043 8 8 119.083 8 256c0 136.997 111.043 248 248 248s248-111.003 248-248C504 119.083 392.957 8 256 8zm0 110c23.196 0 42 18.804 42 42s-18.804 42-42 42-42-18.804-42-42 18.804-42 42-42zm56 254c0 6.627-5.373 12-12 12h-88c-6.627 0-12-5.373-12-12v-24c0-6.627 5.373-12 12-12h12v-64h-12c-6.627 0-12-5.373-12-12v-24c0-6.627 5.373-12 12-12h64c6.627 0 12 5.373 12 12v100h12c6.627 0 12 5.373 12 12v24z\"><\/path><\/svg><\/div><\/span><span class=\"stk-button__inner-text\">Voltar<\/span><\/a><\/div>\n<\/div><\/div>\n\n\n\n<p><strong>Como funciona o servi\u00e7o de coleta de res\u00edduos do servi\u00e7o de sa\u00fade (RSS)?<\/strong><\/p>\n\n\n\n<p>O Semasa oferece um servi\u00e7o espec\u00edfico de coleta de RSS para res\u00edduos dos Grupos A e E, conforme as&nbsp;<a href=\"http:\/\/portal.anvisa.gov.br\/wps\/wcm\/connect\/10d6dd00474597439fb6df3fbc4c6735\/RDC+N%C2%BA+306,+DE+7+DE+DEZEMBRO+DE+2004.pdf?MOD=AJPERES\" target=\"_blank\" rel=\"noreferrer noopener\">Resolu\u00e7\u00f5es ANVISA (RDC 306\/04)<\/a>,&nbsp;<a href=\"http:\/\/www.mma.gov.br\/port\/conama\/res\/res05\/res35805.pdf\" target=\"_blank\" rel=\"noreferrer noopener\">CONAMA (358\/05)<\/a>&nbsp;e SMA (33\/05), que compreendem:<\/p>\n\n\n\n<ul class=\"wp-block-list\">\n<li>Sangue e hemoderivados<\/li>\n\n\n\n<li>Animais usados em experimenta\u00e7\u00e3o<\/li>\n\n\n\n<li>Excre\u00e7\u00f5es, secre\u00e7\u00f5es e l\u00edquidos org\u00e2nicos<\/li>\n\n\n\n<li>Meios de cultura<\/li>\n\n\n\n<li>Tecidos, \u00f3rg\u00e3os, fetos e pe\u00e7as anat\u00f4micas<\/li>\n\n\n\n<li>Filtros de gases aspirados de \u00e1rea contaminada<\/li>\n\n\n\n<li>Res\u00edduos provenientes de \u00e1rea de isolamento<\/li>\n\n\n\n<li>Restos alimentares de unidade de isolamento<\/li>\n\n\n\n<li>Res\u00edduos de laborat\u00f3rios de an\u00e1lises cl\u00ednicas<\/li>\n\n\n\n<li>Res\u00edduos de unidade de atendimento ambulatorial<\/li>\n\n\n\n<li>Res\u00edduos de sanit\u00e1rios de unidade de interna\u00e7\u00e3o e de enfermaria<\/li>\n<\/ul>\n\n\n\n<p><strong>De que forma estes res\u00edduos devem ser acondicionados?<\/strong><\/p>\n\n\n\n<p>Estes materiais devem ser acondicionados em sacos pl\u00e1sticos classe II (NBR 9190).<br>Os objetos perfurantes ou cortantes devem ser previamente acondicionados em recipientes r\u00edgidos apropriados.<\/p>\n","protected":false},"excerpt":{"rendered":"<p>Voltar Como funciona o servi\u00e7o de coleta de res\u00edduos do servi\u00e7o de sa\u00fade (RSS)? O Semasa oferece um servi\u00e7o espec\u00edfico de coleta de RSS para res\u00edduos dos Grupos A e E, conforme as&nbsp;Resolu\u00e7\u00f5es ANVISA (RDC 306\/04),&nbsp;CONAMA (358\/05)&nbsp;e SMA (33\/05), que compreendem: De que forma estes res\u00edduos devem ser acondicionados? Estes materiais devem ser acondicionados em [&hellip;]<\/p>\n","protected":false},"author":28,"featured_media":0,"parent":157,"menu_order":0,"comment_status":"closed","ping_status":"closed","template":"","meta":{"footnotes":""},"class_list":["post-168","page","type-page","status-publish","hentry"],"_links":{"self":[{"href":"https:\/\/portais.santoandre.sp.gov.br\/semasa\/wp-json\/wp\/v2\/pages\/168","targetHints":{"allow":["GET"]}}],"collection":[{"href":"https:\/\/portais.santoandre.sp.gov.br\/semasa\/wp-json\/wp\/v2\/pages"}],"about":[{"href":"https:\/\/portais.santoandre.sp.gov.br\/semasa\/wp-json\/wp\/v2\/types\/page"}],"author":[{"embeddable":true,"href":"https:\/\/portais.santoandre.sp.gov.br\/semasa\/wp-json\/wp\/v2\/users\/28"}],"replies":[{"embeddable":true,"href":"https:\/\/portais.santoandre.sp.gov.br\/semasa\/wp-json\/wp\/v2\/comments?post=168"}],"version-history":[{"count":4,"href":"https:\/\/portais.santoandre.sp.gov.br\/semasa\/wp-json\/wp\/v2\/pages\/168\/revisions"}],"predecessor-version":[{"id":178,"href":"https:\/\/portais.santoandre.sp.gov.br\/semasa\/wp-json\/wp\/v2\/pages\/168\/revisions\/178"}],"up":[{"embeddable":true,"href":"https:\/\/portais.santoandre.sp.gov.br\/semasa\/wp-json\/wp\/v2\/pages\/157"}],"wp:attachment":[{"href":"https:\/\/portais.santoandre.sp.gov.br\/semasa\/wp-json\/wp\/v2\/media?parent=168"}],"curies":[{"name":"wp","href":"https:\/\/api.w.org\/{rel}","templated":true}]}}