{"id":1640,"date":"2024-08-29T08:14:40","date_gmt":"2024-08-29T11:14:40","guid":{"rendered":"https:\/\/portais.santoandre.sp.gov.br\/semasa\/?page_id=1640"},"modified":"2024-09-18T10:57:13","modified_gmt":"2024-09-18T13:57:13","slug":"prestacao-de-contas-fumgesan-2019","status":"publish","type":"page","link":"https:\/\/portais.santoandre.sp.gov.br\/semasa\/gestao-ambiental\/fumgesan\/prestacao-de-contas-fumgesan-2019\/","title":{"rendered":"Presta\u00e7\u00e3o de contas Fumgesan 2019"},"content":{"rendered":"\n<p>Veja aqui a presta\u00e7\u00e3o de contas de cada projeto financiado pelos editais do Fumgesan, em 2019.<\/p>\n\n\n\n<ul class=\"wp-block-list\">\n<li><a href=\"https:\/\/portais.santoandre.sp.gov.br\/semasa\/wp-content\/uploads\/sites\/13\/2024\/09\/Plano-de-Trabalho-Siades.pdf\">Projeto: \u201cConex\u00f5es na Mata Atl\u00e2ntica: uma rede de oportunidades para a conserva\u00e7\u00e3o\u201d<\/a>\u00a0\u2013 Instituto Siades \u2013 Sistema de informa\u00e7\u00f5es ambientais para o desenvolvimento sustent\u00e1vel.<\/li>\n\n\n\n<li><a href=\"https:\/\/portais.santoandre.sp.gov.br\/semasa\/wp-content\/uploads\/sites\/13\/2024\/09\/Parecer-Conclusivo-_-2019-Siades-1.pdf\">Parecer Conclusivo _ 2019 \u2013 Siades<\/a><\/li>\n\n\n\n<li><a href=\"https:\/\/portais.santoandre.sp.gov.br\/semasa\/wp-content\/uploads\/sites\/13\/2024\/09\/Plano-de-Trabalho-MDDF.pdf\">Projeto: \u201cNo meio da Vila: sensibilizando pessoas para o cuidado com a cidade\u201d<\/a>\u00a0\u2013 MDDF \u2013 Movimento de Defesa dos moradores<\/li>\n\n\n\n<li><a href=\"https:\/\/portais.santoandre.sp.gov.br\/semasa\/wp-content\/uploads\/sites\/13\/2024\/09\/Parecer-Conclusivo_2019-MDDF-1.pdf\">Parecer Conclusivo_2019 \u2013 MDDF<\/a><\/li>\n\n\n\n<li><a href=\"https:\/\/portais.santoandre.sp.gov.br\/semasa\/wp-content\/uploads\/sites\/13\/2024\/09\/Projeto-de-volta-pra-sala-Semasa-DRS.pdf\">Projeto: \u201cDe volta pra sala: Transformando sof\u00e1s em cidadania\u201d<\/a>\u00a0\u2013 Semasa \/ DRS \u2013 Departamento de Res\u00edduos S\u00f3lidos.<\/li>\n<\/ul>\n","protected":false},"excerpt":{"rendered":"<p>Veja aqui a presta\u00e7\u00e3o de contas de cada projeto financiado pelos editais do Fumgesan, em 2019.<\/p>\n","protected":false},"author":28,"featured_media":0,"parent":889,"menu_order":0,"comment_status":"closed","ping_status":"closed","template":"","meta":{"footnotes":""},"class_list":["post-1640","page","type-page","status-publish","hentry"],"_links":{"self":[{"href":"https:\/\/portais.santoandre.sp.gov.br\/semasa\/wp-json\/wp\/v2\/pages\/1640","targetHints":{"allow":["GET"]}}],"collection":[{"href":"https:\/\/portais.santoandre.sp.gov.br\/semasa\/wp-json\/wp\/v2\/pages"}],"about":[{"href":"https:\/\/portais.santoandre.sp.gov.br\/semasa\/wp-json\/wp\/v2\/types\/page"}],"author":[{"embeddable":true,"href":"https:\/\/portais.santoandre.sp.gov.br\/semasa\/wp-json\/wp\/v2\/users\/28"}],"replies":[{"embeddable":true,"href":"https:\/\/portais.santoandre.sp.gov.br\/semasa\/wp-json\/wp\/v2\/comments?post=1640"}],"version-history":[{"count":3,"href":"https:\/\/portais.santoandre.sp.gov.br\/semasa\/wp-json\/wp\/v2\/pages\/1640\/revisions"}],"predecessor-version":[{"id":2009,"href":"https:\/\/portais.santoandre.sp.gov.br\/semasa\/wp-json\/wp\/v2\/pages\/1640\/revisions\/2009"}],"up":[{"embeddable":true,"href":"https:\/\/portais.santoandre.sp.gov.br\/semasa\/wp-json\/wp\/v2\/pages\/889"}],"wp:attachment":[{"href":"https:\/\/portais.santoandre.sp.gov.br\/semasa\/wp-json\/wp\/v2\/media?parent=1640"}],"curies":[{"name":"wp","href":"https:\/\/api.w.org\/{rel}","templated":true}]}}