{"id":1625,"date":"2024-08-28T15:07:45","date_gmt":"2024-08-28T18:07:45","guid":{"rendered":"https:\/\/portais.santoandre.sp.gov.br\/semasa\/?page_id=1625"},"modified":"2024-08-28T15:10:19","modified_gmt":"2024-08-28T18:10:19","slug":"residuos-umidos","status":"publish","type":"page","link":"https:\/\/portais.santoandre.sp.gov.br\/semasa\/residuos\/aterro-sanitario\/cooperativas\/residuos-umidos\/","title":{"rendered":"Res\u00edduos \u00famidos"},"content":{"rendered":"\n<p>Os res\u00edduos \u00famidos (org\u00e2nicos) domiciliares s\u00e3o compostos, geralmente, por restos de alimentos e lixo de banheiro.<br>A coleta de res\u00edduos \u00famidos em Santo Andr\u00e9 \u00e9 feita 3 vezes por semana, por meio de caminh\u00f5es coletores, em 100% da cidade. Na regi\u00e3o central da cidade e no bairro Casa Branca, que concentram grande movimento comercial, a coleta ocorre&nbsp;de segunda a s\u00e1bado. O lixo org\u00e2nico recolhido em nossa cidade \u00e9 encaminhado ao Aterro Municipal, onde ser\u00e1 disposto e aterrado de maneira ecologicamente correta.<\/p>\n\n\n\n<figure class=\"wp-block-image size-full\"><img fetchpriority=\"high\" decoding=\"async\" width=\"550\" height=\"365\" src=\"https:\/\/portais.santoandre.sp.gov.br\/semasa\/wp-content\/uploads\/sites\/13\/2024\/08\/residuo-infec.-300x199-2.jpg\" alt=\"\" class=\"wp-image-1627\" srcset=\"https:\/\/portais.santoandre.sp.gov.br\/semasa\/wp-content\/uploads\/sites\/13\/2024\/08\/residuo-infec.-300x199-2.jpg 550w, https:\/\/portais.santoandre.sp.gov.br\/semasa\/wp-content\/uploads\/sites\/13\/2024\/08\/residuo-infec.-300x199-2-300x199.jpg 300w\" sizes=\"(max-width: 550px) 100vw, 550px\" \/><\/figure>\n\n\n\n<p><strong>Acondicione adequadamente \u2013<\/strong>&nbsp;Os res\u00edduos \u00famidos, como qualquer tipo de lixo, deve ser disposto de maneira adequada. Evite utilizar \u2018sacolinhas de supermercado\u2019, que s\u00e3o mais fr\u00e1geis e podem rasgar facilmente no manuseio, deixando o lixo espalhado pela cal\u00e7ada ou rua.<\/p>\n\n\n\n<p>Uma outra dica importante \u00e9 colocar o seu lixo para fora de casa perto do\u00a0<a href=\"https:\/\/portais.santoandre.sp.gov.br\/semasa\/coleta-seletiva\/dias-e-horarios-de-coleta\/\" data-type=\"page\" data-id=\"1620\">hor\u00e1rio de coleta<\/a>. Desta maneira voc\u00ea evita exposi\u00e7\u00e3o \u00e0s chuvas, que\u00a0 podem levar o lixo para bueiros e entupir galerias.<\/p>\n\n\n\n<p>Os sacos de lixo podem ainda sofrer ataque de animais, tamb\u00e9m espalhando os res\u00edduos pelas vias. Colocar o saco em um local mais alto colabora muito para evitar a a\u00e7\u00e3o dos c\u00e3es.<\/p>\n","protected":false},"excerpt":{"rendered":"<p>Os res\u00edduos \u00famidos (org\u00e2nicos) domiciliares s\u00e3o compostos, geralmente, por restos de alimentos e lixo de banheiro.A coleta de res\u00edduos \u00famidos em Santo Andr\u00e9 \u00e9 feita 3 vezes por semana, por meio de caminh\u00f5es coletores, em 100% da cidade. Na regi\u00e3o central da cidade e no bairro Casa Branca, que concentram grande movimento comercial, a coleta [&hellip;]<\/p>\n","protected":false},"author":60,"featured_media":0,"parent":1568,"menu_order":0,"comment_status":"closed","ping_status":"closed","template":"","meta":{"footnotes":""},"class_list":["post-1625","page","type-page","status-publish","hentry"],"_links":{"self":[{"href":"https:\/\/portais.santoandre.sp.gov.br\/semasa\/wp-json\/wp\/v2\/pages\/1625","targetHints":{"allow":["GET"]}}],"collection":[{"href":"https:\/\/portais.santoandre.sp.gov.br\/semasa\/wp-json\/wp\/v2\/pages"}],"about":[{"href":"https:\/\/portais.santoandre.sp.gov.br\/semasa\/wp-json\/wp\/v2\/types\/page"}],"author":[{"embeddable":true,"href":"https:\/\/portais.santoandre.sp.gov.br\/semasa\/wp-json\/wp\/v2\/users\/60"}],"replies":[{"embeddable":true,"href":"https:\/\/portais.santoandre.sp.gov.br\/semasa\/wp-json\/wp\/v2\/comments?post=1625"}],"version-history":[{"count":2,"href":"https:\/\/portais.santoandre.sp.gov.br\/semasa\/wp-json\/wp\/v2\/pages\/1625\/revisions"}],"predecessor-version":[{"id":1629,"href":"https:\/\/portais.santoandre.sp.gov.br\/semasa\/wp-json\/wp\/v2\/pages\/1625\/revisions\/1629"}],"up":[{"embeddable":true,"href":"https:\/\/portais.santoandre.sp.gov.br\/semasa\/wp-json\/wp\/v2\/pages\/1568"}],"wp:attachment":[{"href":"https:\/\/portais.santoandre.sp.gov.br\/semasa\/wp-json\/wp\/v2\/media?parent=1625"}],"curies":[{"name":"wp","href":"https:\/\/api.w.org\/{rel}","templated":true}]}}