{"id":1591,"date":"2024-08-28T11:44:23","date_gmt":"2024-08-28T14:44:23","guid":{"rendered":"https:\/\/portais.santoandre.sp.gov.br\/semasa\/?page_id=1591"},"modified":"2024-08-28T11:44:23","modified_gmt":"2024-08-28T14:44:23","slug":"papeleiras","status":"publish","type":"page","link":"https:\/\/portais.santoandre.sp.gov.br\/semasa\/residuos\/varricao-e-limpeza-publica\/papeleiras\/","title":{"rendered":"Papeleiras"},"content":{"rendered":"\n<p>O Semasa trabalha ativamente para que as papeleiras da cidade estejam sempre em ordem. Voc\u00ea pode n\u00e3o estar familiarizado com este termo, mas as papeleiras s\u00e3o as conhecidas lixeiras que encontramos nas ruas todos os dias. Elas s\u00e3o importantes ferramentas para o combate \u00e0s enchentes e de garantia da limpeza p\u00fablica, pois evitam que os res\u00edduos descartados cheguem \u00e0s galerias de \u00e1guas pluviais e aos bueiros.<\/p>\n\n\n\n<p>Em 2013, a autarquia iniciou a troca da cor das papeleiras de Santo Andr\u00e9. O objetivo foi dar maior visibilidade ao equipamento e estimular o uso correto pela popula\u00e7\u00e3o.<\/p>\n\n\n\n<p>Atualmente s\u00e3o mais de 7.000 papeleiras instaladas em Santo Andr\u00e9 e a maior parte est\u00e1 localizada nos centros comerciais, centro da cidade e vias de grande fluxo de pedestres, al\u00e9m de pra\u00e7as, parques e na Vila de Paranapiacaba.<\/p>\n\n\n<div class=\"wp-block-image\">\n<figure class=\"aligncenter size-large is-resized\"><img fetchpriority=\"high\" decoding=\"async\" width=\"1024\" height=\"858\" src=\"https:\/\/portais.santoandre.sp.gov.br\/semasa\/wp-content\/uploads\/sites\/13\/2024\/08\/Nova-adesivacao-de-papeleiras-CCS_28062021-14-1024x858.jpg\" alt=\"\" class=\"wp-image-1592\" style=\"aspect-ratio:1.1934731934731935;width:613px;height:auto\" srcset=\"https:\/\/portais.santoandre.sp.gov.br\/semasa\/wp-content\/uploads\/sites\/13\/2024\/08\/Nova-adesivacao-de-papeleiras-CCS_28062021-14-1024x858.jpg 1024w, https:\/\/portais.santoandre.sp.gov.br\/semasa\/wp-content\/uploads\/sites\/13\/2024\/08\/Nova-adesivacao-de-papeleiras-CCS_28062021-14-300x251.jpg 300w, https:\/\/portais.santoandre.sp.gov.br\/semasa\/wp-content\/uploads\/sites\/13\/2024\/08\/Nova-adesivacao-de-papeleiras-CCS_28062021-14-768x643.jpg 768w, https:\/\/portais.santoandre.sp.gov.br\/semasa\/wp-content\/uploads\/sites\/13\/2024\/08\/Nova-adesivacao-de-papeleiras-CCS_28062021-14-1536x1286.jpg 1536w, https:\/\/portais.santoandre.sp.gov.br\/semasa\/wp-content\/uploads\/sites\/13\/2024\/08\/Nova-adesivacao-de-papeleiras-CCS_28062021-14.jpg 1834w\" sizes=\"(max-width: 1024px) 100vw, 1024px\" \/><\/figure><\/div>\n\n\n<p><strong>Cuidar para preservar<\/strong><\/p>\n\n\n\n<p>Em Santo Andr\u00e9, cerca de 40% das lixeiras precisam ser trocadas anualmente por causa do vandalismo e furto. O principal motivo para trocas \u00e9 o vandalismo, por\u00e9m as substitui\u00e7\u00f5es tamb\u00e9m ocorrem por quebra, queima ou roubo. H\u00e1 ainda as manuten\u00e7\u00f5es por picha\u00e7\u00f5es, coloca\u00e7\u00e3o de chicletes ou propagandas, o que tamb\u00e9m n\u00e3o deixa de ser vandalismo.<\/p>\n\n\n\n<p>Para evitar vandalismo, o Semasa divulga aos comerciantes e moradores os cuidados com uso do equipamento, por meio de folheto espec\u00edfico com as orienta\u00e7\u00f5es.<\/p>\n\n\n\n<p><\/p>\n","protected":false},"excerpt":{"rendered":"<p>O Semasa trabalha ativamente para que as papeleiras da cidade estejam sempre em ordem. Voc\u00ea pode n\u00e3o estar familiarizado com este termo, mas as papeleiras s\u00e3o as conhecidas lixeiras que encontramos nas ruas todos os dias. Elas s\u00e3o importantes ferramentas para o combate \u00e0s enchentes e de garantia da limpeza p\u00fablica, pois evitam que os [&hellip;]<\/p>\n","protected":false},"author":28,"featured_media":0,"parent":1581,"menu_order":0,"comment_status":"closed","ping_status":"closed","template":"","meta":{"footnotes":""},"class_list":["post-1591","page","type-page","status-publish","hentry"],"_links":{"self":[{"href":"https:\/\/portais.santoandre.sp.gov.br\/semasa\/wp-json\/wp\/v2\/pages\/1591","targetHints":{"allow":["GET"]}}],"collection":[{"href":"https:\/\/portais.santoandre.sp.gov.br\/semasa\/wp-json\/wp\/v2\/pages"}],"about":[{"href":"https:\/\/portais.santoandre.sp.gov.br\/semasa\/wp-json\/wp\/v2\/types\/page"}],"author":[{"embeddable":true,"href":"https:\/\/portais.santoandre.sp.gov.br\/semasa\/wp-json\/wp\/v2\/users\/28"}],"replies":[{"embeddable":true,"href":"https:\/\/portais.santoandre.sp.gov.br\/semasa\/wp-json\/wp\/v2\/comments?post=1591"}],"version-history":[{"count":1,"href":"https:\/\/portais.santoandre.sp.gov.br\/semasa\/wp-json\/wp\/v2\/pages\/1591\/revisions"}],"predecessor-version":[{"id":1597,"href":"https:\/\/portais.santoandre.sp.gov.br\/semasa\/wp-json\/wp\/v2\/pages\/1591\/revisions\/1597"}],"up":[{"embeddable":true,"href":"https:\/\/portais.santoandre.sp.gov.br\/semasa\/wp-json\/wp\/v2\/pages\/1581"}],"wp:attachment":[{"href":"https:\/\/portais.santoandre.sp.gov.br\/semasa\/wp-json\/wp\/v2\/media?parent=1591"}],"curies":[{"name":"wp","href":"https:\/\/api.w.org\/{rel}","templated":true}]}}