{"id":1581,"date":"2024-08-28T11:41:27","date_gmt":"2024-08-28T14:41:27","guid":{"rendered":"https:\/\/portais.santoandre.sp.gov.br\/semasa\/?page_id=1581"},"modified":"2024-08-28T11:46:17","modified_gmt":"2024-08-28T14:46:17","slug":"varricao-e-limpeza-publica","status":"publish","type":"page","link":"https:\/\/portais.santoandre.sp.gov.br\/semasa\/residuos\/varricao-e-limpeza-publica\/","title":{"rendered":"Varri\u00e7\u00e3o e limpeza p\u00fablica"},"content":{"rendered":"\n<div class=\"wp-block-stackable-button-group stk-block-button-group stk-block stk-4e891a1\" data-block-id=\"4e891a1\"><div class=\"stk-row stk-inner-blocks stk-block-content stk-button-group\">\n<div class=\"wp-block-stackable-button stk-block-button stk-block stk-52e6d54\" data-block-id=\"52e6d54\"><style>.stk-52e6d54 .stk-button{background:#fcb900 !important}<\/style><a class=\"stk-link stk-button stk--hover-effect-darken\" href=\"https:\/\/portais.santoandre.sp.gov.br\/semasa\/residuos\/dias-e-horarios-da-varricao\/\"><span class=\"stk-button__inner-text\">Dias e hor\u00e1rios da varri\u00e7\u00e3o<\/span><\/a><\/div>\n\n\n\n<div class=\"wp-block-stackable-button stk-block-button stk-block stk-a908ca5\" data-block-id=\"a908ca5\"><a class=\"stk-link stk-button stk--hover-effect-darken\" href=\"https:\/\/portais.santoandre.sp.gov.br\/semasa\/residuos\/varricao-e-limpeza-publica\/papeleiras\/\"><span class=\"stk-button__inner-text\">Papeleiras<\/span><\/a><\/div>\n\n\n\n<div class=\"wp-block-stackable-button stk-block-button stk-block stk-74f8a0a\" data-block-id=\"74f8a0a\"><style>.stk-74f8a0a .stk-button{background:#00d084 !important}<\/style><a class=\"stk-link stk-button stk--hover-effect-darken\" href=\"https:\/\/portais.santoandre.sp.gov.br\/semasa\/residuos\/varricao-e-limpeza-publica\/limpeza-de-feiras-livres\/\"><span class=\"stk-button__inner-text\">Limpeza de feiras livres<\/span><\/a><\/div>\n<\/div><\/div>\n\n\n<div class=\"wp-block-image\">\n<figure class=\"alignleft size-full\"><img fetchpriority=\"high\" decoding=\"async\" width=\"199\" height=\"300\" src=\"https:\/\/portais.santoandre.sp.gov.br\/semasa\/wp-content\/uploads\/sites\/13\/2024\/08\/DSC_9704-199x300-1.jpg\" alt=\"\" class=\"wp-image-1582\" \/><\/figure><\/div>\n\n\n<p>A varri\u00e7\u00e3o manual em Santo Andr\u00e9 \u00e9 realizada de forma integrada com a varri\u00e7\u00e3o mecanizada, implementada em junho de 2001, conforme as caracter\u00edsticas das vias e logradouros. Atualmente, as vias da cidade recebem varri\u00e7\u00e3o pelo menos uma vez por semana. Por m\u00eas, s\u00e3o quase 8 mil km de vias limpas pelo Semasa.<\/p>\n\n\n\n<p>Nas regi\u00f5es com maior movimento e fluxo de pedestres o servi\u00e7o \u00e9 realizado com mais frequ\u00eancia. \u00c9 o caso dos centros comerciais de bairros, que recebem a varri\u00e7\u00e3o diariamente. No Centro da cidade, al\u00e9m de di\u00e1ria, a varri\u00e7\u00e3o tamb\u00e9m ocorre \u00e0 noite e aos domingos.<\/p>\n\n\n\n<p>Cerca de 280 funcion\u00e1rios terceirizados e pr\u00f3prios s\u00e3o respons\u00e1veis pelo servi\u00e7o, que inclui ainda a raspagem e retirada de gram\u00edneas do meio fio. As cal\u00e7adas, por\u00e9m, devem ser limpas pelos moradores, comerciantes ou empres\u00e1rios respons\u00e1veis pelo im\u00f3vel cont\u00edguo.<\/p>\n\n\n\n<p>J\u00e1 os canteiros centrais e viadutos s\u00e3o varridos mecanicamente para diminuir os riscos operacionais dos garis, respons\u00e1veis pelas varri\u00e7\u00f5es das cal\u00e7adas destas vias.<\/p>\n\n\n<div class=\"wp-block-image\">\n<figure class=\"alignright size-full\"><img decoding=\"async\" width=\"492\" height=\"328\" src=\"https:\/\/portais.santoandre.sp.gov.br\/semasa\/wp-content\/uploads\/sites\/13\/2024\/08\/DSC_5051.jpg\" alt=\"\" class=\"wp-image-1583\" srcset=\"https:\/\/portais.santoandre.sp.gov.br\/semasa\/wp-content\/uploads\/sites\/13\/2024\/08\/DSC_5051.jpg 492w, https:\/\/portais.santoandre.sp.gov.br\/semasa\/wp-content\/uploads\/sites\/13\/2024\/08\/DSC_5051-300x200.jpg 300w\" sizes=\"(max-width: 492px) 100vw, 492px\" \/><\/figure><\/div>\n\n\n<p>O objetivo da autarquia \u00e9 garantir que as vias do munic\u00edpio n\u00e3o acumulem res\u00edduos, mantendo a cidade mais limpa e bonita e tamb\u00e9m colaborando para que as \u00e1guas de chuva escoem normalmente, evitando assim o entupimento de bueiros e galerias de drenagem.<\/p>\n\n\n\n<p>Apesar de ser terceirizado, todo trabalho \u00e9 fiscalizado por agentes do Semasa. Reclama\u00e7\u00f5es e sugest\u00f5es podem devem ser feita \u00e0 Central de Atendimento ou nos demais\u00a0<a href=\"https:\/\/portais.santoandre.sp.gov.br\/semasa\/institucional\/atendimento-ao-cliente-externo\/\" data-type=\"page\" data-id=\"1210\">canais de atendimento.<\/a><\/p>\n\n\n\n<p>Confira aqui os\u00a0<a href=\"https:\/\/portais.santoandre.sp.gov.br\/semasa\/residuos\/dias-e-horarios-da-varricao\/\" data-type=\"page\" data-id=\"237\">dias e hor\u00e1rios da varri\u00e7\u00e3o<\/a>\u00a0em Santo Andr\u00e9.<\/p>\n","protected":false},"excerpt":{"rendered":"<p>Dias e hor\u00e1rios da varri\u00e7\u00e3o Papeleiras Limpeza de feiras livres A varri\u00e7\u00e3o manual em Santo Andr\u00e9 \u00e9 realizada de forma integrada com a varri\u00e7\u00e3o mecanizada, implementada em junho de 2001, conforme as caracter\u00edsticas das vias e logradouros. Atualmente, as vias da cidade recebem varri\u00e7\u00e3o pelo menos uma vez por semana. Por m\u00eas, s\u00e3o quase 8 [&hellip;]<\/p>\n","protected":false},"author":28,"featured_media":0,"parent":44,"menu_order":0,"comment_status":"closed","ping_status":"closed","template":"","meta":{"footnotes":""},"class_list":["post-1581","page","type-page","status-publish","hentry"],"_links":{"self":[{"href":"https:\/\/portais.santoandre.sp.gov.br\/semasa\/wp-json\/wp\/v2\/pages\/1581","targetHints":{"allow":["GET"]}}],"collection":[{"href":"https:\/\/portais.santoandre.sp.gov.br\/semasa\/wp-json\/wp\/v2\/pages"}],"about":[{"href":"https:\/\/portais.santoandre.sp.gov.br\/semasa\/wp-json\/wp\/v2\/types\/page"}],"author":[{"embeddable":true,"href":"https:\/\/portais.santoandre.sp.gov.br\/semasa\/wp-json\/wp\/v2\/users\/28"}],"replies":[{"embeddable":true,"href":"https:\/\/portais.santoandre.sp.gov.br\/semasa\/wp-json\/wp\/v2\/comments?post=1581"}],"version-history":[{"count":5,"href":"https:\/\/portais.santoandre.sp.gov.br\/semasa\/wp-json\/wp\/v2\/pages\/1581\/revisions"}],"predecessor-version":[{"id":1604,"href":"https:\/\/portais.santoandre.sp.gov.br\/semasa\/wp-json\/wp\/v2\/pages\/1581\/revisions\/1604"}],"up":[{"embeddable":true,"href":"https:\/\/portais.santoandre.sp.gov.br\/semasa\/wp-json\/wp\/v2\/pages\/44"}],"wp:attachment":[{"href":"https:\/\/portais.santoandre.sp.gov.br\/semasa\/wp-json\/wp\/v2\/media?parent=1581"}],"curies":[{"name":"wp","href":"https:\/\/api.w.org\/{rel}","templated":true}]}}