{"id":1565,"date":"2024-08-28T10:38:08","date_gmt":"2024-08-28T13:38:08","guid":{"rendered":"https:\/\/portais.santoandre.sp.gov.br\/semasa\/?page_id=1565"},"modified":"2024-08-28T10:38:08","modified_gmt":"2024-08-28T13:38:08","slug":"plano-diretor-de-drenagem","status":"publish","type":"page","link":"https:\/\/portais.santoandre.sp.gov.br\/semasa\/institucional\/legislacao\/plano-de-saneamento-basico\/plano-diretor-de-drenagem\/","title":{"rendered":"Plano Diretor de Drenagem"},"content":{"rendered":"\n<p>As compet\u00eancias do Semasa foram alteradas a partir da reorganiza\u00e7\u00e3o da administra\u00e7\u00e3o municipal, ocorrida em 1997. Com a reforma, a autarquia ficou com a atribui\u00e7\u00e3o de planejar, projetar e executar os servi\u00e7os relacionados com a drenagem de \u00e1guas pluviais e a\u00e7\u00f5es de combate a cheias.<\/p>\n\n\n\n<p>Preocupada com uma a\u00e7\u00e3o planejada, a autarquia elaborou em 1998 um Plano Diretor de Drenagem (PDD), que adotou solu\u00e7\u00f5es a curto, m\u00e9dio e longo prazo para os problemas das enchentes na cidade, levando em considera\u00e7\u00e3o o Plano Diretor de Macrodrenagem da Bacia do Alto Tiet\u00ea (PDMAT), elaborada pelo Governo do Estado.<\/p>\n\n\n\n<p>No PDD, foram identificados os principais problemas que provocam inunda\u00e7\u00f5es na cidade e sugeridas a\u00e7\u00f5es para as sub-bacias das tr\u00eas regi\u00f5es hidrogr\u00e1ficas de Santo Andr\u00e9. De imediato, foram tomadas medidas urgentes, como a conten\u00e7\u00e3o das margens do Rio Tamanduate\u00ed e a recupera\u00e7\u00e3o da Avenida dos Estados.<\/p>\n\n\n\n<p>Atualmente, est\u00e3o mapeadas 47 manchas de inunda\u00e7\u00e3o em Santo Andr\u00e9.<\/p>\n","protected":false},"excerpt":{"rendered":"<p>As compet\u00eancias do Semasa foram alteradas a partir da reorganiza\u00e7\u00e3o da administra\u00e7\u00e3o municipal, ocorrida em 1997. Com a reforma, a autarquia ficou com a atribui\u00e7\u00e3o de planejar, projetar e executar os servi\u00e7os relacionados com a drenagem de \u00e1guas pluviais e a\u00e7\u00f5es de combate a cheias. Preocupada com uma a\u00e7\u00e3o planejada, a autarquia elaborou em 1998 [&hellip;]<\/p>\n","protected":false},"author":60,"featured_media":0,"parent":1532,"menu_order":0,"comment_status":"closed","ping_status":"closed","template":"","meta":{"footnotes":""},"class_list":["post-1565","page","type-page","status-publish","hentry"],"_links":{"self":[{"href":"https:\/\/portais.santoandre.sp.gov.br\/semasa\/wp-json\/wp\/v2\/pages\/1565","targetHints":{"allow":["GET"]}}],"collection":[{"href":"https:\/\/portais.santoandre.sp.gov.br\/semasa\/wp-json\/wp\/v2\/pages"}],"about":[{"href":"https:\/\/portais.santoandre.sp.gov.br\/semasa\/wp-json\/wp\/v2\/types\/page"}],"author":[{"embeddable":true,"href":"https:\/\/portais.santoandre.sp.gov.br\/semasa\/wp-json\/wp\/v2\/users\/60"}],"replies":[{"embeddable":true,"href":"https:\/\/portais.santoandre.sp.gov.br\/semasa\/wp-json\/wp\/v2\/comments?post=1565"}],"version-history":[{"count":1,"href":"https:\/\/portais.santoandre.sp.gov.br\/semasa\/wp-json\/wp\/v2\/pages\/1565\/revisions"}],"predecessor-version":[{"id":1566,"href":"https:\/\/portais.santoandre.sp.gov.br\/semasa\/wp-json\/wp\/v2\/pages\/1565\/revisions\/1566"}],"up":[{"embeddable":true,"href":"https:\/\/portais.santoandre.sp.gov.br\/semasa\/wp-json\/wp\/v2\/pages\/1532"}],"wp:attachment":[{"href":"https:\/\/portais.santoandre.sp.gov.br\/semasa\/wp-json\/wp\/v2\/media?parent=1565"}],"curies":[{"name":"wp","href":"https:\/\/api.w.org\/{rel}","templated":true}]}}