{"id":1550,"date":"2024-08-27T15:57:37","date_gmt":"2024-08-27T18:57:37","guid":{"rendered":"https:\/\/portais.santoandre.sp.gov.br\/semasa\/?page_id=1550"},"modified":"2024-08-29T14:17:32","modified_gmt":"2024-08-29T17:17:32","slug":"consulta-publica-luops","status":"publish","type":"page","link":"https:\/\/portais.santoandre.sp.gov.br\/semasa\/institucional\/legislacao\/lei-de-uso-ocupacao-e-parcelamento-do-solo\/consulta-publica-luops\/","title":{"rendered":"Consulta p\u00fablica LUOPS"},"content":{"rendered":"\n<div class=\"wp-block-stackable-button-group stk-block-button-group stk-block stk-7b87eb9\" data-block-id=\"7b87eb9\"><div class=\"stk-row stk-inner-blocks stk-block-content stk-button-group\">\n<div class=\"wp-block-stackable-button stk-block-button stk-block stk-6d48400\" data-block-id=\"6d48400\"><a class=\"stk-link stk-button stk--hover-effect-darken\" href=\"https:\/\/portais.santoandre.sp.gov.br\/semasa\/institucional\/legislacao\/lei-de-uso-ocupacao-e-parcelamento-do-solo\/consulta-publica-luops\/audiencia-publica\/\"><span class=\"stk-button__inner-text\">Audi\u00eancia p\u00fablica<\/span><\/a><\/div>\n<\/div><\/div>\n\n\n\n<p>A partir de junho de 2014, a participa\u00e7\u00e3o da popula\u00e7\u00e3o na elabora\u00e7\u00e3o da LUOPS foi intensificada com a Consulta P\u00fablica, dispon\u00edvel atrav\u00e9s dos sites do Semasa e da Prefeitura, que receberam emendas virtuais para a lei. A participa\u00e7\u00e3o tamb\u00e9m foi poss\u00edvel atrav\u00e9s da&nbsp;audi\u00eancia p\u00fablica realizada dia 9 de agosto de 2014, amplamente divulgada na cidade.<\/p>\n\n\n\n<p>Ap\u00f3s a ampla Consulta P\u00fablica, a proposta da LUOPS, que tamb\u00e9m recebeu propostas de t\u00e9cnicos da gest\u00e3o p\u00fablica, tem sido debatida atrav\u00e9s nos conselheiros municipais da cidade, o Comugesan (Conselho Municipal de Gest\u00e3o Ambiental e o CMPU (Conselho Municipal de Pol\u00edtica Urbana). Ap\u00f3s essa fase, um PL (projeto de lei) pactuado entre o Executivo e a Sociedade Civil ser\u00e1 encaminhado \u00e0 C\u00e2mara Municipal.<\/p>\n\n\n\n<figure class=\"wp-block-image size-full\"><img fetchpriority=\"high\" decoding=\"async\" width=\"1024\" height=\"760\" src=\"https:\/\/portais.santoandre.sp.gov.br\/semasa\/wp-content\/uploads\/sites\/13\/2024\/08\/image-1.png\" alt=\"\" class=\"wp-image-1689\" srcset=\"https:\/\/portais.santoandre.sp.gov.br\/semasa\/wp-content\/uploads\/sites\/13\/2024\/08\/image-1.png 1024w, https:\/\/portais.santoandre.sp.gov.br\/semasa\/wp-content\/uploads\/sites\/13\/2024\/08\/image-1-300x223.png 300w, https:\/\/portais.santoandre.sp.gov.br\/semasa\/wp-content\/uploads\/sites\/13\/2024\/08\/image-1-768x570.png 768w\" sizes=\"(max-width: 1024px) 100vw, 1024px\" \/><\/figure>\n\n\n\n<p><strong>Insumos<\/strong><\/p>\n\n\n\n<ul class=\"wp-block-list\">\n<li>\u00a0<a href=\"https:\/\/portais.santoandre.sp.gov.br\/semasa\/wp-content\/uploads\/sites\/13\/2024\/08\/LUOPS_Saiba-mais_v2.pdf\">Resumo da proposta do Executivo de LUOPS por assuntos<\/a><\/li>\n\n\n\n<li>&nbsp;\u00cdndice de Artigos da proposta do Executivo de LUOPS<\/li>\n<\/ul>\n\n\n\n<p><strong>Registros<\/strong><\/p>\n\n\n\n<ul class=\"wp-block-list\">\n<li>Convocat\u00f3ria para Solenidade de Abertura da Consulta P\u00fablica da LUOPS<\/li>\n\n\n\n<li><a href=\"https:\/\/portais.santoandre.sp.gov.br\/semasa\/wp-content\/uploads\/sites\/13\/2024\/08\/Solenidade-de-Abertura-da-consulta-Publica-da-LUOPS_09jun14.pdf\">Fotos da Solenidade de Abertura da Consulta P\u00fablica da LUOPS<\/a><\/li>\n<\/ul>\n","protected":false},"excerpt":{"rendered":"<p>Audi\u00eancia p\u00fablica A partir de junho de 2014, a participa\u00e7\u00e3o da popula\u00e7\u00e3o na elabora\u00e7\u00e3o da LUOPS foi intensificada com a Consulta P\u00fablica, dispon\u00edvel atrav\u00e9s dos sites do Semasa e da Prefeitura, que receberam emendas virtuais para a lei. A participa\u00e7\u00e3o tamb\u00e9m foi poss\u00edvel atrav\u00e9s da&nbsp;audi\u00eancia p\u00fablica realizada dia 9 de agosto de 2014, amplamente divulgada [&hellip;]<\/p>\n","protected":false},"author":28,"featured_media":0,"parent":1546,"menu_order":0,"comment_status":"closed","ping_status":"closed","template":"","meta":{"footnotes":""},"class_list":["post-1550","page","type-page","status-publish","hentry"],"_links":{"self":[{"href":"https:\/\/portais.santoandre.sp.gov.br\/semasa\/wp-json\/wp\/v2\/pages\/1550","targetHints":{"allow":["GET"]}}],"collection":[{"href":"https:\/\/portais.santoandre.sp.gov.br\/semasa\/wp-json\/wp\/v2\/pages"}],"about":[{"href":"https:\/\/portais.santoandre.sp.gov.br\/semasa\/wp-json\/wp\/v2\/types\/page"}],"author":[{"embeddable":true,"href":"https:\/\/portais.santoandre.sp.gov.br\/semasa\/wp-json\/wp\/v2\/users\/28"}],"replies":[{"embeddable":true,"href":"https:\/\/portais.santoandre.sp.gov.br\/semasa\/wp-json\/wp\/v2\/comments?post=1550"}],"version-history":[{"count":5,"href":"https:\/\/portais.santoandre.sp.gov.br\/semasa\/wp-json\/wp\/v2\/pages\/1550\/revisions"}],"predecessor-version":[{"id":1694,"href":"https:\/\/portais.santoandre.sp.gov.br\/semasa\/wp-json\/wp\/v2\/pages\/1550\/revisions\/1694"}],"up":[{"embeddable":true,"href":"https:\/\/portais.santoandre.sp.gov.br\/semasa\/wp-json\/wp\/v2\/pages\/1546"}],"wp:attachment":[{"href":"https:\/\/portais.santoandre.sp.gov.br\/semasa\/wp-json\/wp\/v2\/media?parent=1550"}],"curies":[{"name":"wp","href":"https:\/\/api.w.org\/{rel}","templated":true}]}}