{"id":1532,"date":"2024-08-27T15:45:32","date_gmt":"2024-08-27T18:45:32","guid":{"rendered":"https:\/\/portais.santoandre.sp.gov.br\/semasa\/?page_id=1532"},"modified":"2024-09-23T14:14:14","modified_gmt":"2024-09-23T17:14:14","slug":"plano-de-saneamento-basico","status":"publish","type":"page","link":"https:\/\/portais.santoandre.sp.gov.br\/semasa\/institucional\/legislacao\/plano-de-saneamento-basico\/","title":{"rendered":"Plano de Saneamento B\u00e1sico"},"content":{"rendered":"\n<p>Em 2013, o munic\u00edpio de Santo Andr\u00e9 publicou o seu Plano Municipal de Saneamento B\u00e1sico (PMSB). Estabelecido pela Lei Federal 11.445\/2007, o plano \u00e9 um instrumento de planejamento da cidade no que diz respeito aos servi\u00e7os p\u00fablicos de \u00e1gua, esgoto, drenagem e res\u00edduos s\u00f3lidos. Al\u00e9m disso, sem PMSB, o munic\u00edpio n\u00e3o pode solicitar recursos federais para projetos destas \u00e1reas.<\/p>\n\n\n\n<p>Em Santo Andr\u00e9, o PMSB incorporou os Planos Diretores de&nbsp;<a href=\"https:\/\/portais.santoandre.sp.gov.br\/semasa\/institucional\/legislacao\/plano-de-saneamento-basico\/plano-diretor-de-agua\/\" data-type=\"page\" data-id=\"1558\">\u00c1gua<\/a>,&nbsp;<a href=\"https:\/\/portais.santoandre.sp.gov.br\/semasa\/institucional\/legislacao\/plano-de-saneamento-basico\/plano-diretor-de-esgoto\/\" data-type=\"page\" data-id=\"1562\">Esgoto<\/a>&nbsp;e&nbsp;<a href=\"https:\/\/portais.santoandre.sp.gov.br\/semasa\/institucional\/legislacao\/plano-de-saneamento-basico\/plano-diretor-de-drenagem\/\" data-type=\"page\" data-id=\"1565\">Drenagem<\/a>, elaborados no final da d\u00e9cada de 1990.<\/p>\n\n\n\n<p>Algumas das diretrizes do PMSB s\u00e3o:<\/p>\n\n\n\n<ul class=\"wp-block-list\">\n<li>Buscar a universaliza\u00e7\u00e3o da oferta de \u00e1gua pot\u00e1vel e de esgotamento sanit\u00e1rio na cidade, minimizando o risco \u00e0 sa\u00fade e assegurando a qualidade ambiental.<\/li>\n<\/ul>\n\n\n\n<ul class=\"wp-block-list\">\n<li>Buscar a universaliza\u00e7\u00e3o da coleta, destina\u00e7\u00e3o e disposi\u00e7\u00e3o final de res\u00edduos s\u00f3lidos.<\/li>\n<\/ul>\n\n\n\n<ul class=\"wp-block-list\">\n<li>Promover o manejo das \u00e1guas pluviais urbanas, minimizando os riscos de inunda\u00e7\u00f5es, alagamentos e enchentes.<\/li>\n<\/ul>\n\n\n\n<ul class=\"wp-block-list\">\n<li>Fortalecer a coopera\u00e7\u00e3o com a Uni\u00e3o, Estado e munic\u00edpios da Regi\u00e3o Metropolitana de S\u00e3o Paulo para a consecu\u00e7\u00e3o da Pol\u00edtica Municipal de Saneamento B\u00e1sico.<\/li>\n<\/ul>\n\n\n\n<ul class=\"wp-block-list\">\n<li>Fomentar a\u00e7\u00f5es de comunica\u00e7\u00e3o, mobiliza\u00e7\u00e3o e educa\u00e7\u00e3o ambiental.<\/li>\n<\/ul>\n\n\n\n<ul class=\"wp-block-list\">\n<li>Buscar recursos nos n\u00edveis federal e estadual compat\u00edveis com as metas estabelecidas pelo plano.<\/li>\n<\/ul>\n\n\n\n<ul class=\"wp-block-list\">\n<li><em><a href=\"https:\/\/portais.santoandre.sp.gov.br\/semasa\/wp-content\/uploads\/sites\/13\/2024\/09\/17.165-Revisao-do-Plano-Municipal-de-Saneamento-Basico-COMPLETO.pdf\">\u00c9 poss\u00edvel baixar aqui um PDF com o Resumo Executivo da Revis\u00e3o do PMSB de Santo Andr\u00e9 (conforme decreto 17.165\/19 de 1\u00ba de mar\u00e7o de 2019).<\/a><\/em><\/li>\n<\/ul>\n","protected":false},"excerpt":{"rendered":"<p>Em 2013, o munic\u00edpio de Santo Andr\u00e9 publicou o seu Plano Municipal de Saneamento B\u00e1sico (PMSB). Estabelecido pela Lei Federal 11.445\/2007, o plano \u00e9 um instrumento de planejamento da cidade no que diz respeito aos servi\u00e7os p\u00fablicos de \u00e1gua, esgoto, drenagem e res\u00edduos s\u00f3lidos. Al\u00e9m disso, sem PMSB, o munic\u00edpio n\u00e3o pode solicitar recursos federais [&hellip;]<\/p>\n","protected":false},"author":28,"featured_media":0,"parent":1530,"menu_order":0,"comment_status":"closed","ping_status":"closed","template":"","meta":{"footnotes":""},"class_list":["post-1532","page","type-page","status-publish","hentry"],"_links":{"self":[{"href":"https:\/\/portais.santoandre.sp.gov.br\/semasa\/wp-json\/wp\/v2\/pages\/1532","targetHints":{"allow":["GET"]}}],"collection":[{"href":"https:\/\/portais.santoandre.sp.gov.br\/semasa\/wp-json\/wp\/v2\/pages"}],"about":[{"href":"https:\/\/portais.santoandre.sp.gov.br\/semasa\/wp-json\/wp\/v2\/types\/page"}],"author":[{"embeddable":true,"href":"https:\/\/portais.santoandre.sp.gov.br\/semasa\/wp-json\/wp\/v2\/users\/28"}],"replies":[{"embeddable":true,"href":"https:\/\/portais.santoandre.sp.gov.br\/semasa\/wp-json\/wp\/v2\/comments?post=1532"}],"version-history":[{"count":6,"href":"https:\/\/portais.santoandre.sp.gov.br\/semasa\/wp-json\/wp\/v2\/pages\/1532\/revisions"}],"predecessor-version":[{"id":2035,"href":"https:\/\/portais.santoandre.sp.gov.br\/semasa\/wp-json\/wp\/v2\/pages\/1532\/revisions\/2035"}],"up":[{"embeddable":true,"href":"https:\/\/portais.santoandre.sp.gov.br\/semasa\/wp-json\/wp\/v2\/pages\/1530"}],"wp:attachment":[{"href":"https:\/\/portais.santoandre.sp.gov.br\/semasa\/wp-json\/wp\/v2\/media?parent=1532"}],"curies":[{"name":"wp","href":"https:\/\/api.w.org\/{rel}","templated":true}]}}