{"id":1530,"date":"2024-08-27T15:44:34","date_gmt":"2024-08-27T18:44:34","guid":{"rendered":"https:\/\/portais.santoandre.sp.gov.br\/semasa\/?page_id=1530"},"modified":"2025-09-03T16:08:32","modified_gmt":"2025-09-03T19:08:32","slug":"legislacao","status":"publish","type":"page","link":"https:\/\/portais.santoandre.sp.gov.br\/semasa\/institucional\/legislacao\/","title":{"rendered":"Legisla\u00e7\u00e3o"},"content":{"rendered":"\n<div class=\"wp-block-stackable-button-group stk-block-button-group stk-block stk-bc2449d\" data-block-id=\"bc2449d\"><div class=\"stk-row stk-inner-blocks stk-block-content stk-button-group\">\n<div class=\"wp-block-stackable-button stk-block-button stk-block stk-87cc84c\" data-block-id=\"87cc84c\"><style>.stk-87cc84c .stk-button{background:#f78da7 !important;}<\/style><a class=\"stk-link stk-button stk--hover-effect-darken\" href=\"https:\/\/portais.santoandre.sp.gov.br\/semasa\/institucional\/legislacao\/plano-de-saneamento-basico\/\"><span class=\"stk-button__inner-text\">Plano de Saneamento B\u00e1sico<\/span><\/a><\/div>\n\n\n\n<div class=\"wp-block-stackable-button stk-block-button stk-block stk-3f5317d\" data-block-id=\"3f5317d\"><a class=\"stk-link stk-button stk--hover-effect-darken\" href=\"https:\/\/portais.santoandre.sp.gov.br\/semasa\/institucional\/legislacao\/plano-municipal-de-residuos-solidos\/\"><span class=\"stk-button__inner-text\">Plano Municipal de Res\u00edduos S\u00f3lidos<\/span><\/a><\/div>\n\n\n\n<div class=\"wp-block-stackable-button stk-block-button stk-block stk-0208278\" data-block-id=\"0208278\"><style>.stk-0208278 .stk-button{background:#ff6900 !important;}<\/style><a class=\"stk-link stk-button stk--hover-effect-darken\" href=\"https:\/\/portais.santoandre.sp.gov.br\/semasa\/institucional\/legislacao\/plano-municipal-de-gestao-de-residuos-de-construcao-civil\/\"><span class=\"stk-button__inner-text\">Plano Municipal de Gest\u00e3o de Res\u00edduos de Constru\u00e7\u00e3o Civil<\/span><\/a><\/div>\n\n\n\n<div class=\"wp-block-stackable-button stk-block-button stk-block stk-69c9ac8\" data-block-id=\"69c9ac8\"><style>.stk-69c9ac8 .stk-button{background:#00d084 !important;}<\/style><a class=\"stk-link stk-button stk--hover-effect-darken\" href=\"https:\/\/portais.santoandre.sp.gov.br\/semasa\/institucional\/legislacao\/lei-de-uso-ocupacao-e-parcelamento-do-solo\/\"><span class=\"stk-button__inner-text\">LUOPS<\/span><\/a><\/div>\n<\/div><\/div>\n\n\n\n<div class=\"wp-block-stackable-button-group stk-block-button-group stk-block stk-399747a\" data-block-id=\"399747a\"><div class=\"stk-row stk-inner-blocks stk-block-content stk-button-group\">\n<div class=\"wp-block-stackable-button stk-block-button stk-block stk-8bac10e\" data-block-id=\"8bac10e\"><style>.stk-8bac10e .stk-button{background:#cf2e2e !important;}<\/style><a class=\"stk-link stk-button stk--hover-effect-darken\" href=\"https:\/\/portais.santoandre.sp.gov.br\/semasa\/institucional\/legislacao\/plano-municipal-de-inclusao-produtiva-dos-catadores\/\"><span class=\"stk-button__inner-text\">Plano Municipal Inclus\u00e3o Produtiva de Catadores<\/span><\/a><\/div>\n\n\n\n<div class=\"wp-block-stackable-button stk-block-button stk-block stk-e84e628\" data-block-id=\"e84e628\"><style>.stk-e84e628 .stk-button{background:#fcb900 !important;}<\/style><a class=\"stk-link stk-button stk--hover-effect-darken\" href=\"https:\/\/portais.santoandre.sp.gov.br\/semasa\/gestao-ambiental\/parque-natural-do-pedroso\/plano-de-manejo\/\"><span class=\"stk-button__inner-text\">Plano de Manejo PNMP<\/span><\/a><\/div>\n<\/div><\/div>\n\n\n\n<p>As diretrizes que norteiam o trabalho desenvolvido pelo Semasa est\u00e3o estabelecidas por legisla\u00e7\u00e3o federal, estadual e municipal.<\/p>\n\n\n\n<p>As principais leis que direcionam o trabalho de saneamento ambiental em Santo Andr\u00e9 podem ser conferidas abaixo. A legisla\u00e7\u00e3o tamb\u00e9m embasa planos de trabalho desenvolvidos pelo Semasa.<\/p>\n\n\n\n<div class=\"wp-block-stackable-button-group stk-block-button-group stk-block stk-6ae9189\" data-block-id=\"6ae9189\"><div class=\"stk-row stk-inner-blocks stk-block-content stk-button-group\">\n<div class=\"wp-block-stackable-button stk-block-button is-style-ghost stk-block stk-fd29367\" data-block-id=\"fd29367\"><style>.stk-fd29367 .stk-button{background:transparent !important;}.stk-fd29367 .stk-button:hover:after{background:transparent !important;opacity:1 !important;}:where(.stk-hover-parent:hover,  .stk-hover-parent.stk--is-hovered) .stk-fd29367 .stk-button:after{background:transparent !important;opacity:1 !important;}.stk-fd29367 .stk-button:before{border-style:solid !important;}<\/style><a class=\"stk-link stk-button stk--hover-effect-darken\" href=\"https:\/\/portais.santoandre.sp.gov.br\/semasa\/institucional\/legislacao\/leis-e-decretos-municipais\/\"><span class=\"stk-button__inner-text\">Leis e decretos municipais<\/span><\/a><\/div>\n\n\n\n<div class=\"wp-block-stackable-button stk-block-button is-style-ghost stk-block stk-04f091c\" data-block-id=\"04f091c\"><style>.stk-04f091c .stk-button{background:transparent !important;}.stk-04f091c .stk-button:hover:after{background:transparent !important;opacity:1 !important;}:where(.stk-hover-parent:hover,  .stk-hover-parent.stk--is-hovered) .stk-04f091c .stk-button:after{background:transparent !important;opacity:1 !important;}.stk-04f091c .stk-button:before{border-style:solid !important;border-color:#ff6900 !important;}.stk-04f091c .stk-button .stk--inner-svg svg:last-child, .stk-04f091c .stk-button .stk--inner-svg svg:last-child :is(g, path, rect, polygon, ellipse){fill:#ff6900 !important;}.stk-04f091c .stk-button__inner-text{color:#ff6900 !important;}<\/style><a class=\"stk-link stk-button stk--hover-effect-darken\" href=\"https:\/\/portais.santoandre.sp.gov.br\/semasa\/institucional\/legislacao\/leis-e-decretos-estaduais\/\"><span class=\"has-text-color stk-button__inner-text\">Leis e decretos estaduais<\/span><\/a><\/div>\n\n\n\n<div class=\"wp-block-stackable-button stk-block-button is-style-ghost stk-block stk-009f0c6\" data-block-id=\"009f0c6\"><style>.stk-009f0c6 .stk-button{background:transparent !important;}.stk-009f0c6 .stk-button:hover:after{background:transparent !important;opacity:1 !important;}:where(.stk-hover-parent:hover,  .stk-hover-parent.stk--is-hovered) .stk-009f0c6 .stk-button:after{background:transparent !important;opacity:1 !important;}.stk-009f0c6 .stk-button:before{border-style:solid !important;border-color:#00d084 !important;}.stk-009f0c6 .stk-button .stk--inner-svg svg:last-child, .stk-009f0c6 .stk-button .stk--inner-svg svg:last-child :is(g, path, rect, polygon, ellipse){fill:#00d084 !important;}.stk-009f0c6 .stk-button__inner-text{color:#00d084 !important;}<\/style><a class=\"stk-link stk-button stk--hover-effect-darken\" href=\"https:\/\/portais.santoandre.sp.gov.br\/semasa\/institucional\/legislacao\/leis-e-decretos-federais\/\"><span class=\"has-text-color stk-button__inner-text\">Leis e decretos federais<\/span><\/a><\/div>\n<\/div><\/div>\n","protected":false},"excerpt":{"rendered":"<p>Plano de Saneamento B\u00e1sico Plano Municipal de Res\u00edduos S\u00f3lidos Plano Municipal de Gest\u00e3o de Res\u00edduos de Constru\u00e7\u00e3o Civil LUOPS Plano Municipal Inclus\u00e3o Produtiva de Catadores Plano de Manejo PNMP As diretrizes que norteiam o trabalho desenvolvido pelo Semasa est\u00e3o estabelecidas por legisla\u00e7\u00e3o federal, estadual e municipal. As principais leis que direcionam o trabalho de saneamento [&hellip;]<\/p>\n","protected":false},"author":28,"featured_media":0,"parent":41,"menu_order":0,"comment_status":"closed","ping_status":"closed","template":"","meta":{"footnotes":""},"class_list":["post-1530","page","type-page","status-publish","hentry"],"_links":{"self":[{"href":"https:\/\/portais.santoandre.sp.gov.br\/semasa\/wp-json\/wp\/v2\/pages\/1530","targetHints":{"allow":["GET"]}}],"collection":[{"href":"https:\/\/portais.santoandre.sp.gov.br\/semasa\/wp-json\/wp\/v2\/pages"}],"about":[{"href":"https:\/\/portais.santoandre.sp.gov.br\/semasa\/wp-json\/wp\/v2\/types\/page"}],"author":[{"embeddable":true,"href":"https:\/\/portais.santoandre.sp.gov.br\/semasa\/wp-json\/wp\/v2\/users\/28"}],"replies":[{"embeddable":true,"href":"https:\/\/portais.santoandre.sp.gov.br\/semasa\/wp-json\/wp\/v2\/comments?post=1530"}],"version-history":[{"count":11,"href":"https:\/\/portais.santoandre.sp.gov.br\/semasa\/wp-json\/wp\/v2\/pages\/1530\/revisions"}],"predecessor-version":[{"id":4908,"href":"https:\/\/portais.santoandre.sp.gov.br\/semasa\/wp-json\/wp\/v2\/pages\/1530\/revisions\/4908"}],"up":[{"embeddable":true,"href":"https:\/\/portais.santoandre.sp.gov.br\/semasa\/wp-json\/wp\/v2\/pages\/41"}],"wp:attachment":[{"href":"https:\/\/portais.santoandre.sp.gov.br\/semasa\/wp-json\/wp\/v2\/media?parent=1530"}],"curies":[{"name":"wp","href":"https:\/\/api.w.org\/{rel}","templated":true}]}}