{"id":1503,"date":"2024-08-27T15:19:33","date_gmt":"2024-08-27T18:19:33","guid":{"rendered":"https:\/\/portais.santoandre.sp.gov.br\/semasa\/?page_id=1503"},"modified":"2024-09-23T13:53:35","modified_gmt":"2024-09-23T16:53:35","slug":"poda-e-supressao-de-vegetacao","status":"publish","type":"page","link":"https:\/\/portais.santoandre.sp.gov.br\/semasa\/gestao-ambiental\/fiscalizacao-ambiental\/poda-e-supressao-de-vegetacao\/","title":{"rendered":"Poda e supress\u00e3o de vegeta\u00e7\u00e3o"},"content":{"rendered":"\n<p><\/p>\n\n\n<div class=\"wp-block-image\">\n<figure class=\"alignleft size-large is-resized\"><img fetchpriority=\"high\" decoding=\"async\" width=\"1024\" height=\"768\" src=\"https:\/\/portais.santoandre.sp.gov.br\/semasa\/wp-content\/uploads\/sites\/13\/2024\/08\/saw-cut-87101_1280-1024x768.jpg\" alt=\"\" class=\"wp-image-1516\" style=\"aspect-ratio:1.3333333333333333;width:400px;height:auto\" srcset=\"https:\/\/portais.santoandre.sp.gov.br\/semasa\/wp-content\/uploads\/sites\/13\/2024\/08\/saw-cut-87101_1280-1024x768.jpg 1024w, https:\/\/portais.santoandre.sp.gov.br\/semasa\/wp-content\/uploads\/sites\/13\/2024\/08\/saw-cut-87101_1280-300x225.jpg 300w, https:\/\/portais.santoandre.sp.gov.br\/semasa\/wp-content\/uploads\/sites\/13\/2024\/08\/saw-cut-87101_1280-768x576.jpg 768w, https:\/\/portais.santoandre.sp.gov.br\/semasa\/wp-content\/uploads\/sites\/13\/2024\/08\/saw-cut-87101_1280.jpg 1280w\" sizes=\"(max-width: 1024px) 100vw, 1024px\" \/><\/figure><\/div>\n\n\n<p>A fiscaliza\u00e7\u00e3o de supress\u00e3o, poda ou danos de vegeta\u00e7\u00e3o ocorre por meio de inspe\u00e7\u00f5es de monitoramento ou em atendimento \u00e0s den\u00fancias e solicita\u00e7\u00f5es de mun\u00edcipes. Ap\u00f3s a identifica\u00e7\u00e3o do dano e aus\u00eancia de apresenta\u00e7\u00e3o de licen\u00e7as ou autoriza\u00e7\u00f5es, s\u00e3o emitidas as penalidades cab\u00edveis, como Advert\u00eancia Ambiental e Auto de Infra\u00e7\u00e3o Ambiental. <\/p>\n\n\n\n<p>Caso seja identificada a supress\u00e3o do indiv\u00edduo arb\u00f3reo, o respons\u00e1vel dever\u00e1 ainda solicitar a assinatura de Termo de Compromisso Ambiental &#8211; TCA, a fim de reparar o dano causado. Em caso de descumprimento das obriga\u00e7\u00f5es do Termo, estar\u00e1 pass\u00edvel de recebimento de novas penalidades.<\/p>\n\n\n\n<ol class=\"wp-block-list\">\n<li><strong><span style=\"color: #f78da7\" class=\"stk-highlight\">Quais os dispositivos legais que devem ser observados?<\/span><\/strong> Lei Municipal n\u00ba 7.733\/1998, Decreto Municipal n\u00ba 18.174\/2023 e Lei Municipal n\u00ba 9.789\/2015.<\/li>\n<\/ol>\n\n\n\n<ol class=\"wp-block-list\" start=\"2\">\n<li><strong><span style=\"color: #ff6900\" class=\"stk-highlight\">Preciso de autoriza\u00e7\u00e3o para cortar uma \u00e1rvore no meu quintal?<\/span><\/strong> <strong>Sim<\/strong>. A supress\u00e3o de vegeta\u00e7\u00e3o arb\u00f3rea em propriedades privadas dever\u00e1 ser previamente autorizada pelo \u00f3rg\u00e3o ambiental competente, no caso, o Semasa.<\/li>\n<\/ol>\n\n\n\n<ol class=\"wp-block-list\" start=\"3\">\n<li><strong><span style=\"color: #00d084\" class=\"stk-highlight\">O que fazer quando a \u00e1rvore est\u00e1 morta ou possui risco de queda, danos a muro, telhado, piso ou tubula\u00e7\u00f5es?<\/span><\/strong> Antes de qualquer interven\u00e7\u00e3o, entre em contato com a Defesa Civil pelo telefone 199 e solicite uma avalia\u00e7\u00e3o do estado fitosanit\u00e1rio da \u00e1rvore e dos riscos apresentados.\u00a0<\/li>\n<\/ol>\n\n\n\n<ol class=\"wp-block-list\" start=\"4\">\n<li><span style=\"color: #9b51e0\" class=\"stk-highlight\"><strong>\u00c1rvores frut\u00edferas ou ornamentais tamb\u00e9m exigem autoriza\u00e7\u00e3o ambiental para corte?<\/strong><\/span> <strong>Sim<\/strong>. O corte de \u00e1rvores, independentemente de serem frut\u00edferas, ornamentais ou nativas, deve ser precedido de autoriza\u00e7\u00e3o ambiental.<\/li>\n<\/ol>\n\n\n\n<ol class=\"wp-block-list\" start=\"5\">\n<li><strong><span style=\"color: #0693e3\" class=\"stk-highlight\">Posso plantar ou retirar uma \u00e1rvore da minha cal\u00e7ada?<\/span><\/strong> <strong>N\u00e3o.<\/strong> Consultar Lei Municipal n\u00ba 8628\/2004.<\/li>\n<\/ol>\n\n\n\n<ol class=\"wp-block-list\" start=\"6\">\n<li><strong><span style=\"color: #cf2e2e\" class=\"stk-highlight\">O que fazer quando a \u00e1rvore est\u00e1 interferindo na fia\u00e7\u00e3o el\u00e9trica?<\/span><\/strong> Entre em contato com a companhia de energia el\u00e9trica para avaliar e resolver a interfer\u00eancia da \u00e1rvore na fia\u00e7\u00e3o el\u00e9trica.<\/li>\n<\/ol>\n\n\n\n<ol class=\"wp-block-list\" start=\"7\">\n<li><strong><span style=\"color: #f78da7\" class=\"stk-highlight\">Posso transplantar minha \u00e1rvore dentro do meu quintal?<\/span><\/strong> Antes de realizar qualquer transplante de \u00e1rvore em seu quintal, entre em contato com o Semasa, para verificar se o transplante est\u00e1 sujeito a Autoriza\u00e7\u00e3o Ambiental e quais s\u00e3o os procedimentos a serem seguidos.<\/li>\n<\/ol>\n\n\n\n<p class=\"has-text-align-center\"><strong><em>Confira abaixo o folheto ilustrado com as informa\u00e7\u00f5es sobre supress\u00e3o de vegeta\u00e7\u00e3o<\/em><\/strong><\/p>\n\n\n\n<div data-wp-interactive=\"core\/file\" class=\"wp-block-file\"><object data-wp-bind--hidden=\"!state.hasPdfPreview\" hidden class=\"wp-block-file__embed\" data=\"https:\/\/portais.santoandre.sp.gov.br\/semasa\/wp-content\/uploads\/sites\/13\/2024\/09\/Folheto-orientacao-supressao-e-poda.pdf\" type=\"application\/pdf\" style=\"width:100%;height:410px\" aria-label=\"Incorporado de Folheto-orientacao-supressao-e-poda.\"><\/object><a id=\"wp-block-file--media-28853240-25c2-4452-b39e-fd32dce20d3e\" href=\"https:\/\/portais.santoandre.sp.gov.br\/semasa\/wp-content\/uploads\/sites\/13\/2024\/09\/Folheto-orientacao-supressao-e-poda.pdf\">Folheto-orientacao-supressao-e-poda<\/a><a href=\"https:\/\/portais.santoandre.sp.gov.br\/semasa\/wp-content\/uploads\/sites\/13\/2024\/09\/Folheto-orientacao-supressao-e-poda.pdf\" class=\"wp-block-file__button wp-element-button\" download aria-describedby=\"wp-block-file--media-28853240-25c2-4452-b39e-fd32dce20d3e\">Baixar<\/a><\/div>\n","protected":false},"excerpt":{"rendered":"<p>A fiscaliza\u00e7\u00e3o de supress\u00e3o, poda ou danos de vegeta\u00e7\u00e3o ocorre por meio de inspe\u00e7\u00f5es de monitoramento ou em atendimento \u00e0s den\u00fancias e solicita\u00e7\u00f5es de mun\u00edcipes. Ap\u00f3s a identifica\u00e7\u00e3o do dano e aus\u00eancia de apresenta\u00e7\u00e3o de licen\u00e7as ou autoriza\u00e7\u00f5es, s\u00e3o emitidas as penalidades cab\u00edveis, como Advert\u00eancia Ambiental e Auto de Infra\u00e7\u00e3o Ambiental. Caso seja identificada a [&hellip;]<\/p>\n","protected":false},"author":28,"featured_media":0,"parent":1397,"menu_order":0,"comment_status":"closed","ping_status":"closed","template":"","meta":{"footnotes":""},"class_list":["post-1503","page","type-page","status-publish","hentry"],"_links":{"self":[{"href":"https:\/\/portais.santoandre.sp.gov.br\/semasa\/wp-json\/wp\/v2\/pages\/1503","targetHints":{"allow":["GET"]}}],"collection":[{"href":"https:\/\/portais.santoandre.sp.gov.br\/semasa\/wp-json\/wp\/v2\/pages"}],"about":[{"href":"https:\/\/portais.santoandre.sp.gov.br\/semasa\/wp-json\/wp\/v2\/types\/page"}],"author":[{"embeddable":true,"href":"https:\/\/portais.santoandre.sp.gov.br\/semasa\/wp-json\/wp\/v2\/users\/28"}],"replies":[{"embeddable":true,"href":"https:\/\/portais.santoandre.sp.gov.br\/semasa\/wp-json\/wp\/v2\/comments?post=1503"}],"version-history":[{"count":5,"href":"https:\/\/portais.santoandre.sp.gov.br\/semasa\/wp-json\/wp\/v2\/pages\/1503\/revisions"}],"predecessor-version":[{"id":2027,"href":"https:\/\/portais.santoandre.sp.gov.br\/semasa\/wp-json\/wp\/v2\/pages\/1503\/revisions\/2027"}],"up":[{"embeddable":true,"href":"https:\/\/portais.santoandre.sp.gov.br\/semasa\/wp-json\/wp\/v2\/pages\/1397"}],"wp:attachment":[{"href":"https:\/\/portais.santoandre.sp.gov.br\/semasa\/wp-json\/wp\/v2\/media?parent=1503"}],"curies":[{"name":"wp","href":"https:\/\/api.w.org\/{rel}","templated":true}]}}