{"id":1492,"date":"2024-08-27T11:52:17","date_gmt":"2024-08-27T14:52:17","guid":{"rendered":"https:\/\/portais.santoandre.sp.gov.br\/semasa\/?page_id=1492"},"modified":"2026-03-11T09:30:24","modified_gmt":"2026-03-11T12:30:24","slug":"quintal-verde","status":"publish","type":"page","link":"https:\/\/portais.santoandre.sp.gov.br\/semasa\/institucional\/programas-e-projetos-socioambientais\/quintal-verde\/","title":{"rendered":"Quintal Verde"},"content":{"rendered":"<div class=\"wp-block-image\">\n<figure class=\"alignleft size-large is-resized\"><img fetchpriority=\"high\" decoding=\"async\" width=\"850\" height=\"1024\" src=\"https:\/\/portais.santoandre.sp.gov.br\/semasa\/wp-content\/uploads\/sites\/13\/2024\/12\/Logo_Quintal_Verde_2024-850x1024.png\" alt=\"\" class=\"wp-image-2444\" style=\"aspect-ratio:0.830078125;width:283px;height:auto\" srcset=\"https:\/\/portais.santoandre.sp.gov.br\/semasa\/wp-content\/uploads\/sites\/13\/2024\/12\/Logo_Quintal_Verde_2024-850x1024.png 850w, https:\/\/portais.santoandre.sp.gov.br\/semasa\/wp-content\/uploads\/sites\/13\/2024\/12\/Logo_Quintal_Verde_2024-249x300.png 249w, https:\/\/portais.santoandre.sp.gov.br\/semasa\/wp-content\/uploads\/sites\/13\/2024\/12\/Logo_Quintal_Verde_2024-768x925.png 768w, https:\/\/portais.santoandre.sp.gov.br\/semasa\/wp-content\/uploads\/sites\/13\/2024\/12\/Logo_Quintal_Verde_2024.png 1199w\" sizes=\"(max-width: 850px) 100vw, 850px\" \/><\/figure><\/div>\n\n\n<p>O Quintal Verde \u00e9 um espa\u00e7o de educa\u00e7\u00e3o ambiental preparado para viv\u00eancias e forma\u00e7\u00e3o pr\u00e1tica da popula\u00e7\u00e3o em sistemas agroecol\u00f3gicos (agricultura sustent\u00e1vel e m\u00e9todos alternativos de cultivo, sem uso de agrot\u00f3xicos) e compostagem de res\u00edduos org\u00e2nicos.<\/p>\n\n\n\n<p>Os Quintais objetivam ser um instrumento de refer\u00eancia para os agricultores urbanos, educadores, comunidades e alunos das escolas de Santo Andr\u00e9, sendo estruturados para serem inclusivos e sustent\u00e1veis. Al\u00e9m disso, atuam em transversalidade com outras a\u00e7\u00f5es do Semasa e da Prefeitura com o objetivo de ampliar a compostagem dos res\u00edduos org\u00e2nicos gerados em Santo Andr\u00e9.<\/p>\n\n\n\n<p><strong>Quintal Verde Vila Guiomar<\/strong>: Primeiro equipamento de Santo Andr\u00e9, abriga tamb\u00e9m o p\u00e1tio de compostagem, que recebe res\u00edduos oriundos das feiras livres pr\u00f3ximas (por meio do projeto Feira Limpa, onde feiras de at\u00e9 1,5km dos Quintais s\u00e3o beneficiadas com a separa\u00e7\u00e3o de res\u00edduos), e \u00e9 ponto de troca do <a href=\"https:\/\/portais.santoandre.sp.gov.br\/semasa\/institucional\/programas-e-projetos-socioambientais\/quintal-verde\/baldinho-verde\/\">Baldinho Verde<\/a>. O Quintal Vila Guiomar foi implantado por meio de recursos do Fundo Municipal de Desenvolvimento Urbano. Conhe\u00e7a mais sobre os espa\u00e7os deste Quintal <a href=\"https:\/\/portais.santoandre.sp.gov.br\/semasa\/wp-content\/uploads\/sites\/13\/2025\/04\/Cartilha_15x21cm_Cartilha_Quintal_Verde_06032025_FINAL.pdf\">na cartilha digital<\/a>.<\/p>\n\n\n\n<p><em>O equipamento est\u00e1 localizado na rua Marques de Caravelas, 51 (Vila Guiomar) e as visita\u00e7\u00f5es ocorrem mediante agendamento, pelo formul\u00e1rio no bot\u00e3o abaixo.<\/em><\/p>\n\n\n\n<p><strong>Quintal Verde Ana Maria<\/strong>: Segundo equipamento municipal, implantado em parceria com as entidades M\u00e3es e Mulheres Jardineiras, INE (Instituto Nova Era), Coletivo NASA e a Transpetro. O local tamb\u00e9m \u00e9 ponto de troca do Baldinho Verde, possui p\u00e1tio de compostagem, al\u00e9m de outras estruturas utilizadas pelas entidades parceiras, como canteiros, viveiro e a agrofloresta.<\/p>\n\n\n\n<p><em>O equipamento est\u00e1 localizado na avenida C\u00e2ndido Camargo, 101 (Jd. Ana Maria).<\/em><\/p>\n\n\n\n<div class=\"wp-block-stackable-button-group stk-block-button-group stk-block stk-aabd714\" data-block-id=\"aabd714\"><div class=\"stk-row stk-inner-blocks stk-block-content stk-button-group\">\n<div class=\"wp-block-stackable-button stk-block-button stk-block stk-346da7d\" data-block-id=\"346da7d\"><a class=\"stk-link stk-button stk--hover-effect-darken\" href=\"https:\/\/portais.santoandre.sp.gov.br\/semasa\/institucional\/programas-e-projetos-socioambientais\/quintal-verde\/arvores-do-quintal-verde-vila-guiomar\/\"><span class=\"stk-button__inner-text\">\u00c1rvores do Quintal Verde Vila Guiomar<\/span><\/a><\/div>\n\n\n\n<div class=\"wp-block-stackable-button stk-block-button stk-block stk-de8c346\" data-block-id=\"de8c346\"><style>.stk-de8c346 .stk-button{background:#ff6900 !important;}<\/style><a class=\"stk-link stk-button stk--hover-effect-darken\" href=\"https:\/\/portais.santoandre.sp.gov.br\/semasa\/wp-content\/uploads\/sites\/13\/2025\/04\/Cartilha_15x21cm_Cartilha_Quintal_Verde_06032025_FINAL.pdf\"><span class=\"stk-button__inner-text\">Cartilha digital<\/span><\/a><\/div>\n\n\n\n<div class=\"wp-block-stackable-button stk-block-button stk-block stk-1a0c7b0\" data-block-id=\"1a0c7b0\"><style>.stk-1a0c7b0 .stk-button{background:#00d084 !important;}<\/style><a class=\"stk-link stk-button stk--hover-effect-darken\" href=\"https:\/\/docs.google.com\/forms\/d\/e\/1FAIpQLSeFoQZ408ki5TPv7YjhDzaMqqnkf2ZDjOvtH7KQX_U3SOsJRQ\/viewform\"><span class=\"stk-button__inner-text\">Agende uma visita<\/span><\/a><\/div>\n\n\n\n<div class=\"wp-block-stackable-button stk-block-button stk-block stk-0e030dc\" data-block-id=\"0e030dc\"><style>.stk-0e030dc .stk-button{background:#f78da7 !important;}<\/style><a class=\"stk-link stk-button stk--hover-effect-darken\" href=\"https:\/\/portais.santoandre.sp.gov.br\/semasa\/wp-content\/uploads\/sites\/13\/2025\/07\/Folder-Horta-4.pdf\" target=\"_blank\" rel=\"noreferrer noopener\"><span class=\"stk-button__inner-text\">Folder sobre hortali\u00e7as e PANCs<\/span><\/a><\/div>\n<\/div><\/div>\n\n\n\n<div class=\"wp-block-stackable-button-group stk-block-button-group stk-block stk-b078a16\" data-block-id=\"b078a16\"><div class=\"stk-row stk-inner-blocks stk-block-content stk-button-group\">\n<div class=\"wp-block-stackable-button stk-block-button stk-block stk-d0d2e12\" data-block-id=\"d0d2e12\"><style>.stk-d0d2e12 .stk-button{background:#f00069 !important;}<\/style><a class=\"stk-link stk-button stk--hover-effect-darken\" href=\"https:\/\/portais.santoandre.sp.gov.br\/semasa\/institucional\/programas-e-projetos-socioambientais\/quintal-verde\/arvores-do-quintal-verde-ana-maria\/\"><span class=\"stk-button__inner-text\">\u00c1rvores do Quintal Verde Ana Maria<\/span><\/a><\/div>\n\n\n\n<div class=\"wp-block-stackable-button stk-block-button stk-block stk-7588cac\" data-block-id=\"7588cac\"><style>.stk-7588cac .stk-button{background:#9b51e0 !important;}<\/style><a class=\"stk-link stk-button stk--hover-effect-darken\" href=\"https:\/\/portais.santoandre.sp.gov.br\/semasa\/institucional\/programas-e-projetos-socioambientais\/quintal-verde\/baldinho-verde\/\"><span class=\"stk-button__inner-text\">Baldinho Verde<\/span><\/a><\/div>\n<\/div><\/div>\n\n\n\n<p><\/p>\n","protected":false},"excerpt":{"rendered":"<p>O Quintal Verde \u00e9 um espa\u00e7o de educa\u00e7\u00e3o ambiental preparado para viv\u00eancias e forma\u00e7\u00e3o pr\u00e1tica da popula\u00e7\u00e3o em sistemas agroecol\u00f3gicos (agricultura sustent\u00e1vel e m\u00e9todos alternativos de cultivo, sem uso de agrot\u00f3xicos) e compostagem de res\u00edduos org\u00e2nicos. Os Quintais objetivam ser um instrumento de refer\u00eancia para os agricultores urbanos, educadores, comunidades e alunos das escolas de [&hellip;]<\/p>\n","protected":false},"author":28,"featured_media":0,"parent":1493,"menu_order":0,"comment_status":"closed","ping_status":"closed","template":"","meta":{"footnotes":""},"class_list":["post-1492","page","type-page","status-publish","hentry"],"_links":{"self":[{"href":"https:\/\/portais.santoandre.sp.gov.br\/semasa\/wp-json\/wp\/v2\/pages\/1492","targetHints":{"allow":["GET"]}}],"collection":[{"href":"https:\/\/portais.santoandre.sp.gov.br\/semasa\/wp-json\/wp\/v2\/pages"}],"about":[{"href":"https:\/\/portais.santoandre.sp.gov.br\/semasa\/wp-json\/wp\/v2\/types\/page"}],"author":[{"embeddable":true,"href":"https:\/\/portais.santoandre.sp.gov.br\/semasa\/wp-json\/wp\/v2\/users\/28"}],"replies":[{"embeddable":true,"href":"https:\/\/portais.santoandre.sp.gov.br\/semasa\/wp-json\/wp\/v2\/comments?post=1492"}],"version-history":[{"count":14,"href":"https:\/\/portais.santoandre.sp.gov.br\/semasa\/wp-json\/wp\/v2\/pages\/1492\/revisions"}],"predecessor-version":[{"id":6742,"href":"https:\/\/portais.santoandre.sp.gov.br\/semasa\/wp-json\/wp\/v2\/pages\/1492\/revisions\/6742"}],"up":[{"embeddable":true,"href":"https:\/\/portais.santoandre.sp.gov.br\/semasa\/wp-json\/wp\/v2\/pages\/1493"}],"wp:attachment":[{"href":"https:\/\/portais.santoandre.sp.gov.br\/semasa\/wp-json\/wp\/v2\/media?parent=1492"}],"curies":[{"name":"wp","href":"https:\/\/api.w.org\/{rel}","templated":true}]}}