{"id":1487,"date":"2024-08-27T11:42:54","date_gmt":"2024-08-27T14:42:54","guid":{"rendered":"https:\/\/portais.santoandre.sp.gov.br\/semasa\/?page_id=1487"},"modified":"2024-09-23T14:02:56","modified_gmt":"2024-09-23T17:02:56","slug":"perguntas-frequentes-relacionadas-a-fiscalizacao-ambiental","status":"publish","type":"page","link":"https:\/\/portais.santoandre.sp.gov.br\/semasa\/gestao-ambiental\/fiscalizacao-ambiental\/perguntas-frequentes-relacionadas-a-fiscalizacao-ambiental\/","title":{"rendered":"Perguntas frequentes"},"content":{"rendered":"\n<ol class=\"wp-block-list\">\n<li><strong><span style=\"color: #ff6900\" class=\"stk-highlight\">Quais s\u00e3o os tipos de medi\u00e7\u00f5es de ru\u00eddo realizadas? <\/span><\/strong><\/li>\n<\/ol>\n\n\n\n<p><em>MEDI\u00c7\u00d5ES EXTERNAS<\/em> \u2013 Medi\u00e7\u00f5es realizadas em \u00e1rea externa, no logradouro p\u00fablico ou em ambientes externos em im\u00f3veis de reclamantes.<\/p>\n\n\n\n<p><em>MEDI\u00c7\u00d5ES DE FACHADA<\/em> \u2013 Medi\u00e7\u00f5es realizadas em \u00e1rea interna no endere\u00e7o do reclamante com o medidor apontado para fora da janela respeitando a dist\u00e2ncia m\u00ednima das superf\u00edcies previstas na NBR 10.151\/2019.<\/p>\n\n\n\n<p><em>MEDI\u00c7\u00d5ES EM \u00c1REA INTERNA COM JANELA ABERTA<\/em> \u2013 Medi\u00e7\u00f5es realizadas em \u00e1rea interna no endere\u00e7o do reclamante, realizadas em pelo menos tr\u00eas pontos uniformemente distribu\u00eddos.<\/p>\n\n\n\n<ol class=\"wp-block-list\" start=\"2\">\n<li><strong><span style=\"color: #0693e3\" class=\"stk-highlight\">\u00c9 necess\u00e1rio ter reclama\u00e7\u00e3o para que haja fiscaliza\u00e7\u00e3o de ru\u00eddo? <br><\/span><\/strong>N\u00e3o. A fiscaliza\u00e7\u00e3o \u00e9 pautada no cumprimento da legisla\u00e7\u00e3o vigente, independente da reclama\u00e7\u00e3o da vizinhan\u00e7a.<\/li>\n<\/ol>\n\n\n\n<ol class=\"wp-block-list\" start=\"3\">\n<li><strong><span style=\"color: #00d084\" class=\"stk-highlight\">\u00c9 obrigat\u00f3rio o acompanhamento do propriet\u00e1rio ou representante da atividade fiscalizada durante a medi\u00e7\u00e3o de ru\u00eddo? <\/span><\/strong><br>N\u00e3o. No momento da medi\u00e7\u00e3o, n\u00e3o se faz necess\u00e1rio acompanhamento da parte fiscalizada, considerando a f\u00e9 p\u00fablica do Agente Fiscalizador. O contato \u00e9 feito em momento posterior, com a orienta\u00e7\u00e3o, aplica\u00e7\u00e3o da penalidade e direito de recurso.<\/li>\n<\/ol>\n\n\n\n<ol class=\"wp-block-list\" start=\"4\">\n<li><strong><span style=\"color: #cf2e2e\" class=\"stk-highlight\">Quais as formas de entrega ou ci\u00eancia das penalidades? <br><\/span><\/strong>As penalidades s\u00e3o entregues pessoalmente ou encaminhadas por servi\u00e7o postal com A.R. (aviso de recebimento). Caso o interessado se recuse a assinar a notifica\u00e7\u00e3o no momento da entrega ou a correspond\u00eancia retorne dos Correios, a penalidade \u00e9 publicada em jornal de grande circula\u00e7\u00e3o, como forma v\u00e1lida de dar ci\u00eancia.<\/li>\n<\/ol>\n\n\n\n<ol class=\"wp-block-list\" start=\"5\">\n<li><strong><span style=\"color: #9b51e0\" class=\"stk-highlight\">Quais s\u00e3o as penalidades administrativas cab\u00edveis em casos de fiscaliza\u00e7\u00e3o de ru\u00eddo?<br><\/span><\/strong>Advert\u00eancia Ambiental, Auto de Infra\u00e7\u00e3o Ambiental, Apreens\u00e3o de Equipamentos e Suspens\u00e3o de Atividades.<\/li>\n<\/ol>\n\n\n\n<p>6. <span style=\"color: #f78da7\" class=\"stk-highlight\"><strong>Quais s\u00e3o as penalidades administrativas cab\u00edveis para as fiscaliza\u00e7\u00f5es relativas a postos de combust\u00edveis e oficinas mec\u00e2nicas?<\/strong><\/span><br>Advert\u00eancia ambiental, auto de infra\u00e7\u00e3o ambiental e suspens\u00e3o de atividades. <\/p>\n\n\n\n<p><span style=\"color: #000000\" class=\"stk-highlight\">7. <\/span><strong><span style=\"color: #ff6900\" class=\"stk-highlight\">Como funciona a fiscaliza\u00e7\u00e3o de liga\u00e7\u00f5es irregulares ou clandestinas de esgoto e drenagem? <br><\/span><\/strong>O correto descarte de esgoto e \u00e1guas pluviais \u00e9 crucial para prevenir a polui\u00e7\u00e3o ambiental, proteger recursos h\u00eddricos, evitar doen\u00e7as transmitidas pela \u00e1gua e preservar a sa\u00fade p\u00fablica.<\/p>\n\n\n\n<p>A fiscaliza\u00e7\u00e3o de liga\u00e7\u00f5es irregulares ou clandestinas de esgoto e drenagem envolve a identifica\u00e7\u00e3o das irregularidades por meio de vistorias de atendimentos \u00e0s den\u00fancias ou monitoramento, seguida pela orienta\u00e7\u00e3o e notifica\u00e7\u00e3o dos respons\u00e1veis. Estes t\u00eam prazo para regulariza\u00e7\u00e3o, sob pena de multa, caso n\u00e3o o fa\u00e7am. Ap\u00f3s as corre\u00e7\u00f5es, \u00e9 realizada nova vistoria, para assegurar a conformidade com a legisla\u00e7\u00e3o vigente.<\/p>\n\n\n\n<p>8.  <span style=\"color: #0693e3\" class=\"stk-highlight\"><strong>Quais s\u00e3o as formas de compensa\u00e7\u00e3o ou repara\u00e7\u00e3o ambiental para os casos de poda dr\u00e1stica ou supress\u00e3o de vegeta\u00e7\u00e3o?<\/strong><\/span><\/p>\n\n\n\n<p>A compensa\u00e7\u00e3o\/repara\u00e7\u00e3o ambiental deve ser realizada preferencialmente por meio de plantio de mudas de esp\u00e9cies arb\u00f3reas nativas, com altura m\u00ednima de 1,80 m, do Bioma Mata Atl\u00e2ntica, no pr\u00f3prio im\u00f3vel objeto de interven\u00e7\u00e3o ou em \u00e1rea p\u00fablica indicada.<\/p>\n\n\n\n<p>Na impossibilidade da realiza\u00e7\u00e3o do plantio, a compensa\u00e7\u00e3o ou repara\u00e7\u00e3o ambiental pode ser convertida em valor monet\u00e1rio, para aquisi\u00e7\u00e3o de equipamentos, materiais, insumos ou contrata\u00e7\u00e3o de projetos e servi\u00e7os necess\u00e1rios \u00e0 gest\u00e3o ambiental do munic\u00edpio.<\/p>\n\n\n\n<p><span style=\"color: #000000\" class=\"stk-highlight\">9. <\/span><span style=\"color: #00d084\" class=\"stk-highlight\"><strong>Na Macrozona de Prote\u00e7\u00e3o Ambiental, posso cortar barrancos ou aterrar declives movimentando terra?<\/strong><\/span> Na macrozona de prote\u00e7\u00e3o ambiental, o movimento de terra, n\u00e3o associada \u00e0 edifica\u00e7\u00e3o, de 15m\u00b3 at\u00e9 150m\u00b3, deve ser precedido de Autoriza\u00e7\u00e3o Ambiental de Movimento de Terra &#8211; AMT.<\/p>\n\n\n\n<p>Conforme o art. 5\u00ba, do Decreto Municipal 16813\/2016, o requerimento de autoriza\u00e7\u00e3o ambiental ou de licen\u00e7a ambiental dever\u00e1 ser feito por meio de formul\u00e1rio espec\u00edfico e devidamente instru\u00eddo com toda a documenta\u00e7\u00e3o exigida, conforme o tipo, porte e complexidade da atividade, empreendimento, interven\u00e7\u00e3o ou obra constante no Anexo I do referido Decreto. <\/p>\n\n\n\n<p>10. <strong><span style=\"color: #cf2e2e\" class=\"stk-highlight\">Quais os principais par\u00e2metros ambientais ou urban\u00edsticos que devem ser observados na hora de construir ou regularizar o im\u00f3vel?<\/span><\/strong> Constituem par\u00e2metros urban\u00edsticos b\u00e1sicos para a instala\u00e7\u00e3o de uso urbano, residencial e n\u00e3o residencial ou qualquer outra forma de ocupa\u00e7\u00e3o nos Compartimentos Ambientais e respectivas AOD, lote m\u00ednimo, cota-parte, coeficiente de aproveitamento, taxa de permeabilidade e \u00edndice de \u00e1rea vegetada. Entre as penalidades cab\u00edveis para o n\u00e3o cumprimento da legisla\u00e7\u00e3o, est\u00e3o previstas Advert\u00eancia Ambiental, Auto de Infra\u00e7\u00e3o Ambiental e Auto de Embargo.<\/p>\n\n\n\n<p><\/p>\n","protected":false},"excerpt":{"rendered":"<p>MEDI\u00c7\u00d5ES EXTERNAS \u2013 Medi\u00e7\u00f5es realizadas em \u00e1rea externa, no logradouro p\u00fablico ou em ambientes externos em im\u00f3veis de reclamantes. MEDI\u00c7\u00d5ES DE FACHADA \u2013 Medi\u00e7\u00f5es realizadas em \u00e1rea interna no endere\u00e7o do reclamante com o medidor apontado para fora da janela respeitando a dist\u00e2ncia m\u00ednima das superf\u00edcies previstas na NBR 10.151\/2019. MEDI\u00c7\u00d5ES EM \u00c1REA INTERNA COM [&hellip;]<\/p>\n","protected":false},"author":28,"featured_media":0,"parent":1397,"menu_order":0,"comment_status":"closed","ping_status":"closed","template":"","meta":{"footnotes":""},"class_list":["post-1487","page","type-page","status-publish","hentry"],"_links":{"self":[{"href":"https:\/\/portais.santoandre.sp.gov.br\/semasa\/wp-json\/wp\/v2\/pages\/1487","targetHints":{"allow":["GET"]}}],"collection":[{"href":"https:\/\/portais.santoandre.sp.gov.br\/semasa\/wp-json\/wp\/v2\/pages"}],"about":[{"href":"https:\/\/portais.santoandre.sp.gov.br\/semasa\/wp-json\/wp\/v2\/types\/page"}],"author":[{"embeddable":true,"href":"https:\/\/portais.santoandre.sp.gov.br\/semasa\/wp-json\/wp\/v2\/users\/28"}],"replies":[{"embeddable":true,"href":"https:\/\/portais.santoandre.sp.gov.br\/semasa\/wp-json\/wp\/v2\/comments?post=1487"}],"version-history":[{"count":9,"href":"https:\/\/portais.santoandre.sp.gov.br\/semasa\/wp-json\/wp\/v2\/pages\/1487\/revisions"}],"predecessor-version":[{"id":2032,"href":"https:\/\/portais.santoandre.sp.gov.br\/semasa\/wp-json\/wp\/v2\/pages\/1487\/revisions\/2032"}],"up":[{"embeddable":true,"href":"https:\/\/portais.santoandre.sp.gov.br\/semasa\/wp-json\/wp\/v2\/pages\/1397"}],"wp:attachment":[{"href":"https:\/\/portais.santoandre.sp.gov.br\/semasa\/wp-json\/wp\/v2\/media?parent=1487"}],"curies":[{"name":"wp","href":"https:\/\/api.w.org\/{rel}","templated":true}]}}